{"id":1965,"date":"2026-01-22T14:55:38","date_gmt":"2026-01-22T13:55:38","guid":{"rendered":"https:\/\/shop.steel-containers.com\/obchodni-podminky\/"},"modified":"2026-03-05T09:48:12","modified_gmt":"2026-03-05T08:48:12","slug":"obchodni-podminky","status":"publish","type":"page","link":"https:\/\/shop.steel-containers.com\/cs\/obchodni-podminky\/","title":{"rendered":"Obchodn\u00ed podm\u00ednky"},"content":{"rendered":"\n<h1 class=\"wp-block-heading\">OBCHODN\u00cd PODM\u00cdNKY INTERNETOV\u00c9HO OBCHODU<\/h1>\n\n<p><strong>shop.steel-containers.com<\/strong><\/p>\n\n<hr class=\"wp-block-separator has-alpha-channel-opacity\"\/>\n\n<h3 class=\"wp-block-heading\">\u00a71. Obecn\u00e1 ustanoven\u00ed<\/h3>\n\n<ol class=\"wp-block-list\">\n<li>Tento obchodn\u00ed \u0159\u00e1d stanovuje pravidla pou\u017e\u00edv\u00e1n\u00ed internetov\u00e9ho obchodu provozovan\u00e9ho na adrese <strong><a href=\"https:\/\/shop.steel-containers.com\/cs\/\">https:\/\/shop.steel-containers.com\/<\/a><\/strong>, zejm\u00e9na pravidla pro pod\u00e1v\u00e1n\u00ed objedn\u00e1vek, uzav\u00edr\u00e1n\u00ed kupn\u00edch smluv, platby, realizaci dod\u00e1vek, reklamace a odstoupen\u00ed od smlouvy.<\/li>\n\n\n\n<li>Obchod prod\u00e1v\u00e1 zbo\u017e\u00ed podnikatel\u016fm (B2B) i spot\u0159ebitel\u016fm (B2C), p\u0159i\u010dem\u017e prodej B2B tvo\u0159\u00ed p\u0159evl\u00e1daj\u00edc\u00ed obchodn\u00ed model.<\/li>\n\n\n\n<li>Obchodn\u00ed podm\u00ednky jsou na str\u00e1nk\u00e1ch obchodu zp\u0159\u00edstupn\u011bny bezplatn\u011b zp\u016fsobem umo\u017e\u0148uj\u00edc\u00edm jejich z\u00edsk\u00e1n\u00ed, reprodukci a uchov\u00e1n\u00ed.<\/li>\n\n\n\n<li>Pod\u00e1n\u00ed objedn\u00e1vky v obchod\u011b se rovn\u00e1 akceptaci t\u011bchto obchodn\u00edch podm\u00ednek.<\/li>\n<\/ol>\n\n<hr class=\"wp-block-separator has-alpha-channel-opacity\"\/>\n\n<h3 class=\"wp-block-heading\">\u00a72. \u00dadaje prodejce a kontakt<\/h3>\n\n<ol class=\"wp-block-list\">\n<li>Prodejcem a provozovatelem obchodu je:<br\/><strong>WIM Micha\u0142 Olejarz<\/strong><br\/>Rondo Daszy\u0144skiego 2B<br\/>00-843 Var\u0161ava, Polsko<\/li>\n\n\n\n<li>Kontakt s prodejcem je mo\u017en\u00fd:\n<ul class=\"wp-block-list\">\n<li>e-mailem: <strong><a>sales@steel-containers.com<\/a><\/strong><\/li>\n\n\n\n<li>telefonicky (voliteln\u011b): <strong>+48 602 678 859<\/strong><\/li>\n<\/ul>\n<\/li>\n\n\n\n<li>Z\u00e1kladn\u00edm a doporu\u010den\u00fdm komunika\u010dn\u00edm kan\u00e1lem je kontakt e-mailem.<\/li>\n<\/ol>\n\n<hr class=\"wp-block-separator has-alpha-channel-opacity\"\/>\n\n<h3 class=\"wp-block-heading\">\u00a73. Definice<\/h3>\n\n<p>Pro \u00fa\u010dely t\u011bchto obchodn\u00edch podm\u00ednek se pou\u017e\u00edvaj\u00ed n\u00e1sleduj\u00edc\u00ed definice:<\/p>\n\n<ol class=\"wp-block-list\">\n<li><strong>Obchod<\/strong> \u2013 internetov\u00fd obchod dostupn\u00fd na adrese shop.steel-containers.com.<\/li>\n\n\n\n<li><strong>Prodejce<\/strong> \u2013 WIM Micha\u0142 Olejarz.<\/li>\n\n\n\n<li><strong>Klient<\/strong> \u2013 fyzick\u00e1 osoba, pr\u00e1vnick\u00e1 osoba nebo organiza\u010dn\u00ed jednotka pod\u00e1vaj\u00edc\u00ed objedn\u00e1vku v obchod\u011b.<\/li>\n\n\n\n<li><strong>Spot\u0159ebitel<\/strong> \u2013 fyzick\u00e1 osoba, kter\u00e1 prov\u00e1d\u00ed n\u00e1kup nesouvisej\u00edc\u00ed p\u0159\u00edmo s jej\u00ed podnikatelskou \u010di profesn\u00ed \u010dinnost\u00ed.<\/li>\n\n\n\n<li><strong>Podnikatel<\/strong> \u2013 Klient, kter\u00fd prov\u00e1d\u00ed n\u00e1kup v souvislosti se svou podnikatelskou \u010di profesn\u00ed \u010dinnost\u00ed.<\/li>\n\n\n\n<li><strong>Zbo\u017e\u00ed<\/strong> \u2013 produkt nab\u00edzen\u00fd v obchod\u011b.<\/li>\n\n\n\n<li><strong>Kupn\u00ed smlouva<\/strong> \u2013 smlouva uzav\u0159en\u00e1 mezi Prodejcem a Klientem na d\u00e1lku.<\/li>\n\n\n\n<li><strong>St\u00e1t EU<\/strong> \u2013 \u010dlensk\u00fd st\u00e1t Evropsk\u00e9 unie.<\/li>\n\n\n\n<li><strong>T\u0159et\u00ed st\u00e1t<\/strong> \u2013 st\u00e1t mimo Evropskou unii.<\/li>\n<\/ol>\n\n<hr class=\"wp-block-separator has-alpha-channel-opacity\"\/>\n\n<h3 class=\"wp-block-heading\">\u00a74. Klienti a oblast prodeje<\/h3>\n\n<ol class=\"wp-block-list\">\n<li>Obchod realizuje prodej a dod\u00e1vky:\n<ul class=\"wp-block-list\">\n<li>na \u00fazem\u00ed Polsk\u00e9 republiky,<\/li>\n\n\n\n<li>na \u00fazem\u00ed ostatn\u00edch st\u00e1t\u016f Evropsk\u00e9 unie,<\/li>\n\n\n\n<li>do t\u0159et\u00edch st\u00e1t\u016f \u2013 po individu\u00e1ln\u00edm dohodnut\u00ed.<\/li>\n<\/ul>\n<\/li>\n\n\n\n<li>Prodejce si vyhrazuje pr\u00e1vo odm\u00edtnout realizaci objedn\u00e1vek do vybran\u00fdch zem\u00ed nebo region\u016f, zejm\u00e9na z logistick\u00fdch, pr\u00e1vn\u00edch nebo bezpe\u010dnostn\u00edch d\u016fvod\u016f.<\/li>\n<\/ol>\n\n<hr class=\"wp-block-separator has-alpha-channel-opacity\"\/>\n\n<h3 class=\"wp-block-heading\">\u00a75. Ceny, dan\u011b a n\u00e1klady<\/h3>\n\n<ol class=\"wp-block-list\">\n<li>V\u0161echny ceny uv\u00e1d\u011bn\u00e9 v obchod\u011b jsou <strong>ceny bez DPH<\/strong>.<\/li>\n\n\n\n<li>DPH je p\u0159ipo\u010d\u00edt\u00e1v\u00e1no v souladu s platn\u00fdmi pr\u00e1vn\u00edmi p\u0159edpisy, v z\u00e1vislosti na:\n<ul class=\"wp-block-list\">\n<li>statusu Klienta (Podnikatel \/ Spot\u0159ebitel),<\/li>\n\n\n\n<li>zemi dod\u00e1n\u00ed.<\/li>\n<\/ul>\n<\/li>\n\n\n\n<li>Z\u00e1sady v\u00fdpo\u010dtu DPH:\n<ol class=\"wp-block-list\">\n<li>Klienti z Polska:\n<ul class=\"wp-block-list\">\n<li>Spot\u0159ebitel \u2013 DPH se p\u0159ipo\u010d\u00edt\u00e1v\u00e1 podle sazby platn\u00e9 v Polsku,<\/li>\n\n\n\n<li>Podnikatel \u2013 DPH se p\u0159ipo\u010d\u00edt\u00e1v\u00e1 podle sazby platn\u00e9 v Polsku.<\/li>\n<\/ul>\n<\/li>\n\n\n\n<li>Klienti z ostatn\u00edch st\u00e1t\u016f EU:\n<ul class=\"wp-block-list\">\n<li>Podnikatel disponuj\u00edc\u00ed platn\u00fdm \u010d\u00edslem DI\u010c EU \u2013 prodej bez DPH v r\u00e1mci mechanismu p\u0159enesen\u00ed da\u0148ov\u00e9 povinnosti (reverse charge),<\/li>\n\n\n\n<li>Spot\u0159ebitel \u2013 DPH se p\u0159ipo\u010d\u00edt\u00e1v\u00e1 b\u011bhem procesu objedn\u00e1vky podle platn\u00e9 sazby v \u010cesk\u00e9 republice (aktu\u00e1ln\u011b 21%).<\/li>\n<\/ul>\n<\/li>\n\n\n\n<li>Klienti z t\u0159et\u00edch st\u00e1t\u016f:\n<ul class=\"wp-block-list\">\n<li>prodej je z\u00e1sadn\u011b realizov\u00e1n se sazbou DPH 0 % na stran\u011b Prodejce,<\/li>\n\n\n\n<li>ve\u0161ker\u00e1 cla, dovozn\u00ed dan\u011b a m\u00edstn\u00ed poplatky nese Klient.<\/li>\n<\/ul>\n<\/li>\n<\/ol>\n<\/li>\n\n\n\n<li>Spot\u0159ebitel obdr\u017e\u00ed p\u0159ed ka\u017edou objedn\u00e1vkou informace o celkov\u00e9 cen\u011b v\u010detn\u011b DPH a n\u00e1klad\u016f na dopravu.<\/li>\n\n\n\n<li>N\u00e1klady na dopravu nejsou zahrnuty v cen\u011b zbo\u017e\u00ed a jsou uv\u00e1d\u011bny samostatn\u011b.<\/li>\n\n\n\n<li>V p\u0159\u00edpad\u011b dod\u00e1vek do t\u0159et\u00edch st\u00e1t\u016f se n\u00e1klady na dopravu stanovuj\u00ed individu\u00e1ln\u011b.<\/li>\n<\/ol>\n\n<hr class=\"wp-block-separator has-alpha-channel-opacity\"\/>\n\n<h3 class=\"wp-block-heading\">\u00a76.\nCharakter nab\u00eddky a zbo\u017e\u00ed <\/h3>\n\n<ol class=\"wp-block-list\">\n<li>Obchod nab\u00edz\u00ed zbo\u017e\u00ed technick\u00e9ho a pr\u016fmyslov\u00e9ho charakteru.<\/li>\n\n\n\n<li>\u010c\u00e1st zbo\u017e\u00ed m\u016f\u017ee b\u00fdt:\n<ul class=\"wp-block-list\">\n<li>vyrobena na zak\u00e1zku,<\/li>\n\n\n\n<li>upraven\u00e1 podle individu\u00e1ln\u00ed specifikace Klienta,<\/li>\n\n\n\n<li>vyrobena v mal\u00fdch s\u00e9ri\u00edch.<\/li>\n<\/ul>\n<\/li>\n\n\n\n<li>Fotografie a popisy zbo\u017e\u00ed maj\u00ed pouze orienta\u010dn\u00ed charakter a mohou se m\u00edrn\u011b li\u0161it od skute\u010dn\u00e9ho stavu.<\/li>\n<\/ol>\n\n<hr class=\"wp-block-separator has-alpha-channel-opacity\"\/>\n\n<h3 class=\"wp-block-heading\">\u00a77. Pod\u00e1v\u00e1n\u00ed objedn\u00e1vek a uzav\u0159en\u00ed smlouvy<\/h3>\n\n<ol class=\"wp-block-list\">\n<li>Objedn\u00e1vky lze pod\u00e1vat prost\u0159ednictv\u00edm obchodu nep\u0159etr\u017eit\u011b.<\/li>\n\n\n\n<li>Pod\u00e1n\u00ed objedn\u00e1vky prob\u00edh\u00e1 prost\u0159ednictv\u00edm:\n<ul class=\"wp-block-list\">\n<li>p\u0159id\u00e1n\u00ed zbo\u017e\u00ed do ko\u0161\u00edku,<\/li>\n\n\n\n<li>vypln\u011bn\u00ed objedn\u00e1vkov\u00e9ho formul\u00e1\u0159e,<\/li>\n\n\n\n<li>akceptaci obchodn\u00edch podm\u00ednek,<\/li>\n\n\n\n<li>potvrzen\u00ed objedn\u00e1vky.<\/li>\n<\/ul>\n<\/li>\n\n\n\n<li>Kupn\u00ed smlouva je uzav\u0159ena okam\u017eikem zasl\u00e1n\u00ed potvrzen\u00ed objedn\u00e1vky Klientovi e-mailem.<\/li>\n\n\n\n<li>Prodejce si vyhrazuje pr\u00e1vo odm\u00edtnout realizaci objedn\u00e1vky v p\u0159\u00edpad\u011b nedostatku zbo\u017e\u00ed, nespr\u00e1vn\u00fdch \u00fadaj\u016f nebo jin\u00fdch opr\u00e1vn\u011bn\u00fdch d\u016fvod\u016f.<\/li>\n<\/ol>\n\n<hr class=\"wp-block-separator has-alpha-channel-opacity\"\/>\n\n<h3 class=\"wp-block-heading\">\u00a78. Platby<\/h3>\n\n<ol class=\"wp-block-list\">\n<li>Dostupn\u00e9 zp\u016fsoby platby jsou uvedeny v obchod\u011b.<\/li>\n\n\n\n<li>Prodejce m\u016f\u017ee po\u017eadovat platbu p\u0159edem nebo z\u00e1lohu, zejm\u00e9na v p\u0159\u00edpad\u011b objedn\u00e1vek B2B nebo zbo\u017e\u00ed vyr\u00e1b\u011bn\u00e9ho na zak\u00e1zku.<\/li>\n\n\n\n<li>Nedodr\u017een\u00ed lh\u016fty platby m\u016f\u017ee v\u00e9st ke zru\u0161en\u00ed objedn\u00e1vky.<\/li>\n<\/ol>\n\n<hr class=\"wp-block-separator has-alpha-channel-opacity\"\/>\n\n<h3 class=\"wp-block-heading\">\u00a79. Faktury <\/h3>\n\n<ol class=\"wp-block-list\">\n<li>Ke ka\u017ed\u00e9 objedn\u00e1vce je vystavena faktura DPH v elektronick\u00e9 podob\u011b.<\/li>\n\n\n\n<li>Z\u00e1kladem pro vystaven\u00ed faktury jsou \u00fadaje poskytnut\u00e9 Klientem v objedn\u00e1vkov\u00e9m formul\u00e1\u0159i.<\/li>\n\n\n\n<li>Klient souhlas\u00ed s p\u0159ij\u00edm\u00e1n\u00edm faktur elektronickou cestou bez podpisu.<\/li>\n<\/ol>\n\n<hr class=\"wp-block-separator has-alpha-channel-opacity\"\/>\n\n<h3 class=\"wp-block-heading\">\u00a710. Dod\u00e1n\u00ed a doprava<\/h3>\n\n<ol class=\"wp-block-list\">\n<li>Dod\u00e1vky jsou realizov\u00e1ny prost\u0159ednictv\u00edm kur\u00fdrn\u00edch spole\u010dnost\u00ed, p\u0159epravn\u00edch firem nebo vlastn\u00ed dopravy Prodejce.<\/li>\n\n\n\n<li>Dod\u00e1vky jsou realizov\u00e1ny v pracovn\u00edch dnech.<\/li>\n\n\n\n<li>Klient je povinen zkontrolovat z\u00e1silku p\u0159i p\u0159evzet\u00ed.<\/li>\n\n\n\n<li>Odpov\u011bdnost za po\u0161kozen\u00ed vznikl\u00e1 b\u011bhem p\u0159epravy nese p\u0159epravce v souladu s platn\u00fdmi p\u0159edpisy.<\/li>\n<\/ol>\n\n<hr class=\"wp-block-separator has-alpha-channel-opacity\"\/>\n\n<h3 class=\"wp-block-heading\">\u00a711. Vykl\u00e1dka<\/h3>\n\n<ol class=\"wp-block-list\">\n<li>V p\u0159\u00edpad\u011b zbo\u017e\u00ed s velk\u00fdmi rozm\u011bry je Klient povinen zajistit mo\u017enost bezpe\u010dn\u00e9 vykl\u00e1dky.<\/li>\n\n\n\n<li>Prodejce nenese odpov\u011bdnost za nemo\u017enost vykl\u00e1dky z d\u016fvod\u016f na stran\u011b Klienta.<\/li>\n<\/ol>\n\n<hr class=\"wp-block-separator has-alpha-channel-opacity\"\/>\n\n<h3 class=\"wp-block-heading\">\u00a712. Pr\u00e1vo odstoupit od smlouvy (plat\u00ed pouze pro Spot\u0159ebitele)<\/h3>\n\n<ol class=\"wp-block-list\">\n<li>Spot\u0159ebitel m\u00e1 pr\u00e1vo odstoupit od smlouvy do 14 dn\u016f ode dne p\u0159evzet\u00ed zbo\u017e\u00ed.<\/li>\n\n\n\n<li>Pr\u00e1vo odstoupit od smlouvy nen\u00e1le\u017e\u00ed Podnikatel\u016fm.<\/li>\n\n\n\n<li>Pr\u00e1vo odstoupit od smlouvy nen\u00e1le\u017e\u00ed v p\u0159\u00edpad\u011b zbo\u017e\u00ed vyr\u00e1b\u011bn\u00e9ho na zak\u00e1zku nebo podle individu\u00e1ln\u00ed specifikace.<\/li>\n\n\n\n<li>N\u00e1klady na vr\u00e1cen\u00ed zbo\u017e\u00ed nese Spot\u0159ebitel.<\/li>\n<\/ol>\n\n<hr class=\"wp-block-separator has-alpha-channel-opacity\"\/>\n\n<h3 class=\"wp-block-heading\">\u00a713. Reklamace<\/h3>\n\n<ol class=\"wp-block-list\">\n<li>Reklamace je nutn\u00e9 hl\u00e1sit e-mailem na adresu <a>sales@steel-containers.com<\/a>.<\/li>\n\n\n\n<li>Reklamace by m\u011bla obsahovat \u00fadaje Klienta, \u010d\u00edslo objedn\u00e1vky a popis hl\u00e1\u0161en\u00e9 nesrovnalosti.<\/li>\n\n\n\n<li>Reklamace jsou vy\u0159izov\u00e1ny do 14 dn\u016f.<\/li>\n<\/ol>\n\n<hr class=\"wp-block-separator has-alpha-channel-opacity\"\/>\n\n<h3 class=\"wp-block-heading\">\u00a714. Odpov\u011bdnost<\/h3>\n\n<ol class=\"wp-block-list\">\n<li>Odpov\u011bdnost Prodejce v\u016f\u010di Podnikatel\u016fm je omezena na \u0161kody zp\u016fsoben\u00e9 \u00famysln\u011b nebo hrubou nedbalost\u00ed.<\/li>\n\n\n\n<li>V\u016f\u010di Spot\u0159ebitel\u016fm nese Prodejce odpov\u011bdnost v souladu s platn\u00fdmi pr\u00e1vn\u00edmi p\u0159edpisy.<\/li>\n<\/ol>\n\n<hr class=\"wp-block-separator has-alpha-channel-opacity\"\/>\n\n<h3 class=\"wp-block-heading\">\u00a715. Vy\u0161\u0161\u00ed moc<\/h3>\n\n<ol class=\"wp-block-list\">\n<li>Prodejce nenese odpov\u011bdnost za zpo\u017ed\u011bn\u00ed nebo nepln\u011bn\u00ed smlouvy zp\u016fsoben\u00e9 ud\u00e1lostmi mimo jeho kontrolu, zejm\u00e9na: p\u0159\u00edrodn\u00edmi katastrofami, p\u0159eru\u0161en\u00edmi dod\u00e1vek surovin, naru\u0161en\u00edm dopravy.<\/li>\n<\/ol>\n\n<hr class=\"wp-block-separator has-alpha-channel-opacity\"\/>\n\n<h3 class=\"wp-block-heading\">\u00a716. Ochrana osobn\u00edch \u00fadaj\u016f<\/h3>\n\n<ol class=\"wp-block-list\">\n<li>Osobn\u00ed \u00fadaje Klient\u016f jsou zpracov\u00e1v\u00e1ny v souladu s <strong>GDPR (EU 2016\/679)<\/strong>.<\/li>\n\n\n\n<li>Podrobn\u00e9 z\u00e1sady zpracov\u00e1n\u00ed \u00fadaj\u016f stanovuje Politika ochrany osobn\u00edch \u00fadaj\u016f dostupn\u00e1 na str\u00e1nk\u00e1ch obchodu.<\/li>\n<\/ol>\n\n<hr class=\"wp-block-separator has-alpha-channel-opacity\"\/>\n\n<h3 class=\"wp-block-heading\">\u00a717. Mimosoudn\u00ed \u0159e\u0161en\u00ed spor\u016f<\/h3>\n\n<ol class=\"wp-block-list\">\n<li>Spot\u0159ebitel m\u016f\u017ee vyu\u017e\u00edt platformu ODR dostupnou na adrese:<br\/><strong><a>https:\/\/ec.europa.eu\/consumers\/odr<\/a><\/strong><\/li>\n\n\n\n<li>Prodejce nen\u00ed povinen se \u00fa\u010dastnit mediac\u00ed.<\/li>\n<\/ol>\n\n<hr class=\"wp-block-separator has-alpha-channel-opacity\"\/>\n\n<h3 class=\"wp-block-heading\">\u00a718. Rozhodn\u00e9 pr\u00e1vo a soud<\/h3>\n\n<ol class=\"wp-block-list\">\n<li>Na smlouvy uzav\u0159en\u00e9 na z\u00e1klad\u011b t\u011bchto obchodn\u00edch podm\u00ednek se vztahuje polsk\u00e9 pr\u00e1vo.<\/li>\n\n\n\n<li>V\u016f\u010di Spot\u0159ebitel\u016fm pou\u017eit\u00ed polsk\u00e9ho pr\u00e1va neporu\u0161uje p\u0159edpisy, kter\u00e9 jsou bezpodm\u00edne\u010dn\u011b z\u00e1vazn\u00e9 v zemi jejich obvykl\u00e9ho pobytu.<\/li>\n\n\n\n<li>Ve sporech s Podnikateli je p\u0159\u00edslu\u0161n\u00fd soud podle s\u00eddla Prodejce.<\/li>\n<\/ol>\n\n<hr class=\"wp-block-separator has-alpha-channel-opacity\"\/>\n\n<h3 class=\"wp-block-heading\">\u00a719. Z\u00e1v\u011bre\u010dn\u00e1 ustanoven\u00ed<\/h3>\n\n<ol class=\"wp-block-list\">\n<li>Podm\u00ednky nab\u00fdvaj\u00ed \u00fa\u010dinnosti dne 1. b\u0159ezna 2026.<\/li>\n\n\n\n<li>Zm\u011bny obchodn\u00edch podm\u00ednek neporu\u0161uj\u00ed z\u00edskan\u00e1 pr\u00e1va Klient\u016f.<\/li>\n<\/ol>\n","protected":false},"excerpt":{"rendered":"<p>OBCHODN\u00cd PODM\u00cdNKY INTERNETOV\u00c9HO OBCHODU shop.steel-containers.com \u00a71. Obecn\u00e1 ustanoven\u00ed \u00a72. \u00dadaje prodejce a kontakt \u00a73. Definice Pro \u00fa\u010dely t\u011bchto obchodn\u00edch podm\u00ednek se pou\u017e\u00edvaj\u00ed n\u00e1sleduj\u00edc\u00ed definice: \u00a74. Klienti a oblast prodeje \u00a75. Ceny, dan\u011b a n\u00e1klady \u00a76. Charakter nab\u00eddky a zbo\u017e\u00ed \u00a77. Pod\u00e1v\u00e1n\u00ed objedn\u00e1vek a uzav\u0159en\u00ed smlouvy \u00a78. Platby \u00a79. Faktury \u00a710. Dod\u00e1n\u00ed a doprava \u00a711. Vykl\u00e1dka [&hellip;]<\/p>\n","protected":false},"author":1,"featured_media":0,"parent":0,"menu_order":0,"comment_status":"closed","ping_status":"closed","template":"no-title","meta":{"footnotes":""},"class_list":["post-1965","page","type-page","status-publish","hentry"],"_links":{"self":[{"href":"https:\/\/shop.steel-containers.com\/cs\/wp-json\/wp\/v2\/pages\/1965","targetHints":{"allow":["GET"]}}],"collection":[{"href":"https:\/\/shop.steel-containers.com\/cs\/wp-json\/wp\/v2\/pages"}],"about":[{"href":"https:\/\/shop.steel-containers.com\/cs\/wp-json\/wp\/v2\/types\/page"}],"author":[{"embeddable":true,"href":"https:\/\/shop.steel-containers.com\/cs\/wp-json\/wp\/v2\/users\/1"}],"replies":[{"embeddable":true,"href":"https:\/\/shop.steel-containers.com\/cs\/wp-json\/wp\/v2\/comments?post=1965"}],"version-history":[{"count":6,"href":"https:\/\/shop.steel-containers.com\/cs\/wp-json\/wp\/v2\/pages\/1965\/revisions"}],"predecessor-version":[{"id":4597,"href":"https:\/\/shop.steel-containers.com\/cs\/wp-json\/wp\/v2\/pages\/1965\/revisions\/4597"}],"wp:attachment":[{"href":"https:\/\/shop.steel-containers.com\/cs\/wp-json\/wp\/v2\/media?parent=1965"}],"curies":[{"name":"wp","href":"https:\/\/api.w.org\/{rel}","templated":true}]}}