{"id":1983,"date":"2025-04-17T20:58:37","date_gmt":"2025-04-17T18:58:37","guid":{"rendered":"https:\/\/shop.steel-containers.com\/zasady-ochrany-osobnich-udaju\/"},"modified":"2026-03-17T10:29:26","modified_gmt":"2026-03-17T09:29:26","slug":"zasady-ochrany-osobnich-udaju","status":"publish","type":"page","link":"https:\/\/shop.steel-containers.com\/cs\/zasady-ochrany-osobnich-udaju\/","title":{"rendered":"Z\u00e1sady ochrany osobn\u00edch \u00fadaj\u016f"},"content":{"rendered":"\n<h2 class=\"wp-block-heading\">Z\u00c1SADY OCHRANY OSOBN\u00cdCH \u00daDAJ\u016e<\/h2>\n\n<h3 class=\"wp-block-heading\">1. Obecn\u00e9 informace<\/h3>\n\n<p>Tyto Z\u00e1sady ochrany osobn\u00edch \u00fadaj\u016f stanovuj\u00ed pravidla zpracov\u00e1n\u00ed osobn\u00edch \u00fadaj\u016f u\u017eivatel\u016f webov\u00fdch str\u00e1nek dostupn\u00fdch na adrese <a href=\"https:\/\/shop.steel-containers.com\/cs\/\">https:\/\/shop.steel-containers.com <\/a><\/p>\n\n<p>Spr\u00e1vcem osobn\u00edch \u00fadaj\u016f je:<br\/>WIM Micha\u0142 Olejarz<br\/>Rondo Ignacego Daszy\u0144skiego 2B<br\/>00-843 Var\u0161ava<br\/>DI\u010c: 6572571770<\/p>\n\n<p>Kontakt na spr\u00e1vce:<br\/>e-mail: <a>sales@steel-containers.com<\/a><br\/>telefon: +48 602 659 101<\/p>\n\n<p>Spr\u00e1vce zpracov\u00e1v\u00e1 osobn\u00ed \u00fadaje v souladu s platn\u00fdmi pr\u00e1vn\u00edmi p\u0159edpisy, zejm\u00e9na s GDPR.<\/p>\n\n<hr class=\"wp-block-separator has-alpha-channel-opacity\"\/>\n\n<h3 class=\"wp-block-heading\">2. Rozsah a \u00fa\u010dely zpracov\u00e1n\u00ed osobn\u00edch \u00fadaj\u016f<\/h3>\n\n<p>Osobn\u00ed \u00fadaje u\u017eivatel\u016f jsou zpracov\u00e1v\u00e1ny za n\u00e1sleduj\u00edc\u00edmi \u00fa\u010dely:<\/p>\n\n<ul class=\"wp-block-list\">\n<li>vy\u0159izov\u00e1n\u00ed dotaz\u016f (formul\u00e1\u0159e, e-mail),<\/li>\n\n\n\n<li>obchodn\u00ed komunikace (B2B a B2C),<\/li>\n\n\n\n<li>realizace objedn\u00e1vek a smluv,<\/li>\n\n\n\n<li>zpracov\u00e1n\u00ed plateb,<\/li>\n\n\n\n<li>pln\u011bn\u00ed \u00fa\u010detn\u00edch a da\u0148ov\u00fdch povinnost\u00ed,<\/li>\n\n\n\n<li>vy\u0159izov\u00e1n\u00ed reklamac\u00ed a n\u00e1rok\u016f,<\/li>\n\n\n\n<li>uplat\u0148ov\u00e1n\u00ed nebo obhajoba pr\u00e1vn\u00edch n\u00e1rok\u016f,<\/li>\n\n\n\n<li>anal\u00fdza a statistika,<\/li>\n\n\n\n<li>vlastn\u00ed marketing (na z\u00e1klad\u011b souhlasu).<\/li>\n<\/ul>\n\n<p>Poskytnut\u00ed \u00fadaj\u016f je dobrovoln\u00e9, ale nezbytn\u00e9 pro spln\u011bn\u00ed v\u00fd\u0161e uveden\u00fdch \u00fa\u010del\u016f.<\/p>\n\n<hr class=\"wp-block-separator has-alpha-channel-opacity\"\/>\n\n<h3 class=\"wp-block-heading\">3. Pr\u00e1vn\u00ed z\u00e1klad zpracov\u00e1n\u00ed<\/h3>\n\n<p>\u00dadaje jsou zpracov\u00e1v\u00e1ny na z\u00e1klad\u011b:<\/p>\n\n<ul class=\"wp-block-list\">\n<li>\u010dl. 6 odst. 1 p\u00edsm. b GDPR \u2013 pln\u011bn\u00ed smlouvy,  <\/li>\n\n\n\n<li>\u010dl. 6 odst. 1 p\u00edsm. c GDPR \u2013 pr\u00e1vn\u00ed povinnost,  <\/li>\n\n\n\n<li>\u010dl. 6 odst. 1 p\u00edsm. f GDPR \u2013 opr\u00e1vn\u011bn\u00fd z\u00e1jem,  <\/li>\n\n\n\n<li>\u010dl. 6 odst. 1 p\u00edsm. a GDPR \u2013 souhlas (nap\u0159. marketingov\u00e9 cookies).  <\/li>\n<\/ul>\n\n<hr class=\"wp-block-separator has-alpha-channel-opacity\"\/>\n\n<h3 class=\"wp-block-heading\">4. P\u0159\u00edjemci osobn\u00edch \u00fadaj\u016f<\/h3>\n\n<p>\u00dadaje mohou b\u00fdt p\u0159ed\u00e1v\u00e1ny:<\/p>\n\n<ul class=\"wp-block-list\">\n<li>poskytovatel\u016fm hostingu a IT slu\u017eeb,<\/li>\n\n\n\n<li>\u00fa\u010detn\u00ed a poradensk\u00e9 spole\u010dnosti,<\/li>\n\n\n\n<li>logistick\u00fdm a kur\u00fdrn\u00edm spole\u010dnostem,<\/li>\n\n\n\n<li>poskytovatel\u016fm platebn\u00edch slu\u017eeb:\n<ul class=\"wp-block-list\">\n<li>Stripe Payments Europe Ltd. \/ Stripe Inc., <\/li>\n\n\n\n<li>mElements S.A. (Paynow),<\/li>\n<\/ul>\n<\/li>\n\n\n\n<li>bank\u00e1m,<\/li>\n\n\n\n<li>pr\u00e1vn\u00edm kancel\u00e1\u0159\u00edm,<\/li>\n\n\n\n<li>marketingov\u00fdm agentur\u00e1m,<\/li>\n\n\n\n<li>org\u00e1n\u016fm ve\u0159ejn\u00e9 spr\u00e1vy (v souladu se z\u00e1konem).<\/li>\n<\/ul>\n\n<p>\u00dadaje nejsou prod\u00e1v\u00e1ny.<\/p>\n\n<hr class=\"wp-block-separator has-alpha-channel-opacity\"\/>\n\n<h3 class=\"wp-block-heading\">5. Elektronick\u00e9 platby<\/h3>\n\n<p>V p\u0159\u00edpad\u011b prov\u00e1d\u011bn\u00ed plateb prost\u0159ednictv\u00edm Slu\u017eby jsou \u00fadaje u\u017eivatele p\u0159ed\u00e1v\u00e1ny poskytovatel\u016fm platebn\u00edch slu\u017eeb v rozsahu nezbytn\u00e9m pro realizaci transakce.<\/p>\n\n<p>Rozsah \u00fadaj\u016f m\u016f\u017ee zahrnovat:<\/p>\n\n<ul class=\"wp-block-list\">\n<li>jm\u00e9no a p\u0159\u00edjmen\u00ed,<\/li>\n\n\n\n<li>e-mailovou adresu,<\/li>\n\n\n\n<li>telefonn\u00ed \u010d\u00edslo,<\/li>\n\n\n\n<li>adresu,<\/li>\n\n\n\n<li>\u00fadaje o transakci.<\/li>\n<\/ul>\n\n<p>Poskytovatel\u00e9 platebn\u00edch slu\u017eeb jsou samostatn\u00fdmi spr\u00e1vci osobn\u00edch \u00fadaj\u016f.<\/p>\n\n<hr class=\"wp-block-separator has-alpha-channel-opacity\"\/>\n\n<h3 class=\"wp-block-heading\">6. Doba uchov\u00e1v\u00e1n\u00ed \u00fadaj\u016f<\/h3>\n\n<p>\u00dadaje jsou uchov\u00e1v\u00e1ny:<\/p>\n\n<ul class=\"wp-block-list\">\n<li>po dobu trv\u00e1n\u00ed smlouvy a v rozsahu vy\u017eadovan\u00e9m pr\u00e1vn\u00edmi p\u0159edpisy,<\/li>\n\n\n\n<li>\u00fa\u010detn\u00ed \u00fadaje \u2013 dle pr\u00e1vn\u00edch p\u0159edpis\u016f,<\/li>\n\n\n\n<li>\u00fadaje zpracov\u00e1van\u00e9 na z\u00e1klad\u011b souhlasu \u2013 do jeho odvol\u00e1n\u00ed,<\/li>\n\n\n\n<li>marketingov\u00e9 \u00fadaje \u2013 maxim\u00e1ln\u011b 3 roky.<\/li>\n<\/ul>\n\n<hr class=\"wp-block-separator has-alpha-channel-opacity\"\/>\n\n<h3 class=\"wp-block-heading\">7. Pr\u00e1va u\u017eivatele<\/h3>\n\n<p>U\u017eivatel m\u00e1 pr\u00e1vo na:<\/p>\n\n<ul class=\"wp-block-list\">\n<li>p\u0159\u00edstup ke sv\u00fdm osobn\u00edm \u00fadaj\u016fm,<\/li>\n\n\n\n<li>opravu osobn\u00edch \u00fadaj\u016f,<\/li>\n\n\n\n<li>v\u00fdmaz osobn\u00edch \u00fadaj\u016f,<\/li>\n\n\n\n<li>omezen\u00ed zpracov\u00e1n\u00ed,<\/li>\n\n\n\n<li>p\u0159enositelnost \u00fadaj\u016f,<\/li>\n\n\n\n<li>vzn\u00e9st n\u00e1mitku proti zpracov\u00e1n\u00ed,<\/li>\n\n\n\n<li>kdykoli odvolat ud\u011blen\u00fd souhlas.<\/li>\n<\/ul>\n\n<p>St\u00ed\u017enost lze podat u \u00da\u0159adu pro ochranu osobn\u00edch \u00fadaj\u016f.<\/p>\n\n<hr class=\"wp-block-separator has-alpha-channel-opacity\"\/>\n\n<h3 class=\"wp-block-heading\">8. P\u0159ed\u00e1v\u00e1n\u00ed \u00fadaj\u016f mimo EU<\/h3>\n\n<p>\u00dadaje mohou b\u00fdt p\u0159ed\u00e1v\u00e1ny mimo Evropsk\u00fd hospod\u00e1\u0159sk\u00fd prostor v souvislosti s vyu\u017e\u00edv\u00e1n\u00edm slu\u017eeb:<\/p>\n\n<ul class=\"wp-block-list\">\n<li>Stripe,<\/li>\n\n\n\n<li>Google,<\/li>\n\n\n\n<li>Meta.<\/li>\n<\/ul>\n\n<p>P\u0159ed\u00e1v\u00e1n\u00ed prob\u00edh\u00e1 na z\u00e1klad\u011b standardn\u00edch smluvn\u00edch dolo\u017eek schv\u00e1len\u00fdch Evropskou komis\u00ed.<\/p>\n\n<hr class=\"wp-block-separator has-alpha-channel-opacity\"\/>\n\n<h3 class=\"wp-block-heading\">9. Bezpe\u010dnost \u00fadaj\u016f<\/h3>\n\n<p>Spr\u00e1vce uplat\u0148uje technick\u00e1 a organiza\u010dn\u00ed opat\u0159en\u00ed k zaji\u0161t\u011bn\u00ed ochrany osobn\u00edch \u00fadaj\u016f, zejm\u00e9na:<\/p>\n\n<ul class=\"wp-block-list\">\n<li>\u0161ifrov\u00e1n\u00ed SSL,<\/li>\n\n\n\n<li>zabezpe\u010den\u00ed server\u016f,<\/li>\n\n\n\n<li>pravideln\u00e9 aktualizace,<\/li>\n\n\n\n<li>omezen\u00fd p\u0159\u00edstup k \u00fadaj\u016fm,<\/li>\n\n\n\n<li>z\u00e1lohov\u00e1n\u00ed.<\/li>\n<\/ul>\n\n<hr class=\"wp-block-separator has-alpha-channel-opacity\"\/>\n\n<h3 class=\"wp-block-heading\">10. Cookies<\/h3>\n\n<p>Slu\u017eba pou\u017e\u00edv\u00e1 soubory cookies za \u00fa\u010delem:<\/p>\n\n<ul class=\"wp-block-list\">\n<li>zaji\u0161t\u011bn\u00ed spr\u00e1vn\u00e9ho fungov\u00e1n\u00ed webu,<\/li>\n\n\n\n<li>statistick\u00e9 anal\u00fdzy,<\/li>\n\n\n\n<li>marketingov\u00fdch aktivit (na z\u00e1klad\u011b souhlasu).<\/li>\n<\/ul>\n\n<p>Typy cookies:<\/p>\n\n<ul class=\"wp-block-list\">\n<li>nezbytn\u00e9,<\/li>\n\n\n\n<li>analytick\u00e9,<\/li>\n\n\n\n<li>marketingov\u00e9.<\/li>\n<\/ul>\n\n<p>U\u017eivatel m\u016f\u017ee spravovat cookies prost\u0159ednictv\u00edm nastaven\u00ed prohl\u00ed\u017ee\u010de nebo banneru souhlasu.<\/p>\n\n<hr class=\"wp-block-separator has-alpha-channel-opacity\"\/>\n\n<h3 class=\"wp-block-heading\">11. Analytick\u00e9 a marketingov\u00e9 n\u00e1stroje<\/h3>\n\n<p>Slu\u017eba vyu\u017e\u00edv\u00e1:<\/p>\n\n<ul class=\"wp-block-list\">\n<li>Google Analytics (Google LLC),<\/li>\n\n\n\n<li>Google Ads (Google LLC),<\/li>\n\n\n\n<li>Meta Ads (Meta Platforms Ireland Ltd).<\/li>\n<\/ul>\n\n<p>Tyto subjekty mohou ukl\u00e1dat vlastn\u00ed cookies a zpracov\u00e1vat \u00fadaje jako samostatn\u00ed spr\u00e1vci.<\/p>\n\n<p>Z\u00e1sady ochrany osobn\u00edch \u00fadaj\u016f:<\/p>\n\n<ul class=\"wp-block-list\">\n<li><a href=\"https:\/\/policies.google.com\/privacy\">https:\/\/policies.google.com\/privacy<\/a><\/li>\n\n\n\n<li><a href=\"https:\/\/www.facebook.com\/privacy\/policy\">https:\/\/www.facebook.com\/privacy\/policy<\/a><\/li>\n<\/ul>\n\n<hr class=\"wp-block-separator has-alpha-channel-opacity\"\/>\n\n<h3 class=\"wp-block-heading\">12. Z\u00e1v\u011bre\u010dn\u00e1 ustanoven\u00ed<\/h3>\n\n<p>Spr\u00e1vce si vyhrazuje pr\u00e1vo tyto Z\u00e1sady ochrany osobn\u00edch \u00fadaj\u016f m\u011bnit. Aktu\u00e1ln\u00ed verze je v\u017edy dostupn\u00e1 ve Slu\u017eb\u011b. <\/p>\n","protected":false},"excerpt":{"rendered":"<p>Z\u00c1SADY OCHRANY OSOBN\u00cdCH \u00daDAJ\u016e 1. Obecn\u00e9 informace Tyto Z\u00e1sady ochrany osobn\u00edch \u00fadaj\u016f stanovuj\u00ed pravidla zpracov\u00e1n\u00ed osobn\u00edch \u00fadaj\u016f u\u017eivatel\u016f webov\u00fdch str\u00e1nek dostupn\u00fdch na adrese https:\/\/shop.steel-containers.com Spr\u00e1vcem osobn\u00edch \u00fadaj\u016f je:WIM Micha\u0142 OlejarzRondo Ignacego Daszy\u0144skiego 2B00-843 Var\u0161avaDI\u010c: 6572571770 Kontakt na spr\u00e1vce:e-mail: sales@steel-containers.comtelefon: +48 602 659 101 Spr\u00e1vce zpracov\u00e1v\u00e1 osobn\u00ed \u00fadaje v souladu s platn\u00fdmi pr\u00e1vn\u00edmi p\u0159edpisy, zejm\u00e9na s [&hellip;]<\/p>\n","protected":false},"author":1,"featured_media":0,"parent":0,"menu_order":0,"comment_status":"closed","ping_status":"open","template":"no-title","meta":{"footnotes":""},"class_list":["post-1983","page","type-page","status-publish","hentry"],"_links":{"self":[{"href":"https:\/\/shop.steel-containers.com\/cs\/wp-json\/wp\/v2\/pages\/1983","targetHints":{"allow":["GET"]}}],"collection":[{"href":"https:\/\/shop.steel-containers.com\/cs\/wp-json\/wp\/v2\/pages"}],"about":[{"href":"https:\/\/shop.steel-containers.com\/cs\/wp-json\/wp\/v2\/types\/page"}],"author":[{"embeddable":true,"href":"https:\/\/shop.steel-containers.com\/cs\/wp-json\/wp\/v2\/users\/1"}],"replies":[{"embeddable":true,"href":"https:\/\/shop.steel-containers.com\/cs\/wp-json\/wp\/v2\/comments?post=1983"}],"version-history":[{"count":4,"href":"https:\/\/shop.steel-containers.com\/cs\/wp-json\/wp\/v2\/pages\/1983\/revisions"}],"predecessor-version":[{"id":5263,"href":"https:\/\/shop.steel-containers.com\/cs\/wp-json\/wp\/v2\/pages\/1983\/revisions\/5263"}],"wp:attachment":[{"href":"https:\/\/shop.steel-containers.com\/cs\/wp-json\/wp\/v2\/media?parent=1983"}],"curies":[{"name":"wp","href":"https:\/\/api.w.org\/{rel}","templated":true}]}}