{"id":2945,"date":"2026-02-03T08:26:13","date_gmt":"2026-02-03T07:26:13","guid":{"rendered":"https:\/\/shop.steel-containers.com\/about-us\/"},"modified":"2026-03-24T11:06:53","modified_gmt":"2026-03-24T10:06:53","slug":"about-us","status":"publish","type":"page","link":"https:\/\/shop.steel-containers.com\/cs\/about-us\/","title":{"rendered":"About us"},"content":{"rendered":"\n<div class=\"wp-block-group alignfull is-style-ext-preset--group--natural-1--section has-background-background-color has-background has-global-padding is-layout-constrained wp-container-core-group-is-layout-e96f6837 wp-block-group-is-layout-constrained\" style=\"margin-top:0;margin-bottom:0;padding-top:0;padding-right:0;padding-bottom:0;padding-left:0\">\n<div class=\"wp-block-cover alignfull is-style-ext-preset--cover--natural-1--cover-overlay-1 is-style-ext-preset--cover--natural-1--cover-overlay-1--2\" style=\"padding-top:var(--wp--preset--spacing--70);padding-right:var(--wp--preset--spacing--30);padding-bottom:var(--wp--preset--spacing--70);padding-left:var(--wp--preset--spacing--30);min-height:60vh;aspect-ratio:unset;\"><img decoding=\"async\" width=\"1024\" height=\"637\" class=\"wp-block-cover__image-background wp-image-2913 size-large\" alt=\"\" src=\"https:\/\/shop.steel-containers.com\/wp-content\/uploads\/2026\/02\/rick-rothenberg-cpuumR5z2pk-unsplash-1024x637.jpg\" data-object-fit=\"cover\" srcset=\"https:\/\/shop.steel-containers.com\/wp-content\/uploads\/2026\/02\/rick-rothenberg-cpuumR5z2pk-unsplash-1024x637.jpg 1024w, https:\/\/shop.steel-containers.com\/wp-content\/uploads\/2026\/02\/rick-rothenberg-cpuumR5z2pk-unsplash-300x187.jpg 300w, https:\/\/shop.steel-containers.com\/wp-content\/uploads\/2026\/02\/rick-rothenberg-cpuumR5z2pk-unsplash-768x478.jpg 768w, https:\/\/shop.steel-containers.com\/wp-content\/uploads\/2026\/02\/rick-rothenberg-cpuumR5z2pk-unsplash-1536x956.jpg 1536w, https:\/\/shop.steel-containers.com\/wp-content\/uploads\/2026\/02\/rick-rothenberg-cpuumR5z2pk-unsplash-2048x1274.jpg 2048w, https:\/\/shop.steel-containers.com\/wp-content\/uploads\/2026\/02\/rick-rothenberg-cpuumR5z2pk-unsplash-600x373.jpg 600w\" sizes=\"(max-width: 1024px) 100vw, 1024px\" \/><span aria-hidden=\"true\" class=\"wp-block-cover__background has-background-dim-80 has-background-dim\" style=\"background-color:#010101\"><\/span><div class=\"wp-block-cover__inner-container has-global-padding is-layout-constrained wp-container-core-cover-is-layout-5cffc2c1 wp-block-cover-is-layout-constrained\">\n<div class=\"wp-block-group alignwide is-vertical is-layout-flex wp-container-core-group-is-layout-c35747d5 wp-block-group-is-layout-flex\">\n<div class=\"wp-block-group has-global-padding is-layout-constrained wp-container-core-group-is-layout-2287c683 wp-block-group-is-layout-constrained\">\n<h1 class=\"wp-block-heading has-text-align-left has-text-color has-link-color wp-elements-49fa89118f2369f7a13e4166e712b97c\" style=\"color:#fefefe\">Steel Containers \u2013 Polsk\u00fd v\u00fdrobce kovov\u00fdch kontejner\u016f a p\u0159\u00edslu\u0161enstv\u00ed<\/h1>\n\n\n\n<p class=\"has-text-align-left has-text-color has-link-color wp-elements-95071d76c22a414d503434c4c1d7436e\" style=\"color:#fefefe\">Provozujeme vlastn\u00ed specializovan\u00fd v\u00fdrobn\u00ed z\u00e1vod v Polsku, kde konstruujeme odoln\u00e9 v\u00fdklopn\u00e9 kontejnery a kovov\u00e1 \u0159e\u0161en\u00ed na m\u00edru pro klienty z cel\u00e9 Evropy. Zjist\u011bte, jak n\u00e1\u0161 z\u00e1vazek ke kvalit\u011b a bezpe\u010dnosti prom\u011b\u0148uje logistick\u00e9 v\u00fdzvy v efektivn\u00ed provozn\u00ed procesy. <\/p>\n<\/div>\n\n\n\n<div class=\"wp-block-buttons is-layout-flex wp-block-buttons-is-layout-flex\"><\/div>\n<\/div>\n<\/div><\/div>\n<\/div>\n\n\n\n<div style=\"height:80px\" aria-hidden=\"true\" class=\"wp-block-spacer\"><\/div>\n\n\n\n<p>Steel Containers je dynamicky rostouc\u00ed v\u00fdrobce specializuj\u00edc\u00ed se na v\u00fdrobu vysoce kvalitn\u00edch kovov\u00fdch kontejner\u016f, p\u0159\u00eddavn\u00fdch za\u0159\u00edzen\u00ed pro vysokozdvi\u017en\u00e9 voz\u00edky a komplexn\u00edho skladov\u00e9ho vybaven\u00ed. D\u00edky v\u00edce ne\u017e desetilet\u00e9mu souvisl\u00e9mu p\u016fsoben\u00ed v oboru jsme se etablovali nikoli pouze jako distributor, ale jako p\u0159\u00edm\u00fd v\u00fdrobce s plnou kontrolou nad v\u00fdrobn\u00edm procesem. Na\u0161e specializovan\u00e9 v\u00fdrobn\u00ed a skladov\u00e9 prostory se nach\u00e1zej\u00ed v Polsku, co\u017e zaru\u010duje, \u017ee ka\u017ed\u00fd v\u00fdrobek opou\u0161t\u011bj\u00edc\u00ed na\u0161i tov\u00e1rnu spl\u0148uje p\u0159\u00edsn\u00e9 kvalitativn\u00ed normy p\u0159edt\u00edm, ne\u017e se dostane ke klient\u016fm na dom\u00e1c\u00edm i mezin\u00e1rodn\u00edm trhu.  <\/p>\n\n\n\n<p><strong>Na\u0161e filozofie a z\u00e1vazek ke kvalit\u011b<\/strong><\/p>\n\n\n\n<p>N\u00e1\u0161 p\u0159\u00edstup k podnik\u00e1n\u00ed je postaven na pil\u00ed\u0159\u00edch spolehlivosti, inovac\u00ed a opravdov\u00e9 v\u00e1\u0161n\u011b pro konstrukci odoln\u00fdch ocelov\u00fdch \u0159e\u0161en\u00ed. Ch\u00e1peme, \u017ee n\u00e1kup skladov\u00e9ho vybaven\u00ed je investic\u00ed, kter\u00e1 se mus\u00ed vr\u00e1tit prost\u0159ednictv\u00edm dlouhodob\u00e9 u\u017eitn\u00e9 hodnoty, a proto v na\u0161ich n\u00e1vrz\u00edch prioritizujeme funk\u010dnost a \u017eivotnost. Bezpe\u010dnost je dal\u0161\u00edm neomyln\u00fdm aspektem na\u0161\u00ed filozofie; a\u0165 u\u017e se jedn\u00e1 o v\u00fdklopn\u00fd kontejner nebo mechanickou lopatu, ka\u017ed\u00fd n\u00e1stroj, kter\u00fd vyr\u00e1b\u00edme, je navr\u017een tak, aby zvy\u0161oval bezpe\u010dnost a pohodl\u00ed va\u0161eho person\u00e1lu a z\u00e1rove\u0148 zefektiv\u0148oval ka\u017edodenn\u00ed provoz. Neust\u00e1le roz\u0161i\u0159ujeme na\u0161i nab\u00eddku, aby i ti nejn\u00e1ro\u010dn\u011bj\u0161\u00ed klienti na\u0161li \u0159e\u0161en\u00ed dokonale p\u0159izp\u016fsoben\u00e1 jejich logistick\u00fdm pot\u0159eb\u00e1m.   <\/p>\n\n\n\n<p><strong>Komplexn\u00ed produktov\u00e1 \u0159ada<\/strong><\/p>\n\n\n\n<p>Na\u0161e v\u00fdrobn\u00ed kapacity pokr\u00fdvaj\u00ed \u0161irok\u00e9 spektrum ocelov\u00e9ho logistick\u00e9ho vybaven\u00ed \u0161it\u00e9ho na m\u00edru pro sklady, v\u00fdrobn\u00ed z\u00e1vody, d\u00edlny a staveni\u0161t\u011b. Specializujeme se na konstrukci v\u00fdklopn\u00fdch kontejner\u016f (tzv. skip\u016f), kter\u00e9 jsou nezbytn\u00e9 pro efektivn\u00ed odpadov\u00e9 hospod\u00e1\u0159stv\u00ed, a tak\u00e9 kontejner\u016f s v\u00fdklopn\u00fdm dnem ur\u010den\u00fdch pro automatick\u00e9 vyprazd\u0148ov\u00e1n\u00ed sypk\u00fdch materi\u00e1l\u016f. Na\u0161e portfolio d\u00e1le zahrnuje mechanick\u00e9 lopaty pro manipulaci se sypk\u00fdmi materi\u00e1ly a z\u00e1chytn\u00e9 vany (ekologick\u00e9 palety), kter\u00e9 zaji\u0161\u0165uj\u00ed soulad s p\u0159edpisy o ochran\u011b \u017eivotn\u00edho prost\u0159ed\u00ed d\u00edky zachycov\u00e1n\u00ed \u00fanik\u016f. Vyr\u00e1b\u00edme tak\u00e9 paletov\u00e9 n\u00e1stavce a r\u016fzn\u00e1 p\u0159\u00eddavn\u00e1 za\u0159\u00edzen\u00ed pro vysokozdvi\u017en\u00e9 voz\u00edky, kter\u00e1 transformuj\u00ed standardn\u00ed stroje na v\u0161estrann\u00e9 v\u00edce\u00fa\u010delov\u00e9 n\u00e1stroje. Nab\u00eddkou takto rozmanit\u00e9 \u0161k\u00e1ly produkt\u016f umo\u017e\u0148ujeme na\u0161im klient\u016fm vyu\u017e\u00edvat jedno za\u0159\u00edzen\u00ed pro v\u00edce \u00fakol\u016f v r\u016fzn\u00fdch oblastech jejich podnik\u00e1n\u00ed.    <\/p>\n\n\n\n<div style=\"height:20px\" aria-hidden=\"true\" class=\"wp-block-spacer\"><\/div>\n\n\n\n<figure class=\"wp-block-image size-large\"><img decoding=\"async\" width=\"1024\" height=\"683\" src=\"https:\/\/shop.steel-containers.com\/wp-content\/uploads\/2026\/02\/cemrecan-yurtman-enPxH6uqABg-unsplash-1024x683.jpg\" alt=\"\" class=\"wp-image-2917\" srcset=\"https:\/\/shop.steel-containers.com\/wp-content\/uploads\/2026\/02\/cemrecan-yurtman-enPxH6uqABg-unsplash-1024x683.jpg 1024w, https:\/\/shop.steel-containers.com\/wp-content\/uploads\/2026\/02\/cemrecan-yurtman-enPxH6uqABg-unsplash-300x200.jpg 300w, https:\/\/shop.steel-containers.com\/wp-content\/uploads\/2026\/02\/cemrecan-yurtman-enPxH6uqABg-unsplash-768x512.jpg 768w, https:\/\/shop.steel-containers.com\/wp-content\/uploads\/2026\/02\/cemrecan-yurtman-enPxH6uqABg-unsplash-1536x1024.jpg 1536w, https:\/\/shop.steel-containers.com\/wp-content\/uploads\/2026\/02\/cemrecan-yurtman-enPxH6uqABg-unsplash-2048x1365.jpg 2048w, https:\/\/shop.steel-containers.com\/wp-content\/uploads\/2026\/02\/cemrecan-yurtman-enPxH6uqABg-unsplash-600x400.jpg 600w, https:\/\/shop.steel-containers.com\/wp-content\/uploads\/2026\/02\/cemrecan-yurtman-enPxH6uqABg-unsplash-scaled.jpg 1920w\" sizes=\"(max-width: 1024px) 100vw, 1024px\" \/><\/figure>\n\n\n\n<div style=\"height:20px\" aria-hidden=\"true\" class=\"wp-block-spacer\"><\/div>\n\n\n\n<p><strong>Design na zak\u00e1zku a zak\u00e1zkov\u00e1 v\u00fdroba<\/strong><\/p>\n\n\n\n<p>To, co skute\u010dn\u011b odli\u0161uje Steel Containers od konkurence, je na\u0161e flexibilita a schopnost dod\u00e1vat \u0159e\u0161en\u00ed na m\u00edru. Jako p\u0159\u00edm\u00fd v\u00fdrobce nejsme omezeni tuh\u00fdm katalogem standardn\u00edch rozm\u011br\u016f; nam\u00edsto toho nab\u00edz\u00edme komplexn\u00ed konstruk\u010dn\u00ed slu\u017eby, v jejich\u017e r\u00e1mci vytv\u00e1\u0159\u00edme konstrukce od z\u00e1kladu nebo upravujeme st\u00e1vaj\u00edc\u00ed modely podle va\u0161ich specifikac\u00ed. N\u00e1\u0161 in\u017een\u00fdrsk\u00fd t\u00fdm m\u016f\u017ee upravit rozm\u011bry, implementovat specifick\u00e9 mechanismy, instalovat dopl\u0148kov\u00e9 vybaven\u00ed nebo aplikovat vlastn\u00ed barvy n\u00e1t\u011br\u016f odpov\u00eddaj\u00edc\u00ed va\u0161\u00ed firemn\u00ed identit\u011b. Z\u016fst\u00e1v\u00e1me v\u00e1m k dispozici v ka\u017ed\u00e9 f\u00e1zi realizace objedn\u00e1vky a zaji\u0161\u0165ujeme, aby byl fin\u00e1ln\u00ed produkt dokonale slad\u011bn s po\u017eadavky va\u0161eho projektu a provozn\u00edmi podm\u00ednkami.   <\/p>\n\n\n\n<p><strong>Glob\u00e1ln\u00ed dosah a budouc\u00ed c\u00edle<\/strong><\/p>\n\n\n\n<p>I kdy\u017e m\u00e1me silnou pozici na dom\u00e1c\u00edm trhu, na\u0161e ambice n\u00e1s \u017eenou k roz\u0161i\u0159ov\u00e1n\u00ed glob\u00e1ln\u00edho dosahu prost\u0159ednictv\u00edm navazov\u00e1n\u00ed spolupr\u00e1ce se zahrani\u010dn\u00edmi partnery. Aktivn\u011b rozv\u00edj\u00edme na\u0161i s\u00ed\u0165, abychom optimalizovali logistiku dopravy a zajistili v\u010dasn\u00e9 dod\u00e1vky nap\u0159\u00ed\u010d hranicemi, s c\u00edlem zp\u0159\u00edstupnit na\u0161e vysoce kvalitn\u00ed ocelov\u00e1 \u0159e\u0161en\u00ed po cel\u00e9 Evrop\u011b. Na\u0161\u00edm c\u00edlem je budovat dlouhodob\u00e1 partnerstv\u00ed s mezin\u00e1rodn\u00edmi klienty a naj\u00edt spolehliv\u00e9 distributory v dal\u0161\u00edch zem\u00edch, kte\u0159\u00ed sd\u00edlej\u00ed n\u00e1\u0161 z\u00e1vazek ke kvalit\u011b a inovac\u00edm.  <\/p>\n\n\n\n<p><strong>Kontaktujte n\u00e1\u0161 v\u00fdrobn\u00ed z\u00e1vod<\/strong><\/p>\n\n\n\n<p>Pokud hled\u00e1te spolehliv\u00e9ho partnera v kovozpracuj\u00edc\u00edm pr\u016fmyslu, spole\u010dnost Steel Containers je p\u0159ipravena v\u00e1m pomoci s profesion\u00e1ln\u00edm poradenstv\u00edm a odoln\u00fdmi produkty. A\u0165 u\u017e popt\u00e1v\u00e1te standardn\u00ed kontejner nebo slo\u017eit\u00fd zak\u00e1zkov\u00fd projekt, zveme v\u00e1s k p\u0159\u00edm\u00e9mu kontaktu s na\u0161imi konzultanty. M\u016f\u017eete n\u00e1s kontaktovat telefonicky nebo e-mailem a prodiskutovat, jak m\u016f\u017eeme podpo\u0159it va\u0161e podnik\u00e1n\u00ed na\u0161imi specializovan\u00fdmi ocelov\u00fdmi \u0159e\u0161en\u00edmi.  <\/p>\n\n\n\n<div class=\"wp-block-group alignfull is-style-ext-preset--group--natural-1--section has-background-background-color has-background has-global-padding is-layout-constrained wp-container-core-group-is-layout-e96f6837 wp-block-group-is-layout-constrained\" style=\"margin-top:0;margin-bottom:0;padding-top:0;padding-right:0;padding-bottom:0;padding-left:0\">\n<div style=\"height:80px\" aria-hidden=\"true\" class=\"wp-block-spacer\"><\/div>\n\n\n\n<div class=\"wp-block-cover alignfull is-style-ext-preset--cover--natural-1--cover-overlay-1 is-style-ext-preset--cover--natural-1--cover-overlay-1--4\" style=\"padding-top:var(--wp--preset--spacing--70);padding-right:var(--wp--preset--spacing--30);padding-bottom:var(--wp--preset--spacing--70);padding-left:var(--wp--preset--spacing--30)\"><img decoding=\"async\" width=\"1024\" height=\"576\" class=\"wp-block-cover__image-background wp-image-2746 size-large\" alt=\"\" src=\"https:\/\/shop.steel-containers.com\/wp-content\/uploads\/2026\/01\/ty-feague-gnDbEnWFMWs-unsplash-edited-1024x576.jpg\" data-object-fit=\"cover\" srcset=\"https:\/\/shop.steel-containers.com\/wp-content\/uploads\/2026\/01\/ty-feague-gnDbEnWFMWs-unsplash-edited-1024x576.jpg 1024w, https:\/\/shop.steel-containers.com\/wp-content\/uploads\/2026\/01\/ty-feague-gnDbEnWFMWs-unsplash-edited-300x169.jpg 300w, https:\/\/shop.steel-containers.com\/wp-content\/uploads\/2026\/01\/ty-feague-gnDbEnWFMWs-unsplash-edited-768x432.jpg 768w, https:\/\/shop.steel-containers.com\/wp-content\/uploads\/2026\/01\/ty-feague-gnDbEnWFMWs-unsplash-edited-1536x864.jpg 1536w, https:\/\/shop.steel-containers.com\/wp-content\/uploads\/2026\/01\/ty-feague-gnDbEnWFMWs-unsplash-edited-2048x1151.jpg 2048w, https:\/\/shop.steel-containers.com\/wp-content\/uploads\/2026\/01\/ty-feague-gnDbEnWFMWs-unsplash-edited-600x337.jpg 600w\" sizes=\"(max-width: 1024px) 100vw, 1024px\" \/><span aria-hidden=\"true\" class=\"wp-block-cover__background has-background-dim-80 has-background-dim\" style=\"background-color:#010101\"><\/span><div class=\"wp-block-cover__inner-container has-global-padding is-layout-constrained wp-container-core-cover-is-layout-5cffc2c1 wp-block-cover-is-layout-constrained\">\n<div class=\"wp-block-group alignwide is-vertical is-content-justification-center is-layout-flex wp-container-core-group-is-layout-c9ee0c5a wp-block-group-is-layout-flex\">\n<div class=\"wp-block-group has-global-padding is-layout-constrained wp-container-core-group-is-layout-2287c683 wp-block-group-is-layout-constrained\">\n<h2 class=\"wp-block-heading has-text-align-center\">Jste p\u0159ipraveni za\u010d\u00edt?<\/h2>\n\n\n\n<p class=\"has-text-align-center\">A\u0165 u\u017e m\u00e1te v hlav\u011b konkr\u00e9tn\u00ed projekt, nebo jen chcete prozkoumat mo\u017enosti, jsme tu pro v\u00e1s. Kontaktujte n\u00e1\u0161 t\u00fdm e-mailem nebo n\u00e1m zavolejte a m\u016f\u017eeme za\u010d\u00edt. <\/p>\n<\/div>\n\n\n\n<div class=\"wp-block-buttons is-layout-flex wp-block-buttons-is-layout-flex\">\n<div class=\"wp-block-button is-style-ext-preset--button--natural-1--button-1 is-style-ext-preset--button--natural-1--button-1--5\"><a class=\"wp-block-button__link wp-element-button dynamic-email\" href=\"mailto:sales@steel-containers.com\">POSLAT E-MAIL<\/a><\/div>\n<\/div>\n<\/div>\n<\/div><\/div>\n<\/div>\n\n\n\n<p><\/p>\n","protected":false},"excerpt":{"rendered":"<p>Steel Containers je dynamicky rostouc\u00ed v\u00fdrobce specializuj\u00edc\u00ed se na v\u00fdrobu vysoce kvalitn\u00edch kovov\u00fdch kontejner\u016f, p\u0159\u00eddavn\u00fdch za\u0159\u00edzen\u00ed pro vysokozdvi\u017en\u00e9 voz\u00edky a komplexn\u00edho skladov\u00e9ho vybaven\u00ed. D\u00edky v\u00edce ne\u017e desetilet\u00e9mu souvisl\u00e9mu p\u016fsoben\u00ed v oboru jsme se etablovali nikoli pouze jako distributor, ale jako p\u0159\u00edm\u00fd v\u00fdrobce s plnou kontrolou nad v\u00fdrobn\u00edm procesem. Na\u0161e specializovan\u00e9 v\u00fdrobn\u00ed a skladov\u00e9 prostory se [&hellip;]<\/p>\n","protected":false},"author":2,"featured_media":0,"parent":0,"menu_order":0,"comment_status":"closed","ping_status":"closed","template":"no-title","meta":{"footnotes":""},"class_list":["post-2945","page","type-page","status-publish","hentry"],"_links":{"self":[{"href":"https:\/\/shop.steel-containers.com\/cs\/wp-json\/wp\/v2\/pages\/2945","targetHints":{"allow":["GET"]}}],"collection":[{"href":"https:\/\/shop.steel-containers.com\/cs\/wp-json\/wp\/v2\/pages"}],"about":[{"href":"https:\/\/shop.steel-containers.com\/cs\/wp-json\/wp\/v2\/types\/page"}],"author":[{"embeddable":true,"href":"https:\/\/shop.steel-containers.com\/cs\/wp-json\/wp\/v2\/users\/2"}],"replies":[{"embeddable":true,"href":"https:\/\/shop.steel-containers.com\/cs\/wp-json\/wp\/v2\/comments?post=2945"}],"version-history":[{"count":4,"href":"https:\/\/shop.steel-containers.com\/cs\/wp-json\/wp\/v2\/pages\/2945\/revisions"}],"predecessor-version":[{"id":5433,"href":"https:\/\/shop.steel-containers.com\/cs\/wp-json\/wp\/v2\/pages\/2945\/revisions\/5433"}],"wp:attachment":[{"href":"https:\/\/shop.steel-containers.com\/cs\/wp-json\/wp\/v2\/media?parent=2945"}],"curies":[{"name":"wp","href":"https:\/\/api.w.org\/{rel}","templated":true}]}}