{"id":4606,"date":"2026-01-23T14:28:48","date_gmt":"2026-01-23T13:28:48","guid":{"rendered":"https:\/\/shop.steel-containers.com\/impressum\/"},"modified":"2026-04-22T10:40:24","modified_gmt":"2026-04-22T08:40:24","slug":"impressum","status":"publish","type":"page","link":"https:\/\/shop.steel-containers.com\/cs\/impressum\/","title":{"rendered":"Impressum"},"content":{"rendered":"\n<h2 class=\"wp-block-heading\"><strong>Impressum<\/strong><\/h2>\n\n<h3 class=\"wp-block-heading\"><strong>\u00dadaje o poskytovateli<br\/><\/strong><\/h3>\n\n<p>WIM Micha\u0142 Olejarz<br\/>\u017eivnostn\u00edk<\/p>\n\n<p>Rondo Ignacego Daszy\u0144skiego 2B<br\/>00-843 Var\u0161ava<br\/>Polsko<\/p>\n\n<p>Bartk\u00f3w 71a<br\/>26-050 Bartk\u00f3w<br\/>Polska<br\/>(Sklad)<\/p>\n\n<hr class=\"wp-block-separator has-alpha-channel-opacity\"\/>\n\n<h3 class=\"wp-block-heading\"><strong>Kontakt<\/strong><\/h3>\n\n<p>E-Mail: <strong><a>sales@steel-containers.com<\/a><\/strong><br\/>Telefon: <strong>+48 <a href=\"tel:+48602678859\" target=\"_blank\" rel=\"noreferrer noopener\">602 678 859<\/a><\/strong><\/p>\n\n<hr class=\"wp-block-separator has-alpha-channel-opacity\"\/>\n\n<h3 class=\"wp-block-heading\"><strong>Registrace spole\u010dnosti<\/strong><\/h3>\n\n<p>\u017divnostn\u00edk zapsan\u00fd v Centr\u00e1ln\u00edm registru podnikatelsk\u00e9 \u010dinnosti Polsk\u00e9 republiky <strong>(CEIDG \u2013 Centr\u00e1ln\u00ed evidence a informace o hospod\u00e1\u0159sk\u00e9 \u010dinnosti).<\/strong><br\/>P\u0159\u00edslu\u0161n\u00fd registra\u010dn\u00ed org\u00e1n: Ministr hospod\u00e1\u0159stv\u00ed Polsk\u00e9 republiky.<\/p>\n\n<hr class=\"wp-block-separator has-alpha-channel-opacity\"\/>\n\n<h3 class=\"wp-block-heading\"><strong>DI\u010c<\/strong><\/h3>\n\n<p>DI\u010c podle \u00a727a n\u011bmeck\u00e9ho z\u00e1kona o DPH: PL6572571770 <\/p>\n\n<hr class=\"wp-block-separator has-alpha-channel-opacity\"\/>\n\n<h3 class=\"wp-block-heading\"><strong>Odpov\u011bdnost za obsah<\/strong><\/h3>\n\n<p>Jako poskytovatel slu\u017eeb jsme podle obecn\u011b z\u00e1vazn\u00fdch pr\u00e1vn\u00edch p\u0159edpis\u016f odpov\u011bdn\u00ed za vlastn\u00ed obsah na t\u011bchto str\u00e1nk\u00e1ch. Za obsah extern\u00edch webov\u00fdch str\u00e1nek, na kter\u00e9 odkazujeme prost\u0159ednictv\u00edm p\u0159\u00edm\u00fdch \u010di nep\u0159\u00edm\u00fdch odkaz\u016f, neneseme odpov\u011bdnost, pokud jsme v dob\u011b vytvo\u0159en\u00ed odkazu nem\u011bli v\u011bdomost o jejich protipr\u00e1vn\u00edm obsahu. <\/p>\n\n<hr class=\"wp-block-separator has-alpha-channel-opacity\"\/>\n\n<h3 class=\"wp-block-heading\"><strong>Autorsk\u00e1 pr\u00e1va<\/strong><\/h3>\n\n<p>Obsah, texty, obr\u00e1zky a grafika vytvo\u0159en\u00e9 provozovatelem t\u011bchto str\u00e1nek podl\u00e9haj\u00ed autorsk\u00e9mu pr\u00e1vu. Jak\u00e9koli rozmno\u017eov\u00e1n\u00ed, \u00fapravy, \u0161\u00ed\u0159en\u00ed nebo jin\u00e9 pou\u017eit\u00ed mimo r\u00e1mec autorsk\u00e9ho pr\u00e1va vy\u017eaduje p\u0159edchoz\u00ed p\u00edsemn\u00fd souhlas dr\u017eitele pr\u00e1v. <\/p>\n\n<hr class=\"wp-block-separator has-alpha-channel-opacity\"\/>\n\n<h3 class=\"wp-block-heading\"><strong>Rozsah platnosti<\/strong><\/h3>\n\n<p>Toto impressum plat\u00ed pro webovou str\u00e1nku shop.steel-containers.com.<\/p>\n","protected":false},"excerpt":{"rendered":"<p>Impressum \u00dadaje o poskytovateli WIM Micha\u0142 Olejarz\u017eivnostn\u00edk Rondo Ignacego Daszy\u0144skiego 2B00-843 Var\u0161avaPolsko Bartk\u00f3w 71a26-050 Bartk\u00f3wPolska(Sklad) Kontakt E-Mail: sales@steel-containers.comTelefon: +48 602 678 859 Registrace spole\u010dnosti \u017divnostn\u00edk zapsan\u00fd v Centr\u00e1ln\u00edm registru podnikatelsk\u00e9 \u010dinnosti Polsk\u00e9 republiky (CEIDG \u2013 Centr\u00e1ln\u00ed evidence a informace o hospod\u00e1\u0159sk\u00e9 \u010dinnosti).P\u0159\u00edslu\u0161n\u00fd registra\u010dn\u00ed org\u00e1n: Ministr hospod\u00e1\u0159stv\u00ed Polsk\u00e9 republiky. DI\u010c DI\u010c podle \u00a727a n\u011bmeck\u00e9ho z\u00e1kona o [&hellip;]<\/p>\n","protected":false},"author":1,"featured_media":0,"parent":0,"menu_order":0,"comment_status":"closed","ping_status":"closed","template":"no-title","meta":{"footnotes":""},"class_list":["post-4606","page","type-page","status-publish","hentry"],"_links":{"self":[{"href":"https:\/\/shop.steel-containers.com\/cs\/wp-json\/wp\/v2\/pages\/4606","targetHints":{"allow":["GET"]}}],"collection":[{"href":"https:\/\/shop.steel-containers.com\/cs\/wp-json\/wp\/v2\/pages"}],"about":[{"href":"https:\/\/shop.steel-containers.com\/cs\/wp-json\/wp\/v2\/types\/page"}],"author":[{"embeddable":true,"href":"https:\/\/shop.steel-containers.com\/cs\/wp-json\/wp\/v2\/users\/1"}],"replies":[{"embeddable":true,"href":"https:\/\/shop.steel-containers.com\/cs\/wp-json\/wp\/v2\/comments?post=4606"}],"version-history":[{"count":2,"href":"https:\/\/shop.steel-containers.com\/cs\/wp-json\/wp\/v2\/pages\/4606\/revisions"}],"predecessor-version":[{"id":5714,"href":"https:\/\/shop.steel-containers.com\/cs\/wp-json\/wp\/v2\/pages\/4606\/revisions\/5714"}],"wp:attachment":[{"href":"https:\/\/shop.steel-containers.com\/cs\/wp-json\/wp\/v2\/media?parent=4606"}],"curies":[{"name":"wp","href":"https:\/\/api.w.org\/{rel}","templated":true}]}}