{"id":4642,"date":"2026-02-04T09:53:11","date_gmt":"2026-02-04T08:53:11","guid":{"rendered":"https:\/\/shop.steel-containers.com\/zakazkove-projekty\/"},"modified":"2026-03-24T11:02:26","modified_gmt":"2026-03-24T10:02:26","slug":"zakazkove-projekty","status":"publish","type":"page","link":"https:\/\/shop.steel-containers.com\/cs\/zakazkove-projekty\/","title":{"rendered":"Zak\u00e1zkov\u00e9 projekty"},"content":{"rendered":"\n<div class=\"wp-block-group alignfull is-style-ext-preset--group--natural-1--section has-background-background-color has-background has-global-padding is-layout-constrained wp-block-group-is-layout-constrained\" style=\"margin-top:0;margin-bottom:0;padding-top:var(--wp--preset--spacing--50);padding-bottom:var(--wp--preset--spacing--70)\">\n<div class=\"wp-block-columns alignwide are-vertically-aligned-center is-layout-flex wp-container-core-columns-is-layout-174606dc wp-block-columns-is-layout-flex\">\n<div class=\"wp-block-column is-vertically-aligned-center is-layout-flow wp-block-column-is-layout-flow\">\n<figure class=\"wp-block-image size-large is-style-ext-preset--image--natural-1--image-1--content-right is-style-ext-preset--image--natural-1--image-1--content-right--2\"><img decoding=\"async\" width=\"2560\" height=\"2560\" src=\"https:\/\/shop.steel-containers.com\/wp-content\/uploads\/2026\/02\/IMG_0423-edited-scaled.jpg\" alt=\"\" class=\"wp-image-3227\" style=\"aspect-ratio:1;object-fit:cover\" srcset=\"https:\/\/shop.steel-containers.com\/wp-content\/uploads\/2026\/02\/IMG_0423-edited-scaled.jpg 2560w, https:\/\/shop.steel-containers.com\/wp-content\/uploads\/2026\/02\/IMG_0423-edited-300x300.jpg 300w, https:\/\/shop.steel-containers.com\/wp-content\/uploads\/2026\/02\/IMG_0423-edited-1024x1024.jpg 1024w, https:\/\/shop.steel-containers.com\/wp-content\/uploads\/2026\/02\/IMG_0423-edited-150x150.jpg 150w, https:\/\/shop.steel-containers.com\/wp-content\/uploads\/2026\/02\/IMG_0423-edited-768x768.jpg 768w, https:\/\/shop.steel-containers.com\/wp-content\/uploads\/2026\/02\/IMG_0423-edited-1536x1536.jpg 1536w, https:\/\/shop.steel-containers.com\/wp-content\/uploads\/2026\/02\/IMG_0423-edited-2048x2048.jpg 2048w, https:\/\/shop.steel-containers.com\/wp-content\/uploads\/2026\/02\/IMG_0423-edited-600x600.jpg 600w, https:\/\/shop.steel-containers.com\/wp-content\/uploads\/2026\/02\/IMG_0423-edited-100x100.jpg 100w\" sizes=\"(max-width: 2560px) 100vw, 2560px\" \/><\/figure>\n<\/div>\n\n\n\n<div class=\"wp-block-column is-vertically-aligned-center is-layout-flow wp-block-column-is-layout-flow\">\n<div class=\"wp-block-group alignwide is-vertical is-layout-flex wp-container-core-group-is-layout-c35747d5 wp-block-group-is-layout-flex\">\n<div class=\"wp-block-group has-global-padding is-layout-constrained wp-container-core-group-is-layout-dd32767c wp-block-group-is-layout-constrained\">\n<h1 class=\"wp-block-heading\">Objevte na\u0161e zak\u00e1zkov\u00e9 projekty.<\/h1>\n\n\n\n<p>Ve spole\u010dnosti Steel Containers si uv\u011bdomujeme, \u017ee jedine\u010dn\u00e9 provozn\u00ed v\u00fdzvy \u010dasto vy\u017eaduj\u00ed v\u00edce ne\u017e jen standardn\u00ed vybaven\u00ed. Na\u0161e slu\u017eba \u201eZak\u00e1zkov\u00e9 projekty\u201c vyu\u017e\u00edv\u00e1 desetilet\u00e9 zku\u0161enosti s v\u00fdrobou k navrhov\u00e1n\u00ed a v\u00fdrob\u011b kovov\u00fdch kontejner\u016f a p\u0159\u00edslu\u0161enstv\u00ed pro vysokozdvi\u017en\u00e9 voz\u00edky na m\u00edru p\u0159esn\u011b podle va\u0161ich specifikac\u00ed. Od upraven\u00fdch samoskl\u00e1p\u011bc\u00edch kontejner\u016f a\u017e po specializovan\u00e9 pr\u016fmyslov\u00e9 bagry, n\u00e1\u0161 technick\u00fd t\u00fdm kombinuje technickou p\u0159esnost s vysoce kvalitn\u00edmi materi\u00e1ly, aby poskytoval odoln\u00e1 a jedine\u010dn\u00e1 \u0159e\u0161en\u00ed.  <\/p>\n<\/div>\n\n\n\n<div class=\"wp-block-buttons is-layout-flex wp-block-buttons-is-layout-flex\"><\/div>\n<\/div>\n<\/div>\n<\/div>\n<\/div>\n\n\n\n<div class=\"wp-block-group alignfull is-style-ext-preset--group--natural-1--section has-background-background-color has-background has-global-padding is-layout-constrained wp-container-core-group-is-layout-e955bbaf wp-block-group-is-layout-constrained\" style=\"margin-top:0;margin-bottom:0;padding-top:var(--wp--preset--spacing--70);padding-bottom:var(--wp--preset--spacing--70)\">\n<div class=\"wp-block-group alignwide is-vertical is-content-justification-center is-layout-flex wp-container-core-group-is-layout-c9ee0c5a wp-block-group-is-layout-flex\">\n<div class=\"wp-block-group has-global-padding is-layout-constrained wp-container-core-group-is-layout-5e05634a wp-block-group-is-layout-constrained\">\n<h2 class=\"wp-block-heading has-text-align-center\">N\u00e1\u0161 vlastn\u00ed proces<\/h2>\n\n\n\n<p class=\"has-text-align-center\">Usnad\u0148ujeme p\u0159echod od technick\u00e9 v\u00fdzvy k vysoce odoln\u00e9mu \u0159e\u0161en\u00ed. Objevte n\u00e1\u0161 jednoduch\u00fd t\u0159\u00edkrokov\u00fd p\u0159\u00edstup ke specializovan\u00e9 v\u00fdrob\u011b. <\/p>\n<\/div>\n<\/div>\n\n\n\n<div class=\"wp-block-columns alignwide is-layout-flex wp-container-core-columns-is-layout-08c01c1c wp-block-columns-is-layout-flex\">\n<div class=\"wp-block-column is-vertically-aligned-stretch is-layout-flow wp-container-core-column-is-layout-f5bb311e wp-block-column-is-layout-flow\">\n<div class=\"wp-block-group is-style-ext-preset--group--natural-1--item-card-1--align-center has-global-padding is-layout-constrained wp-block-group-is-layout-constrained is-style-ext-preset--group--natural-1--item-card-1--align-center--4\">\n<div class=\"wp-block-group is-style-default has-global-padding is-layout-constrained wp-block-group-is-layout-constrained\">\n<figure class=\"wp-block-image aligncenter size-large ext-aspect-landscape wp-duotone-primary-foreground\"><img decoding=\"async\" src=\"data:image\/svg+xml;base64,PHN2ZyB4bWxucz0iaHR0cDovL3d3dy53My5vcmcvMjAwMC9zdmciIHdpZHRoPSI0OCIgaGVpZ2h0PSI0OCIgZmlsbD0iIzAwMDAwMCIgdmlld0JveD0iMCAwIDI1NiAyNTYiPjxwYXRoIGQ9Ik0xMjgsMjRBMTA0LDEwNCwwLDEsMCwyMzIsMTI4LDEwNC4xMSwxMDQuMTEsMCwwLDAsMTI4LDI0Wm0wLDE5MmE4OCw4OCwwLDEsMSw4OC04OEE4OC4xLDg4LjEsMCwwLDEsMTI4LDIxNlpNMTQwLDgwdjk2YTgsOCwwLDAsMS0xNiwwVjk1bC0xMS41Niw3LjcxYTgsOCwwLDEsMS04Ljg4LTEzLjMybDI0LTE2QTgsOCwwLDAsMSwxNDAsODBaIj48L3BhdGg+PC9zdmc+\" alt=\"\" style=\"object-fit:cover\"\/><\/figure>\n\n\n\n<h3 class=\"wp-block-heading has-text-align-center\">Konzultace a n\u00e1vrh<\/h3>\n\n\n\n<p class=\"has-text-align-center\">Sd\u011blte n\u00e1m sv\u00e9 specifick\u00e9 po\u017eadavky. N\u00e1\u0161 technick\u00fd t\u00fdm analyzuje va\u0161e logistick\u00e9 pot\u0159eby a navrhne kontejner nebo p\u0159\u00edslu\u0161enstv\u00ed na m\u00edru, kter\u00e9 dokonale vyhovuje va\u0161emu pracovn\u00edmu postupu. <\/p>\n<\/div>\n<\/div>\n<\/div>\n\n\n\n<div class=\"wp-block-column is-vertically-aligned-stretch is-layout-flow wp-container-core-column-is-layout-f5bb311e wp-block-column-is-layout-flow\">\n<div class=\"wp-block-group is-style-ext-preset--group--natural-1--item-card-1--align-center has-global-padding is-layout-constrained wp-block-group-is-layout-constrained is-style-ext-preset--group--natural-1--item-card-1--align-center--5\">\n<div class=\"wp-block-group is-style-default has-global-padding is-layout-constrained wp-block-group-is-layout-constrained\">\n<figure class=\"wp-block-image aligncenter size-large ext-aspect-landscape wp-duotone-primary-foreground\"><img decoding=\"async\" src=\"data:image\/svg+xml;base64,PHN2ZyB4bWxucz0iaHR0cDovL3d3dy53My5vcmcvMjAwMC9zdmciIHdpZHRoPSI0OCIgaGVpZ2h0PSI0OCIgZmlsbD0iIzAwMDAwMCIgdmlld0JveD0iMCAwIDI1NiAyNTYiPjxwYXRoIGQ9Ik0xMjgsMjRBMTA0LDEwNCwwLDEsMCwyMzIsMTI4LDEwNC4xMSwxMDQuMTEsMCwwLDAsMTI4LDI0Wm0wLDE5MmE4OCw4OCwwLDEsMSw4OC04OEE4OC4xLDg4LjEsMCwwLDEsMTI4LDIxNlptMjUuNTYtOTIuNzRMMTIwLDE2OGgzMmE4LDgsMCwwLDEsMCwxNkgxMDRhOCw4LDAsMCwxLTYuNC0xMi44bDQzLjE3LTU3LjU2YTE2LDE2LDAsMSwwLTI3Ljg2LTE1LDgsOCwwLDAsMS0xNS4wOS01LjM0LDMyLDMyLDAsMSwxLDU1Ljc0LDI5LjkzWiI+PC9wYXRoPjwvc3ZnPg==\" alt=\"\" style=\"object-fit:cover\"\/><\/figure>\n\n\n\n<h3 class=\"wp-block-heading has-text-align-center\">P\u0159esn\u00e1 v\u00fdroba<\/h3>\n\n\n\n<p class=\"has-text-align-center\">Jakmile je n\u00e1vrh dokon\u010den, zah\u00e1j\u00edme v\u00fdrobu s pou\u017eit\u00edm vysoce kvalitn\u00edch materi\u00e1l\u016f a technick\u00e9 p\u0159esnosti. Budeme v\u00e1s pr\u016fb\u011b\u017en\u011b informovat o tom, jak vyr\u00e1b\u00edme va\u0161e odoln\u00e9 za\u0159\u00edzen\u00ed pr\u016fmyslov\u00e9 t\u0159\u00eddy. <\/p>\n<\/div>\n<\/div>\n<\/div>\n\n\n\n<div class=\"wp-block-column is-vertically-aligned-stretch is-layout-flow wp-container-core-column-is-layout-f5bb311e wp-block-column-is-layout-flow\">\n<div class=\"wp-block-group is-style-ext-preset--group--natural-1--item-card-1--align-center has-global-padding is-layout-constrained wp-block-group-is-layout-constrained is-style-ext-preset--group--natural-1--item-card-1--align-center--6\">\n<div class=\"wp-block-group is-style-default has-global-padding is-layout-constrained wp-block-group-is-layout-constrained\">\n<figure class=\"wp-block-image aligncenter size-large ext-aspect-landscape wp-duotone-primary-foreground\"><img decoding=\"async\" src=\"data:image\/svg+xml;base64,PHN2ZyB4bWxucz0iaHR0cDovL3d3dy53My5vcmcvMjAwMC9zdmciIHdpZHRoPSI0OCIgaGVpZ2h0PSI0OCIgZmlsbD0iIzAwMDAwMCIgdmlld0JveD0iMCAwIDI1NiAyNTYiPjxwYXRoIGQ9Ik0xMjgsMjRBMTA0LDEwNCwwLDEsMCwyMzIsMTI4LDEwNC4xMSwxMDQuMTEsMCwwLDAsMTI4LDI0Wm0wLDE5MmE4OCw4OCwwLDEsMSw4OC04OEE4OC4xLDg4LjEsMCwwLDEsMTI4LDIxNlptMzItNjRhMzYsMzYsMCwwLDEtNjEuNzEsMjUuMTlBOCw4LDAsMSwxLDEwOS43MSwxNjYsMjAsMjAsMCwxLDAsMTI0LDEzMmE4LDgsMCwwLDEtNi41NS0xMi41OUwxMzYuNjMsOTJIMTA0YTgsOCwwLDAsMSwwLTE2aDQ4YTgsOCwwLDAsMSw2LjU1LDEyLjU5bC0yMSwzMEEzNi4wNywzNi4wNywwLDAsMSwxNjAsMTUyWiI+PC9wYXRoPjwvc3ZnPg==\" alt=\"\" style=\"object-fit:cover\"\/><\/figure>\n\n\n\n<h3 class=\"wp-block-heading has-text-align-center\">Dod\u00e1n\u00ed a integrace<\/h3>\n\n\n\n<p class=\"has-text-align-center\">Va\u0161e \u0159e\u0161en\u00ed na m\u00edru je doru\u010deno p\u0159\u00edmo do va\u0161eho za\u0159\u00edzen\u00ed, p\u0159ipraven\u00e9 k okam\u017eit\u00e9mu pou\u017eit\u00ed. Zajist\u00edme, aby fin\u00e1ln\u00ed produkt zv\u00fd\u0161il va\u0161i provozn\u00ed efektivitu a vy\u0159e\u0161il va\u0161e specifick\u00e9 hardwarov\u00e9 probl\u00e9my. <\/p>\n<\/div>\n<\/div>\n<\/div>\n<\/div>\n<\/div>\n\n\n\n<figure class=\"wp-block-image alignleft size-large\"><img decoding=\"async\" width=\"1024\" height=\"273\" src=\"https:\/\/shop.steel-containers.com\/wp-content\/uploads\/2026\/02\/teeeskt-1024x273.png\" alt=\"\" class=\"wp-image-3218\" srcset=\"https:\/\/shop.steel-containers.com\/wp-content\/uploads\/2026\/02\/teeeskt-1024x273.png 1024w, https:\/\/shop.steel-containers.com\/wp-content\/uploads\/2026\/02\/teeeskt-300x80.png 300w, https:\/\/shop.steel-containers.com\/wp-content\/uploads\/2026\/02\/teeeskt-768x205.png 768w, https:\/\/shop.steel-containers.com\/wp-content\/uploads\/2026\/02\/teeeskt-1536x410.png 1536w, https:\/\/shop.steel-containers.com\/wp-content\/uploads\/2026\/02\/teeeskt-600x160.png 600w, https:\/\/shop.steel-containers.com\/wp-content\/uploads\/2026\/02\/teeeskt.png 1800w\" sizes=\"(max-width: 1024px) 100vw, 1024px\" \/><\/figure>\n\n\n\n<div style=\"height:100px\" aria-hidden=\"true\" class=\"wp-block-spacer\"><\/div>\n\n\n\n<div class=\"wp-block-group alignfull is-style-ext-preset--group--natural-1--section has-background-background-color has-background has-global-padding is-layout-constrained wp-block-group-is-layout-constrained\" style=\"margin-top:0;margin-bottom:0;padding-top:var(--wp--preset--spacing--70);padding-bottom:var(--wp--preset--spacing--70)\">\n<div class=\"wp-block-columns alignwide are-vertically-aligned-center is-layout-flex wp-container-core-columns-is-layout-174606dc wp-block-columns-is-layout-flex\">\n<div class=\"wp-block-column is-vertically-aligned-center is-layout-flow wp-block-column-is-layout-flow\">\n<div class=\"wp-block-group alignwide is-vertical is-layout-flex wp-container-core-group-is-layout-c35747d5 wp-block-group-is-layout-flex\">\n<div class=\"wp-block-group has-global-padding is-layout-constrained wp-container-core-group-is-layout-dd32767c wp-block-group-is-layout-constrained\">\n<h2 class=\"wp-block-heading\">Samovykl\u00e1p\u011bc\u00ed kontejner TK s ochrannou m\u0159\u00ed\u017ekou proti st\u0159\u00edkaj\u00edc\u00ed vod\u011b<\/h2>\n\n\n\n<p>Kontejner je vyroben z vysoce kvalitn\u00ed konstruk\u010dn\u00ed oceli a opat\u0159en odoln\u00fdm, korozivzdorn\u00fdm n\u00e1t\u011brem v z\u00e1\u0159iv\u00e9 pr\u016fmyslov\u00e9 modr\u00e9 barv\u011b. Pro zaji\u0161t\u011bn\u00ed dal\u0161\u00ed provozn\u00ed bezpe\u010dnosti jsme pod\u00e9l horn\u00edch okraj\u016f clony p\u0159idali dob\u0159e viditeln\u00e9 v\u00fdstra\u017en\u00e9 pruhy, d\u00edky nim\u017e je jednotka snadno identifikovateln\u00e1 i ve skladov\u00fdch z\u00f3n\u00e1ch s vysokou frekvenc\u00ed provozu. Tento n\u00e1sypn\u00edk si zachov\u00e1v\u00e1 v\u0161echny spolehliv\u00e9 funkce na\u0161\u00ed \u0159ady TK, v\u010detn\u011b robustn\u00edho nakl\u00e1p\u011bc\u00edho mechanismu, kter\u00fd umo\u017e\u0148uje bezprobl\u00e9mov\u00e9 vyprazd\u0148ov\u00e1n\u00ed, a zes\u00edlen\u00fdch kapes pro vidlice pro maxim\u00e1ln\u00ed stabilitu b\u011bhem p\u0159epravy.  <\/p>\n<\/div>\n\n\n\n<div class=\"wp-block-buttons is-layout-flex wp-block-buttons-is-layout-flex\"><\/div>\n<\/div>\n<\/div>\n\n\n\n<div class=\"wp-block-column is-vertically-aligned-center is-layout-flow wp-block-column-is-layout-flow\">\n<figure class=\"wp-block-image size-large is-style-ext-preset--image--natural-1--image-1--content-right is-style-ext-preset--image--natural-1--image-1--content-right--8\"><img decoding=\"async\" src=\"https:\/\/shop.steel-containers.com\/wp-content\/uploads\/2026\/02\/Gemini_Generated_Image_8av0u48av0u48av0-Photoroom-1024x585.png\" alt=\"\" class=\"wp-image-3219\" style=\"aspect-ratio:4\/3;object-fit:cover\"\/><\/figure>\n<\/div>\n<\/div>\n<\/div>\n\n\n\n<div class=\"wp-block-group alignfull is-style-ext-preset--group--natural-1--section has-background-background-color has-background has-global-padding is-layout-constrained wp-block-group-is-layout-constrained\" style=\"margin-top:0;margin-bottom:0;padding-top:var(--wp--preset--spacing--70);padding-bottom:var(--wp--preset--spacing--70)\">\n<div class=\"wp-block-columns alignwide are-vertically-aligned-center is-layout-flex wp-container-core-columns-is-layout-174606dc wp-block-columns-is-layout-flex\">\n<div class=\"wp-block-column is-vertically-aligned-center is-layout-flow wp-block-column-is-layout-flow\">\n<figure class=\"wp-block-image aligncenter size-full is-resized is-style-ext-preset--image--natural-1--image-1--content-right is-style-ext-preset--image--natural-1--image-1--content-right--10\"><img decoding=\"async\" width=\"500\" height=\"500\" src=\"https:\/\/shop.steel-containers.com\/wp-content\/uploads\/2026\/02\/aaaa.png\" alt=\"\" class=\"wp-image-3223\" style=\"aspect-ratio:1.3333333333333333;object-fit:cover;width:560px;height:auto\" srcset=\"https:\/\/shop.steel-containers.com\/wp-content\/uploads\/2026\/02\/aaaa.png 500w, https:\/\/shop.steel-containers.com\/wp-content\/uploads\/2026\/02\/aaaa-300x300.png 300w, https:\/\/shop.steel-containers.com\/wp-content\/uploads\/2026\/02\/aaaa-150x150.png 150w, https:\/\/shop.steel-containers.com\/wp-content\/uploads\/2026\/02\/aaaa-100x100.png 100w\" sizes=\"(max-width: 500px) 100vw, 500px\" \/><\/figure>\n<\/div>\n\n\n\n<div class=\"wp-block-column is-vertically-aligned-center is-layout-flow wp-block-column-is-layout-flow\">\n<div class=\"wp-block-group alignwide is-vertical is-layout-flex wp-container-core-group-is-layout-c35747d5 wp-block-group-is-layout-flex\">\n<div class=\"wp-block-columns is-layout-flex wp-container-core-columns-is-layout-28f84493 wp-block-columns-is-layout-flex\">\n<div class=\"wp-block-column is-layout-flow wp-block-column-is-layout-flow\" style=\"flex-basis:100%\">\n<div class=\"wp-block-group has-global-padding is-layout-constrained wp-container-core-group-is-layout-dd32767c wp-block-group-is-layout-constrained\">\n<h2 class=\"wp-block-heading\">Ocelov\u00e1 j\u00edmka s integrovanou bezpe\u010dnostn\u00ed sk\u0159\u00edn\u00ed<\/h2>\n\n\n\n<p>Z\u00e1kladna j\u00edmky, navr\u017een\u00e1 pro bezprobl\u00e9movou vnit\u0159n\u00ed logistiku, je pln\u011b kompatibiln\u00ed s vysokozdvi\u017en\u00fdmi voz\u00edky, stohovac\u00edmi voz\u00edky a ru\u010dn\u00edmi paletov\u00fdmi voz\u00edky, co\u017e zaji\u0161\u0165uje snadnou p\u0159epravu po cel\u00e9m za\u0159\u00edzen\u00ed. Cel\u00e1 konstrukce je povrchov\u011b upravena vysoce odoln\u00fdm pr\u00e1\u0161kov\u00fdm n\u00e1t\u011brem, kter\u00fd poskytuje vynikaj\u00edc\u00ed trvanlivost a odolnost v\u016f\u010di n\u00e1ro\u010dn\u00fdm pr\u016fmyslov\u00fdm podm\u00ednk\u00e1m. Zaveden\u00edm tohoto syst\u00e9mu ochrany mohou spole\u010dnosti v\u00fdrazn\u011b zlep\u0161it bezpe\u010dnost na pracovi\u0161ti t\u00edm, \u017ee eliminuj\u00ed riziko uklouznut\u00ed nebo kontaminace zp\u016fsoben\u00e9 n\u00e1hodn\u00fdm rozlit\u00edm a \u00faniky. Krom\u011b provozn\u00ed efektivity slou\u017e\u00ed tato z\u00e1chytn\u00e1 vana jako d\u016fle\u017eit\u00fd n\u00e1stroj na ochranu \u017eivotn\u00edho prost\u0159ed\u00ed, kter\u00fd \u00fa\u010dinn\u011b zabra\u0148uje tomu, aby se nebezpe\u010dn\u00e9 l\u00e1tky dostaly do podzemn\u00edch vod nebo odvod\u0148ovac\u00edch syst\u00e9m\u016f.   <\/p>\n<\/div>\n<\/div>\n<\/div>\n\n\n\n<div class=\"wp-block-buttons is-layout-flex wp-block-buttons-is-layout-flex\"><\/div>\n<\/div>\n<\/div>\n<\/div>\n<\/div>\n\n\n\n<div class=\"wp-block-group alignfull is-style-ext-preset--group--natural-1--section has-background-background-color has-background has-global-padding is-layout-constrained wp-block-group-is-layout-constrained\" style=\"margin-top:0;margin-bottom:0;padding-top:var(--wp--preset--spacing--70);padding-bottom:var(--wp--preset--spacing--70)\">\n<div class=\"wp-block-columns alignwide are-vertically-aligned-center is-layout-flex wp-container-core-columns-is-layout-174606dc wp-block-columns-is-layout-flex\">\n<div class=\"wp-block-column is-vertically-aligned-center is-layout-flow wp-block-column-is-layout-flow\">\n<div class=\"wp-block-group alignwide is-vertical is-layout-flex wp-container-core-group-is-layout-c35747d5 wp-block-group-is-layout-flex\">\n<div class=\"wp-block-columns is-layout-flex wp-container-core-columns-is-layout-28f84493 wp-block-columns-is-layout-flex\">\n<div class=\"wp-block-column is-layout-flow wp-block-column-is-layout-flow\" style=\"flex-basis:100%\">\n<div class=\"wp-block-group has-global-padding is-layout-constrained wp-container-core-group-is-layout-dd32767c wp-block-group-is-layout-constrained\">\n<h2 class=\"wp-block-heading\">Vlastn\u00ed p\u0159ihr\u00e1dka PMDB s v\u00fdklopn\u00fdm dnem<\/h2>\n\n\n\n<p>Nejpozoruhodn\u011bj\u0161\u00edm dopl\u0148kem t\u00e9to zak\u00e1zkov\u00e9 konstrukce je integrovan\u00e1 rukoje\u0165 namontovan\u00e1 vp\u0159edu. Zat\u00edmco p\u016fvodn\u00ed PMDB m\u00e1 zcela hladkou p\u0159edn\u00ed stranu, tato \u00faprava poskytuje obsluze vyhrazen\u00fd manu\u00e1ln\u00ed dotykov\u00fd bod. To umo\u017e\u0148uje snadn\u011bj\u0161\u00ed um\u00edst\u011bn\u00ed kontejneru pod stroje s n\u00edzkou sv\u011btlou v\u00fd\u0161kou a kontrolovan\u011bj\u0161\u00ed pohyb p\u0159i pou\u017eit\u00ed ru\u010dn\u00edho paletov\u00e9ho voz\u00edku. Funguje jako ochrann\u00fd n\u00e1razn\u00edk i man\u00e9vrovac\u00ed pom\u016fcka, kter\u00e1 zaji\u0161\u0165uje, \u017ee je kontejner dokonale vyrovn\u00e1n pro nakl\u00e1d\u00e1n\u00ed, ani\u017e by riskovalo po\u0161kozen\u00ed citliv\u00e9ho za\u0159\u00edzen\u00ed.   <\/p>\n<\/div>\n<\/div>\n<\/div>\n\n\n\n<div class=\"wp-block-buttons is-layout-flex wp-block-buttons-is-layout-flex\"><\/div>\n<\/div>\n<\/div>\n\n\n\n<div class=\"wp-block-column is-vertically-aligned-center is-layout-flow wp-block-column-is-layout-flow\">\n<figure class=\"wp-block-image aligncenter size-full is-style-ext-preset--image--natural-1--image-1--content-right is-style-ext-preset--image--natural-1--image-1--content-right--12\"><img decoding=\"async\" src=\"https:\/\/shop.steel-containers.com\/wp-content\/uploads\/2026\/02\/Gemini_Generated_Image_ouu316ouu316ouu3-Photoroom-edited.png\" alt=\"\" class=\"wp-image-3231\" style=\"aspect-ratio:1.3333333333333333;object-fit:cover\"\/><\/figure>\n<\/div>\n<\/div>\n<\/div>\n\n\n\n<div class=\"wp-block-group alignfull is-style-ext-preset--group--natural-1--section has-background-background-color has-background has-global-padding is-layout-constrained wp-container-core-group-is-layout-e96f6837 wp-block-group-is-layout-constrained\" style=\"margin-top:0;margin-bottom:0;padding-top:0;padding-right:0;padding-bottom:0;padding-left:0\">\n<div class=\"wp-block-cover alignfull is-style-ext-preset--cover--natural-1--cover-overlay-1 is-style-ext-preset--cover--natural-1--cover-overlay-1--14\" style=\"padding-top:var(--wp--preset--spacing--70);padding-right:var(--wp--preset--spacing--30);padding-bottom:var(--wp--preset--spacing--70);padding-left:var(--wp--preset--spacing--30)\"><img decoding=\"async\" width=\"1024\" height=\"576\" class=\"wp-block-cover__image-background wp-image-2746 size-large\" alt=\"\" src=\"https:\/\/shop.steel-containers.com\/wp-content\/uploads\/2026\/01\/ty-feague-gnDbEnWFMWs-unsplash-edited-1024x576.jpg\" data-object-fit=\"cover\" srcset=\"https:\/\/shop.steel-containers.com\/wp-content\/uploads\/2026\/01\/ty-feague-gnDbEnWFMWs-unsplash-edited-1024x576.jpg 1024w, https:\/\/shop.steel-containers.com\/wp-content\/uploads\/2026\/01\/ty-feague-gnDbEnWFMWs-unsplash-edited-300x169.jpg 300w, https:\/\/shop.steel-containers.com\/wp-content\/uploads\/2026\/01\/ty-feague-gnDbEnWFMWs-unsplash-edited-768x432.jpg 768w, https:\/\/shop.steel-containers.com\/wp-content\/uploads\/2026\/01\/ty-feague-gnDbEnWFMWs-unsplash-edited-1536x864.jpg 1536w, https:\/\/shop.steel-containers.com\/wp-content\/uploads\/2026\/01\/ty-feague-gnDbEnWFMWs-unsplash-edited-2048x1151.jpg 2048w, https:\/\/shop.steel-containers.com\/wp-content\/uploads\/2026\/01\/ty-feague-gnDbEnWFMWs-unsplash-edited-600x337.jpg 600w\" sizes=\"(max-width: 1024px) 100vw, 1024px\" \/><span aria-hidden=\"true\" class=\"wp-block-cover__background has-background-dim-80 has-background-dim\" style=\"background-color:#010101\"><\/span><div class=\"wp-block-cover__inner-container has-global-padding is-layout-constrained wp-container-core-cover-is-layout-5cffc2c1 wp-block-cover-is-layout-constrained\">\n<div class=\"wp-block-group alignwide is-vertical is-content-justification-center is-layout-flex wp-container-core-group-is-layout-c9ee0c5a wp-block-group-is-layout-flex\">\n<div class=\"wp-block-group has-global-padding is-layout-constrained wp-container-core-group-is-layout-2287c683 wp-block-group-is-layout-constrained\">\n<h2 class=\"wp-block-heading has-text-align-center\">Jste p\u0159ipraveni za\u010d\u00edt?<\/h2>\n\n\n\n<p class=\"has-text-align-center\">A\u0165 u\u017e m\u00e1te v hlav\u011b konkr\u00e9tn\u00ed projekt, nebo jen chcete prozkoumat mo\u017enosti, jsme tu pro v\u00e1s. Kontaktujte n\u00e1\u0161 t\u00fdm e-mailem nebo n\u00e1m zavolejte a m\u016f\u017eeme za\u010d\u00edt. <\/p>\n<\/div>\n\n\n\n<div class=\"wp-block-buttons is-layout-flex wp-block-buttons-is-layout-flex\">\n<div class=\"wp-block-button is-style-ext-preset--button--natural-1--button-1 is-style-ext-preset--button--natural-1--button-1--15\"><a class=\"wp-block-button__link wp-element-button dynamic-email\" href=\"mailto:sales@steel-containers.com\">POSLAT E-MAIL<\/a><\/div>\n<\/div>\n<\/div>\n<\/div><\/div>\n<\/div>\n","protected":false},"excerpt":{"rendered":"<p>Objevte na\u0161e zak\u00e1zkov\u00e9 projekty. Ve spole\u010dnosti Steel Containers si uv\u011bdomujeme, \u017ee jedine\u010dn\u00e9 provozn\u00ed v\u00fdzvy \u010dasto vy\u017eaduj\u00ed v\u00edce ne\u017e jen standardn\u00ed vybaven\u00ed. Na\u0161e slu\u017eba \u201eZak\u00e1zkov\u00e9 projekty\u201c vyu\u017e\u00edv\u00e1 desetilet\u00e9 zku\u0161enosti s v\u00fdrobou k navrhov\u00e1n\u00ed a v\u00fdrob\u011b kovov\u00fdch kontejner\u016f a p\u0159\u00edslu\u0161enstv\u00ed pro vysokozdvi\u017en\u00e9 voz\u00edky na m\u00edru p\u0159esn\u011b podle va\u0161ich specifikac\u00ed. Od upraven\u00fdch samoskl\u00e1p\u011bc\u00edch kontejner\u016f a\u017e po specializovan\u00e9 pr\u016fmyslov\u00e9 [&hellip;]<\/p>\n","protected":false},"author":2,"featured_media":0,"parent":0,"menu_order":0,"comment_status":"closed","ping_status":"closed","template":"no-title","meta":{"footnotes":""},"class_list":["post-4642","page","type-page","status-publish","hentry"],"_links":{"self":[{"href":"https:\/\/shop.steel-containers.com\/cs\/wp-json\/wp\/v2\/pages\/4642","targetHints":{"allow":["GET"]}}],"collection":[{"href":"https:\/\/shop.steel-containers.com\/cs\/wp-json\/wp\/v2\/pages"}],"about":[{"href":"https:\/\/shop.steel-containers.com\/cs\/wp-json\/wp\/v2\/types\/page"}],"author":[{"embeddable":true,"href":"https:\/\/shop.steel-containers.com\/cs\/wp-json\/wp\/v2\/users\/2"}],"replies":[{"embeddable":true,"href":"https:\/\/shop.steel-containers.com\/cs\/wp-json\/wp\/v2\/comments?post=4642"}],"version-history":[{"count":2,"href":"https:\/\/shop.steel-containers.com\/cs\/wp-json\/wp\/v2\/pages\/4642\/revisions"}],"predecessor-version":[{"id":5429,"href":"https:\/\/shop.steel-containers.com\/cs\/wp-json\/wp\/v2\/pages\/4642\/revisions\/5429"}],"wp:attachment":[{"href":"https:\/\/shop.steel-containers.com\/cs\/wp-json\/wp\/v2\/media?parent=4642"}],"curies":[{"name":"wp","href":"https:\/\/api.w.org\/{rel}","templated":true}]}}