{"id":4697,"date":"2026-03-06T14:06:18","date_gmt":"2026-03-06T13:06:18","guid":{"rendered":"https:\/\/shop.steel-containers.com\/formular-pro-odstoupeni-od-smlouvy\/"},"modified":"2026-04-07T13:29:59","modified_gmt":"2026-04-07T11:29:59","slug":"formular-pro-odstoupeni-od-smlouvy","status":"publish","type":"page","link":"https:\/\/shop.steel-containers.com\/cs\/formular-pro-odstoupeni-od-smlouvy\/","title":{"rendered":"Z\u00e1sady vr\u00e1cen\u00ed zbo\u017e\u00ed a odstoupen\u00ed od smlouvy"},"content":{"rendered":"\n<p class=\"has-x-large-font-size\"><strong>Z\u00e1sady vr\u00e1cen\u00ed zbo\u017e\u00ed a odstoupen\u00ed od smlouvy<br\/><\/strong><\/p>\n\n<h3 class=\"wp-block-heading\"><strong>1. Rozsah pou\u017eit\u00ed<br\/><\/strong><\/h3>\n\n<p>Tyto z\u00e1sady se vztahuj\u00ed v\u00fdhradn\u011b na z\u00e1kazn\u00edky, kte\u0159\u00ed jsou spot\u0159ebiteli.<br\/>V p\u0159\u00edpad\u011b prodeje podnikatel\u016fm (B2B) pr\u00e1vo na odstoupen\u00ed od smlouvy nep\u0159\u00edslu\u0161\u00ed.<\/p>\n\n<hr class=\"wp-block-separator has-alpha-channel-opacity\"\/>\n\n<h3 class=\"wp-block-heading\"><strong>2. \u00dadaje o prod\u00e1vaj\u00edc\u00edm<br\/><\/strong><\/h3>\n\n<p>Prod\u00e1vaj\u00edc\u00ed je:<br\/><\/p>\n\n<p>WIM Micha\u0142 Olejarz<br\/>Rondo Daszy\u0144skiego 2B<br\/>00-843 Var\u0161ava<br\/>Polsko<\/p>\n\n<hr class=\"wp-block-separator has-alpha-channel-opacity\"\/>\n\n<h3 class=\"wp-block-heading\"><strong>3. Pr\u00e1vo na odstoupen\u00ed od smlouvy<br\/><\/strong><\/h3>\n\n<p>Spot\u0159ebitel m\u00e1 pr\u00e1vo odstoupit od smlouvy uzav\u0159en\u00e9 na d\u00e1lku do 14 dn\u016f ode dne p\u0159evzet\u00ed zbo\u017e\u00ed, bez ud\u00e1n\u00ed d\u016fvodu.<br\/><\/p>\n\n<p>Pro uplatn\u011bn\u00ed pr\u00e1va na odstoupen\u00ed je nutn\u00e9 zaslat prohl\u00e1\u0161en\u00ed na e-mailovou adresu:<br\/><strong>sales@steel-containers.com<\/strong><\/p>\n\n<hr class=\"wp-block-separator has-alpha-channel-opacity\"\/>\n\n<h3 class=\"wp-block-heading\"><strong>4. V\u00fdjimky z pr\u00e1va na odstoupen\u00ed<br\/><\/strong><\/h3>\n\n<p>Pr\u00e1vo na odstoupen\u00ed od smlouvy nep\u0159\u00edslu\u0161\u00ed v p\u0159\u00edpad\u011b:<br\/><\/p>\n\n<ul class=\"wp-block-list\">\n<li>zbo\u017e\u00ed vyr\u00e1b\u011bn\u00e9ho na zak\u00e1zku<br\/><\/li>\n\n\n\n<li>zbo\u017e\u00ed vyr\u00e1b\u011bn\u00e9ho podle individu\u00e1ln\u00ed specifikace<br\/><\/li>\n\n\n\n<li>zbo\u017e\u00ed upraven\u00e9ho na konkr\u00e9tn\u00ed objedn\u00e1vku<br\/><\/li>\n<\/ul>\n\n<hr class=\"wp-block-separator has-alpha-channel-opacity\"\/>\n\n<h3 class=\"wp-block-heading\"><strong>5. Vr\u00e1cen\u00ed zbo\u017e\u00ed (adresa pro vr\u00e1cen\u00ed)<br\/><\/strong><\/h3>\n\n<p>Vr\u00e1cen\u00e9 zbo\u017e\u00ed je t\u0159eba zaslat na adresu skladu:<br\/><\/p>\n\n<p><strong>WIM Micha\u0142 Olejarz<\/strong><strong><br\/><\/strong>Bartk\u00f3w 71a<br\/>26-050 Bartk\u00f3w<br\/>Polsko<\/p>\n\n<p>Zbo\u017e\u00ed je nutn\u00e9 odeslat nejpozd\u011bji do 14 dn\u016f ode dne odstoupen\u00ed od smlouvy.<\/p>\n\n<p>N\u00e1klady na vr\u00e1cen\u00ed zbo\u017e\u00ed nese spot\u0159ebitel.<br\/><\/p>\n\n<p>V p\u0159\u00edpad\u011b nadrozm\u011brn\u00e9ho zbo\u017e\u00ed (nap\u0159. kontejner\u016f) vy\u017eaduje vr\u00e1cen\u00ed individu\u00e1ln\u00ed organizaci dopravy.<br\/><\/p>\n\n<hr class=\"wp-block-separator has-alpha-channel-opacity\"\/>\n\n<h3 class=\"wp-block-heading\"><strong>6. Stav vr\u00e1cen\u00e9ho zbo\u017e\u00ed<br\/><\/strong><\/h3>\n\n<p>Spot\u0159ebitel odpov\u00edd\u00e1 za sn\u00ed\u017een\u00ed hodnoty zbo\u017e\u00ed vznikl\u00e9 jeho pou\u017e\u00edv\u00e1n\u00edm nad r\u00e1mec nutn\u00fd k ov\u011b\u0159en\u00ed jeho povahy, vlastnost\u00ed a funk\u010dnosti.<br\/><\/p>\n\n<hr class=\"wp-block-separator has-alpha-channel-opacity\"\/>\n\n<h3 class=\"wp-block-heading\"><strong>7. Vr\u00e1cen\u00ed plateb<br\/><\/strong><\/h3>\n\n<p>V p\u0159\u00edpad\u011b odstoupen\u00ed od smlouvy:<br\/><\/p>\n\n<ul class=\"wp-block-list\">\n<li>prod\u00e1vaj\u00edc\u00ed vrac\u00ed v\u0161echny p\u0159ijat\u00e9 platby, v\u010detn\u011b n\u00e1klad\u016f na doru\u010den\u00ed (s v\u00fdjimkou dodate\u010dn\u00fdch n\u00e1klad\u016f vypl\u00fdvaj\u00edc\u00edch z volby dra\u017e\u0161\u00edho zp\u016fsobu doru\u010den\u00ed ne\u017e standardn\u00edho)<br\/><\/li>\n\n\n\n<li>vr\u00e1cen\u00ed prob\u011bhne nejpozd\u011bji do 14 dn\u016f ode dne obdr\u017een\u00ed ozn\u00e1men\u00ed o odstoupen\u00ed<br\/><\/li>\n<\/ul>\n\n<p>Prod\u00e1vaj\u00edc\u00ed m\u016f\u017ee zadr\u017eet vr\u00e1cen\u00ed platby do okam\u017eiku:<br\/><\/p>\n\n<ul class=\"wp-block-list\">\n<li>obdr\u017een\u00ed zbo\u017e\u00ed nebo<br\/><\/li>\n\n\n\n<li>dolo\u017een\u00ed d\u016fkazu o jeho odesl\u00e1n\u00ed<br\/><\/li>\n<\/ul>\n\n<p>Vr\u00e1cen\u00ed platby prob\u011bhne stejn\u00fdm zp\u016fsobem, jak\u00fdm byla provedena p\u016fvodn\u00ed platba, pokud nen\u00ed dohodnuto jinak.<br\/><\/p>\n\n<hr class=\"wp-block-separator has-alpha-channel-opacity\"\/>\n\n<h3 class=\"wp-block-heading\"><strong>8. Reklamace<br\/><\/strong><\/h3>\n\n<p>Reklamace je nutn\u00e9 zas\u00edlat na adresu:<br\/><strong>sales@steel-containers.com<\/strong><\/p>\n\n<p>Reklamace by m\u011bla obsahovat:<br\/><\/p>\n\n<ul class=\"wp-block-list\">\n<li>\u00fadaje z\u00e1kazn\u00edka<br\/><br\/><\/li>\n\n\n\n<li>\u010d\u00edslo objedn\u00e1vky<br\/><\/li>\n\n\n\n<li>popis probl\u00e9mu<br\/><\/li>\n<\/ul>\n\n<p class=\"has-medium-font-size\">Reklamace jsou vy\u0159izov\u00e1ny do 14 dn\u016f.<\/p>\n\n<h1 class=\"wp-block-heading has-large-font-size\">Formul\u00e1\u0159 pro odstoupen\u00ed od smlouvy<\/h1>\n\n<p>(Pokud si p\u0159ejete odstoupit od smlouvy, vypl\u0148te pros\u00edm tento formul\u00e1\u0159 a za\u0161lete jej zp\u011bt.)<\/p>\n\n<hr class=\"wp-block-separator has-alpha-channel-opacity\"\/>\n\n<p><strong>Adres\u00e1t:<\/strong><\/p>\n\n<p>WIM Micha\u0142 Olejarz<br\/>Rondo Daszy\u0144skiego 2B<br\/>00-843 Var\u0161ava<br\/>Polsko<\/p>\n\n<p>E-mail: <a href=\"mailto:sales@steel-containers.com\">sales@steel-containers.com<\/a><\/p>\n\n<hr class=\"wp-block-separator has-alpha-channel-opacity\"\/>\n\n<p><strong>T\u00edmto oznamuji\/oznamujeme (*) odstoupen\u00ed od kupn\u00ed smlouvy na n\u00e1sleduj\u00edc\u00ed zbo\u017e\u00ed:<\/strong><\/p>\n\n<p class=\"has-background-color has-text-color has-link-color wp-elements-f2ff1127f7a8b0723dc6167616844d05\"> .<\/p>\n\n<p class=\"has-background-color has-text-color has-link-color wp-elements-f2ff1127f7a8b0723dc6167616844d05\"> .<\/p>\n\n<p><strong>Datum objedn\u00e1n\u00ed () \/ datum p\u0159evzet\u00ed ():<\/strong><\/p>\n\n<p class=\"has-background-color has-text-color has-link-color wp-elements-e4c7c846e4d19736d66d0b3fc9595aa0\">  .<\/p>\n\n<p class=\"has-background-color has-text-color has-link-color wp-elements-f2ff1127f7a8b0723dc6167616844d05\"> .<\/p>\n\n<p><strong>Jm\u00e9no a p\u0159\u00edjmen\u00ed spot\u0159ebitele(\u016f):<\/strong><\/p>\n\n<p class=\"has-background-color has-text-color has-link-color wp-elements-f2ff1127f7a8b0723dc6167616844d05\"> .<\/p>\n\n<p class=\"has-background-color has-text-color has-link-color wp-elements-f2ff1127f7a8b0723dc6167616844d05\"> .<\/p>\n\n<p><strong>Adresa spot\u0159ebitele(\u016f):<\/strong><\/p>\n\n<p class=\"has-background-color has-text-color has-link-color wp-elements-f2ff1127f7a8b0723dc6167616844d05\"> .<\/p>\n\n<p class=\"has-background-color has-text-color has-link-color wp-elements-f2ff1127f7a8b0723dc6167616844d05\"> .<\/p>\n\n<p class=\"has-background-color has-text-color has-link-color wp-elements-f2ff1127f7a8b0723dc6167616844d05\"> .<\/p>\n\n<p class=\"has-background-color has-text-color has-link-color wp-elements-f2ff1127f7a8b0723dc6167616844d05\"> .<\/p>\n\n<p><strong>Podpis spot\u0159ebitele(\u016f) (pouze pokud je tento formul\u00e1\u0159 zas\u00edl\u00e1n v listinn\u00e9 podob\u011b):<\/strong><\/p>\n\n<p class=\"has-background-color has-text-color has-link-color wp-elements-f2ff1127f7a8b0723dc6167616844d05\"> .<\/p>\n\n<p><strong>Datum:<\/strong><\/p>\n\n<p class=\"has-background-color has-text-color has-link-color wp-elements-f2ff1127f7a8b0723dc6167616844d05\"> .<\/p>\n\n<p>(*) Nehod\u00edc\u00ed se \u0161krtn\u011bte.<\/p>\n","protected":false},"excerpt":{"rendered":"<p>Z\u00e1sady vr\u00e1cen\u00ed zbo\u017e\u00ed a odstoupen\u00ed od smlouvy 1. Rozsah pou\u017eit\u00ed Tyto z\u00e1sady se vztahuj\u00ed v\u00fdhradn\u011b na z\u00e1kazn\u00edky, kte\u0159\u00ed jsou spot\u0159ebiteli.V p\u0159\u00edpad\u011b prodeje podnikatel\u016fm (B2B) pr\u00e1vo na odstoupen\u00ed od smlouvy nep\u0159\u00edslu\u0161\u00ed. 2. \u00dadaje o prod\u00e1vaj\u00edc\u00edm Prod\u00e1vaj\u00edc\u00ed je: WIM Micha\u0142 OlejarzRondo Daszy\u0144skiego 2B00-843 Var\u0161avaPolsko 3. Pr\u00e1vo na odstoupen\u00ed od smlouvy Spot\u0159ebitel m\u00e1 pr\u00e1vo odstoupit od smlouvy uzav\u0159en\u00e9 [&hellip;]<\/p>\n","protected":false},"author":1,"featured_media":0,"parent":0,"menu_order":0,"comment_status":"closed","ping_status":"closed","template":"no-title","meta":{"footnotes":""},"class_list":["post-4697","page","type-page","status-publish","hentry"],"_links":{"self":[{"href":"https:\/\/shop.steel-containers.com\/cs\/wp-json\/wp\/v2\/pages\/4697","targetHints":{"allow":["GET"]}}],"collection":[{"href":"https:\/\/shop.steel-containers.com\/cs\/wp-json\/wp\/v2\/pages"}],"about":[{"href":"https:\/\/shop.steel-containers.com\/cs\/wp-json\/wp\/v2\/types\/page"}],"author":[{"embeddable":true,"href":"https:\/\/shop.steel-containers.com\/cs\/wp-json\/wp\/v2\/users\/1"}],"replies":[{"embeddable":true,"href":"https:\/\/shop.steel-containers.com\/cs\/wp-json\/wp\/v2\/comments?post=4697"}],"version-history":[{"count":5,"href":"https:\/\/shop.steel-containers.com\/cs\/wp-json\/wp\/v2\/pages\/4697\/revisions"}],"predecessor-version":[{"id":5462,"href":"https:\/\/shop.steel-containers.com\/cs\/wp-json\/wp\/v2\/pages\/4697\/revisions\/5462"}],"wp:attachment":[{"href":"https:\/\/shop.steel-containers.com\/cs\/wp-json\/wp\/v2\/media?parent=4697"}],"curies":[{"name":"wp","href":"https:\/\/api.w.org\/{rel}","templated":true}]}}