{"id":74,"date":"2026-01-19T12:26:26","date_gmt":"2026-01-19T11:26:26","guid":{"rendered":"https:\/\/shop.steel-containers.com\/kosik\/"},"modified":"2026-03-17T14:31:53","modified_gmt":"2026-03-17T13:31:53","slug":"kosik","status":"publish","type":"page","link":"https:\/\/shop.steel-containers.com\/cs\/kosik\/","title":{"rendered":"Ko\u0161\u00edk"},"content":{"rendered":"\n<div data-block-name=\"woocommerce\/cart\" class=\"wp-block-woocommerce-cart alignwide is-loading\">\n<div data-block-name=\"woocommerce\/filled-cart-block\" class=\"wp-block-woocommerce-filled-cart-block\">\n<div data-block-name=\"woocommerce\/cart-items-block\" class=\"wp-block-woocommerce-cart-items-block\">\n<div data-block-name=\"woocommerce\/cart-line-items-block\" class=\"wp-block-woocommerce-cart-line-items-block\"><\/div>\n\n\n<\/div>\n\n\n\n<div data-block-name=\"woocommerce\/cart-totals-block\" class=\"wp-block-woocommerce-cart-totals-block\">\n<div data-block-name=\"woocommerce\/cart-order-summary-block\" class=\"wp-block-woocommerce-cart-order-summary-block\">\n<div data-block-name=\"woocommerce\/cart-order-summary-heading-block\" data-content=\"Podsumowanie koszyka\" class=\"wp-block-woocommerce-cart-order-summary-heading-block\"><\/div>\n\n\n\n<div data-block-name=\"woocommerce\/cart-order-summary-coupon-form-block\" class=\"wp-block-woocommerce-cart-order-summary-coupon-form-block\"><\/div>\n\n\n\n<div data-block-name=\"woocommerce\/cart-order-summary-totals-block\" class=\"wp-block-woocommerce-cart-order-summary-totals-block\">\n<div data-block-name=\"woocommerce\/cart-order-summary-subtotal-block\" class=\"wp-block-woocommerce-cart-order-summary-subtotal-block\"><\/div>\n\n\n\n<div data-block-name=\"woocommerce\/cart-order-summary-fee-block\" class=\"wp-block-woocommerce-cart-order-summary-fee-block\"><\/div>\n\n\n\n<div data-block-name=\"woocommerce\/cart-order-summary-discount-block\" class=\"wp-block-woocommerce-cart-order-summary-discount-block\"><\/div>\n\n\n\n<div data-block-name=\"woocommerce\/cart-order-summary-shipping-block\" class=\"wp-block-woocommerce-cart-order-summary-shipping-block\"><\/div>\n\n\n\n<div data-block-name=\"woocommerce\/cart-order-summary-taxes-block\" class=\"wp-block-woocommerce-cart-order-summary-taxes-block\"><\/div>\n<\/div>\n<\/div>\n\n\n\n<div data-block-name=\"woocommerce\/cart-express-payment-block\" data-button-border-radius=\"4\" data-button-height=\"48\" data-show-button-styles=\"false\" data-translated-with-w-p-m-l-t-m=\"1\" class=\"wp-block-woocommerce-cart-express-payment-block\"><\/div>\n\n\n\n<div data-block-name=\"woocommerce\/proceed-to-checkout-block\" class=\"wp-block-woocommerce-proceed-to-checkout-block\"><\/div>\n\n\n\n<div data-block-name=\"woocommerce\/cart-accepted-payment-methods-block\" class=\"wp-block-woocommerce-cart-accepted-payment-methods-block\"><\/div>\n<\/div>\n<\/div>\n\n\n\n<div data-block-name=\"woocommerce\/empty-cart-block\" class=\"wp-block-woocommerce-empty-cart-block\">\n<h2 class=\"wp-block-heading has-text-align-center with-empty-cart-icon wc-block-cart__empty-cart__title\">Tw\u016fj ko\u0161\u00edk je moment\u00e1ln\u011b pr\u00e1zdn\u00fd!<\/h2>\n\n\n\n<hr class=\"wp-block-separator has-alpha-channel-opacity is-style-dots\"\/>\n\n\n\n<h2 class=\"wp-block-heading has-text-align-center\">Novinky v obchod\u011b<br><br><br><\/h2>\n\n\n<div data-block-name=\"woocommerce\/product-new\" data-columns=\"4\" data-rows=\"1\" class=\"wc-block-grid wp-block-product-new wp-block-woocommerce-product-new wc-block-product-new has-4-columns\"><ul class=\"wc-block-grid__products\"><li class=\"wc-block-grid__product\"><span class=\"gtm4wp_productdata\" style=\"display:none; visibility:hidden;\" data-gtm4wp_product_data=\"{&quot;internal_id&quot;:4154,&quot;item_id&quot;:4154,&quot;item_name&quot;:&quot;Pozinkovan\\u00fd kotec pro psa 3\\u00d72&quot;,&quot;sku&quot;:4154,&quot;price&quot;:543.66,&quot;stocklevel&quot;:null,&quot;stockstatus&quot;:&quot;instock&quot;,&quot;google_business_vertical&quot;:&quot;retail&quot;,&quot;item_category&quot;:&quot;M\\u011bstsk\\u00fd mobili\\u00e1\\u0159&quot;,&quot;id&quot;:4154,&quot;productlink&quot;:&quot;https:\\\/\\\/shop.steel-containers.com\\\/cs\\\/produkt\\\/pozinkovany-kotec-pro-psa-3x2\\\/&quot;,&quot;item_list_name&quot;:&quot;General Product List&quot;,&quot;index&quot;:0,&quot;product_type&quot;:&quot;simple&quot;,&quot;item_brand&quot;:&quot;&quot;}\"><\/span>\n\t\t\t\t<a href=\"https:\/\/shop.steel-containers.com\/cs\/produkt\/pozinkovany-kotec-pro-psa-3x2\/\" class=\"wc-block-grid__product-link\">\n\t\t\t\t\t\n\t\t\t\t\t<div class=\"wc-block-grid__product-image\"><img decoding=\"async\" width=\"300\" height=\"300\" src=\"https:\/\/shop.steel-containers.com\/wp-content\/uploads\/2026\/02\/1-8-300x300.jpg\" class=\"attachment-woocommerce_thumbnail size-woocommerce_thumbnail\" alt=\"Pozinkovan\u00fd kotec pro psa 3\u00d72 s jednosp\u00e1dovou st\u0159echou, pozinkovan\u00e1 ocelov\u00e1 konstrukce se svisl\u00fdmi p\u0159\u00ed\u010dkami\" srcset=\"https:\/\/shop.steel-containers.com\/wp-content\/uploads\/2026\/02\/1-8-300x300.jpg 300w, https:\/\/shop.steel-containers.com\/wp-content\/uploads\/2026\/02\/1-8-150x150.jpg 150w, https:\/\/shop.steel-containers.com\/wp-content\/uploads\/2026\/02\/1-8-100x100.jpg 100w\" sizes=\"(max-width: 300px) 100vw, 300px\" \/><\/div>\n\t\t\t\t\t<div class=\"wc-block-grid__product-title\">Pozinkovan\u00fd kotec pro psa 3\u00d72<\/div>\n\t\t\t\t<\/a>\n\t\t\t\t<div class=\"wc-block-grid__product-price price\"><span class=\"woocommerce-Price-amount amount\">543,66&nbsp;<span class=\"woocommerce-Price-currencySymbol\">&euro;<\/span><\/span> <small class=\"woocommerce-price-suffix\">bez DPH <span class=\"woocommerce-Price-amount amount\">442,00&nbsp;<span class=\"woocommerce-Price-currencySymbol\">&euro;<\/span><\/span><\/small><\/div>\n\t\t\t\t\n\t\t\t\t<div class=\"wp-block-button wc-block-grid__product-add-to-cart\"><a href=\"\/cs\/wp-json\/wp\/v2\/pages\/74?add-to-cart=4154\" aria-label=\"P\u0159idat do ko\u0161\u00edku: &ldquo;Pozinkovan\u00fd kotec pro psa 3\u00d72&rdquo;\" data-quantity=\"1\" data-product_id=\"4154\" data-product_sku=\"\" data-price=\"543.66\" rel=\"nofollow\" class=\"wp-block-button__link wp-element-button add_to_cart_button ajax_add_to_cart\">P\u0159idat do ko\u0161\u00edku<\/a><\/div>\n\t\t\t<\/li><li class=\"wc-block-grid__product\"><span class=\"gtm4wp_productdata\" style=\"display:none; visibility:hidden;\" data-gtm4wp_product_data=\"{&quot;internal_id&quot;:4096,&quot;item_id&quot;:4096,&quot;item_name&quot;:&quot;Gar\\u00e1\\u017eov\\u00fd box&quot;,&quot;sku&quot;:4096,&quot;price&quot;:0,&quot;stocklevel&quot;:null,&quot;stockstatus&quot;:&quot;instock&quot;,&quot;google_business_vertical&quot;:&quot;retail&quot;,&quot;item_category&quot;:&quot;M\\u011bstsk\\u00fd mobili\\u00e1\\u0159&quot;,&quot;id&quot;:4096,&quot;productlink&quot;:&quot;https:\\\/\\\/shop.steel-containers.com\\\/cs\\\/produkt\\\/garazovy-box\\\/&quot;,&quot;item_list_name&quot;:&quot;General Product List&quot;,&quot;index&quot;:0,&quot;product_type&quot;:&quot;simple&quot;,&quot;item_brand&quot;:&quot;&quot;}\"><\/span>\n\t\t\t\t<a href=\"https:\/\/shop.steel-containers.com\/cs\/produkt\/garazovy-box\/\" class=\"wc-block-grid__product-link\">\n\t\t\t\t\t\n\t\t\t\t\t<div class=\"wc-block-grid__product-image\"><img decoding=\"async\" width=\"300\" height=\"300\" src=\"https:\/\/shop.steel-containers.com\/wp-content\/uploads\/2026\/02\/1-7-300x300.jpg\" class=\"attachment-woocommerce_thumbnail size-woocommerce_thumbnail\" alt=\"Boks gara\u017cowy czarny do przechowywania rower\u00f3w przy domu jednorodzinnym, stalowa konstrukcja z rolet\u0105 aluminiow\u0105\" srcset=\"https:\/\/shop.steel-containers.com\/wp-content\/uploads\/2026\/02\/1-7-300x300.jpg 300w, https:\/\/shop.steel-containers.com\/wp-content\/uploads\/2026\/02\/1-7-150x150.jpg 150w, https:\/\/shop.steel-containers.com\/wp-content\/uploads\/2026\/02\/1-7-768x768.jpg 768w, https:\/\/shop.steel-containers.com\/wp-content\/uploads\/2026\/02\/1-7-600x600.jpg 600w, https:\/\/shop.steel-containers.com\/wp-content\/uploads\/2026\/02\/1-7-100x100.jpg 100w, https:\/\/shop.steel-containers.com\/wp-content\/uploads\/2026\/02\/1-7.jpg 1024w\" sizes=\"(max-width: 300px) 100vw, 300px\" \/><\/div>\n\t\t\t\t\t<div class=\"wc-block-grid__product-title\">Gar\u00e1\u017eov\u00fd box<\/div>\n\t\t\t\t<\/a>\n\t\t\t\t<div class=\"wc-block-grid__product-price price\"><\/div>\n\t\t\t\t\n\t\t\t\t<div class=\"wp-block-button wc-block-grid__product-add-to-cart\"><a href=\"https:\/\/shop.steel-containers.com\/cs\/produkt\/garazovy-box\/\" aria-label=\"Zjistit v\u00edce o &bdquo;Gar\u00e1\u017eov\u00fd box&ldquo;\" data-quantity=\"1\" data-product_id=\"4096\" data-product_sku=\"\" data-price=\"0\" rel=\"nofollow\" class=\"wp-block-button__link wp-element-button add_to_cart_button\">\u010ct\u011bte v\u00edce<\/a><\/div>\n\t\t\t<\/li><li class=\"wc-block-grid__product\"><span class=\"gtm4wp_productdata\" style=\"display:none; visibility:hidden;\" data-gtm4wp_product_data=\"{&quot;internal_id&quot;:4078,&quot;item_id&quot;:4078,&quot;item_name&quot;:&quot;Ko\\u0161 na odpad s st\\u0159\\u00ed\\u0161kou SLIM 50&quot;,&quot;sku&quot;:4078,&quot;price&quot;:447.72,&quot;stocklevel&quot;:null,&quot;stockstatus&quot;:&quot;instock&quot;,&quot;google_business_vertical&quot;:&quot;retail&quot;,&quot;item_category&quot;:&quot;T\\u0159\\u00edd\\u011bn\\u00ed odpadu&quot;,&quot;id&quot;:4078,&quot;productlink&quot;:&quot;https:\\\/\\\/shop.steel-containers.com\\\/cs\\\/produkt\\\/kos-na-odpad-s-striskou-slim-50\\\/&quot;,&quot;item_list_name&quot;:&quot;General Product List&quot;,&quot;index&quot;:0,&quot;product_type&quot;:&quot;simple&quot;,&quot;item_brand&quot;:&quot;&quot;}\"><\/span>\n\t\t\t\t<a href=\"https:\/\/shop.steel-containers.com\/cs\/produkt\/kos-na-odpad-s-striskou-slim-50\/\" class=\"wc-block-grid__product-link\">\n\t\t\t\t\t\n\t\t\t\t\t<div class=\"wc-block-grid__product-image\"><img decoding=\"async\" width=\"300\" height=\"300\" src=\"https:\/\/shop.steel-containers.com\/wp-content\/uploads\/2026\/02\/1-6-300x300.jpg\" class=\"attachment-woocommerce_thumbnail size-woocommerce_thumbnail\" alt=\"Ko\u0161 na odpad s st\u0159\u00ed\u0161kou SLIM 50 \u010dern\u00fd z pozinkovan\u00e9 oceli s pr\u00e1\u0161kov\u00fdm lakov\u00e1n\u00edm \u2013 venkovn\u00ed ko\u0161 50 l\" srcset=\"https:\/\/shop.steel-containers.com\/wp-content\/uploads\/2026\/02\/1-6-300x300.jpg 300w, https:\/\/shop.steel-containers.com\/wp-content\/uploads\/2026\/02\/1-6-150x150.jpg 150w, https:\/\/shop.steel-containers.com\/wp-content\/uploads\/2026\/02\/1-6-100x100.jpg 100w\" sizes=\"(max-width: 300px) 100vw, 300px\" \/><\/div>\n\t\t\t\t\t<div class=\"wc-block-grid__product-title\">Ko\u0161 na odpad s st\u0159\u00ed\u0161kou SLIM 50<\/div>\n\t\t\t\t<\/a>\n\t\t\t\t<div class=\"wc-block-grid__product-price price\"><span class=\"woocommerce-Price-amount amount\">447,72&nbsp;<span class=\"woocommerce-Price-currencySymbol\">&euro;<\/span><\/span> <small class=\"woocommerce-price-suffix\">bez DPH <span class=\"woocommerce-Price-amount amount\">364,00&nbsp;<span class=\"woocommerce-Price-currencySymbol\">&euro;<\/span><\/span><\/small><\/div>\n\t\t\t\t\n\t\t\t\t<div class=\"wp-block-button wc-block-grid__product-add-to-cart\"><a href=\"\/cs\/wp-json\/wp\/v2\/pages\/74?add-to-cart=4078\" aria-label=\"P\u0159idat do ko\u0161\u00edku: &ldquo;Ko\u0161 na odpad s st\u0159\u00ed\u0161kou SLIM 50&rdquo;\" data-quantity=\"1\" data-product_id=\"4078\" data-product_sku=\"\" data-price=\"447.72\" rel=\"nofollow\" class=\"wp-block-button__link wp-element-button add_to_cart_button ajax_add_to_cart\">P\u0159idat do ko\u0161\u00edku<\/a><\/div>\n\t\t\t<\/li><li class=\"wc-block-grid__product\"><span class=\"gtm4wp_productdata\" style=\"display:none; visibility:hidden;\" data-gtm4wp_product_data=\"{&quot;internal_id&quot;:4029,&quot;item_id&quot;:4029,&quot;item_name&quot;:&quot;Ko\\u0161 na odpad s st\\u0159\\u00ed\\u0161kou DUAL 70&quot;,&quot;sku&quot;:4029,&quot;price&quot;:415.74,&quot;stocklevel&quot;:null,&quot;stockstatus&quot;:&quot;instock&quot;,&quot;google_business_vertical&quot;:&quot;retail&quot;,&quot;item_category&quot;:&quot;T\\u0159\\u00edd\\u011bn\\u00ed odpadu&quot;,&quot;id&quot;:4029,&quot;productlink&quot;:&quot;https:\\\/\\\/shop.steel-containers.com\\\/cs\\\/produkt\\\/kos-na-odpad-s-striskou-dual-70\\\/&quot;,&quot;item_list_name&quot;:&quot;General Product List&quot;,&quot;index&quot;:0,&quot;product_type&quot;:&quot;simple&quot;,&quot;item_brand&quot;:&quot;&quot;}\"><\/span>\n\t\t\t\t<a href=\"https:\/\/shop.steel-containers.com\/cs\/produkt\/kos-na-odpad-s-striskou-dual-70\/\" class=\"wc-block-grid__product-link\">\n\t\t\t\t\t\n\t\t\t\t\t<div class=\"wc-block-grid__product-image\"><img decoding=\"async\" width=\"300\" height=\"300\" src=\"https:\/\/shop.steel-containers.com\/wp-content\/uploads\/2026\/02\/1-5-300x300.jpg\" class=\"attachment-woocommerce_thumbnail size-woocommerce_thumbnail\" alt=\"Ko\u0161 na odpad s st\u0159\u00ed\u0161kou DUAL 70 v \u010dern\u00e9 barv\u011b, voln\u011b stoj\u00edc\u00ed ocelov\u00fd m\u011bstsk\u00fd ko\u0161 s vlo\u017ekou 70 l pro ve\u0159ejn\u00e9 prostory&lt;br&gt; &lt;br&gt; &lt;br&gt;\" srcset=\"https:\/\/shop.steel-containers.com\/wp-content\/uploads\/2026\/02\/1-5-300x300.jpg 300w, https:\/\/shop.steel-containers.com\/wp-content\/uploads\/2026\/02\/1-5-150x150.jpg 150w, https:\/\/shop.steel-containers.com\/wp-content\/uploads\/2026\/02\/1-5-768x768.jpg 768w, https:\/\/shop.steel-containers.com\/wp-content\/uploads\/2026\/02\/1-5-600x600.jpg 600w, https:\/\/shop.steel-containers.com\/wp-content\/uploads\/2026\/02\/1-5-100x100.jpg 100w, https:\/\/shop.steel-containers.com\/wp-content\/uploads\/2026\/02\/1-5.jpg 1024w\" sizes=\"(max-width: 300px) 100vw, 300px\" \/><\/div>\n\t\t\t\t\t<div class=\"wc-block-grid__product-title\">Ko\u0161 na odpad s st\u0159\u00ed\u0161kou DUAL 70<\/div>\n\t\t\t\t<\/a>\n\t\t\t\t<div class=\"wc-block-grid__product-price price\"><span class=\"woocommerce-Price-amount amount\">415,74&nbsp;<span class=\"woocommerce-Price-currencySymbol\">&euro;<\/span><\/span> <small class=\"woocommerce-price-suffix\">bez DPH <span class=\"woocommerce-Price-amount amount\">338,00&nbsp;<span class=\"woocommerce-Price-currencySymbol\">&euro;<\/span><\/span><\/small><\/div>\n\t\t\t\t\n\t\t\t\t<div class=\"wp-block-button wc-block-grid__product-add-to-cart\"><a href=\"\/cs\/wp-json\/wp\/v2\/pages\/74?add-to-cart=4029\" aria-label=\"P\u0159idat do ko\u0161\u00edku: &ldquo;Ko\u0161 na odpad s st\u0159\u00ed\u0161kou DUAL 70&rdquo;\" data-quantity=\"1\" data-product_id=\"4029\" data-product_sku=\"\" data-price=\"415.74\" rel=\"nofollow\" class=\"wp-block-button__link wp-element-button add_to_cart_button ajax_add_to_cart\">P\u0159idat do ko\u0161\u00edku<\/a><\/div>\n\t\t\t<\/li><\/ul><\/div><\/div>\n<\/div>\n","protected":false},"excerpt":{"rendered":"","protected":false},"author":1,"featured_media":0,"parent":0,"menu_order":0,"comment_status":"closed","ping_status":"closed","template":"page-cart","meta":{"footnotes":""},"class_list":["post-74","page","type-page","status-publish","hentry"],"_links":{"self":[{"href":"https:\/\/shop.steel-containers.com\/cs\/wp-json\/wp\/v2\/pages\/74","targetHints":{"allow":["GET"]}}],"collection":[{"href":"https:\/\/shop.steel-containers.com\/cs\/wp-json\/wp\/v2\/pages"}],"about":[{"href":"https:\/\/shop.steel-containers.com\/cs\/wp-json\/wp\/v2\/types\/page"}],"author":[{"embeddable":true,"href":"https:\/\/shop.steel-containers.com\/cs\/wp-json\/wp\/v2\/users\/1"}],"replies":[{"embeddable":true,"href":"https:\/\/shop.steel-containers.com\/cs\/wp-json\/wp\/v2\/comments?post=74"}],"version-history":[{"count":3,"href":"https:\/\/shop.steel-containers.com\/cs\/wp-json\/wp\/v2\/pages\/74\/revisions"}],"predecessor-version":[{"id":2176,"href":"https:\/\/shop.steel-containers.com\/cs\/wp-json\/wp\/v2\/pages\/74\/revisions\/2176"}],"wp:attachment":[{"href":"https:\/\/shop.steel-containers.com\/cs\/wp-json\/wp\/v2\/media?parent=74"}],"curies":[{"name":"wp","href":"https:\/\/api.w.org\/{rel}","templated":true}]}}