{"id":2046,"date":"2026-01-22T09:32:40","date_gmt":"2026-01-22T08:32:40","guid":{"rendered":"https:\/\/shop.steel-containers.com\/produkt\/samovyklopny-kontejner-tk-300\/"},"modified":"2026-01-29T09:35:28","modified_gmt":"2026-01-29T08:35:28","slug":"samovyklopny-kontejner-tk-300","status":"publish","type":"product","link":"https:\/\/shop.steel-containers.com\/cs\/produkt\/samovyklopny-kontejner-tk-300\/","title":{"rendered":"Samov\u00fdklopn\u00fd kontejner TK 300"},"content":{"rendered":"<p data-path-to-node=\"4\"><b>Model TK<\/b> je univerz\u00e1ln\u00ed samovykl\u00e1p\u011bc\u00ed kontejner navr\u017een\u00fd pro intenzivn\u00ed provoz s vysokozdvi\u017en\u00fdmi voz\u00edky. D\u00edky zes\u00edlen\u00e9 konstrukci a dvojit\u00e9mu syst\u00e9mu vykl\u00e1p\u011bn\u00ed p\u0159edstavuje ide\u00e1ln\u00ed \u0159e\u0161en\u00ed pro p\u0159epravu odpadu, \u0161rotu, t\u0159\u00edsek a sypk\u00fdch materi\u00e1l\u016f ve v\u00fdrobn\u00edch z\u00e1vodech a skladech. <\/p>\n<p data-path-to-node=\"6\">To, co tento model odli\u0161uje od konkurence, je spojen\u00ed bezpe\u010dnosti pr\u00e1ce s nadstandardn\u00ed odolnost\u00ed. N\u00e1dr\u017e je vyrobena z vysoce kvalitn\u00edho plechu o tlou\u0161\u0165ce 3 mm, zat\u00edmco jej\u00ed z\u00e1kladna je dodate\u010dn\u011b vyztu\u017eena plechem o tlou\u0161\u0165ce 4 mm. \u0158ada konstruk\u010dn\u00edch v\u00fdztuh zaru\u010duje, \u017ee si kontejner zachov\u00e1 tuhost i p\u0159i vysok\u00e9m zat\u00ed\u017een\u00ed.  <\/p>\n<h5>Kl\u00ed\u010dov\u00e9 vlastnosti a funkce<\/h5>\n<p data-path-to-node=\"8\">Pro zaji\u0161t\u011bn\u00ed maxim\u00e1ln\u00ed ergonomie a bezpe\u010dnosti je model TK vybaven pokro\u010dil\u00fdmi technick\u00fdmi prvky:<\/p>\n<ul data-path-to-node=\"9\">\n<li>\n<p data-path-to-node=\"9,0,0\">Dvojit\u00fd syst\u00e9m vyprazd\u0148ov\u00e1n\u00ed: Umo\u017e\u0148uje vypr\u00e1zdn\u011bn\u00ed kontejneru dv\u011bma zp\u016fsoby \u2013 bez n\u00e1mahy pomoc\u00ed \u010deln\u00edho p\u0159\u00edtla\u010dn\u00e9ho mechanismu (p\u0159itla\u010den\u00edm k okraji sb\u011brn\u00e9ho kontejneru) nebo ru\u010dn\u011b pomoc\u00ed zadn\u00ed p\u00e1ky (p\u0159\u00edmo z pozice obsluhy).<\/p>\n<\/li>\n<li>\n<p data-path-to-node=\"9,1,0\">Trojit\u00e1 antikorozn\u00ed ochrana: Kontenery jsou lakov\u00e1ny \u201emokrou\u201c metodou. Pou\u017eit\u00ed z\u00e1kladov\u00e9 barvy a polyuretanov\u00e9ho vrchn\u00edho laku vytv\u00e1\u0159\u00ed neprostupnou bari\u00e9ru proti de\u0161ti, sn\u011bhu a rzi. Hladk\u00fd povrch nav\u00edc usnad\u0148uje \u00fadr\u017ebu vnit\u0159n\u00edho prostoru.  <\/p>\n<\/li>\n<li>\n<p data-path-to-node=\"9,2,0\"><b>Bezpe\u010dnostn\u00ed syst\u00e9m:<\/b><\/p>\n<ul data-path-to-node=\"9,2,1\">\n<li>\n<p data-path-to-node=\"9,2,1,0,0\">Z\u00e1mek vykl\u00e1p\u011bn\u00ed: Pojistka v zadn\u00ed \u010d\u00e1sti z\u00e1kladny zabra\u0148uje n\u00e1hodn\u00e9mu vyklopen\u00ed kontejneru b\u011bhem p\u0159epravy.<\/p>\n<\/li>\n<li>\n<p data-path-to-node=\"9,2,1,1,0\">Zaji\u0161t\u011bn\u00ed na vidlic\u00edch: Speci\u00e1ln\u00ed patka u lev\u00e9 kapsy na vidlice zabra\u0148uje nekontrolovan\u00e9mu sklouznut\u00ed kontejneru z vidlic voz\u00edku p\u0159i prudk\u00fdch man\u00e9vrech.<\/p>\n<\/li>\n<\/ul>\n<\/li>\n<\/ul>\n","protected":false},"excerpt":{"rendered":"<h3><strong>Samov\u00fdklopn\u00fd kontejner<\/strong><\/h3>\n","protected":false},"featured_media":2042,"comment_status":"open","ping_status":"closed","template":"","meta":[],"product_brand":[],"product_cat":[289],"product_tag":[],"class_list":{"0":"post-2046","1":"product","2":"type-product","3":"status-publish","4":"has-post-thumbnail","6":"product_cat-tk","7":"product_shipping_class-kurier-390","9":"first","10":"instock","11":"taxable","12":"shipping-taxable","13":"purchasable","14":"product-type-simple"},"_links":{"self":[{"href":"https:\/\/shop.steel-containers.com\/cs\/wp-json\/wp\/v2\/product\/2046","targetHints":{"allow":["GET"]}}],"collection":[{"href":"https:\/\/shop.steel-containers.com\/cs\/wp-json\/wp\/v2\/product"}],"about":[{"href":"https:\/\/shop.steel-containers.com\/cs\/wp-json\/wp\/v2\/types\/product"}],"replies":[{"embeddable":true,"href":"https:\/\/shop.steel-containers.com\/cs\/wp-json\/wp\/v2\/comments?post=2046"}],"wp:featuredmedia":[{"embeddable":true,"href":"https:\/\/shop.steel-containers.com\/cs\/wp-json\/wp\/v2\/media\/2042"}],"wp:attachment":[{"href":"https:\/\/shop.steel-containers.com\/cs\/wp-json\/wp\/v2\/media?parent=2046"}],"wp:term":[{"taxonomy":"product_brand","embeddable":true,"href":"https:\/\/shop.steel-containers.com\/cs\/wp-json\/wp\/v2\/product_brand?post=2046"},{"taxonomy":"product_cat","embeddable":true,"href":"https:\/\/shop.steel-containers.com\/cs\/wp-json\/wp\/v2\/product_cat?post=2046"},{"taxonomy":"product_tag","embeddable":true,"href":"https:\/\/shop.steel-containers.com\/cs\/wp-json\/wp\/v2\/product_tag?post=2046"}],"curies":[{"name":"wp","href":"https:\/\/api.w.org\/{rel}","templated":true}]}}