{"id":2061,"date":"2026-01-22T09:32:41","date_gmt":"2026-01-22T08:32:41","guid":{"rendered":"https:\/\/shop.steel-containers.com\/produkt\/samovyklopny-kontejner-tk-600\/"},"modified":"2026-02-27T12:02:14","modified_gmt":"2026-02-27T11:02:14","slug":"samovyklopny-kontejner-tk-600","status":"publish","type":"product","link":"https:\/\/shop.steel-containers.com\/cs\/produkt\/samovyklopny-kontejner-tk-600\/","title":{"rendered":"Samov\u00fdklopn\u00fd kontejner TK 600"},"content":{"rendered":"<p>Samov\u00fdklopn\u00fd kontejner TK 600 je univerz\u00e1ln\u00ed n\u00e1doba navr\u017een\u00e1 pro efektivn\u00ed manipulaci pomoc\u00ed vysokozdvi\u017en\u00fdch voz\u00edk\u016f. Jako v\u00fdrobce kovov\u00fdch kontejner\u016f db\u00e1me na to, aby na\u0161e v\u00fdrobky usnad\u0148ovaly p\u0159epravu a optimalizovaly vnit\u0159n\u00ed logistiku ve va\u0161em z\u00e1vod\u011b. <\/p>\n<h5 data-start-index=\"765\">Robustn\u00ed konstrukce a pr\u016fmyslov\u00e1 odolnost<\/h5>\n<p>Model TK 600 vynik\u00e1 svou odolnost\u00ed, kter\u00e1 je pro skladov\u00e9 vybaven\u00ed kl\u00ed\u010dov\u00e1. Konstrukce kontejneru je promy\u0161len\u00e1 a vyroben\u00e1 z vysoce kvalitn\u00edch materi\u00e1l\u016f, aby bylo zaji\u0161t\u011bno bezpe\u010dn\u00e9 a komfortn\u00ed pou\u017e\u00edv\u00e1n\u00ed. <\/p>\n<p>Technick\u00e9 \u00fadaje samov\u00fdklopn\u00e9ho kontejneru TK 600:<br \/>Vana: Vyrobena z plechu o tlou\u0161\u0165ce 3 mm.<br \/>\nZ\u00e1kladna: Tlou\u0161\u0165ka 4 mm pro zv\u00fd\u0161enou stabilitu.<br \/>V\u00fdztuhy: \u0158ada konstruk\u010dn\u00edch prvk\u016f zaji\u0161\u0165uje mimo\u0159\u00e1dnou pevnost.<\/p>\n<p>V\u00edme, jak d\u016fle\u017eit\u00e1 je \u017eivotnost takov\u00e9ho vybaven\u00ed, proto jsou na\u0161e kontejnery lakov\u00e1ny \u201emokrou\u201c metodou s pou\u017eit\u00edm z\u00e1kladov\u00e9 a polyuretanov\u00e9 barvy. Tyto vrstvy tvo\u0159\u00ed \u00fa\u010dinnou bari\u00e9ru proti korozi a pov\u011btrnostn\u00edm vliv\u016fm p\u0159i venkovn\u00edm pou\u017eit\u00ed. Hladk\u00fd povrch nav\u00edc usnad\u0148uje \u010di\u0161t\u011bn\u00ed.  <\/p>\n<h5 data-start-index=\"1630\">Funk\u010dnost a bezpe\u010dnostn\u00ed syst\u00e9my<\/h5>\n<p>Model TK 600 je d\u016fkazem inovativn\u00edho p\u0159\u00edstupu v\u00fdrobce. Kontejner je vybaven dvojit\u00fdm syst\u00e9mem vyprazd\u0148ov\u00e1n\u00ed:<br \/>P\u0159edn\u00ed n\u00e1razov\u00fd mechanismus (zbijak).<br \/>Ru\u010dn\u00ed p\u00e1ka v zadn\u00ed \u010d\u00e1sti z\u00e1kladny.<br \/>Pro maxim\u00e1ln\u00ed bezpe\u010dnost p\u0159i pr\u00e1ci obsahuje tato pr\u016fmyslov\u00e1 korba \u0159adu pojistek:<br \/>Zaji\u0161\u0165ovac\u00ed patka: U lev\u00e9 kapsy na vidlice, kter\u00e1 zabra\u0148uje sklouznut\u00ed kontejneru z ramen voz\u00edku.<br \/>P\u0159epravn\u00ed z\u00e1mek: Pojistka v zadn\u00ed \u010d\u00e1sti, kter\u00e1 znemo\u017e\u0148uje necht\u011bn\u00e9 vyklopen\u00ed b\u011bhem j\u00edzdy.   <\/p>\n","protected":false},"excerpt":{"rendered":"<h3><strong>Samov\u00fdklopn\u00fd kontejner<\/strong><\/h3>\n","protected":false},"featured_media":2042,"comment_status":"open","ping_status":"closed","template":"","meta":[],"product_brand":[],"product_cat":[289],"product_tag":[],"class_list":{"0":"post-2061","1":"product","2":"type-product","3":"status-publish","4":"has-post-thumbnail","6":"product_cat-tk","7":"product_shipping_class-kurier-390","9":"first","10":"instock","11":"taxable","12":"shipping-taxable","13":"purchasable","14":"product-type-simple"},"_links":{"self":[{"href":"https:\/\/shop.steel-containers.com\/cs\/wp-json\/wp\/v2\/product\/2061","targetHints":{"allow":["GET"]}}],"collection":[{"href":"https:\/\/shop.steel-containers.com\/cs\/wp-json\/wp\/v2\/product"}],"about":[{"href":"https:\/\/shop.steel-containers.com\/cs\/wp-json\/wp\/v2\/types\/product"}],"replies":[{"embeddable":true,"href":"https:\/\/shop.steel-containers.com\/cs\/wp-json\/wp\/v2\/comments?post=2061"}],"wp:featuredmedia":[{"embeddable":true,"href":"https:\/\/shop.steel-containers.com\/cs\/wp-json\/wp\/v2\/media\/2042"}],"wp:attachment":[{"href":"https:\/\/shop.steel-containers.com\/cs\/wp-json\/wp\/v2\/media?parent=2061"}],"wp:term":[{"taxonomy":"product_brand","embeddable":true,"href":"https:\/\/shop.steel-containers.com\/cs\/wp-json\/wp\/v2\/product_brand?post=2061"},{"taxonomy":"product_cat","embeddable":true,"href":"https:\/\/shop.steel-containers.com\/cs\/wp-json\/wp\/v2\/product_cat?post=2061"},{"taxonomy":"product_tag","embeddable":true,"href":"https:\/\/shop.steel-containers.com\/cs\/wp-json\/wp\/v2\/product_tag?post=2061"}],"curies":[{"name":"wp","href":"https:\/\/api.w.org\/{rel}","templated":true}]}}