{"id":2070,"date":"2026-01-22T09:32:41","date_gmt":"2026-01-22T08:32:41","guid":{"rendered":"https:\/\/shop.steel-containers.com\/produkt\/samovyklopny-kontejner-tk-800\/"},"modified":"2026-01-27T13:55:44","modified_gmt":"2026-01-27T12:55:44","slug":"samovyklopny-kontejner-tk-800","status":"publish","type":"product","link":"https:\/\/shop.steel-containers.com\/cs\/produkt\/samovyklopny-kontejner-tk-800\/","title":{"rendered":"Samov\u00fdklopn\u00fd kontejner TK 800"},"content":{"rendered":"<p>Model TK 800 je v\u0161estrann\u00fd samov\u00fdklopn\u00fd kontejner, navr\u017een\u00fd jako efektivn\u00ed n\u00e1doba s v\u00fdsypem pro vysokozdvi\u017en\u00e9 voz\u00edky. Jako zku\u0161en\u00fd v\u00fdrobce kovov\u00fdch kontejner\u016f dod\u00e1v\u00e1me profesion\u00e1ln\u00ed \u0159e\u0161en\u00ed, kter\u00e1 zefektiv\u0148uj\u00ed vnitropodnikovou dopravu a zvy\u0161uj\u00ed v\u00fdkonnost cel\u00e9 va\u0161\u00ed firmy.<\/p>\n<h5>Pevnost a odolnost: Kontejner na pr\u016fmyslov\u00fd odpad<\/h5>\n<p>Samov\u00fdklopn\u00e9 kontejnery TK 800 jsou navr\u017eeny tak, aby odolaly n\u00e1ro\u010dn\u00fdm podm\u00ednk\u00e1m v pr\u016fmyslov\u00e9m prost\u0159ed\u00ed. Jsou vyrobeny s maxim\u00e1ln\u00ed pe\u010dlivost\u00ed z vysoce kvalitn\u00edch materi\u00e1l\u016f.<\/p>\n<p>Konstruk\u010dn\u00ed detaily modelu TK 800:<\/p>\n<ul>\n<li>Vana kontejneru: Vyrobena z odoln\u00e9ho plechu o tlou\u0161\u0165ce 3 mm.<\/li>\n<li>Z\u00e1kladna: Zes\u00edlen\u00e1 tlou\u0161\u0165ka 4 mm pro vy\u0161\u0161\u00ed stabilitu.<\/li>\n<li>Zbiornik posiada szereg wzmocnie\u0144, kt\u00f3re sprawiaj\u0105, \u017ce jest solidny i trwa\u0142y.<\/li>\n<\/ul>\n<p>W trosce o d\u0142ugowieczno\u015b\u0107, <strong>kontener stalowy samowy\u0142adowczy<\/strong> malowany jest metod\u0105 \u201ena mokro\u201d z zastosowaniem farby podk\u0142adowej i poliuretanowej. Warstwy lakieru stanowi\u0105 kluczowe zabezpieczenie przed procesem korozji (rdz\u0105) oraz <strong>warunkami atmosferycznymi<\/strong> podczas u\u017cytkowania na zewn\u0105trz. G\u0142adka struktura powierzchni u\u0142atwia r\u00f3wnie\u017c czyszczenie zbiornika, co jest istotne przy obs\u0142udze <strong>odpad\u00f3w przemys\u0142owych<\/strong>.<\/p>\n<h5>Funkcjonalno\u015b\u0107 i Bezpiecze\u0144stwo \u2013 Koleba Z Mechanizmem Wysypowym<\/h5>\n<p>Model TK 800 je vybaven inovativn\u00edm dvojit\u00fdm syst\u00e9mem vyprazd\u0148ov\u00e1n\u00ed. V\u00fdsyp lze aktivovat dv\u011bma zp\u016fsoby: \u010deln\u00edm p\u0159\u00edtla\u010dn\u00fdm mechanismem nebo ru\u010dn\u00ed p\u00e1kou v zadn\u00ed \u010d\u00e1sti z\u00e1kladny.<\/p>\n<p>Bezpe\u010dnostn\u00ed syst\u00e9my minimalizuj\u00edc\u00ed riziko nehod:<\/p>\n<ol>\n<li>Zaji\u0161\u0165ovac\u00ed patka: Um\u00edst\u011bna u lev\u00e9 kapsy na vidlice, zabra\u0148uje sklouznut\u00ed kontejneru z ramen voz\u00edku.<\/li>\n<li>P\u0159epravn\u00ed z\u00e1mek: Zabra\u0148uje nekontrolovan\u00e9mu naklon\u011bn\u00ed korby b\u011bhem p\u0159epravy odpadu.<\/li>\n<\/ol>\n<p>V\u00fdb\u011brem modelu TK 800 z\u00edsk\u00e1te skladov\u00fd kontejner, kter\u00fd zaru\u010duje bezpe\u010dn\u00e9 pou\u017e\u00edv\u00e1n\u00ed. Pokud pot\u0159ebujete kontejner na \u0161rot s v\u00fdsypem nebo jin\u00e9 specifick\u00e9 \u0159e\u0161en\u00ed, kontaktujte n\u00e1s \u2013 nab\u00edz\u00edme tak\u00e9 zak\u00e1zkovou v\u00fdrobu kovov\u00fdch kontejner\u016f podle individu\u00e1ln\u00edch pot\u0159eb klienta.<\/p>\n<p>a pov\u011btrnostn\u00edm vliv\u016fm a rzi p\u0159i pou\u017eit\u00ed n\u00e1dob venku. Hladk\u00e1 povrchov\u00e1 struktura usnad\u0148uje \u010di\u0161t\u011bn\u00ed n\u00e1dr\u017ee.<\/p>\n","protected":false},"excerpt":{"rendered":"<h3><strong>Samov\u00fdklopn\u00fd kontejner<\/strong><\/h3>\n","protected":false},"featured_media":2042,"comment_status":"open","ping_status":"closed","template":"","meta":[],"product_brand":[],"product_cat":[289],"product_tag":[],"class_list":{"0":"post-2070","1":"product","2":"type-product","3":"status-publish","4":"has-post-thumbnail","6":"product_cat-tk","7":"product_shipping_class-kurier-390","9":"first","10":"instock","11":"taxable","12":"shipping-taxable","13":"purchasable","14":"product-type-simple"},"_links":{"self":[{"href":"https:\/\/shop.steel-containers.com\/cs\/wp-json\/wp\/v2\/product\/2070","targetHints":{"allow":["GET"]}}],"collection":[{"href":"https:\/\/shop.steel-containers.com\/cs\/wp-json\/wp\/v2\/product"}],"about":[{"href":"https:\/\/shop.steel-containers.com\/cs\/wp-json\/wp\/v2\/types\/product"}],"replies":[{"embeddable":true,"href":"https:\/\/shop.steel-containers.com\/cs\/wp-json\/wp\/v2\/comments?post=2070"}],"wp:featuredmedia":[{"embeddable":true,"href":"https:\/\/shop.steel-containers.com\/cs\/wp-json\/wp\/v2\/media\/2042"}],"wp:attachment":[{"href":"https:\/\/shop.steel-containers.com\/cs\/wp-json\/wp\/v2\/media?parent=2070"}],"wp:term":[{"taxonomy":"product_brand","embeddable":true,"href":"https:\/\/shop.steel-containers.com\/cs\/wp-json\/wp\/v2\/product_brand?post=2070"},{"taxonomy":"product_cat","embeddable":true,"href":"https:\/\/shop.steel-containers.com\/cs\/wp-json\/wp\/v2\/product_cat?post=2070"},{"taxonomy":"product_tag","embeddable":true,"href":"https:\/\/shop.steel-containers.com\/cs\/wp-json\/wp\/v2\/product_tag?post=2070"}],"curies":[{"name":"wp","href":"https:\/\/api.w.org\/{rel}","templated":true}]}}