{"id":2082,"date":"2026-01-22T09:34:32","date_gmt":"2026-01-22T08:34:32","guid":{"rendered":"https:\/\/shop.steel-containers.com\/produkt\/elektricky-vysokozdvizny-vozik-fork-eg10-16\/"},"modified":"2026-01-22T09:34:32","modified_gmt":"2026-01-22T08:34:32","slug":"elektricky-vysokozdvizny-vozik-fork-eg10-16","status":"publish","type":"product","link":"https:\/\/shop.steel-containers.com\/cs\/produkt\/elektricky-vysokozdvizny-vozik-fork-eg10-16\/","title":{"rendered":"Elektrick\u00fd vysokozdvi\u017en\u00fd voz\u00edk FORK EG10-16"},"content":{"rendered":"<p data-path-to-node=\"3\"><b data-path-to-node=\"3\" data-index-in-node=\"0\">Elektrick\u00fd vysokozdvi\u017en\u00fd voz\u00edk FORK EG10-16<\/b> je kompaktn\u00ed a v\u00fdkonn\u00e9 skladov\u00e9 za\u0159\u00edzen\u00ed typu \u201ep\u011b\u0161\u00ed voz\u00edk\u201c, ur\u010den\u00e9 pro efektivn\u00ed manipulaci a stohov\u00e1n\u00ed palet. S nosnost\u00ed <b data-path-to-node=\"3\" data-index-in-node=\"175\">1 000 kg<\/b> a v\u00fd\u0161kou zdvihu <b data-path-to-node=\"3\" data-index-in-node=\"208\">1 600 mm<\/b> p\u0159edstavuje ide\u00e1ln\u00ed kompromis mezi kompaktn\u00edmi rozm\u011bry a funk\u010dnost\u00ed. Skv\u011ble se osv\u011bd\u010duje v \u00fazk\u00fdch skladov\u00fdch uli\u010dk\u00e1ch, velkoplo\u0161n\u00fdch prodejn\u00e1ch i p\u0159i vykl\u00e1dce dod\u00e1vkov\u00fdch vozidel. <\/p>\n<h3 data-path-to-node=\"4\">Inteligentn\u00ed ovl\u00e1d\u00e1n\u00ed a diagnostika<\/h3>\n<p data-path-to-node=\"5\">Voz\u00edk byl navr\u017een s d\u016frazem na plnou kontrolu obsluhy nad strojem. Multifunk\u010dn\u00ed displej v re\u00e1ln\u00e9m \u010dase zobrazuje stav nabit\u00ed akumul\u00e1toru a po\u010det odpracovan\u00fdch hodin. Syst\u00e9m rovn\u011b\u017e umo\u017e\u0148uje zobrazov\u00e1n\u00ed chybov\u00fdch k\u00f3d\u016f, co\u017e v p\u0159\u00edpad\u011b poruchy zaji\u0161\u0165uje rychlou diagnostiku a lokalizaci z\u00e1vady a minimalizuje prostoje. P\u0159ehledn\u011b uspo\u0159\u00e1dan\u00e1 kabel\u00e1\u017e nav\u00edc usnad\u0148uje p\u0159\u00edpadn\u00e9 servisn\u00ed z\u00e1sahy.  <\/p>\n<h3 data-path-to-node=\"6\">Pokro\u010dil\u00e9 bezpe\u010dnostn\u00ed syst\u00e9my<\/h3>\n<p data-path-to-node=\"7\">Bezpe\u010dnost provozu je u modelu EG10-16 kl\u00ed\u010dovou prioritou. Voz\u00edk je vybaven funkc\u00ed <b data-path-to-node=\"7\" data-index-in-node=\"79\">\u201e\u017eelv\u00ed rychlosti\u201c<\/b>, kter\u00e1 po aktivaci umo\u017e\u0148uje p\u0159esn\u00e9 man\u00e9vrov\u00e1n\u00ed p\u0159i omezen\u00e9 rychlosti \u2013 ide\u00e1ln\u00ed \u0159e\u0161en\u00ed do st\u00edsn\u011bn\u00fdch prostor. Automatick\u00fd syst\u00e9m kontroly rychlosti nav\u00edc sni\u017euje pojezdovou rychlost na bezpe\u010dn\u00e9 2 km\/h v p\u0159\u00edpad\u011b, \u017ee jsou vidlice zvednuty nad 500 mm. T\u00edm se zvy\u0161uje stabilita voz\u00edku a sni\u017euje riziko p\u0159evr\u00e1cen\u00ed n\u00e1kladu p\u0159i manipulaci se zdvi\u017een\u00fdm b\u0159emenem.   <\/p>\n<h3 data-path-to-node=\"8\">Ergonomie a komfort obsluhy<\/h3>\n<p data-path-to-node=\"9\">Konstrukce voz\u00edku klade d\u016fraz na komfort obsluhy. Dlouh\u00e1 ovl\u00e1dac\u00ed oj poskytuje velk\u00e9 rameno p\u00e1ky, co\u017e umo\u017e\u0148uje lehk\u00e9 a p\u0159esn\u00e9 \u0159\u00edzen\u00ed bez nutnosti vynakl\u00e1dat nadm\u011brnou fyzickou s\u00edlu. Ka\u017edodenn\u00ed provoz je maxim\u00e1ln\u011b pohodln\u00fd d\u00edky integrovan\u00e9 nab\u00edje\u010dce \u2013 voz\u00edk lze nab\u00edjet p\u0159\u00edmo ze standardn\u00ed elektrick\u00e9 z\u00e1suvky bez pot\u0159eby extern\u00ed nab\u00edjec\u00ed stanice. <\/p>\n<p data-path-to-node=\"10\">Zvolte FORK EG10-16, pokud hled\u00e1te spolehliv\u00fd elektrick\u00fd vysokozdvi\u017en\u00fd voz\u00edk, kter\u00fd zrychl\u00ed kompletaci objedn\u00e1vek a sn\u00ed\u017e\u00ed fyzickou z\u00e1t\u011b\u017e pracovn\u00edk\u016f.<\/p>\n","protected":false},"excerpt":{"rendered":"<p data-path-to-node=\"13\">Kompaktn\u00ed elektrick\u00fd vysokozdvi\u017en\u00fd voz\u00edk FORK EG10-16. Nosnost 1 000 kg, v\u00fd\u0161ka zdvihu 1 600 mm. Vybaven re\u017eimem \u017eelv\u00ed rychlosti, automatickou redukc\u00ed rychlosti p\u0159i zdvi\u017een\u00fdch vidlic\u00edch a integrovanou nab\u00edje\u010dkou. Ergonomick\u00e1 dlouh\u00e1 ovl\u00e1dac\u00ed oj.   <\/p>\n<p data-path-to-node=\"14\"><b data-path-to-node=\"14\" data-index-in-node=\"0\">Hlavn\u00ed vlastnosti:<\/b><\/p>\n<ul data-path-to-node=\"15\">\n<li>\n<p data-path-to-node=\"15,0,0\"><b data-path-to-node=\"15,0,0\" data-index-in-node=\"0\">Nosnost:<\/b> 1 000 kg<\/p>\n<\/li>\n<li>\n<p data-path-to-node=\"15,1,0\"><b data-path-to-node=\"15,1,0\" data-index-in-node=\"0\">V\u00fd\u0161ka zdvihu:<\/b> 1 600 mm<\/p>\n<\/li>\n<li>\n<p data-path-to-node=\"15,2,0\"><b data-path-to-node=\"15,2,0\" data-index-in-node=\"0\">Bezpe\u010dnost:<\/b> automatick\u00e1 redukce rychlosti (&gt;500 mm), re\u017eim \u017eelv\u00ed rychlosti<\/p>\n<\/li>\n<li>\n<p data-path-to-node=\"15,3,0\"><b data-path-to-node=\"15,3,0\" data-index-in-node=\"0\">Ovl\u00e1d\u00e1n\u00ed:<\/b> displej (baterie \/ chybov\u00e1 hl\u00e1\u0161en\u00ed), integrovan\u00e1 nab\u00edje\u010dka<\/p>\n<\/li>\n<li>\n<p data-path-to-node=\"15,4,0\"><b data-path-to-node=\"15,4,0\" data-index-in-node=\"0\">Ovl\u00e1d\u00e1n\u00ed:<\/b> dlouh\u00e1 ergonomick\u00e1 ovl\u00e1dac\u00ed oj<\/p>\n<\/li>\n<\/ul>\n","protected":false},"featured_media":2076,"comment_status":"open","ping_status":"closed","template":"","meta":[],"product_brand":[],"product_cat":[525],"product_tag":[],"class_list":{"0":"post-2082","1":"product","2":"type-product","3":"status-publish","4":"has-post-thumbnail","6":"product_cat-elektricke-vysokozdvizne-voziky","7":"product_shipping_class-kurier-450","9":"first","10":"instock","11":"taxable","12":"shipping-taxable","13":"purchasable","14":"product-type-simple"},"_links":{"self":[{"href":"https:\/\/shop.steel-containers.com\/cs\/wp-json\/wp\/v2\/product\/2082","targetHints":{"allow":["GET"]}}],"collection":[{"href":"https:\/\/shop.steel-containers.com\/cs\/wp-json\/wp\/v2\/product"}],"about":[{"href":"https:\/\/shop.steel-containers.com\/cs\/wp-json\/wp\/v2\/types\/product"}],"replies":[{"embeddable":true,"href":"https:\/\/shop.steel-containers.com\/cs\/wp-json\/wp\/v2\/comments?post=2082"}],"wp:featuredmedia":[{"embeddable":true,"href":"https:\/\/shop.steel-containers.com\/cs\/wp-json\/wp\/v2\/media\/2076"}],"wp:attachment":[{"href":"https:\/\/shop.steel-containers.com\/cs\/wp-json\/wp\/v2\/media?parent=2082"}],"wp:term":[{"taxonomy":"product_brand","embeddable":true,"href":"https:\/\/shop.steel-containers.com\/cs\/wp-json\/wp\/v2\/product_brand?post=2082"},{"taxonomy":"product_cat","embeddable":true,"href":"https:\/\/shop.steel-containers.com\/cs\/wp-json\/wp\/v2\/product_cat?post=2082"},{"taxonomy":"product_tag","embeddable":true,"href":"https:\/\/shop.steel-containers.com\/cs\/wp-json\/wp\/v2\/product_tag?post=2082"}],"curies":[{"name":"wp","href":"https:\/\/api.w.org\/{rel}","templated":true}]}}