{"id":2088,"date":"2026-01-22T09:34:32","date_gmt":"2026-01-22T08:34:32","guid":{"rendered":"https:\/\/shop.steel-containers.com\/produkt\/electric-stacker-truck-fork-eg10-20\/"},"modified":"2026-01-27T14:53:16","modified_gmt":"2026-01-27T13:53:16","slug":"electric-stacker-truck-fork-eg10-20","status":"publish","type":"product","link":"https:\/\/shop.steel-containers.com\/cs\/produkt\/electric-stacker-truck-fork-eg10-20\/","title":{"rendered":"Elektrick\u00fd vysokozdvi\u017en\u00fd voz\u00edk FORK EG10-20"},"content":{"rendered":"<p data-path-to-node=\"3\">Elektrick\u00fd vysokozdvi\u017en\u00fd voz\u00edk <b data-path-to-node=\"3\" data-index-in-node=\"0\">FORK EG10-20<\/b> je v\u00fdkonn\u00e9 a velmi obratn\u00e9 skladov\u00e9 za\u0159\u00edzen\u00ed ur\u010den\u00e9 pro \u00fakoly vy\u017eaduj\u00edc\u00ed zdvih n\u00e1kladu a\u017e do v\u00fd\u0161ky <b data-path-to-node=\"3\" data-index-in-node=\"161\">2 000 mm<\/b>. P\u0159edstavuje optim\u00e1ln\u00ed \u0159e\u0161en\u00ed pro sklady s n\u00edzk\u00fdm skladov\u00e1n\u00edm, maloobchodn\u00ed provozy a p\u0159\u00edjmov\u00e9 z\u00f3ny zbo\u017e\u00ed, kde jsou standardn\u00ed vysokozdvi\u017en\u00e9 voz\u00edky p\u0159\u00edli\u0161 rozm\u011brn\u00e9 a ru\u010dn\u00ed voz\u00edky neposkytuj\u00ed dostate\u010dnou v\u00fd\u0161ku zdvihu. <\/p>\n<h3 data-path-to-node=\"4\">Optim\u00e1ln\u00ed dosah: 2 metry a ergonomick\u00fd provoz<\/h3>\n<p data-path-to-node=\"5\">Model EG10-20 s nosnost\u00ed <b data-path-to-node=\"5\" data-index-in-node=\"26\">1 000 kg<\/b> se v\u00fdborn\u011b uplat\u0148uje ve dvou kl\u00ed\u010dov\u00fdch oblastech. Za prv\u00e9 umo\u017e\u0148uje efektivn\u00ed nakl\u00e1dku a vykl\u00e1dku dod\u00e1vkov\u00fdch vozidel a ukl\u00e1d\u00e1n\u00ed palet na prvn\u00ed \u00farove\u0148 reg\u00e1lov\u00fdch syst\u00e9m\u016f. Za druh\u00e9 slou\u017e\u00ed jako ergonomick\u00e1 zdvihac\u00ed pom\u016fcka, kter\u00e1 umo\u017e\u0148uje obsluze zvednout palety do pohodln\u00e9 pracovn\u00ed v\u00fd\u0161ky a usnad\u0148uje kompletaci objedn\u00e1vek bez nutnosti neust\u00e1l\u00e9ho oh\u00fdb\u00e1n\u00ed a nadm\u011brn\u00e9 z\u00e1t\u011b\u017ee zad.  <\/p>\n<h3 data-path-to-node=\"6\">Bezpe\u010dnost ve standardu<\/h3>\n<p data-path-to-node=\"7\">Voz\u00edk je vybaven inteligentn\u00edmi syst\u00e9my chr\u00e1n\u00edc\u00edmi obsluhu i n\u00e1klad. Funkce <b data-path-to-node=\"7\" data-index-in-node=\"86\">automatick\u00e9 kontroly<\/b> rychlosti sni\u017euje pojezdovou rychlost na 2 km\/h v p\u0159\u00edpad\u011b, \u017ee jsou vidlice zvednuty nad 500 mm, co\u017e zaji\u0161\u0165uje stabilitu p\u0159i manipulaci se zdvi\u017een\u00fdm b\u0159emenem. Obsluha m\u016f\u017ee nav\u00edc aktivovat re\u017eim <b data-path-to-node=\"7\" data-index-in-node=\"305\">\u201e\u017eelv\u00ed rychlosti\u201c<\/b>, kter\u00fd umo\u017e\u0148uje p\u0159esnou a pomalou j\u00edzdu v \u00fazk\u00fdch uli\u010dk\u00e1ch a p\u0159i p\u0159esn\u00e9m polohov\u00e1n\u00ed.  <\/p>\n<h3 data-path-to-node=\"8\">Pohodln\u00e1 obsluha a snadn\u00fd servis<\/h3>\n<p data-path-to-node=\"9\">Konstrukce voz\u00edku klade d\u016fraz na komfort a jednoduchost pou\u017e\u00edv\u00e1n\u00ed. <b data-path-to-node=\"9\" data-index-in-node=\"49\">Dlouh\u00e1 ovl\u00e1dac\u00ed<\/b> oj zaji\u0161\u0165uje plynul\u00e9 a lehk\u00e9 man\u00e9vrov\u00e1n\u00ed, zat\u00edmco intuitivn\u00ed displej informuje o stavu baterie a po\u010dtu provozn\u00edch hodin. V p\u0159\u00edpad\u011b poruchy syst\u00e9m zobrazuje <b data-path-to-node=\"9\" data-index-in-node=\"223\">chybov\u00e9 k\u00f3dy<\/b>, co\u017e umo\u017e\u0148uje rychlou diagnostiku probl\u00e9mu. Ka\u017edodenn\u00ed provoz je bezprobl\u00e9mov\u00fd d\u00edky <b data-path-to-node=\"9\" data-index-in-node=\"325\">integrovan\u00e9 nab\u00edje\u010dce<\/b> (nab\u00edjen\u00ed ze standardn\u00ed z\u00e1suvky) a p\u0159ehledn\u011b uspo\u0159\u00e1dan\u00e9 kabel\u00e1\u017ei.  <\/p>\n<p data-path-to-node=\"10\">Zvolte <b data-path-to-node=\"10\" data-index-in-node=\"8\">FORK EG10-20<\/b>, pokud hled\u00e1te kompaktn\u00ed vysokozdvi\u017en\u00fd voz\u00edk se sto\u017e\u00e1rem, kter\u00fd zefektivn\u00ed vykl\u00e1dku a zlep\u0161\u00ed ergonomii pr\u00e1ce ve va\u0161em skladu.<\/p>\n","protected":false},"excerpt":{"rendered":"<p data-path-to-node=\"13\">Kompaktn\u00ed <b data-path-to-node=\"13\" data-index-in-node=\"11\">elektrick\u00fd vysokozdvi\u017en\u00fd voz\u00edk FORK EG10-20<\/b>. V\u00fd\u0161ka zdvihu <b data-path-to-node=\"13\" data-index-in-node=\"77\">2 000 mm<\/b>, nosnost <b data-path-to-node=\"13\" data-index-in-node=\"93\">1 000 kg<\/b>. Ide\u00e1ln\u00ed pro n\u00edzk\u00e9 skladov\u00e1n\u00ed a vykl\u00e1dku vozidel. Vybaven re\u017eimem \u017eelv\u00ed rychlosti, automatickou redukc\u00ed rychlosti a integrovanou nab\u00edje\u010dkou.   <\/p>\n<p data-path-to-node=\"14\"><b data-path-to-node=\"14\" data-index-in-node=\"0\">Hlavn\u00ed vlastnosti:<\/b><\/p>\n<ul data-path-to-node=\"15\">\n<li>\n<p data-path-to-node=\"15,0,0\">V\u00fd\u0161ka zdvihu: 2 000 mm (2,0 m)<\/p>\n<\/li>\n<li>\n<p data-path-to-node=\"15,1,0\">Nosnost: 1 000 kg<\/p>\n<\/li>\n<li>\n<p data-path-to-node=\"15,2,0\">Bezpe\u010dnost: automatick\u00e1 redukce rychlosti, re\u017eim \u017eelv\u00ed rychlosti<\/p>\n<\/li>\n<li>\n<p data-path-to-node=\"15,3,0\">Diagnostika: zobrazen\u00ed chybov\u00fdch k\u00f3d\u016f<\/p>\n<\/li>\n<li>\n<p data-path-to-node=\"15,4,0\">Nap\u00e1jen\u00ed: integrovan\u00e1 nab\u00edje\u010dka<\/p>\n<\/li>\n<\/ul>\n","protected":false},"featured_media":2087,"comment_status":"open","ping_status":"closed","template":"","meta":[],"product_brand":[],"product_cat":[525],"product_tag":[],"class_list":{"0":"post-2088","1":"product","2":"type-product","3":"status-publish","4":"has-post-thumbnail","6":"product_cat-elektricke-vysokozdvizne-voziky","7":"product_shipping_class-kurier-450","9":"first","10":"instock","11":"taxable","12":"shipping-taxable","13":"purchasable","14":"product-type-simple"},"_links":{"self":[{"href":"https:\/\/shop.steel-containers.com\/cs\/wp-json\/wp\/v2\/product\/2088","targetHints":{"allow":["GET"]}}],"collection":[{"href":"https:\/\/shop.steel-containers.com\/cs\/wp-json\/wp\/v2\/product"}],"about":[{"href":"https:\/\/shop.steel-containers.com\/cs\/wp-json\/wp\/v2\/types\/product"}],"replies":[{"embeddable":true,"href":"https:\/\/shop.steel-containers.com\/cs\/wp-json\/wp\/v2\/comments?post=2088"}],"wp:featuredmedia":[{"embeddable":true,"href":"https:\/\/shop.steel-containers.com\/cs\/wp-json\/wp\/v2\/media\/2087"}],"wp:attachment":[{"href":"https:\/\/shop.steel-containers.com\/cs\/wp-json\/wp\/v2\/media?parent=2088"}],"wp:term":[{"taxonomy":"product_brand","embeddable":true,"href":"https:\/\/shop.steel-containers.com\/cs\/wp-json\/wp\/v2\/product_brand?post=2088"},{"taxonomy":"product_cat","embeddable":true,"href":"https:\/\/shop.steel-containers.com\/cs\/wp-json\/wp\/v2\/product_cat?post=2088"},{"taxonomy":"product_tag","embeddable":true,"href":"https:\/\/shop.steel-containers.com\/cs\/wp-json\/wp\/v2\/product_tag?post=2088"}],"curies":[{"name":"wp","href":"https:\/\/api.w.org\/{rel}","templated":true}]}}