{"id":2097,"date":"2026-01-22T09:32:41","date_gmt":"2026-01-22T08:32:41","guid":{"rendered":"https:\/\/shop.steel-containers.com\/produkt\/samovyklopny-kontejner-tk-1100\/"},"modified":"2026-01-28T07:59:07","modified_gmt":"2026-01-28T06:59:07","slug":"samovyklopny-kontejner-tk-1100","status":"publish","type":"product","link":"https:\/\/shop.steel-containers.com\/cs\/produkt\/samovyklopny-kontejner-tk-1100\/","title":{"rendered":"Samov\u00fdklopn\u00fd kontejner TK 1100"},"content":{"rendered":"<p>&nbsp;<\/p>\n<p>Model TK 1100 je univerz\u00e1ln\u00ed samov\u00fdklopn\u00fd kontejner, navr\u017een\u00fd jako efektivn\u00ed n\u00e1doba s v\u00fdsypem pro vysokozdvi\u017en\u00e9 voz\u00edky. Jako v\u00fdrobce kovov\u00fdch kontejner\u016f dod\u00e1v\u00e1me profesion\u00e1ln\u00ed \u0159e\u0161en\u00ed, kter\u00e1 usnad\u0148uj\u00ed ka\u017edodenn\u00ed povinnosti, urychluj\u00ed pr\u00e1ci a zvy\u0161uj\u00ed celkovou efektivitu va\u0161\u00ed firmy. <\/p>\n<h5>Robustn\u00ed konstrukce a antikorozn\u00ed ochrana<\/h5>\n<p>Zaprojektowane, by zapewnia\u0107 <strong>bezpieczne i komfortowe u\u017cytkowanie<\/strong>, <strong>kontenery samowy\u0142adowcze<\/strong> TK 1100 s\u0105 tworzone z najwy\u017csz\u0105 dba\u0142o\u015bci\u0105 oraz z wysokiej jako\u015bci materia\u0142\u00f3w. W ten spos\u00f3b tworzymy <strong>zbiorniki uniwersalne i wielozadaniowe<\/strong>. <\/p>\n<p>Konstruk\u010dn\u00ed detaily zaru\u010duj\u00edc\u00ed odolnost:<\/p>\n<ul>\n<li>Vana kontejneru: Vyrobena z odoln\u00e9ho plechu o tlou\u0161\u0165ce 3 mm.<\/li>\n<li>Z\u00e1kladna: Zes\u00edlen\u00e1 tlou\u0161\u0165ka 4 mm pro vy\u0161\u0161\u00ed stabilitu.<\/li>\n<li>V\u00fdztuhy: \u0158ada konstruk\u010dn\u00edch prvk\u016f zaji\u0161\u0165uje, \u017ee je n\u00e1dr\u017e pevn\u00e1 a trvanliv\u00e1.<\/li>\n<\/ul>\n<p>Na\u0161e samov\u00fdklopn\u00e9 kontejnery jsou lakov\u00e1ny \u201emokrou\u201c metodou s pou\u017eit\u00edm z\u00e1kladov\u00e9 a polyuretanov\u00e9 barvy. Tyto vrstvy jsou kl\u00ed\u010dovou ochranou proti korozi a pov\u011btrnostn\u00edm vliv\u016fm p\u0159i venkovn\u00edm pou\u017eit\u00ed. Hladk\u00fd povrch nav\u00edc usnad\u0148uje \u010di\u0161t\u011bn\u00ed n\u00e1doby.   <\/p>\n<h5>Funk\u010dnost a bezpe\u010dnostn\u00ed syst\u00e9my pro VZV<\/h5>\n<p>Model TK 1100 je d\u016fkazem inovace a funk\u010dnosti. Kontejner je vybaven dvojit\u00fdm syst\u00e9mem vyprazd\u0148ov\u00e1n\u00ed, kter\u00fd umo\u017e\u0148uje aktivaci v\u00fdsypu: <\/p>\n<ol>\n<li>P\u0159edn\u00edm zbijakem (automaticky p\u0159i p\u0159\u00edtlaku).<\/li>\n<li>Ru\u010dn\u00ed p\u00e1kou v zadn\u00ed \u010d\u00e1sti z\u00e1kladny.<\/li>\n<\/ol>\n<p>Bezpe\u010dnostn\u00ed prvky modelu TK 1100: <\/p>\n<ul>\n<li>Zaji\u0161\u0165ovac\u00ed patka: U lev\u00e9 kapsy na vidlice zabra\u0148uje sklouznut\u00ed kontejneru z ramen voz\u00edku.<\/li>\n<li>P\u0159epravn\u00ed z\u00e1mek: V zadn\u00ed \u010d\u00e1sti z\u00e1kladny znemo\u017e\u0148uje necht\u011bn\u00e9 naklon\u011bn\u00ed korby b\u011bhem p\u0159epravy.<\/li>\n<\/ul>\n<p>V\u00fdb\u011brem modelu TK 1100 z\u00edsk\u00e1te pr\u016fmyslov\u00fd kontejner s nejlep\u0161\u00edm pom\u011brem ceny a kvality. Pokud hled\u00e1te kontejner na \u0161rot nebo pr\u016fmyslov\u00fd odpad, je TK 1100 ide\u00e1ln\u00ed volbou. Nab\u00edz\u00edme tak\u00e9 projektov\u00e1n\u00ed a zak\u00e1zkovou v\u00fdrobu kovov\u00fdch kontejner\u016f podle va\u0161ich individu\u00e1ln\u00edch pot\u0159eb.  <\/p>\n","protected":false},"excerpt":{"rendered":"<h3><strong>Samov\u00fdklopn\u00fd kontejner<\/strong><\/h3>\n","protected":false},"featured_media":2042,"comment_status":"open","ping_status":"closed","template":"","meta":[],"product_brand":[],"product_cat":[289],"product_tag":[],"class_list":{"0":"post-2097","1":"product","2":"type-product","3":"status-publish","4":"has-post-thumbnail","6":"product_cat-tk","7":"product_shipping_class-kurier-450","9":"first","10":"instock","11":"taxable","12":"shipping-taxable","13":"purchasable","14":"product-type-simple"},"_links":{"self":[{"href":"https:\/\/shop.steel-containers.com\/cs\/wp-json\/wp\/v2\/product\/2097","targetHints":{"allow":["GET"]}}],"collection":[{"href":"https:\/\/shop.steel-containers.com\/cs\/wp-json\/wp\/v2\/product"}],"about":[{"href":"https:\/\/shop.steel-containers.com\/cs\/wp-json\/wp\/v2\/types\/product"}],"replies":[{"embeddable":true,"href":"https:\/\/shop.steel-containers.com\/cs\/wp-json\/wp\/v2\/comments?post=2097"}],"wp:featuredmedia":[{"embeddable":true,"href":"https:\/\/shop.steel-containers.com\/cs\/wp-json\/wp\/v2\/media\/2042"}],"wp:attachment":[{"href":"https:\/\/shop.steel-containers.com\/cs\/wp-json\/wp\/v2\/media?parent=2097"}],"wp:term":[{"taxonomy":"product_brand","embeddable":true,"href":"https:\/\/shop.steel-containers.com\/cs\/wp-json\/wp\/v2\/product_brand?post=2097"},{"taxonomy":"product_cat","embeddable":true,"href":"https:\/\/shop.steel-containers.com\/cs\/wp-json\/wp\/v2\/product_cat?post=2097"},{"taxonomy":"product_tag","embeddable":true,"href":"https:\/\/shop.steel-containers.com\/cs\/wp-json\/wp\/v2\/product_tag?post=2097"}],"curies":[{"name":"wp","href":"https:\/\/api.w.org\/{rel}","templated":true}]}}