{"id":2126,"date":"2026-01-22T09:32:42","date_gmt":"2026-01-22T08:32:42","guid":{"rendered":"https:\/\/shop.steel-containers.com\/produkt\/samovyklopny-kontejner-tk-2200\/"},"modified":"2026-01-22T09:32:42","modified_gmt":"2026-01-22T08:32:42","slug":"samovyklopny-kontejner-tk-2200","status":"publish","type":"product","link":"https:\/\/shop.steel-containers.com\/cs\/produkt\/samovyklopny-kontejner-tk-2200\/","title":{"rendered":"Samov\u00fdklopn\u00fd kontejner TK 2200"},"content":{"rendered":"<p data-path-to-node=\"3\">Model TK 2200 je nejv\u011bt\u0161\u00ed univerz\u00e1ln\u00ed samov\u00fdklopn\u00fd kontejner v \u0159ad\u011b, vytvo\u0159en\u00fd pro p\u0159epravu zna\u010dn\u00e9ho mno\u017estv\u00ed materi\u00e1lu pomoc\u00ed vysokozdvi\u017en\u00e9ho voz\u00edku. Toto \u0159e\u0161en\u00ed je ur\u010deno pro velk\u00e9 v\u00fdrobn\u00ed z\u00e1vody, pily a recykla\u010dn\u00ed firmy, kde je d\u00edky vysok\u00e9 nosnosti kl\u00ed\u010dov\u00e9 sn\u00ed\u017een\u00ed po\u010dtu j\u00edzd voz\u00edku. <\/p>\n<h5>Odolnost p\u0159i velk\u00fdch rozm\u011brech<\/h5>\n<p data-path-to-node=\"5\">U kontejner\u016f s takto velk\u00fdm objemem je prioritou solidnost konstrukce. Model TK 2200 je navr\u017een tak, aby bezpe\u010dn\u011b p\u0159en\u00e1\u0161el velk\u00e9 n\u00e1klady: <\/p>\n<ul data-path-to-node=\"6\">\n<li>\n<p data-path-to-node=\"6,0,0\">Panc\u00e9\u0159ov\u00e1 z\u00e1kladna: Kl\u00ed\u010dov\u00fd prvek konstrukce \u2013 z\u00e1kladna \u2013 je vyrobena ze zes\u00edlen\u00e9ho plechu o tlou\u0161\u0165ce 4 mm.<\/p>\n<\/li>\n<li>\n<p data-path-to-node=\"6,1,0\">Tuh\u00e1 n\u00e1dr\u017e: N\u00e1kladov\u00e1 \u010d\u00e1st (3mm plech) disponuje syst\u00e9mem dodate\u010dn\u00fdch v\u00fdztuh, kter\u00e9 zabra\u0148uj\u00ed deformaci st\u011bn p\u0159i pln\u00e9m zat\u00ed\u017een\u00ed t\u011b\u017ek\u00fdm materi\u00e1lem (nap\u0159. \u0161rotem nebo sut\u00ed).<\/p>\n<\/li>\n<\/ul>\n<h5>Efektivn\u00ed syst\u00e9m vyprazd\u0148ov\u00e1n\u00ed (Dual-Mode)<\/h5>\n<p data-path-to-node=\"8\">Vyprazd\u0148ov\u00e1n\u00ed takto velk\u00e9 n\u00e1doby mus\u00ed b\u00fdt jednoduch\u00e9 a bezpe\u010dn\u00e9. Model TK 2200 nab\u00edz\u00ed dva pracovn\u00ed re\u017eimy: <\/p>\n<ol start=\"1\" data-path-to-node=\"9\">\n<li>\n<p data-path-to-node=\"9,0,0\">Automatick\u00fd (\u010celn\u00ed zbijak): Obsluha p\u0159itla\u010d\u00ed p\u0159edn\u00ed zbijak k okraji hlavn\u00edho kontejneru, \u010d\u00edm\u017e uvoln\u00ed z\u00e1mek a zp\u016fsob\u00ed naklon\u011bn\u00ed. Tento mechanismus vyu\u017e\u00edv\u00e1 s\u00edlu voz\u00edku a nevy\u017eaduje fyzickou s\u00edlu oper\u00e1tora. <\/p>\n<\/li>\n<li>\n<p data-path-to-node=\"9,1,0\">Manu\u00e1ln\u00ed (P\u00e1ka): P\u00e1ka v zadn\u00ed \u010d\u00e1sti z\u00e1kladny umo\u017e\u0148uje ru\u010dn\u00ed uvoln\u011bn\u00ed v\u00fdsypu, co\u017e je u\u017eite\u010dn\u00e9 pro p\u0159esn\u00e9 vyprazd\u0148ov\u00e1n\u00ed na specifick\u00fdch m\u00edstech.<\/p>\n<\/li>\n<\/ol>\n<h5>Bezpe\u010dnost p\u0159epravy<\/h5>\n<p data-path-to-node=\"11\">P\u0159eprava velk\u00fdch n\u00e1klad\u016f vy\u017eaduje pokro\u010dil\u00e9 bezpe\u010dnostn\u00ed syst\u00e9my. TK 2200 je vybaven: <\/p>\n<ul data-path-to-node=\"12\">\n<li>\n<p data-path-to-node=\"12,0,0\">Blokovac\u00ed patka: Um\u00edst\u011bna u lev\u00e9 kapsy na vidlice, fyzicky blokuje kontejner na vidlic\u00edch a znemo\u017e\u0148uje jeho sklouznut\u00ed b\u011bhem manipulace.<\/p>\n<\/li>\n<li>\n<p data-path-to-node=\"12,1,0\">Z\u00e1mek vykl\u00e1p\u011bn\u00ed: Robustn\u00ed mechanismus v zadn\u00ed \u010d\u00e1sti z\u00e1kladny zaru\u010duje, \u017ee se n\u00e1dr\u017e samovoln\u011b neotev\u0159e p\u0159i p\u0159eprav\u011b po nerovn\u00e9m povrchu.<\/p>\n<\/li>\n<\/ul>\n<h5>Odolnost proti korozi (Indoor &amp; Outdoor)<\/h5>\n<p data-path-to-node=\"14\">Kontejner TK 2200 je uzp\u016fsoben pro celoro\u010dn\u00ed venkovn\u00ed pou\u017eit\u00ed:<\/p>\n<ul data-path-to-node=\"15\">\n<li>\n<p data-path-to-node=\"15,0,0\">Mokr\u00e9 lakov\u00e1n\u00ed: Pou\u017eit\u00ed z\u00e1kladov\u00e9 a polyuretanov\u00e9 barvy vytv\u00e1\u0159\u00ed silnou, t\u011bsnou vrstvu odolnou proti de\u0161ti, sn\u011bhu a UV z\u00e1\u0159en\u00ed.<\/p>\n<\/li>\n<li>\n<p data-path-to-node=\"15,1,0\">Snadn\u00e9 \u010di\u0161t\u011bn\u00ed: D\u00edky hladk\u00e9 struktu\u0159e lakovan\u00e9ho povrchu je \u00fadr\u017eba \u010distoty uvnit\u0159 takto velk\u00e9ho kontejneru rychl\u00e1 a bezprobl\u00e9mov\u00e1.<\/p>\n<\/li>\n<\/ul>\n","protected":false},"excerpt":{"rendered":"<h3><strong>Samov\u00fdklopn\u00fd kontejner<\/strong><\/h3>\n","protected":false},"featured_media":2042,"comment_status":"open","ping_status":"closed","template":"","meta":[],"product_brand":[],"product_cat":[289],"product_tag":[],"class_list":{"0":"post-2126","1":"product","2":"type-product","3":"status-publish","4":"has-post-thumbnail","6":"product_cat-tk","7":"product_shipping_class-kurier-590","9":"first","10":"instock","11":"taxable","12":"shipping-taxable","13":"purchasable","14":"product-type-simple"},"_links":{"self":[{"href":"https:\/\/shop.steel-containers.com\/cs\/wp-json\/wp\/v2\/product\/2126","targetHints":{"allow":["GET"]}}],"collection":[{"href":"https:\/\/shop.steel-containers.com\/cs\/wp-json\/wp\/v2\/product"}],"about":[{"href":"https:\/\/shop.steel-containers.com\/cs\/wp-json\/wp\/v2\/types\/product"}],"replies":[{"embeddable":true,"href":"https:\/\/shop.steel-containers.com\/cs\/wp-json\/wp\/v2\/comments?post=2126"}],"wp:featuredmedia":[{"embeddable":true,"href":"https:\/\/shop.steel-containers.com\/cs\/wp-json\/wp\/v2\/media\/2042"}],"wp:attachment":[{"href":"https:\/\/shop.steel-containers.com\/cs\/wp-json\/wp\/v2\/media?parent=2126"}],"wp:term":[{"taxonomy":"product_brand","embeddable":true,"href":"https:\/\/shop.steel-containers.com\/cs\/wp-json\/wp\/v2\/product_brand?post=2126"},{"taxonomy":"product_cat","embeddable":true,"href":"https:\/\/shop.steel-containers.com\/cs\/wp-json\/wp\/v2\/product_cat?post=2126"},{"taxonomy":"product_tag","embeddable":true,"href":"https:\/\/shop.steel-containers.com\/cs\/wp-json\/wp\/v2\/product_tag?post=2126"}],"curies":[{"name":"wp","href":"https:\/\/api.w.org\/{rel}","templated":true}]}}