{"id":2168,"date":"2026-01-22T09:34:03","date_gmt":"2026-01-22T08:34:03","guid":{"rendered":"https:\/\/shop.steel-containers.com\/produkt\/samovyklopny-kontejner-tk-mini-150\/"},"modified":"2026-01-22T09:34:03","modified_gmt":"2026-01-22T08:34:03","slug":"samovyklopny-kontejner-tk-mini-150","status":"publish","type":"product","link":"https:\/\/shop.steel-containers.com\/cs\/produkt\/samovyklopny-kontejner-tk-mini-150\/","title":{"rendered":"Samov\u00fdklopn\u00fd kontejner TK Mini 150"},"content":{"rendered":"<p data-path-to-node=\"4\">TK Mini 150 je kompaktn\u00ed pr\u016fmyslov\u00fd kontejner navr\u017een\u00fd jako odpov\u011b\u010f na pot\u0159eby provoz\u016f s omezen\u00fdm pracovn\u00edm prostorem. Je to jeden z nejmen\u0161\u00edch kovov\u00fdch kontejner\u016f na trhu p\u0159izp\u016fsoben\u00fdch pro vysokozdvi\u017en\u00e9 voz\u00edky, ide\u00e1ln\u00ed pro sb\u011br odpadu p\u0159\u00edmo od v\u00fdrobn\u00edch stroj\u016f, pil nebo CNC obr\u00e1b\u011bc\u00edch center. <\/p>\n<h5>Kompaktn\u00ed, ale odoln\u00e1 konstrukce<\/h5>\n<p data-path-to-node=\"6\">I p\u0159es mal\u00e9 rozm\u011bry model TK Mini 150 v ni\u010dem nezaost\u00e1v\u00e1 za sv\u00fdmi v\u011bt\u0161\u00edmi sourozenci. Kontejner byl navr\u017een s d\u016frazem na t\u011bsnost a dlouhou \u017eivotnost: <\/p>\n<ul data-path-to-node=\"7\">\n<li>\n<p data-path-to-node=\"7,0,0\">Solidn\u00ed materi\u00e1ly: Vana je vyrobena z plechu o tlou\u0161\u0165ce 2 mm, zat\u00edmco z\u00e1kladna z 3mm plechu.<\/p>\n<\/li>\n<li>\n<p data-path-to-node=\"7,1,0\">Vodot\u011bsn\u00e9 proveden\u00ed: Oboustrann\u00e9 sva\u0159ov\u00e1n\u00ed zaji\u0161\u0165uje naprostou t\u011bsnost n\u00e1dr\u017ee. D\u00edky tomu je korba skv\u011bl\u00e1 pro sb\u011br t\u0159\u00edsek s chladic\u00ed kapalinou, mokr\u00e9ho odpadu nebo drobn\u00fdch prvk\u016f bez rizika \u00faniku na podlahu. <\/p>\n<\/li>\n<li>\n<p data-path-to-node=\"7,2,0\">V\u00fdztuhy: \u0158ada dodate\u010dn\u00fdch konstruk\u010dn\u00edch v\u00fdztuh zaru\u010duje, \u017ee si n\u00e1doba zachov\u00e1 sv\u016fj tvar i p\u0159i intenzivn\u00edm pou\u017e\u00edv\u00e1n\u00ed.<\/p>\n<\/li>\n<\/ul>\n<h5>Dvojit\u00fd syst\u00e9m vyprazd\u0148ov\u00e1n\u00ed \u2013 Pohodl\u00ed a bezpe\u010dnost<\/h5>\n<p data-path-to-node=\"9\">Model TK Mini 150 nab\u00edz\u00ed flexibilitu d\u00edky dv\u011bma metod\u00e1m vyprazd\u0148ov\u00e1n\u00ed:<\/p>\n<h5>Automatick\u00e9 vyprazd\u0148ov\u00e1n\u00ed (Bezobslu\u017en\u00e9)<\/h5>\n<p data-path-to-node=\"11\">Pomoc\u00ed \u010deln\u00edho zbijaku m\u016f\u017ee obsluha vypr\u00e1zdnit kontejner bez vystupov\u00e1n\u00ed z voz\u00edku p\u0159itla\u010den\u00edm k okraji sb\u011brn\u00e9 n\u00e1doby. <\/p>\n<h5>Manu\u00e1ln\u00ed vyprazd\u0148ov\u00e1n\u00ed (S lankem)<\/h5>\n<p data-path-to-node=\"13\">Z\u00e1mek lze uvolnit pomoc\u00ed p\u00e1ky vzadu. P\u00e1ku lze ovl\u00e1dat ru\u010dn\u011b ze zem\u011b nebo d\u00e1lkov\u011b z kabiny voz\u00edku (po p\u0159ipevn\u011bn\u00ed ocelov\u00e9ho lanka), co\u017e umo\u017e\u0148uje bezpe\u010dn\u00fd v\u00fdsyp i ve v\u00fd\u0161ce.<\/p>\n<ul data-path-to-node=\"14\">\n<li>\n<p data-path-to-node=\"14,0,0\">Z\u00e1mek lze uvolnit pomoc\u00ed p\u00e1ky vzadu.<\/p>\n<\/li>\n<li>\n<p data-path-to-node=\"14,1,0\">P\u00e1ku lze ovl\u00e1dat ru\u010dn\u011b ze zem\u011b nebo d\u00e1lkov\u011b z kabiny voz\u00edku (po p\u0159ipevn\u011bn\u00ed ocelov\u00e9ho lanka), co\u017e umo\u017e\u0148uje bezpe\u010dn\u00fd v\u00fdsyp i ve v\u00fd\u0161ce. <\/p>\n<\/li>\n<\/ul>\n<h5>Bezpe\u010dnost p\u0159epravy<\/h5>\n<p data-path-to-node=\"16\">Ka\u017ed\u00e1 korba TK Mini je vybavena robustn\u00edm z\u00e1mkem, kter\u00fd zabra\u0148uje n\u00e1hodn\u00e9mu naklon\u011bn\u00ed b\u011bhem p\u0159epravy. To zaru\u010duje stabilitu n\u00e1kladu a bezpe\u010dnost obsluhy. <\/p>\n","protected":false},"excerpt":{"rendered":"<h5>Samov\u00fdklopn\u00e1 korba TK Mini 150: Nejm\u011bn\u0161\u00ed kontejner na trhu. T\u011bsn\u00e1 konstrukce, plech 2\/3mm, dvojit\u00fd v\u00fdsyp (zbijak\/p\u00e1ka). Ide\u00e1ln\u00ed pod stroje. Prov\u011b\u0159te!   <\/h5>\n","protected":false},"featured_media":2163,"comment_status":"open","ping_status":"closed","template":"","meta":[],"product_brand":[],"product_cat":[326],"product_tag":[],"class_list":{"0":"post-2168","1":"product","2":"type-product","3":"status-publish","4":"has-post-thumbnail","6":"product_cat-tk-mini","7":"product_shipping_class-kurier-390","9":"first","10":"instock","11":"taxable","12":"shipping-taxable","13":"purchasable","14":"product-type-simple"},"_links":{"self":[{"href":"https:\/\/shop.steel-containers.com\/cs\/wp-json\/wp\/v2\/product\/2168","targetHints":{"allow":["GET"]}}],"collection":[{"href":"https:\/\/shop.steel-containers.com\/cs\/wp-json\/wp\/v2\/product"}],"about":[{"href":"https:\/\/shop.steel-containers.com\/cs\/wp-json\/wp\/v2\/types\/product"}],"replies":[{"embeddable":true,"href":"https:\/\/shop.steel-containers.com\/cs\/wp-json\/wp\/v2\/comments?post=2168"}],"wp:featuredmedia":[{"embeddable":true,"href":"https:\/\/shop.steel-containers.com\/cs\/wp-json\/wp\/v2\/media\/2163"}],"wp:attachment":[{"href":"https:\/\/shop.steel-containers.com\/cs\/wp-json\/wp\/v2\/media?parent=2168"}],"wp:term":[{"taxonomy":"product_brand","embeddable":true,"href":"https:\/\/shop.steel-containers.com\/cs\/wp-json\/wp\/v2\/product_brand?post=2168"},{"taxonomy":"product_cat","embeddable":true,"href":"https:\/\/shop.steel-containers.com\/cs\/wp-json\/wp\/v2\/product_cat?post=2168"},{"taxonomy":"product_tag","embeddable":true,"href":"https:\/\/shop.steel-containers.com\/cs\/wp-json\/wp\/v2\/product_tag?post=2168"}],"curies":[{"name":"wp","href":"https:\/\/api.w.org\/{rel}","templated":true}]}}