{"id":2233,"date":"2026-01-22T09:32:42","date_gmt":"2026-01-22T08:32:42","guid":{"rendered":"https:\/\/shop.steel-containers.com\/produkt\/samovyklopny-kontejner-ntk-hd-300\/"},"modified":"2026-01-22T09:32:42","modified_gmt":"2026-01-22T08:32:42","slug":"samovyklopny-kontejner-ntk-hd-300","status":"publish","type":"product","link":"https:\/\/shop.steel-containers.com\/cs\/produkt\/samovyklopny-kontejner-ntk-hd-300\/","title":{"rendered":"Samov\u00fdklopn\u00fd kontejner NTK HD 300"},"content":{"rendered":"<p data-path-to-node=\"4\">Samov\u00fdklopn\u00fd kontejner NTK HD 300 p\u0159edstavuje pokro\u010dil\u00e9 \u0159e\u0161en\u00ed v oblasti vnitropodnikov\u00e9 dopravy, ur\u010den\u00e9 pro firmy hledaj\u00edc\u00ed nekompromisn\u00ed odolnost. Na rozd\u00edl od standardn\u00edch n\u00e1dob byla \u0159ada HD (Heavy Duty) navr\u017eena pro pr\u00e1ci v t\u011b\u017ek\u00fdch pr\u016fmyslov\u00fdch podm\u00ednk\u00e1ch, jako jsou hut\u011b, kovo\u0161roty, obrobny nebo v\u00fdrobn\u00ed z\u00e1vody. Pokud v\u00e1\u0161 vysokozdvi\u017en\u00fd voz\u00edk pot\u0159ebuje p\u0159\u00edslu\u0161enstv\u00ed, kter\u00e9 vydr\u017e\u00ed roky intenzivn\u00edho provozu, je tento model nejlep\u0161\u00ed volbou.  <\/p>\n<h2 data-path-to-node=\"5\">Z\u00e1kladem trvanlivosti tohoto modelu je pou\u017eit\u00ed vysokost\u011bnn\u00e9 oceli<\/h2>\n<p data-path-to-node=\"6\">Samov\u00fdklopn\u00e1 korba NTK HD je vyrobena z plechu o tlou\u0161\u0165ce 3 mm (n\u00e1dr\u017e), zat\u00edmco z\u00e1kladna \u2013 prvek nejv\u00edce vystaven\u00fd zat\u00ed\u017een\u00ed \u2013 je zes\u00edlena plechem o tlou\u0161\u0165ce 4 mm. Tato konfigurace zaji\u0161\u0165uje tuhost celku a odolnost proti mechanick\u00e9mu po\u0161kozen\u00ed. <\/p>\n<p data-path-to-node=\"7\">Kl\u00ed\u010dov\u00fdm aktivem je zes\u00edlen\u00fd horn\u00ed okraj. Obvodov\u00e9 vyztu\u017een\u00ed zabra\u0148uje deformaci bo\u010dnic p\u0159i pln\u00e9m zat\u00ed\u017een\u00ed t\u011b\u017ek\u00fdm materi\u00e1lem, jako je su\u0165 nebo ocelov\u00fd odpad. Kontejner je nav\u00edc oboustrann\u011b sva\u0159ovan\u00fd. Tato technologie zaru\u010duje 100% t\u011bsnost, co\u017e \u010din\u00ed tento produkt ide\u00e1ln\u00edm pro p\u0159epravu nejen pevn\u00fdch materi\u00e1l\u016f, ale tak\u00e9:   <\/p>\n<ul data-path-to-node=\"8\">\n<li>\n<p data-path-to-node=\"8,0,0\">Zaolejonych wi\u00f3r\u00f3w stalowych,<\/p>\n<\/li>\n<li>\n<p data-path-to-node=\"8,1,0\">zaolejovan\u00fdch ocelov\u00fdch t\u0159\u00edsek,<\/p>\n<\/li>\n<li>\n<p data-path-to-node=\"8,2,0\">polotekut\u00fdch odpad\u016f a kal\u016f,<\/p>\n<\/li>\n<\/ul>\n<h2 data-path-to-node=\"9\">mokr\u00e9ho p\u00edsku nebo betonu.<\/h2>\n<p data-path-to-node=\"10\">Aby zapewni\u0107 maksymaln\u0105 efektywno\u015b\u0107 pracy operatora w\u00f3zka wid\u0142owego, <b>koleba samowy\u0142adowcza NTK HD<\/b> oferuje dwa niezale\u017cne systemy opr\u00f3\u017cniania:<\/p>\n<ol start=\"1\" data-path-to-node=\"11\">\n<li>\n<p data-path-to-node=\"11,0,0\">Bezobslu\u017en\u00fd syst\u00e9m (\u010celn\u00ed zbijak): Nejrychlej\u0161\u00ed metoda pr\u00e1ce. Obsluha najede nad sb\u011brn\u00fd kontejner a spust\u00ed sto\u017e\u00e1r tak, aby zbijak v p\u0159edn\u00ed \u010d\u00e1sti korby narazil na hranu velk\u00e9ho kontejneru. To uvoln\u00ed z\u00e1mek a korba se vyklop\u00ed, ani\u017e by \u0159idi\u010d musel opustit voz\u00edk.  <\/p>\n<\/li>\n<li>\n<p data-path-to-node=\"11,1,0\">Manu\u00e1ln\u00ed syst\u00e9m (P\u00e1ka): V situac\u00edch, kde je kl\u00ed\u010dov\u00e1 p\u0159esnost, m\u016f\u017ee obsluha uvolnit z\u00e1mek ru\u010dn\u011b zata\u017een\u00edm za p\u00e1ku um\u00edst\u011bnou na zadn\u00ed st\u011bn\u011b korby (ze strany nosn\u00e9 desky voz\u00edku).<\/p>\n<\/li>\n<\/ol>\n<p data-path-to-node=\"12\">Po vypr\u00e1zdn\u011bn\u00ed obsahu se pr\u00e1zdn\u00e1 n\u00e1doba d\u00edky precizn\u00edmu vyv\u00e1\u017een\u00ed t\u011b\u017ei\u0161t\u011b samovoln\u011b vr\u00e1t\u00ed do v\u00fdchoz\u00ed polohy a automaticky se zajist\u00ed v z\u00e1mku.<\/p>\n<h2 data-path-to-node=\"13\">Bezpe\u010dnost (BOZP) je prioritou ve vnitropodnikov\u00e9 doprav\u011b<\/h2>\n<p data-path-to-node=\"14\">Proto je samov\u00fdklopn\u00fd kontejner vybaven robustn\u00ed pojistkou proti necht\u011bn\u00e9mu naklon\u011bn\u00ed b\u011bhem p\u0159epravy. Tento mechanismus eliminuje riziko n\u00e1hodn\u00e9ho vysyp\u00e1n\u00ed n\u00e1kladu p\u0159i prudk\u00e9m brzd\u011bn\u00ed nebo j\u00edzd\u011b po nerovnostech.  <\/p>\n<p data-path-to-node=\"15\">Za pozornost stoj\u00ed tak\u00e9 povrchov\u00e1 \u00faprava. N\u00e1dr\u017e je lakov\u00e1na n\u00e1st\u0159ikem vysoce kvalitn\u00ed polyuretanov\u00e9 barvy. Ve srovn\u00e1n\u00ed s b\u011b\u017en\u00fdmi z\u00e1kladov\u00fdmi barvami vytv\u00e1\u0159\u00ed polyuretan hladk\u00fd, sklovit\u00fd povrch. To zaji\u0161\u0165uje:   <\/p>\n<ul data-path-to-node=\"16\">\n<li>\n<p data-path-to-node=\"16,0,0\">v\u00fdrazn\u011b vy\u0161\u0161\u00ed odolnost proti korozi a pov\u011btrnostn\u00edm vliv\u016fm,<\/p>\n<\/li>\n<li>\n<p data-path-to-node=\"16,1,0\">ochranu proti p\u016fsoben\u00ed olej\u016f a maziv,<\/p>\n<\/li>\n<li>\n<p data-path-to-node=\"16,2,0\">snadnou \u00fadr\u017ebu \u010distoty (syst\u00e9m \u201eeasy-clean\u201c) \u2013 ne\u010distoty na hladk\u00e9m povrchu neulp\u00edvaj\u00ed.<\/p>\n<\/li>\n<\/ul>\n","protected":false},"excerpt":{"rendered":"<p>Samov\u00fdklopn\u00fd kontejner NTK HD 300 je spolehliv\u00e1 n\u00e1dr\u017e pro vysokozdvi\u017en\u00e9 voz\u00edky, navr\u017een\u00e1 speci\u00e1ln\u011b pro p\u0159epravu materi\u00e1l\u016f v nejt\u011b\u017e\u0161\u00edch pr\u016fmyslov\u00fdch podm\u00ednk\u00e1ch. Pokud hled\u00e1te vybaven\u00ed, kter\u00e9 vydr\u017e\u00ed roky intenzivn\u00edho pou\u017e\u00edv\u00e1n\u00ed, je tento model t\u0159\u00eddy Heavy Duty odpov\u011bd\u00ed na va\u0161e pot\u0159eby. Konstrukce vynik\u00e1 panc\u00e9\u0159ovou stavbou \u2013 st\u011bny jsou vyrobeny z plechu o tlou\u0161\u0165ce 3 mm, zat\u00edmco z\u00e1kladna je zes\u00edlena 4mm plechem. Horn\u00ed hrana m\u00e1 nav\u00edc speci\u00e1ln\u00ed v\u00fdztuhu, d\u00edky \u010demu\u017e je cel\u00fd kontejner extr\u00e9mn\u011b stabiln\u00ed a odoln\u00fd proti mechanick\u00fdm deformac\u00edm.   <\/p>\n","protected":false},"featured_media":2229,"comment_status":"open","ping_status":"closed","template":"","meta":[],"product_brand":[],"product_cat":[410],"product_tag":[],"class_list":{"0":"post-2233","1":"product","2":"type-product","3":"status-publish","4":"has-post-thumbnail","6":"product_cat-ntk-hd","7":"product_shipping_class-kurier-390","9":"first","10":"instock","11":"taxable","12":"shipping-taxable","13":"purchasable","14":"product-type-simple"},"_links":{"self":[{"href":"https:\/\/shop.steel-containers.com\/cs\/wp-json\/wp\/v2\/product\/2233","targetHints":{"allow":["GET"]}}],"collection":[{"href":"https:\/\/shop.steel-containers.com\/cs\/wp-json\/wp\/v2\/product"}],"about":[{"href":"https:\/\/shop.steel-containers.com\/cs\/wp-json\/wp\/v2\/types\/product"}],"replies":[{"embeddable":true,"href":"https:\/\/shop.steel-containers.com\/cs\/wp-json\/wp\/v2\/comments?post=2233"}],"wp:featuredmedia":[{"embeddable":true,"href":"https:\/\/shop.steel-containers.com\/cs\/wp-json\/wp\/v2\/media\/2229"}],"wp:attachment":[{"href":"https:\/\/shop.steel-containers.com\/cs\/wp-json\/wp\/v2\/media?parent=2233"}],"wp:term":[{"taxonomy":"product_brand","embeddable":true,"href":"https:\/\/shop.steel-containers.com\/cs\/wp-json\/wp\/v2\/product_brand?post=2233"},{"taxonomy":"product_cat","embeddable":true,"href":"https:\/\/shop.steel-containers.com\/cs\/wp-json\/wp\/v2\/product_cat?post=2233"},{"taxonomy":"product_tag","embeddable":true,"href":"https:\/\/shop.steel-containers.com\/cs\/wp-json\/wp\/v2\/product_tag?post=2233"}],"curies":[{"name":"wp","href":"https:\/\/api.w.org\/{rel}","templated":true}]}}