{"id":2327,"date":"2026-01-22T09:34:33","date_gmt":"2026-01-22T08:34:33","guid":{"rendered":"https:\/\/shop.steel-containers.com\/produkt\/fork-poloelektricky-nuzkovy-paletovy-vozik-prsp1000s\/"},"modified":"2026-03-13T08:29:05","modified_gmt":"2026-03-13T07:29:05","slug":"fork-poloelektricky-nuzkovy-paletovy-vozik-prsp1000s","status":"publish","type":"product","link":"https:\/\/shop.steel-containers.com\/cs\/produkt\/fork-poloelektricky-nuzkovy-paletovy-vozik-prsp1000s\/","title":{"rendered":"FORK Poloelektrick\u00fd n\u016f\u017ekov\u00fd paletov\u00fd voz\u00edk PRSP1000S"},"content":{"rendered":"<p>P\u0159et\u011b\u017eov\u00e1n\u00ed pracovn\u00edk\u016f spojen\u00e9 s \u010dast\u00fdm zved\u00e1n\u00edm, polohov\u00e1n\u00edm nebo p\u0159en\u00e1\u0161en\u00edm t\u011b\u017ek\u00fdch b\u0159emen m\u00e1 v\u00fdznamn\u00fd dopad na jejich zdrav\u00ed. V takov\u00fdch situac\u00edch jsou ide\u00e1ln\u00edm \u0159e\u0161en\u00edm poloelektrick\u00e9 n\u016f\u017ekov\u00e9 paletov\u00e9 voz\u00edky z nab\u00eddky FORK. \u0160irok\u00fd rozsah nosnost\u00ed a v\u00fd\u0161ek zdvihu zaru\u010duje, \u017ee si ka\u017ed\u00fd z\u00e1kazn\u00edk vybere produkt nejl\u00e9pe odpov\u00eddaj\u00edc\u00ed jeho pot\u0159eb\u00e1m. N\u016f\u017ekov\u00fd paletov\u00fd voz\u00edk lze vyu\u017e\u00edvat jak jako ru\u010dn\u00ed paletov\u00fd voz\u00edk, tak i jako zdvihac\u00ed pracovn\u00ed plo\u0161inu, balic\u00ed st\u016fl nebo dokonce pracovn\u00ed st\u016fl do d\u00edlny.<\/p>\n<p>Poloelektrick\u00e9 n\u016f\u017ekov\u00e9 paletov\u00e9 voz\u00edky kombinuj\u00ed elektrick\u00e9 zdvih\u00e1n\u00ed s ru\u010dn\u00edm pojezdem. To znamen\u00e1, \u017ee zdvih vidl\u00ed je ovl\u00e1d\u00e1n elektricky, zat\u00edmco \u0159\u00edzen\u00ed a man\u00e9vrov\u00e1n\u00ed prob\u00edh\u00e1 ru\u010dn\u011b.<\/p>\n<p><strong>Poloelektrick\u00fd n\u016f\u017ekov\u00fd paletov\u00fd voz\u00edk PRSP1000S:<br \/>\n<\/strong><\/p>\n<ul>\n<li style=\"list-style-type: none;\">\n<ul>\n<li>Nosnost: 1 000 kg<\/li>\n<li>V\u00fd\u0161ka zdvihu: 800 mm<\/li>\n<li><strong>Robustn\u00ed vidle odoln\u00e9 vysok\u00e9mu zat\u00ed\u017een\u00ed, s mo\u017enost\u00ed nastaven\u00ed pro p\u0159izp\u016fsoben\u00ed r\u016fzn\u00fdm rozm\u011br\u016fm<br \/>\n<\/strong><\/li>\n<li>P\u0159etlakov\u00fd ventil a bezpe\u010dnostn\u00ed p\u0159et\u011b\u017eovac\u00ed ventil chr\u00e1n\u00edc\u00ed \u010derpadlo p\u0159i p\u0159ekro\u010den\u00ed maxim\u00e1ln\u00ed nosnosti<\/li>\n<li>Uzav\u0159en\u00e9 konce vidl\u00ed a zes\u00edlen\u00e9 r\u00e1my vidl\u00ed zaji\u0161\u0165uj\u00edc\u00ed dlouhou \u017eivotnost<\/li>\n<\/ul>\n<\/li>\n<\/ul>\n<p>&nbsp;<\/p>\n<p>Tento typ paletov\u00fdch voz\u00edk\u016f p\u0159in\u00e1\u0161\u00ed \u0159adu v\u00fdhod, jako je sn\u00ed\u017een\u00ed fyzick\u00e9 z\u00e1t\u011b\u017ee obsluhy, zv\u00fd\u0161en\u00ed produktivity a vy\u0161\u0161\u00ed \u00farove\u0148 bezpe\u010dnosti, co\u017e z n\u011bj \u010din\u00ed nepostradateln\u00fd n\u00e1stroj pro optimalizaci pracovn\u00edch proces\u016f.<\/p>\n","protected":false},"excerpt":{"rendered":"<p>Poloelektrick\u00fd n\u016f\u017ekov\u00fd paletov\u00fd voz\u00edk FORK PRSP1000S \u2013 nosnost 1 000 kg, zdvih 800 mm<\/p>\n","protected":false},"featured_media":2324,"comment_status":"open","ping_status":"closed","template":"","meta":[],"product_brand":[],"product_cat":[521],"product_tag":[],"class_list":{"0":"post-2327","1":"product","2":"type-product","3":"status-publish","4":"has-post-thumbnail","6":"product_cat-elektricke-paletove-voziky","7":"product_shipping_class-kurier-450","9":"first","10":"instock","11":"taxable","12":"shipping-taxable","13":"purchasable","14":"product-type-simple"},"_links":{"self":[{"href":"https:\/\/shop.steel-containers.com\/cs\/wp-json\/wp\/v2\/product\/2327","targetHints":{"allow":["GET"]}}],"collection":[{"href":"https:\/\/shop.steel-containers.com\/cs\/wp-json\/wp\/v2\/product"}],"about":[{"href":"https:\/\/shop.steel-containers.com\/cs\/wp-json\/wp\/v2\/types\/product"}],"replies":[{"embeddable":true,"href":"https:\/\/shop.steel-containers.com\/cs\/wp-json\/wp\/v2\/comments?post=2327"}],"wp:featuredmedia":[{"embeddable":true,"href":"https:\/\/shop.steel-containers.com\/cs\/wp-json\/wp\/v2\/media\/2324"}],"wp:attachment":[{"href":"https:\/\/shop.steel-containers.com\/cs\/wp-json\/wp\/v2\/media?parent=2327"}],"wp:term":[{"taxonomy":"product_brand","embeddable":true,"href":"https:\/\/shop.steel-containers.com\/cs\/wp-json\/wp\/v2\/product_brand?post=2327"},{"taxonomy":"product_cat","embeddable":true,"href":"https:\/\/shop.steel-containers.com\/cs\/wp-json\/wp\/v2\/product_cat?post=2327"},{"taxonomy":"product_tag","embeddable":true,"href":"https:\/\/shop.steel-containers.com\/cs\/wp-json\/wp\/v2\/product_tag?post=2327"}],"curies":[{"name":"wp","href":"https:\/\/api.w.org\/{rel}","templated":true}]}}