{"id":2343,"date":"2026-01-22T09:34:43","date_gmt":"2026-01-22T08:34:43","guid":{"rendered":"https:\/\/shop.steel-containers.com\/produkt\/fork-elektricky-paletovy-vozik-pre15\/"},"modified":"2026-03-13T08:23:23","modified_gmt":"2026-03-13T07:23:23","slug":"fork-elektricky-paletovy-vozik-pre15","status":"publish","type":"product","link":"https:\/\/shop.steel-containers.com\/cs\/produkt\/fork-elektricky-paletovy-vozik-pre15\/","title":{"rendered":"FORK Elektrick\u00fd paletov\u00fd voz\u00edk PRE15"},"content":{"rendered":"<p>Elektrick\u00e9 paletov\u00e9 voz\u00edky jsou vybaveny lithium-iontov\u00fdmi akumul\u00e1tory. Elektrick\u00fd paletov\u00fd voz\u00edk FORK s lithium-iontovou bateri\u00ed je modern\u00ed \u0159e\u0161en\u00ed, kter\u00e9 pom\u00e1h\u00e1 skladov\u00fdm pracovn\u00edk\u016fm zvedat a p\u0159epravovat palety bez nutnosti fyzick\u00e9 n\u00e1mahy.<\/p>\n<p>Lithium-iontov\u00fd akumul\u00e1tor nap\u00e1j\u00ed mechanismy zdvihu i pojezdu. Tato modern\u00ed technologie akumul\u00e1tor\u016f nab\u00edz\u00ed oproti tradi\u010dn\u00edm olov\u011bn\u00fdm bateri\u00edm \u0159adu v\u00fdhod. Mezi hlavn\u00ed p\u0159ednosti lithium-iontov\u00fdch bateri\u00ed pro paletov\u00e9 voz\u00edky pat\u0159\u00ed a\u017e t\u0159ikr\u00e1t del\u0161\u00ed \u017eivotnost, ni\u017e\u0161\u00ed hmotnost a jednodu\u0161\u0161\u00ed \u00fadr\u017eba za\u0159\u00edzen\u00ed.<\/p>\n<p><strong>Elektrick\u00fd paletov\u00fd voz\u00edk s lithium-iontovou bateri\u00ed PRE15:<br \/>\n<\/strong><\/p>\n<ul>\n<li>Nosnost: 1 500 kg<\/li>\n<li>D\u00e9lka vidl\u00ed: 1 150 mm<\/li>\n<li>Kompaktn\u00ed a odoln\u00e1 konstrukce \u2013 kryt je vyroben z pevn\u00fdch materi\u00e1l\u016f, odoln\u00fdch proti ohybu a deformaci<\/li>\n<li>Snadn\u00e9 ovl\u00e1d\u00e1n\u00ed \u2013 ergonomick\u00e1 rukoje\u0165<\/li>\n<li>Re\u017eim \u201e\u017eelv\u00ed rychlosti\u201c \u2013 p\u0159ep\u00edn\u00e1n\u00ed mezi rychl\u00fdm a pomal\u00fdm pojezdem pro bezpe\u010dn\u011bj\u0161\u00ed pr\u00e1ci<\/li>\n<li>Nejkompaktn\u011bj\u0161\u00ed stroj ve sv\u00e9 t\u0159\u00edd\u011b p\u0159i stejn\u00e9 nosnosti \u2013 ide\u00e1ln\u00ed pro mal\u00e9 pracovn\u00ed prostory, jako jsou mal\u00e9 d\u00edlny, sklady, n\u00e1kladn\u00ed automobily nebo dod\u00e1vky<\/li>\n<li>Unik\u00e1tn\u00ed konstrukce vidl\u00ed \u2013 snadn\u00e1 manipulace s europaletami, americk\u00fdmi paletami i plastov\u00fdmi paletami; tuh\u00e1 konstrukce bez deformac\u00ed zaji\u0161\u0165uje dlouhou \u017eivotnost<\/li>\n<li>Rychl\u00e9 nab\u00edjen\u00ed \u2013 p\u0159ibli\u017en\u011b 2 hodiny do pln\u00e9ho nabit\u00ed akumul\u00e1toru<\/li>\n<li>Dlouh\u00e1 \u017eivotnost \u2013 lithium-iontov\u00e1 baterie zaji\u0161\u0165uje dlouhodob\u00fd provoz<\/li>\n<li>Vysok\u00e1 \u00farove\u0148 bezpe\u010dnosti \u2013 vestav\u011bn\u00fd ochrann\u00fd panel a v\u00edcen\u00e1sobn\u00e9 bezpe\u010dnostn\u00ed prvky chr\u00e1n\u00ed proti p\u0159ebit\u00ed a hlubok\u00e9mu vybit\u00ed<\/li>\n<li>Zes\u00edlen\u00e9 prvky \u2013 ochrann\u00fd n\u00e1razn\u00edk, r\u00e1m kol a op\u011brn\u00e9 sedlo<\/li>\n<li>D\u00edky z\u00e1lo\u017en\u00edmu akumul\u00e1toru m\u016f\u017ee za\u0159\u00edzen\u00ed pracovat nep\u0159etr\u017eit\u011b a\u017e 24 hodin<\/li>\n<\/ul>\n<p>Automatizovan\u00e1 v\u00fdroba paletov\u00fdch voz\u00edk\u016f zaji\u0161\u0165uje vysokou kvalitu v ka\u017ed\u00e9m detailu. Modern\u00ed v\u00fdrobn\u00ed technologie pou\u017e\u00edvan\u00e9 p\u0159i produkci \u010din\u00ed tyto paletov\u00e9 voz\u00edky spolehliv\u00fdmi pomocn\u00edky pro ka\u017edodenn\u00ed provoz.<\/p>\n<p>Paletov\u00e9 voz\u00edky pat\u0159\u00ed mezi nejroz\u0161\u00ed\u0159en\u011bj\u0161\u00ed \u0159e\u0161en\u00ed pro manipulaci s paletami po cel\u00e9m sv\u011bt\u011b. P\u0159edstavuj\u00ed jednoduch\u00fd, ale velmi univerz\u00e1ln\u00ed zp\u016fsob, jak p\u0159esouvat, organizovat a ukl\u00e1dat zbo\u017e\u00ed ve skladu. Ergonomick\u00e1 konstrukce elektrick\u00e9ho paletov\u00e9ho voz\u00edku umo\u017e\u0148uje snadnou manipulaci i s velmi t\u011b\u017ek\u00fdmi p\u0159edm\u011bty p\u0159i minim\u00e1ln\u00ed fyzick\u00e9 n\u00e1maze a sni\u017euje pot\u0159ebu lidsk\u00e9 pr\u00e1ce.<\/p>\n","protected":false},"excerpt":{"rendered":"<p>Elektrick\u00fd paletov\u00fd voz\u00edk FORK PRE15 \u2013 lithium-iontov\u00e1 baterie, nosnost 1 500 kg<\/p>\n","protected":false},"featured_media":2342,"comment_status":"open","ping_status":"closed","template":"","meta":[],"product_brand":[],"product_cat":[521],"product_tag":[],"class_list":{"0":"post-2343","1":"product","2":"type-product","3":"status-publish","4":"has-post-thumbnail","6":"product_cat-elektricke-paletove-voziky","7":"product_shipping_class-kurier-450","9":"first","10":"instock","11":"taxable","12":"shipping-taxable","13":"purchasable","14":"product-type-simple"},"_links":{"self":[{"href":"https:\/\/shop.steel-containers.com\/cs\/wp-json\/wp\/v2\/product\/2343","targetHints":{"allow":["GET"]}}],"collection":[{"href":"https:\/\/shop.steel-containers.com\/cs\/wp-json\/wp\/v2\/product"}],"about":[{"href":"https:\/\/shop.steel-containers.com\/cs\/wp-json\/wp\/v2\/types\/product"}],"replies":[{"embeddable":true,"href":"https:\/\/shop.steel-containers.com\/cs\/wp-json\/wp\/v2\/comments?post=2343"}],"wp:featuredmedia":[{"embeddable":true,"href":"https:\/\/shop.steel-containers.com\/cs\/wp-json\/wp\/v2\/media\/2342"}],"wp:attachment":[{"href":"https:\/\/shop.steel-containers.com\/cs\/wp-json\/wp\/v2\/media?parent=2343"}],"wp:term":[{"taxonomy":"product_brand","embeddable":true,"href":"https:\/\/shop.steel-containers.com\/cs\/wp-json\/wp\/v2\/product_brand?post=2343"},{"taxonomy":"product_cat","embeddable":true,"href":"https:\/\/shop.steel-containers.com\/cs\/wp-json\/wp\/v2\/product_cat?post=2343"},{"taxonomy":"product_tag","embeddable":true,"href":"https:\/\/shop.steel-containers.com\/cs\/wp-json\/wp\/v2\/product_tag?post=2343"}],"curies":[{"name":"wp","href":"https:\/\/api.w.org\/{rel}","templated":true}]}}