{"id":2369,"date":"2026-01-22T09:34:43","date_gmt":"2026-01-22T08:34:43","guid":{"rendered":"https:\/\/shop.steel-containers.com\/produkt\/fork-elektricky-paletovy-vozik-pre15-15g\/"},"modified":"2026-03-13T08:24:52","modified_gmt":"2026-03-13T07:24:52","slug":"fork-elektricky-paletovy-vozik-pre15-15g","status":"publish","type":"product","link":"https:\/\/shop.steel-containers.com\/cs\/produkt\/fork-elektricky-paletovy-vozik-pre15-15g\/","title":{"rendered":"FORK Elektrick\u00fd paletov\u00fd voz\u00edk PRE15-15G"},"content":{"rendered":"<p>Elektrick\u00e9 paletov\u00e9 voz\u00edky jsou vybaveny lithium-iontov\u00fdmi akumul\u00e1tory. Elektrick\u00fd paletov\u00fd voz\u00edk FORK PRE15-15G s lithium-iontovou bateri\u00ed je modern\u00ed elektrick\u00e9 manipula\u010dn\u00ed za\u0159\u00edzen\u00ed, kter\u00e9 pom\u00e1h\u00e1 skladov\u00fdm pracovn\u00edk\u016fm zvedat a p\u0159epravovat palety bez nutnosti fyzick\u00e9 n\u00e1mahy. Lithium-iontov\u00fd akumul\u00e1tor nap\u00e1j\u00ed mechanismy zdvihu i pojezdu.<\/p>\n<p>Lithium-iontov\u00e9 baterie p\u0159edstavuj\u00ed modern\u00ed technologii akumul\u00e1tor\u016f a nab\u00edzej\u00ed \u0159adu v\u00fdhod oproti tradi\u010dn\u00edm olov\u011bn\u00fdm bateri\u00edm. Mezi hlavn\u00ed p\u0159ednosti lithium-iontov\u00fdch bateri\u00ed pro paletov\u00e9 voz\u00edky pat\u0159\u00ed a\u017e t\u0159ikr\u00e1t del\u0161\u00ed \u017eivotnost, ni\u017e\u0161\u00ed hmotnost a jednodu\u0161\u0161\u00ed \u00fadr\u017eba za\u0159\u00edzen\u00ed.<\/p>\n<p>Paletov\u00fd voz\u00edk je jednoduch\u00fd, \u00fa\u010dinn\u00fd a nepostradateln\u00fd n\u00e1stroj pro pou\u017eit\u00ed v r\u016fzn\u00fdch odv\u011btv\u00edch a pracovn\u00edch prost\u0159ed\u00edch.<br \/>\n<strong>Del\u0161\u00ed vidle umo\u017e\u0148uj\u00ed sou\u010dasnou manipulaci s v\u011bt\u0161\u00edmi n\u00e1klady nebo s v\u00edce paletami najednou.<br \/>\n<\/strong><\/p>\n<p><strong>Elektrick\u00fd paletov\u00fd voz\u00edk PRE15-15G s lithium-iontovou bateri\u00ed:<br \/>\n<\/strong><\/p>\n<p>&nbsp;<\/p>\n<ul>\n<li>Nosnost: 1 500 kg<\/li>\n<li>D\u00e9lka vidl\u00ed: 1 500 mm<\/li>\n<li>Kompaktn\u00ed a odoln\u00e1 konstrukce \u2013 kryt je vyroben z pevn\u00fdch materi\u00e1l\u016f, odoln\u00fdch proti ohybu a deformaci<\/li>\n<li>Snadn\u00e9 ovl\u00e1d\u00e1n\u00ed \u2013 ergonomick\u00e1 rukoje\u0165<\/li>\n<li>Re\u017eim \u201e\u017eelv\u00ed rychlosti\u201c \u2013 p\u0159ep\u00edn\u00e1n\u00ed mezi rychl\u00fdm a pomal\u00fdm pojezdem pro bezpe\u010dn\u011bj\u0161\u00ed pr\u00e1ci<\/li>\n<li>Nejkombaktn\u011bj\u0161\u00ed stroj ve sv\u00e9 t\u0159\u00edd\u011b p\u0159i stejn\u00e9 nosnosti \u2013 ide\u00e1ln\u00ed pro mal\u00e9 pracovn\u00ed prostory, jako jsou mal\u00e9 d\u00edlny, sklady, n\u00e1kladn\u00ed automobily nebo dod\u00e1vky<\/li>\n<li>Unik\u00e1tn\u00ed konstrukce vidl\u00ed \u2013 snadn\u00e1 manipulace s europaletami, americk\u00fdmi paletami i plastov\u00fdmi paletami; tuh\u00e1 konstrukce bez deformac\u00ed zaji\u0161\u0165uje vysokou \u017eivotnost<\/li>\n<li>Rychl\u00e9 nab\u00edjen\u00ed \u2013 p\u0159ibli\u017en\u011b 2 hodiny do pln\u00e9ho nabit\u00ed akumul\u00e1toru<\/li>\n<li>Dlouh\u00e1 \u017eivotnost \u2013 lithium-iontov\u00e1 baterie zaji\u0161\u0165uje dlouhodob\u00fd provoz<\/li>\n<li>Vysok\u00e1 \u00farove\u0148 bezpe\u010dnosti \u2013 vestav\u011bn\u00fd ochrann\u00fd panel a v\u00edcen\u00e1sobn\u00e9 bezpe\u010dnostn\u00ed prvky chr\u00e1n\u00ed proti p\u0159ebit\u00ed a nadm\u011brn\u00e9mu vybit\u00ed<\/li>\n<li>Zes\u00edlen\u00e9 prvky \u2013 n\u00e1razn\u00edk, r\u00e1m kol a op\u011brn\u00e9 sedlo<\/li>\n<li>D\u00edky z\u00e1lo\u017en\u00edmu akumul\u00e1toru m\u016f\u017ee za\u0159\u00edzen\u00ed pracovat nep\u0159etr\u017eit\u011b a\u017e 24 hodin<\/li>\n<\/ul>\n","protected":false},"excerpt":{"rendered":"<p>Elektrick\u00fd paletov\u00fd voz\u00edk FORK PRE15-15G s lithium-iontovou bateri\u00ed. Nosnost 1 500 kg, prodlou\u017een\u00e9 vidle 1 500 mm, kompaktn\u00ed a odoln\u00e1 konstrukce, re\u017eim \u201e\u017eelv\u00ed rychlosti\u201c, rychl\u00e9 nab\u00edjen\u00ed a vysok\u00e1 \u00farove\u0148 bezpe\u010dnosti. Ide\u00e1ln\u00ed \u0159e\u0161en\u00ed pro manipulaci s v\u011bt\u0161\u00edmi n\u00e1klady a v\u00edce paletami.<\/p>\n","protected":false},"featured_media":2368,"comment_status":"open","ping_status":"closed","template":"","meta":[],"product_brand":[],"product_cat":[521],"product_tag":[],"class_list":{"0":"post-2369","1":"product","2":"type-product","3":"status-publish","4":"has-post-thumbnail","6":"product_cat-elektricke-paletove-voziky","7":"product_shipping_class-kurier-450","9":"first","10":"instock","11":"taxable","12":"shipping-taxable","13":"purchasable","14":"product-type-simple"},"_links":{"self":[{"href":"https:\/\/shop.steel-containers.com\/cs\/wp-json\/wp\/v2\/product\/2369","targetHints":{"allow":["GET"]}}],"collection":[{"href":"https:\/\/shop.steel-containers.com\/cs\/wp-json\/wp\/v2\/product"}],"about":[{"href":"https:\/\/shop.steel-containers.com\/cs\/wp-json\/wp\/v2\/types\/product"}],"replies":[{"embeddable":true,"href":"https:\/\/shop.steel-containers.com\/cs\/wp-json\/wp\/v2\/comments?post=2369"}],"wp:featuredmedia":[{"embeddable":true,"href":"https:\/\/shop.steel-containers.com\/cs\/wp-json\/wp\/v2\/media\/2368"}],"wp:attachment":[{"href":"https:\/\/shop.steel-containers.com\/cs\/wp-json\/wp\/v2\/media?parent=2369"}],"wp:term":[{"taxonomy":"product_brand","embeddable":true,"href":"https:\/\/shop.steel-containers.com\/cs\/wp-json\/wp\/v2\/product_brand?post=2369"},{"taxonomy":"product_cat","embeddable":true,"href":"https:\/\/shop.steel-containers.com\/cs\/wp-json\/wp\/v2\/product_cat?post=2369"},{"taxonomy":"product_tag","embeddable":true,"href":"https:\/\/shop.steel-containers.com\/cs\/wp-json\/wp\/v2\/product_tag?post=2369"}],"curies":[{"name":"wp","href":"https:\/\/api.w.org\/{rel}","templated":true}]}}