{"id":2443,"date":"2026-01-22T09:34:31","date_gmt":"2026-01-22T08:34:31","guid":{"rendered":"https:\/\/shop.steel-containers.com\/produkt\/fork-rucni-vysokozdvizny-paletovy-vozik-gm15-20\/"},"modified":"2026-03-13T10:13:04","modified_gmt":"2026-03-13T09:13:04","slug":"fork-rucni-vysokozdvizny-paletovy-vozik-gm15-20","status":"publish","type":"product","link":"https:\/\/shop.steel-containers.com\/cs\/produkt\/fork-rucni-vysokozdvizny-paletovy-vozik-gm15-20\/","title":{"rendered":"FORK Ru\u010dn\u00ed vysokozdvi\u017en\u00fd paletov\u00fd voz\u00edk GM15-20"},"content":{"rendered":"<p>Standardn\u00ed ru\u010dn\u00ed vysokozdvi\u017en\u00fd paletov\u00fd voz\u00edk FORK GM15-20 je ur\u010den pro p\u0159epravu a zved\u00e1n\u00ed n\u00e1klad\u016f. D\u00edky r\u016fzn\u00fdm variant\u00e1m sto\u017e\u00e1r\u016f a nosnostem dok\u00e1\u017ee splnit \u0161irok\u00e9 spektrum manipula\u010dn\u00edch \u00fakol\u016f ve skladech a dal\u0161\u00edch provozech.<\/p>\n<ul>\n<li>Nosnost: 1 500 kg<\/li>\n<li>V\u00fd\u0161ka zdvihu: 2 000 mm<\/li>\n<li>Snadn\u00e1 a pohodln\u00e1 obsluha d\u00edky ergonomick\u00fdm rukojet\u00edm a lehk\u00e9mu veden\u00ed p\u0159i p\u0159eprav\u011b<\/li>\n<li>Bezpe\u010dn\u00e9 parkov\u00e1n\u00ed v ka\u017ed\u00e9 situaci d\u00edky mechanick\u00e9 parkovac\u00ed brzd\u011b<\/li>\n<\/ul>\n<p><strong>Hlavn\u00ed v\u00fdhody ru\u010dn\u00edch vysokozdvi\u017en\u00fdch voz\u00edk\u016f:<br \/>\n<\/strong><\/p>\n<ul>\n<li>Ergonomick\u00e1 konstrukce rukojeti, snadn\u00e9 ovl\u00e1d\u00e1n\u00ed a pohodln\u00e1 obsluha<\/li>\n<li>Kola vysok\u00e9 kvality<\/li>\n<li>Jednoduch\u00e1 konstrukce umo\u017e\u0148uj\u00edc\u00ed pou\u017e\u00edvat za\u0159\u00edzen\u00ed jako spolehliv\u00e9ho pomocn\u00edka v ka\u017ed\u00e9m skladu<\/li>\n<li>Konstrukce z vysoce pevn\u00e9 oceli<\/li>\n<li>Optim\u00e1ln\u00ed pom\u011br kvality a ceny<\/li>\n<li>Ekonomick\u00e1 volba pro mal\u00e9 firmy nebo soukrom\u00e9 osoby s men\u0161\u00edm skladem<\/li>\n<\/ul>\n","protected":false},"excerpt":{"rendered":"<p>Ru\u010dn\u00ed vysokozdvi\u017en\u00fd paletov\u00fd voz\u00edk FORK GM15-20 s nosnost\u00ed 1 500 kg a v\u00fd\u0161kou zdvihu 2 000 mm. Jednoduch\u00e9, spolehliv\u00e9 a cenov\u011b dostupn\u00e9 \u0159e\u0161en\u00ed pro z\u00e1kladn\u00ed manipula\u010dn\u00ed pr\u00e1ce ve skladech a men\u0161\u00edch provozech.<\/p>\n","protected":false},"featured_media":2442,"comment_status":"open","ping_status":"closed","template":"","meta":[],"product_brand":[],"product_cat":[519],"product_tag":[],"class_list":{"0":"post-2443","1":"product","2":"type-product","3":"status-publish","4":"has-post-thumbnail","6":"product_cat-rucni-vysokozdvizne-voziky","7":"product_shipping_class-kurier-450","9":"first","10":"instock","11":"taxable","12":"shipping-taxable","13":"purchasable","14":"product-type-simple"},"_links":{"self":[{"href":"https:\/\/shop.steel-containers.com\/cs\/wp-json\/wp\/v2\/product\/2443","targetHints":{"allow":["GET"]}}],"collection":[{"href":"https:\/\/shop.steel-containers.com\/cs\/wp-json\/wp\/v2\/product"}],"about":[{"href":"https:\/\/shop.steel-containers.com\/cs\/wp-json\/wp\/v2\/types\/product"}],"replies":[{"embeddable":true,"href":"https:\/\/shop.steel-containers.com\/cs\/wp-json\/wp\/v2\/comments?post=2443"}],"wp:featuredmedia":[{"embeddable":true,"href":"https:\/\/shop.steel-containers.com\/cs\/wp-json\/wp\/v2\/media\/2442"}],"wp:attachment":[{"href":"https:\/\/shop.steel-containers.com\/cs\/wp-json\/wp\/v2\/media?parent=2443"}],"wp:term":[{"taxonomy":"product_brand","embeddable":true,"href":"https:\/\/shop.steel-containers.com\/cs\/wp-json\/wp\/v2\/product_brand?post=2443"},{"taxonomy":"product_cat","embeddable":true,"href":"https:\/\/shop.steel-containers.com\/cs\/wp-json\/wp\/v2\/product_cat?post=2443"},{"taxonomy":"product_tag","embeddable":true,"href":"https:\/\/shop.steel-containers.com\/cs\/wp-json\/wp\/v2\/product_tag?post=2443"}],"curies":[{"name":"wp","href":"https:\/\/api.w.org\/{rel}","templated":true}]}}