{"id":2479,"date":"2026-01-22T09:34:32","date_gmt":"2026-01-22T08:34:32","guid":{"rendered":"https:\/\/shop.steel-containers.com\/produkt\/fork-nuzkovy-zvedaci-stul-hdg1000a\/"},"modified":"2026-03-13T08:33:05","modified_gmt":"2026-03-13T07:33:05","slug":"fork-nuzkovy-zvedaci-stul-hdg1000a","status":"publish","type":"product","link":"https:\/\/shop.steel-containers.com\/cs\/produkt\/fork-nuzkovy-zvedaci-stul-hdg1000a\/","title":{"rendered":"FORK N\u016f\u017ekov\u00fd zvedac\u00ed st\u016fl HDG1000A"},"content":{"rendered":"<p>Ru\u010dn\u00ed nebo hydraulick\u00fd n\u016f\u017ekov\u00fd zvedac\u00ed st\u016fl nach\u00e1z\u00ed uplatn\u011bn\u00ed v servisech, gar\u00e1\u017e\u00edch, v\u00fdrobn\u00edch z\u00e1vodech, tov\u00e1rn\u00e1ch, skladech a dal\u0161\u00edch provozech. Hydraulick\u00e9 pracovn\u00ed stoly jsou snadn\u00e9 a pohodln\u00e9 na pou\u017e\u00edv\u00e1n\u00ed v ka\u017ed\u00e9 firm\u011b. Zvedac\u00ed pracovn\u00ed stoly jsou ur\u010deny pro pr\u00e1ci s vysok\u00fdm zat\u00ed\u017een\u00edm i v podm\u00ednk\u00e1ch vysok\u00e9ho tlaku. Jsou vybaveny ergonomickou a pohodlnou rukojet\u00ed, kter\u00e1 umo\u017e\u0148uje snadnou obsluhu a prov\u00e1d\u011bn\u00ed nezbytn\u00fdch \u00fakon\u016f. FORK je profesion\u00e1ln\u00ed velkoobchodn\u00ed dodavatel n\u016f\u017ekov\u00fdch zvedac\u00edch stol\u016f. \u0160irok\u00fd rozsah v\u00fd\u0161ek zdvihu, rozm\u011br\u016f a nosnost\u00ed hydraulick\u00fdch d\u00edlensk\u00fdch stol\u016f umo\u017e\u0148uje jejich p\u0159izp\u016fsoben\u00ed r\u016fzn\u00fdm pou\u017eit\u00edm a typ\u016fm pr\u00e1ce.<\/p>\n<p><strong>Hlavn\u00ed v\u00fdhody zvedac\u00edch stol\u016f FORK:<\/strong><\/p>\n<ul>\n<li>Ergonomick\u00e1 konstrukce rukojeti, snadn\u00e9 ovl\u00e1d\u00e1n\u00ed a komfortn\u00ed obsluha<\/li>\n<li>Kola vysok\u00e9 kvality<\/li>\n<li>Jednoduch\u00e1 konstrukce umo\u017e\u0148uj\u00edc\u00ed pou\u017e\u00edvat za\u0159\u00edzen\u00ed jako praktick\u00e9ho pomocn\u00edka v ka\u017ed\u00e9m skladu<\/li>\n<li>Ergonomie v ka\u017ed\u00e9m detailu<\/li>\n<li>Konstrukce z vysoce pevn\u00e9 oceli<\/li>\n<li>Optim\u00e1ln\u00ed pom\u011br kvality a ceny<\/li>\n<li>Ekonomick\u00e1 volba pro mal\u00e9 firmy nebo soukrom\u00e9 osoby s men\u0161\u00edm skladem<\/li>\n<\/ul>\n","protected":false},"excerpt":{"rendered":"<p>Hydraulick\u00fd n\u016f\u017ekov\u00fd zvedac\u00ed st\u016fl FORK HDG1000A ur\u010den\u00fd pro d\u00edlny, sklady a v\u00fdrobn\u00ed provozy. Robustn\u00ed ocelov\u00e1 konstrukce, ergonomick\u00e1 obsluha a v\u00fdhodn\u00fd pom\u011br kvality a ceny.<\/p>\n","protected":false},"featured_media":2478,"comment_status":"open","ping_status":"closed","template":"","meta":[],"product_brand":[],"product_cat":[515],"product_tag":[],"class_list":{"0":"post-2479","1":"product","2":"type-product","3":"status-publish","4":"has-post-thumbnail","6":"product_cat-nuzkove-paletove-voziky","7":"product_shipping_class-kurier-450","9":"first","10":"instock","11":"taxable","12":"shipping-taxable","13":"purchasable","14":"product-type-simple"},"_links":{"self":[{"href":"https:\/\/shop.steel-containers.com\/cs\/wp-json\/wp\/v2\/product\/2479","targetHints":{"allow":["GET"]}}],"collection":[{"href":"https:\/\/shop.steel-containers.com\/cs\/wp-json\/wp\/v2\/product"}],"about":[{"href":"https:\/\/shop.steel-containers.com\/cs\/wp-json\/wp\/v2\/types\/product"}],"replies":[{"embeddable":true,"href":"https:\/\/shop.steel-containers.com\/cs\/wp-json\/wp\/v2\/comments?post=2479"}],"wp:featuredmedia":[{"embeddable":true,"href":"https:\/\/shop.steel-containers.com\/cs\/wp-json\/wp\/v2\/media\/2478"}],"wp:attachment":[{"href":"https:\/\/shop.steel-containers.com\/cs\/wp-json\/wp\/v2\/media?parent=2479"}],"wp:term":[{"taxonomy":"product_brand","embeddable":true,"href":"https:\/\/shop.steel-containers.com\/cs\/wp-json\/wp\/v2\/product_brand?post=2479"},{"taxonomy":"product_cat","embeddable":true,"href":"https:\/\/shop.steel-containers.com\/cs\/wp-json\/wp\/v2\/product_cat?post=2479"},{"taxonomy":"product_tag","embeddable":true,"href":"https:\/\/shop.steel-containers.com\/cs\/wp-json\/wp\/v2\/product_tag?post=2479"}],"curies":[{"name":"wp","href":"https:\/\/api.w.org\/{rel}","templated":true}]}}