{"id":2484,"date":"2026-01-22T09:34:20","date_gmt":"2026-01-22T08:34:20","guid":{"rendered":"https:\/\/shop.steel-containers.com\/produkt\/fork-paletovy-vozik-s-vahou-spr-25\/"},"modified":"2026-03-13T10:16:21","modified_gmt":"2026-03-13T09:16:21","slug":"fork-paletovy-vozik-s-vahou-spr-25","status":"publish","type":"product","link":"https:\/\/shop.steel-containers.com\/cs\/produkt\/fork-paletovy-vozik-s-vahou-spr-25\/","title":{"rendered":"FORK Paletov\u00fd voz\u00edk s v\u00e1hou SPR 25"},"content":{"rendered":"<p>Paletov\u00e9 voz\u00edky FORK jsou dostupn\u00e9 v \u0161irok\u00e9 \u0161k\u00e1le typ\u016f a specifikac\u00ed. Jsou vyrobeny z vysoce kvalitn\u00edch materi\u00e1l\u016f, kter\u00e9 zaji\u0161\u0165uj\u00ed dlouhou \u017eivotnost a n\u00edzk\u00e9 provozn\u00ed n\u00e1klady v\u0161ech \u010d\u00e1st\u00ed za\u0159\u00edzen\u00ed.<\/p>\n<p>Automatizovan\u00e1 v\u00fdroba paletov\u00fdch voz\u00edk\u016f zaru\u010duje vysokou kvalitu v\u0161ech komponent. Pokro\u010dil\u00e9 a modern\u00ed technologie pou\u017e\u00edvan\u00e9 ve v\u00fdrobn\u00edm procesu \u010din\u00ed paletov\u00e9 voz\u00edky FORK spolehliv\u00fdmi pomocn\u00edky pro ka\u017ed\u00e9ho u\u017eivatele.<\/p>\n<p>Paletov\u00e9 voz\u00edky pat\u0159\u00ed mezi nejroz\u0161\u00ed\u0159en\u011bj\u0161\u00ed \u0159e\u0161en\u00ed pro manipulaci s paletami na sv\u011bt\u011b. Nab\u00edzej\u00ed jednoduch\u00fd a z\u00e1rove\u0148 univerz\u00e1ln\u00ed zp\u016fsob p\u0159esunu, organizace a ukl\u00e1d\u00e1n\u00ed zbo\u017e\u00ed ve skladu. Ergonomick\u00e1 konstrukce paletov\u00e9ho voz\u00edku umo\u017e\u0148uje efektivn\u00ed manipulaci s velmi t\u011b\u017ek\u00fdmi a rozm\u011brn\u00fdmi b\u0159emeny p\u0159i men\u0161\u00ed fyzick\u00e9 n\u00e1maze a sni\u017euje pot\u0159ebu velk\u00e9ho po\u010dtu pracovn\u00edk\u016f.<\/p>\n<p><strong>Paletov\u00fd voz\u00edk s v\u00e1hou SPR25:<\/strong><\/p>\n<ul>\n<li>Elektronick\u00fd indik\u00e1tor se 6m\u00edstn\u00fdm \u010derven\u00fdm LED displejem o v\u00fd\u0161ce 32 mm<\/li>\n<li>\u010cty\u0159i v\u00e1\u017eic\u00ed senzory zaji\u0161\u0165uj\u00ed p\u0159esn\u00e9 m\u011b\u0159en\u00ed v kilogramech nebo libr\u00e1ch<\/li>\n<li>Promy\u0161len\u00e1 konstrukce se standardn\u00ed \u0161\u00ed\u0159kou vidlic 540 nebo 680 mm m\u00edsto 570 nebo 700 mm<\/li>\n<li>Odoln\u00e9 vidlice vyroben\u00e9 z oceli o tlou\u0161\u0165ce 4 mm<\/li>\n<li>N\u00edzk\u00fd profil s minim\u00e1ln\u00ed v\u00fd\u0161kou vidlic 78 mm<\/li>\n<li>Dlouh\u00e1 \u017eivotnost vestav\u011bn\u00e9ho akumul\u00e1toru 6 V 4 Ah a\u017e 40 hodin provozu<\/li>\n<\/ul>\n<p><strong>Vysoce p\u0159esn\u00fd multifunk\u010dn\u00ed LED displej<\/strong><\/p>\n<ul>\n<li>7 funk\u010dn\u00edch tla\u010d\u00edtek pro jednoduch\u00e9 a pohodln\u00e9 ovl\u00e1d\u00e1n\u00ed<\/li>\n<li>7 kontroln\u00edch stavov\u00fdch kontrolek<\/li>\n<li>Dlouh\u00e1 \u017eivotnost a vysok\u00e1 odolnost proti n\u00e1raz\u016fm<\/li>\n<li>Automatick\u00e1 ochrana displeje a funkce automatick\u00e9ho vypnut\u00ed pro \u00fasporu energie<\/li>\n<\/ul>\n","protected":false},"excerpt":{"rendered":"<p>Paletov\u00fd voz\u00edk s v\u00e1hou FORK SPR25 je ur\u010den pro p\u0159esn\u00e9 v\u00e1\u017een\u00ed a manipulaci s paletami ve skladech a provozech. Robustn\u00ed konstrukce, p\u0159esn\u00fd v\u00e1\u017eic\u00ed syst\u00e9m a snadn\u00e1 obsluha z n\u011bj \u010din\u00ed spolehliv\u00e9 \u0159e\u0161en\u00ed pro ka\u017edodenn\u00ed pou\u017eit\u00ed.<\/p>\n","protected":false},"featured_media":2485,"comment_status":"open","ping_status":"closed","template":"","meta":[],"product_brand":[],"product_cat":[404],"product_tag":[],"class_list":{"0":"post-2484","1":"product","2":"type-product","3":"status-publish","4":"has-post-thumbnail","6":"product_cat-paletove-voziky","7":"product_shipping_class-kurier-450","9":"first","10":"instock","11":"taxable","12":"shipping-taxable","13":"purchasable","14":"product-type-simple"},"_links":{"self":[{"href":"https:\/\/shop.steel-containers.com\/cs\/wp-json\/wp\/v2\/product\/2484","targetHints":{"allow":["GET"]}}],"collection":[{"href":"https:\/\/shop.steel-containers.com\/cs\/wp-json\/wp\/v2\/product"}],"about":[{"href":"https:\/\/shop.steel-containers.com\/cs\/wp-json\/wp\/v2\/types\/product"}],"replies":[{"embeddable":true,"href":"https:\/\/shop.steel-containers.com\/cs\/wp-json\/wp\/v2\/comments?post=2484"}],"wp:featuredmedia":[{"embeddable":true,"href":"https:\/\/shop.steel-containers.com\/cs\/wp-json\/wp\/v2\/media\/2485"}],"wp:attachment":[{"href":"https:\/\/shop.steel-containers.com\/cs\/wp-json\/wp\/v2\/media?parent=2484"}],"wp:term":[{"taxonomy":"product_brand","embeddable":true,"href":"https:\/\/shop.steel-containers.com\/cs\/wp-json\/wp\/v2\/product_brand?post=2484"},{"taxonomy":"product_cat","embeddable":true,"href":"https:\/\/shop.steel-containers.com\/cs\/wp-json\/wp\/v2\/product_cat?post=2484"},{"taxonomy":"product_tag","embeddable":true,"href":"https:\/\/shop.steel-containers.com\/cs\/wp-json\/wp\/v2\/product_tag?post=2484"}],"curies":[{"name":"wp","href":"https:\/\/api.w.org\/{rel}","templated":true}]}}