{"id":2499,"date":"2026-01-22T09:34:20","date_gmt":"2026-01-22T08:34:20","guid":{"rendered":"https:\/\/shop.steel-containers.com\/produkt\/fork-nuzkovy-paletovy-vozik-prs10d\/"},"modified":"2026-03-13T10:17:02","modified_gmt":"2026-03-13T09:17:02","slug":"fork-nuzkovy-paletovy-vozik-prs10d","status":"publish","type":"product","link":"https:\/\/shop.steel-containers.com\/cs\/produkt\/fork-nuzkovy-paletovy-vozik-prs10d\/","title":{"rendered":"FORK N\u016f\u017ekov\u00fd paletov\u00fd voz\u00edk PRS10D"},"content":{"rendered":"<p>Ka\u017ed\u00e9 p\u0159et\u00ed\u017een\u00ed pracovn\u00edka spojen\u00e9 s \u010dast\u00fdm zved\u00e1n\u00edm, odkl\u00e1d\u00e1n\u00edm nebo p\u0159en\u00e1\u0161en\u00edm t\u011b\u017ek\u00fdch p\u0159edm\u011bt\u016f m\u00e1 v\u00fdrazn\u00fd vliv na zdrav\u00ed person\u00e1lu. V takov\u00fdch situac\u00edch jsou ide\u00e1ln\u00edm \u0159e\u0161en\u00edm hydraulick\u00e9 n\u016f\u017ekov\u00e9 zved\u00e1ky a paletov\u00e9 voz\u00edky z nab\u00eddky GUMI. \u0160irok\u00fd rozsah nosnost\u00ed a v\u00fd\u0161ek zdvihu umo\u017e\u0148uje zvolit optim\u00e1ln\u00ed produkt p\u0159esn\u011b podle pot\u0159eb ka\u017ed\u00e9ho z\u00e1kazn\u00edka. N\u016f\u017ekov\u00fd voz\u00edk lze pou\u017e\u00edvat nejen jako ru\u010dn\u00ed paletov\u00fd voz\u00edk, ale tak\u00e9 jako zvedac\u00ed plo\u0161inu, balic\u00ed st\u016fl nebo dokonce d\u00edlensk\u00fd st\u016fl.<\/p>\n<p>Konstrukce n\u016f\u017ekov\u00e9ho voz\u00edku se zvedac\u00edm mechanismem je ur\u010dena pro nakl\u00e1dac\u00ed a vykl\u00e1dac\u00ed dopravn\u00edky, pod\u00e1vac\u00ed lisy nebo jin\u00e9 aplikace vy\u017eaduj\u00edc\u00ed p\u0159en\u00e1\u0161en\u00ed a p\u0159esn\u00e9 polohov\u00e1n\u00ed palet \u010di kontejner\u016f s materi\u00e1lem.<\/p>\n<p><strong>N\u016f\u017ekov\u00fd paletov\u00fd voz\u00edk GUMI PRS10D:<\/strong><\/p>\n<ul>\n<li>Nosnost: 1 000 kg<\/li>\n<li>V\u00fd\u0161ka zdvihu: 800 mm<\/li>\n<li>Vybaven funkc\u00ed rychl\u00e9ho zdvihu<\/li>\n<li>Dvojn\u00e1sobn\u00e1 rychlost zdvihu pro n\u00e1klady leh\u010d\u00ed ne\u017e 200 kg<\/li>\n<li>S p\u0159etlakov\u00fdm a pojistn\u00fdm ventilem proti p\u0159et\u00ed\u017een\u00ed pro ochranu \u010derpadla p\u0159i p\u0159ekro\u010den\u00ed limitu hmotnosti<\/li>\n<li>Uzav\u0159en\u00e9 konce vidlic a zes\u00edlen\u00e9 r\u00e1my vidlic zaji\u0161\u0165uj\u00ed dlouhou \u017eivotnost<\/li>\n<\/ul>\n","protected":false},"excerpt":{"rendered":"<p>N\u016f\u017ekov\u00fd paletov\u00fd voz\u00edk FORK PRS10D s nosnost\u00ed 1000 kg a v\u00fd\u0161kou zdvihu 800 mm, ur\u010den\u00fd pro ergonomickou manipulaci, polohov\u00e1n\u00ed palet a pou\u017eit\u00ed jako pracovn\u00ed nebo balic\u00ed st\u016fl.<\/p>\n","protected":false},"featured_media":2331,"comment_status":"open","ping_status":"closed","template":"","meta":[],"product_brand":[],"product_cat":[404],"product_tag":[],"class_list":{"0":"post-2499","1":"product","2":"type-product","3":"status-publish","4":"has-post-thumbnail","6":"product_cat-paletove-voziky","7":"product_shipping_class-kurier-450","9":"first","10":"instock","11":"taxable","12":"shipping-taxable","13":"purchasable","14":"product-type-simple"},"_links":{"self":[{"href":"https:\/\/shop.steel-containers.com\/cs\/wp-json\/wp\/v2\/product\/2499","targetHints":{"allow":["GET"]}}],"collection":[{"href":"https:\/\/shop.steel-containers.com\/cs\/wp-json\/wp\/v2\/product"}],"about":[{"href":"https:\/\/shop.steel-containers.com\/cs\/wp-json\/wp\/v2\/types\/product"}],"replies":[{"embeddable":true,"href":"https:\/\/shop.steel-containers.com\/cs\/wp-json\/wp\/v2\/comments?post=2499"}],"wp:featuredmedia":[{"embeddable":true,"href":"https:\/\/shop.steel-containers.com\/cs\/wp-json\/wp\/v2\/media\/2331"}],"wp:attachment":[{"href":"https:\/\/shop.steel-containers.com\/cs\/wp-json\/wp\/v2\/media?parent=2499"}],"wp:term":[{"taxonomy":"product_brand","embeddable":true,"href":"https:\/\/shop.steel-containers.com\/cs\/wp-json\/wp\/v2\/product_brand?post=2499"},{"taxonomy":"product_cat","embeddable":true,"href":"https:\/\/shop.steel-containers.com\/cs\/wp-json\/wp\/v2\/product_cat?post=2499"},{"taxonomy":"product_tag","embeddable":true,"href":"https:\/\/shop.steel-containers.com\/cs\/wp-json\/wp\/v2\/product_tag?post=2499"}],"curies":[{"name":"wp","href":"https:\/\/api.w.org\/{rel}","templated":true}]}}