{"id":2506,"date":"2026-01-22T09:34:30","date_gmt":"2026-01-22T08:34:30","guid":{"rendered":"https:\/\/shop.steel-containers.com\/produkt\/fork-rucni-paletovy-vozik-pr25\/"},"modified":"2026-03-13T10:14:04","modified_gmt":"2026-03-13T09:14:04","slug":"fork-rucni-paletovy-vozik-pr25","status":"publish","type":"product","link":"https:\/\/shop.steel-containers.com\/cs\/produkt\/fork-rucni-paletovy-vozik-pr25\/","title":{"rendered":"FORK Ru\u010dn\u00ed paletov\u00fd voz\u00edk PR25"},"content":{"rendered":"<p>Standardn\u00ed ru\u010dn\u00ed paletov\u00fd voz\u00edk je jednoduch\u00fd, v\u00fdkonn\u00fd a nepostradateln\u00fd n\u00e1stroj pro pou\u017eit\u00ed v r\u016fzn\u00fdch pr\u016fmyslov\u00fdch odv\u011btv\u00edch a na pracovi\u0161t\u00edch. Je ur\u010den k p\u0159eprav\u011b a zved\u00e1n\u00ed palet s n\u00e1kladem pomoc\u00ed lidsk\u00e9 s\u00edly a hydraulick\u00e9ho zdvihov\u00e9ho mechanismu. Snadno se ovl\u00e1d\u00e1 a man\u00e9vruje a zaji\u0161\u0165uje bezpe\u010dn\u00fd a efektivn\u00ed zp\u016fsob manipulace s n\u00e1kladem ve skladech, v\u00fdrobn\u00edch hal\u00e1ch, tov\u00e1rn\u00e1ch a dal\u0161\u00edch provozech. Standardn\u00ed ru\u010dn\u00ed paletov\u00e9 voz\u00edky jsou odoln\u00e9 a lze je p\u0159izp\u016fsobit r\u016fzn\u00fdm pot\u0159eb\u00e1m a \u00fakol\u016fm. Jsou \u010dasto voleny jako z\u00e1kladn\u00ed \u0159e\u0161en\u00ed pro p\u0159epravu materi\u00e1lu d\u00edky dobr\u00e9mu v\u00fdkonu p\u0159i p\u0159ijateln\u00fdch n\u00e1kladech. Na mnoha pracovi\u0161t\u00edch, kde je nutn\u00e9 zved\u00e1n\u00ed, p\u0159emis\u0165ov\u00e1n\u00ed a skladov\u00e1n\u00ed n\u00e1kladu, jsou nezbytn\u00fdm n\u00e1strojem pro efektivn\u00ed organizaci pracovn\u00edch proces\u016f.<\/p>\n<p><strong>Ru\u010dn\u00ed paletov\u00fd voz\u00edk PR25:<\/strong><\/p>\n<ul>\n<li>Nosnost 2500 kg<\/li>\n<li>Vybaven vysoce kvalitn\u00edm a snadno udr\u017eovateln\u00fdm \u010derpadlem<\/li>\n<li>Mal\u00e9 t\u011bleso \u010derpadla s mo\u017enost\u00ed demont\u00e1\u017ee \u2013 v p\u0159\u00edpad\u011b poruchy lze opravit v\u00fdm\u011bnou samotn\u00e9ho \u010derpadla, nikoli cel\u00e9 sestavy<\/li>\n<li>Vysoce kvalitn\u00ed pru\u017eina zaji\u0161\u0165uje dlouhou \u017eivotnost<\/li>\n<li>Dobrze zaprojektowany otw\u00f3r na ko\u0142o \u0142aduj\u0105ce (lepsza ochrona ko\u0142a, popychacza, wide\u0142ek ko\u0142a itp.) .);<\/li>\n<li>Robustn\u00ed konstrukce podvozku zaji\u0161\u0165uj\u00edc\u00ed stabilitu a spolehlivost<\/li>\n<li>Unik\u00e1tn\u00ed konstrukce vidlic s dr\u00e1\u017ekami, lisovan\u00e9 pod vysok\u00fdm tlakem, v\u00fdrazn\u011b pevn\u011bj\u0161\u00ed ne\u017e b\u011b\u017en\u00e9 ploch\u00e9 vidlice<\/li>\n<li>Nastaviteln\u00e1 konstrukce tla\u010dn\u00e9 ty\u010de umo\u017e\u0148uje snadn\u00e9 se\u0159\u00edzen\u00ed i po dlouhodob\u00e9m pou\u017e\u00edv\u00e1n\u00ed<\/li>\n<li>Standardn\u00ed vyztu\u017een\u00ed pod vidlicemi<\/li>\n<li>Mo\u017enost pou\u017eit\u00ed r\u016fzn\u00fdch materi\u00e1l\u016f pojezdov\u00fdch kol i vidlic<\/li>\n<li>Spolehliv\u00e1 kvalita lo\u017en\u00fdch a vodic\u00edch kol<\/li>\n<li>Vysoce kvalitn\u00ed kola a lo\u017eiska<\/li>\n<\/ul>\n","protected":false},"excerpt":{"rendered":"<p>Ru\u010dn\u00ed paletov\u00fd voz\u00edk FORK PR25 s nosnost\u00ed 2500 kg, ur\u010den\u00fd pro ka\u017edodenn\u00ed manipulaci s paletami ve skladech a v\u00fdrobn\u00edch provozech. Odoln\u00e1 konstrukce, spolehliv\u00e9 \u010derpadlo a v\u00fdborn\u00fd pom\u011br ceny a v\u00fdkonu.<\/p>\n","protected":false},"featured_media":2507,"comment_status":"open","ping_status":"closed","template":"","meta":[],"product_brand":[],"product_cat":[404],"product_tag":[],"class_list":{"0":"post-2506","1":"product","2":"type-product","3":"status-publish","4":"has-post-thumbnail","6":"product_cat-paletove-voziky","7":"product_shipping_class-kurier-450","9":"first","10":"instock","11":"taxable","12":"shipping-taxable","13":"purchasable","14":"product-type-simple"},"_links":{"self":[{"href":"https:\/\/shop.steel-containers.com\/cs\/wp-json\/wp\/v2\/product\/2506","targetHints":{"allow":["GET"]}}],"collection":[{"href":"https:\/\/shop.steel-containers.com\/cs\/wp-json\/wp\/v2\/product"}],"about":[{"href":"https:\/\/shop.steel-containers.com\/cs\/wp-json\/wp\/v2\/types\/product"}],"replies":[{"embeddable":true,"href":"https:\/\/shop.steel-containers.com\/cs\/wp-json\/wp\/v2\/comments?post=2506"}],"wp:featuredmedia":[{"embeddable":true,"href":"https:\/\/shop.steel-containers.com\/cs\/wp-json\/wp\/v2\/media\/2507"}],"wp:attachment":[{"href":"https:\/\/shop.steel-containers.com\/cs\/wp-json\/wp\/v2\/media?parent=2506"}],"wp:term":[{"taxonomy":"product_brand","embeddable":true,"href":"https:\/\/shop.steel-containers.com\/cs\/wp-json\/wp\/v2\/product_brand?post=2506"},{"taxonomy":"product_cat","embeddable":true,"href":"https:\/\/shop.steel-containers.com\/cs\/wp-json\/wp\/v2\/product_cat?post=2506"},{"taxonomy":"product_tag","embeddable":true,"href":"https:\/\/shop.steel-containers.com\/cs\/wp-json\/wp\/v2\/product_tag?post=2506"}],"curies":[{"name":"wp","href":"https:\/\/api.w.org\/{rel}","templated":true}]}}