{"id":2514,"date":"2026-01-22T09:34:30","date_gmt":"2026-01-22T08:34:30","guid":{"rendered":"https:\/\/shop.steel-containers.com\/produkt\/fork-rucni-paletovy-vozik-pr30\/"},"modified":"2026-03-13T10:14:23","modified_gmt":"2026-03-13T09:14:23","slug":"fork-rucni-paletovy-vozik-pr30","status":"publish","type":"product","link":"https:\/\/shop.steel-containers.com\/cs\/produkt\/fork-rucni-paletovy-vozik-pr30\/","title":{"rendered":"FORK Ru\u010dn\u00ed paletov\u00fd voz\u00edk PR30"},"content":{"rendered":"<p>&nbsp;<\/p>\n<p><span class=\"HwtZe jCAhz ChMk0b ryNqvb\" lang=\"ru\">Standardn\u00ed ru\u010dn\u00ed paletov\u00fd voz\u00edk je jednoduch\u00fd, v\u00fdkonn\u00fd a nezbytn\u00fd n\u00e1stroj pro pou\u017eit\u00ed v r\u016fzn\u00fdch pr\u016fmyslov\u00fdch odv\u011btv\u00edch a na pracovi\u0161t\u00edch. Je ur\u010den k p\u0159eprav\u011b a zved\u00e1n\u00ed palet s n\u00e1kladem pomoc\u00ed lidsk\u00e9 s\u00edly a hydraulick\u00e9ho zdvihov\u00e9ho mechanismu. Snadn\u00e1 ovladatelnost a dobr\u00e1 man\u00e9vrovatelnost zaji\u0161\u0165uj\u00ed bezpe\u010dn\u00fd a efektivn\u00ed zp\u016fsob manipulace s n\u00e1kladem ve skladech, v\u00fdrobn\u00edch hal\u00e1ch, tov\u00e1rn\u00e1ch a dal\u0161\u00edch provozech. Standardn\u00ed ru\u010dn\u00ed paletov\u00e9 voz\u00edky jsou odoln\u00e9 a lze je p\u0159izp\u016fsobit r\u016fzn\u00fdm pot\u0159eb\u00e1m a \u00fakol\u016fm. Jsou \u010dasto vyu\u017e\u00edv\u00e1ny jako z\u00e1kladn\u00ed \u0159e\u0161en\u00ed pro p\u0159epravu materi\u00e1lu d\u00edky dobr\u00e9mu v\u00fdkonu za rozumnou cenu a jsou nepostradateln\u00fdm n\u00e1strojem pro efektivn\u00ed organizaci pracovn\u00edch proces\u016f.<br \/>\n<\/span><\/p>\n<p><span class=\"HwtZe jCAhz ChMk0b ryNqvb\" lang=\"ru\"><strong>Ru\u010dn\u00ed paletov\u00fd voz\u00edk PR30:<\/strong><\/span><\/p>\n<ul>\n<li><span class=\"HwtZe jCAhz ChMk0b ryNqvb\" lang=\"ru\">Nosnost 3000 kg<\/span><\/li>\n<li><span class=\"HwtZe jCAhz ChMk0b ryNqvb\" lang=\"ru\">Vysoce kvalitn\u00ed a snadno udr\u017eovateln\u00e9 \u010derpadlo<\/span><\/li>\n<li><span class=\"HwtZe jCAhz ChMk0b ryNqvb\" lang=\"ru\">Kompaktn\u00ed konstrukce s demontovateln\u00fdm t\u011blesem \u010derpadla umo\u017e\u0148uj\u00edc\u00ed rychlou opravu bez v\u00fdm\u011bny cel\u00e9 sestavy<\/span><\/li>\n<li><span class=\"HwtZe jCAhz ChMk0b ryNqvb\" lang=\"ru\">Vysoce kvalitn\u00ed pru\u017eina zaji\u0161\u0165uj\u00edc\u00ed dlouhou \u017eivotnost<\/span><\/li>\n<li><span class=\"HwtZe jCAhz ChMk0b ryNqvb\" lang=\"ru\">Dob\u0159e navr\u017een\u00fd otvor pro lo\u017en\u00e9 kolo pro lep\u0161\u00ed ochranu kola, tla\u010dn\u00e9 ty\u010de a vidlic<\/span><\/li>\n<li><span class=\"HwtZe jCAhz ChMk0b ryNqvb\" lang=\"ru\">Robustn\u00ed konstrukce podvozku zaji\u0161\u0165uj\u00edc\u00ed stabilitu a spolehlivost<\/span><\/li>\n<li>Unik\u00e1tn\u00ed konstrukce vidlic s dr\u00e1\u017ekami lisovan\u00fdmi pod vysok\u00fdm tlakem, v\u00fdrazn\u011b pevn\u011bj\u0161\u00ed ne\u017e b\u011b\u017en\u00e9 ploch\u00e9 vidlice<\/li>\n<li><span class=\"HwtZe jCAhz ChMk0b ryNqvb\" lang=\"ru\">Konstrukce s nastavitelnou tla\u010dnou ty\u010d\u00ed umo\u017e\u0148uj\u00edc\u00ed snadn\u00e9 se\u0159\u00edzen\u00ed i po dlouhodob\u00e9m pou\u017e\u00edv\u00e1n\u00ed<\/span><\/li>\n<li><span class=\"HwtZe jCAhz ChMk0b ryNqvb\" lang=\"ru\">Standardn\u00ed zes\u00edlen\u00ed pod vidlicemi<\/span><\/li>\n<li><span class=\"HwtZe jCAhz ChMk0b ryNqvb\" lang=\"ru\">Mo\u017enost pou\u017eit\u00ed r\u016fzn\u00fdch materi\u00e1l\u016f pojezdov\u00fdch a vodic\u00edch kol<\/span><\/li>\n<li><span class=\"HwtZe jCAhz ChMk0b ryNqvb\" lang=\"ru\">Spolehliv\u00e1 kvalita lo\u017en\u00fdch a vodic\u00edch kol<\/span><\/li>\n<li><span class=\"HwtZe jCAhz ChMk0b ryNqvb\" lang=\"ru\">Vysoce kvalitn\u00ed kola a lo\u017eiska<br \/>\n<\/span><\/li>\n<\/ul>\n","protected":false},"excerpt":{"rendered":"<p>Ru\u010dn\u00ed paletov\u00fd voz\u00edk FORK PR30 s nosnost\u00ed 3000 kg, ur\u010den\u00fd pro intenzivn\u00ed ka\u017edodenn\u00ed manipulaci s t\u011b\u017ek\u00fdmi paletami ve skladech a v\u00fdrobn\u00edch provozech.<\/p>\n","protected":false},"featured_media":2511,"comment_status":"open","ping_status":"closed","template":"","meta":[],"product_brand":[],"product_cat":[404],"product_tag":[],"class_list":{"0":"post-2514","1":"product","2":"type-product","3":"status-publish","4":"has-post-thumbnail","6":"product_cat-paletove-voziky","7":"product_shipping_class-kurier-450","9":"first","10":"instock","11":"taxable","12":"shipping-taxable","13":"purchasable","14":"product-type-simple"},"_links":{"self":[{"href":"https:\/\/shop.steel-containers.com\/cs\/wp-json\/wp\/v2\/product\/2514","targetHints":{"allow":["GET"]}}],"collection":[{"href":"https:\/\/shop.steel-containers.com\/cs\/wp-json\/wp\/v2\/product"}],"about":[{"href":"https:\/\/shop.steel-containers.com\/cs\/wp-json\/wp\/v2\/types\/product"}],"replies":[{"embeddable":true,"href":"https:\/\/shop.steel-containers.com\/cs\/wp-json\/wp\/v2\/comments?post=2514"}],"wp:featuredmedia":[{"embeddable":true,"href":"https:\/\/shop.steel-containers.com\/cs\/wp-json\/wp\/v2\/media\/2511"}],"wp:attachment":[{"href":"https:\/\/shop.steel-containers.com\/cs\/wp-json\/wp\/v2\/media?parent=2514"}],"wp:term":[{"taxonomy":"product_brand","embeddable":true,"href":"https:\/\/shop.steel-containers.com\/cs\/wp-json\/wp\/v2\/product_brand?post=2514"},{"taxonomy":"product_cat","embeddable":true,"href":"https:\/\/shop.steel-containers.com\/cs\/wp-json\/wp\/v2\/product_cat?post=2514"},{"taxonomy":"product_tag","embeddable":true,"href":"https:\/\/shop.steel-containers.com\/cs\/wp-json\/wp\/v2\/product_tag?post=2514"}],"curies":[{"name":"wp","href":"https:\/\/api.w.org\/{rel}","templated":true}]}}