{"id":2524,"date":"2026-01-22T09:34:30","date_gmt":"2026-01-22T08:34:30","guid":{"rendered":"https:\/\/shop.steel-containers.com\/produkt\/fork-rucni-paletovy-vozik-pr25-800-s-kratkymi-vidlicemi-800-mm\/"},"modified":"2026-03-13T10:14:42","modified_gmt":"2026-03-13T09:14:42","slug":"fork-rucni-paletovy-vozik-pr25-800-s-kratkymi-vidlicemi-800-mm","status":"publish","type":"product","link":"https:\/\/shop.steel-containers.com\/cs\/produkt\/fork-rucni-paletovy-vozik-pr25-800-s-kratkymi-vidlicemi-800-mm\/","title":{"rendered":"FORK Ru\u010dn\u00ed paletov\u00fd voz\u00edk PR25-800 s kr\u00e1tk\u00fdmi vidlicemi 800 mm"},"content":{"rendered":"<p>Ru\u010dn\u00ed paletov\u00e9 voz\u00edky jsou jednoduch\u00e9, v\u00fdkonn\u00e9 a nezbytn\u00e9 n\u00e1stroje pro pou\u017eit\u00ed v r\u016fzn\u00fdch pr\u016fmyslov\u00fdch odv\u011btv\u00edch a na pracovi\u0161t\u00edch.<br \/>\n<strong>Krat\u0161\u00ed vidlice jsou ide\u00e1ln\u00ed pro specifick\u00e9 n\u00e1klady nebo situace, kde je kl\u00ed\u010dov\u00e1 vysok\u00e1 man\u00e9vrovatelnost v omezen\u00fdch prostor\u00e1ch.<\/strong> Umo\u017e\u0148uj\u00ed prov\u00e1d\u011bt t\u011bsn\u00e9 zat\u00e1\u010dky a snadn\u011bj\u0161\u00ed pohyb ve st\u00edsn\u011bn\u00fdch a p\u0159epln\u011bn\u00fdch oblastech.<\/p>\n<p>Tyto voz\u00edky jsou ur\u010deny k p\u0159eprav\u011b a zved\u00e1n\u00ed palet s n\u00e1kladem pomoc\u00ed lidsk\u00e9 s\u00edly a hydraulick\u00fdch zdvihov\u00fdch mechanism\u016f. Jsou snadno ovladateln\u00e9 a dob\u0159e man\u00e9vrovateln\u00e9 a zaji\u0161\u0165uj\u00ed bezpe\u010dn\u00fd a efektivn\u00ed zp\u016fsob manipulace s n\u00e1kladem ve skladech, tov\u00e1rn\u00e1ch a dal\u0161\u00edch provozech. Ru\u010dn\u00ed paletov\u00e9 voz\u00edky jsou odoln\u00e9 a lze je p\u0159izp\u016fsobit r\u016fzn\u00fdm pot\u0159eb\u00e1m a \u00fakol\u016fm. \u010casto se pou\u017e\u00edvaj\u00ed jako z\u00e1kladn\u00ed \u0159e\u0161en\u00ed pro p\u0159epravu materi\u00e1lu d\u00edky dobr\u00e9mu v\u00fdkonu p\u0159i p\u0159ijateln\u00fdch n\u00e1kladech a jsou nezastupiteln\u00fdm n\u00e1strojem pro efektivn\u00ed organizaci pracovn\u00edch proces\u016f.<\/p>\n<p><strong>Kr\u00e1tk\u00fd ru\u010dn\u00ed paletov\u00fd voz\u00edk PR25-800:<\/strong><\/p>\n<ul>\n<li style=\"list-style-type: none;\">\n<ul>\n<li>D\u00e9lka vidlic 800 mm<\/li>\n<li>Nosnost 2500 kg<\/li>\n<li>Vysoce kvalitn\u00ed a snadno udr\u017eovateln\u00e9 \u010derpadlo<\/li>\n<li>Kompaktn\u00ed t\u011bleso \u010derpadla s mo\u017enost\u00ed demont\u00e1\u017ee umo\u017e\u0148uje opravu v\u00fdm\u011bnou samotn\u00e9ho \u010derpadla<\/li>\n<li>Vysoce kvalitn\u00ed pru\u017eina zaji\u0161\u0165uj\u00edc\u00ed dlouhou \u017eivotnost<\/li>\n<li>Dob\u0159e navr\u017een\u00fd otvor pro lo\u017en\u00e9 kolo zaji\u0161\u0165uj\u00edc\u00ed lep\u0161\u00ed ochranu kola, tla\u010dn\u00e9 ty\u010de a vidlic<\/li>\n<li>Robustn\u00ed konstrukce podvozku zaji\u0161\u0165uj\u00edc\u00ed stabilitu a spolehlivost. Unik\u00e1tn\u00ed konstrukce vidlic s dr\u00e1\u017ekami, lisovan\u00fdch pod vysok\u00fdm tlakem, v\u00fdrazn\u011b pevn\u011bj\u0161\u00ed ne\u017e b\u011b\u017en\u00e9 ploch\u00e9 vidlice<\/li>\n<li>Konstrukce s nastavitelnou tla\u010dnou ty\u010d\u00ed umo\u017e\u0148uj\u00edc\u00ed snadn\u00e9 se\u0159\u00edzen\u00ed i po dlouhodob\u00e9m pou\u017e\u00edv\u00e1n\u00ed<\/li>\n<li>Standardn\u00ed zes\u00edlen\u00ed pod vidlicemi<\/li>\n<li>Mo\u017enost pou\u017eit\u00ed r\u016fzn\u00fdch materi\u00e1l\u016f pojezdov\u00fdch kol i vidlic<\/li>\n<li>Spolehliv\u00e1 kvalita lo\u017en\u00fdch a vodic\u00edch kol<\/li>\n<li>Vysoce kvalitn\u00ed kola a lo\u017eiska<\/li>\n<\/ul>\n<\/li>\n<\/ul>\n<p>&nbsp;<\/p>\n","protected":false},"excerpt":{"rendered":"<p>Ru\u010dn\u00ed paletov\u00fd voz\u00edk FORK PR25-800 s kr\u00e1tk\u00fdmi vidlicemi 800 mm a nosnost\u00ed 2500 kg, ide\u00e1ln\u00ed pro manipulaci v \u00fazk\u00fdch a omezen\u00fdch prostor\u00e1ch.<\/p>\n","protected":false},"featured_media":2525,"comment_status":"open","ping_status":"closed","template":"","meta":[],"product_brand":[],"product_cat":[404],"product_tag":[],"class_list":{"0":"post-2524","1":"product","2":"type-product","3":"status-publish","4":"has-post-thumbnail","6":"product_cat-paletove-voziky","7":"product_shipping_class-kurier-450","9":"first","10":"instock","11":"taxable","12":"shipping-taxable","13":"purchasable","14":"product-type-simple"},"_links":{"self":[{"href":"https:\/\/shop.steel-containers.com\/cs\/wp-json\/wp\/v2\/product\/2524","targetHints":{"allow":["GET"]}}],"collection":[{"href":"https:\/\/shop.steel-containers.com\/cs\/wp-json\/wp\/v2\/product"}],"about":[{"href":"https:\/\/shop.steel-containers.com\/cs\/wp-json\/wp\/v2\/types\/product"}],"replies":[{"embeddable":true,"href":"https:\/\/shop.steel-containers.com\/cs\/wp-json\/wp\/v2\/comments?post=2524"}],"wp:featuredmedia":[{"embeddable":true,"href":"https:\/\/shop.steel-containers.com\/cs\/wp-json\/wp\/v2\/media\/2525"}],"wp:attachment":[{"href":"https:\/\/shop.steel-containers.com\/cs\/wp-json\/wp\/v2\/media?parent=2524"}],"wp:term":[{"taxonomy":"product_brand","embeddable":true,"href":"https:\/\/shop.steel-containers.com\/cs\/wp-json\/wp\/v2\/product_brand?post=2524"},{"taxonomy":"product_cat","embeddable":true,"href":"https:\/\/shop.steel-containers.com\/cs\/wp-json\/wp\/v2\/product_cat?post=2524"},{"taxonomy":"product_tag","embeddable":true,"href":"https:\/\/shop.steel-containers.com\/cs\/wp-json\/wp\/v2\/product_tag?post=2524"}],"curies":[{"name":"wp","href":"https:\/\/api.w.org\/{rel}","templated":true}]}}