{"id":2533,"date":"2026-01-22T09:34:30","date_gmt":"2026-01-22T08:34:30","guid":{"rendered":"https:\/\/shop.steel-containers.com\/produkt\/fork-rucni-paletovy-vozik-s-dlouhymi-vidlicemi-2000-mm-pr20-2000\/"},"modified":"2026-03-13T10:15:00","modified_gmt":"2026-03-13T09:15:00","slug":"fork-rucni-paletovy-vozik-s-dlouhymi-vidlicemi-2000-mm-pr20-2000","status":"publish","type":"product","link":"https:\/\/shop.steel-containers.com\/cs\/produkt\/fork-rucni-paletovy-vozik-s-dlouhymi-vidlicemi-2000-mm-pr20-2000\/","title":{"rendered":"FORK Ru\u010dn\u00ed paletov\u00fd voz\u00edk s dlouh\u00fdmi vidlicemi 2000 mm PR20-2000"},"content":{"rendered":"<p>Standardn\u00ed ru\u010dn\u00ed paletov\u00fd voz\u00edk je jednoduch\u00fd, v\u00fdkonn\u00fd a nezbytn\u00fd n\u00e1stroj pro pou\u017eit\u00ed v r\u016fzn\u00fdch pr\u016fmyslov\u00fdch odv\u011btv\u00edch a na pracovi\u0161t\u00edch.<br \/>\n<strong>Del\u0161\u00ed vidlice umo\u017e\u0148uj\u00ed manipulaci s v\u011bt\u0161\u00edmi n\u00e1klady nebo s v\u00edce paletami sou\u010dasn\u011b.<br \/>\n<\/strong><\/p>\n<p>Tyto voz\u00edky jsou ur\u010deny k p\u0159eprav\u011b a zved\u00e1n\u00ed palet s n\u00e1kladem pomoc\u00ed lidsk\u00e9 s\u00edly a hydraulick\u00fdch zdvihov\u00fdch mechanism\u016f. Jsou snadno ovladateln\u00e9 a dob\u0159e man\u00e9vrovateln\u00e9 a zaji\u0161\u0165uj\u00ed bezpe\u010dn\u00fd a efektivn\u00ed zp\u016fsob manipulace s n\u00e1kladem ve skladech, tov\u00e1rn\u00e1ch a dal\u0161\u00edch provozech. Standardn\u00ed ru\u010dn\u00ed paletov\u00e9 voz\u00edky jsou odoln\u00e9 a lze je p\u0159izp\u016fsobit r\u016fzn\u00fdm pot\u0159eb\u00e1m a \u00fakol\u016fm. \u010casto se pou\u017e\u00edvaj\u00ed jako z\u00e1kladn\u00ed \u0159e\u0161en\u00ed pro p\u0159epravu materi\u00e1lu d\u00edky dobr\u00e9mu v\u00fdkonu p\u0159i dostupn\u00e9 a ekonomick\u00e9 cen\u011b. Jsou nezbytn\u00e9 na mnoha pracovi\u0161t\u00edch, kde je nutn\u00e9 p\u0159emis\u0165ov\u00e1n\u00ed a skladov\u00e1n\u00ed n\u00e1kladu, a p\u0159edstavuj\u00ed nenahraditeln\u00fd n\u00e1stroj pro efektivn\u00ed organizaci pracovn\u00edch proces\u016f.<\/p>\n<p><strong>Dlouh\u00fd paletov\u00fd voz\u00edk PR20-2000:<\/strong><\/p>\n<ul>\n<li style=\"list-style-type: none;\">\n<ul>\n<li>D\u00e9lka vidlic 2000 mm<\/li>\n<li>Nosnost 2000 kg<\/li>\n<li>Vysoce kvalitn\u00ed a snadno udr\u017eovateln\u00e9 \u010derpadlo<\/li>\n<li>Kompaktn\u00ed t\u011bleso \u010derpadla s mo\u017enost\u00ed demont\u00e1\u017ee umo\u017e\u0148uje opravu v\u00fdm\u011bnou samotn\u00e9ho \u010derpadla<\/li>\n<li>Vysoce kvalitn\u00ed pru\u017eina zaji\u0161\u0165uje dlouhou \u017eivotnost<\/li>\n<li>Dob\u0159e navr\u017een\u00fd otvor pro lo\u017en\u00e9 kolo zaji\u0161\u0165uj\u00edc\u00ed lep\u0161\u00ed ochranu kola, tla\u010dn\u00e9 ty\u010de a vidlic<\/li>\n<li>Robustn\u00ed konstrukce podvozku zaji\u0161\u0165uj\u00edc\u00ed stabilitu a spolehlivost<\/li>\n<li>Unik\u00e1tn\u00ed konstrukce vidlic s dr\u00e1\u017ekami, lisovan\u00fdch pod vysok\u00fdm tlakem, v\u00fdrazn\u011b pevn\u011bj\u0161\u00ed ne\u017e b\u011b\u017en\u00e9 ploch\u00e9 vidlice<\/li>\n<li>Nastaviteln\u00e1 konstrukce tla\u010dn\u00e9 ty\u010de umo\u017e\u0148uj\u00edc\u00ed snadn\u00e9 se\u0159\u00edzen\u00ed i po dlouhodob\u00e9m pou\u017e\u00edv\u00e1n\u00ed<\/li>\n<li>Standardn\u00ed zes\u00edlen\u00ed pod vidlicemi<\/li>\n<li>Standardn\u00ed zes\u00edlen\u00ed pod vidlicemi<\/li>\n<li>Mo\u017enost pou\u017eit\u00ed r\u016fzn\u00fdch materi\u00e1l\u016f pojezdov\u00fdch kol i vidlic<\/li>\n<li>Spolehliv\u00e1 kvalita lo\u017en\u00fdch a vodic\u00edch kol<\/li>\n<li>Vysoce kvalitn\u00ed kola a lo\u017eiska<\/li>\n<\/ul>\n<\/li>\n<\/ul>\n<p>&nbsp;<\/p>\n","protected":false},"excerpt":{"rendered":"<p>Ru\u010dn\u00ed paletov\u00fd voz\u00edk FORK PR20-2000 s dlouh\u00fdmi vidlicemi 2000 mm a nosnost\u00ed 2000 kg, ide\u00e1ln\u00ed pro manipulaci s velk\u00fdmi nebo v\u00edce paletami sou\u010dasn\u011b.<\/p>\n","protected":false},"featured_media":2532,"comment_status":"open","ping_status":"closed","template":"","meta":[],"product_brand":[],"product_cat":[404],"product_tag":[],"class_list":{"0":"post-2533","1":"product","2":"type-product","3":"status-publish","4":"has-post-thumbnail","6":"product_cat-paletove-voziky","7":"product_shipping_class-kurier-450","9":"first","10":"instock","11":"taxable","12":"shipping-taxable","13":"purchasable","14":"product-type-simple"},"_links":{"self":[{"href":"https:\/\/shop.steel-containers.com\/cs\/wp-json\/wp\/v2\/product\/2533","targetHints":{"allow":["GET"]}}],"collection":[{"href":"https:\/\/shop.steel-containers.com\/cs\/wp-json\/wp\/v2\/product"}],"about":[{"href":"https:\/\/shop.steel-containers.com\/cs\/wp-json\/wp\/v2\/types\/product"}],"replies":[{"embeddable":true,"href":"https:\/\/shop.steel-containers.com\/cs\/wp-json\/wp\/v2\/comments?post=2533"}],"wp:featuredmedia":[{"embeddable":true,"href":"https:\/\/shop.steel-containers.com\/cs\/wp-json\/wp\/v2\/media\/2532"}],"wp:attachment":[{"href":"https:\/\/shop.steel-containers.com\/cs\/wp-json\/wp\/v2\/media?parent=2533"}],"wp:term":[{"taxonomy":"product_brand","embeddable":true,"href":"https:\/\/shop.steel-containers.com\/cs\/wp-json\/wp\/v2\/product_brand?post=2533"},{"taxonomy":"product_cat","embeddable":true,"href":"https:\/\/shop.steel-containers.com\/cs\/wp-json\/wp\/v2\/product_cat?post=2533"},{"taxonomy":"product_tag","embeddable":true,"href":"https:\/\/shop.steel-containers.com\/cs\/wp-json\/wp\/v2\/product_tag?post=2533"}],"curies":[{"name":"wp","href":"https:\/\/api.w.org\/{rel}","templated":true}]}}