{"id":2537,"date":"2026-01-22T09:34:30","date_gmt":"2026-01-22T08:34:30","guid":{"rendered":"https:\/\/shop.steel-containers.com\/produkt\/fork-pozinkovany-rucni-paletovy-vozik-przn25\/"},"modified":"2026-03-13T10:15:21","modified_gmt":"2026-03-13T09:15:21","slug":"fork-pozinkovany-rucni-paletovy-vozik-przn25","status":"publish","type":"product","link":"https:\/\/shop.steel-containers.com\/cs\/produkt\/fork-pozinkovany-rucni-paletovy-vozik-przn25\/","title":{"rendered":"FORK Pozinkovan\u00fd ru\u010dn\u00ed paletov\u00fd voz\u00edk PRZN25"},"content":{"rendered":"<p>Pozinkovan\u00e9 ru\u010dn\u00ed paletov\u00e9 voz\u00edky jsou nepostradateln\u00fdm n\u00e1strojem v ka\u017ed\u00e9m skladu, kde jsou zbo\u017e\u00ed nebo produkty skladov\u00e1ny na palet\u00e1ch. Pozinkovan\u00fd povrch zvy\u0161uje odolnost proti korozi a zaji\u0161\u0165uje dlouhou \u017eivotnost za\u0159\u00edzen\u00ed. Voz\u00edky jsou navr\u017eeny pro efektivn\u00ed p\u0159epravu a zved\u00e1n\u00ed t\u011b\u017ek\u00fdch n\u00e1klad\u016f na palet\u00e1ch pomoc\u00ed lidsk\u00e9 s\u00edly. Jsou vybaveny vysoce v\u00fdkonn\u00fdm hydraulick\u00fdm \u010derpadlem, kter\u00e9 umo\u017e\u0148uje pohodln\u00e9 a rychl\u00e9 zved\u00e1n\u00ed n\u00e1kladu p\u0159i jeho p\u0159esunu. \u010casto se pou\u017e\u00edvaj\u00ed ve skladech, v\u00fdrobn\u00edch hal\u00e1ch a dal\u0161\u00edch provozech, kde je nutn\u00e9 manipulovat s velk\u00fdm mno\u017estv\u00edm zbo\u017e\u00ed. Pozinkovan\u00fd povrch r\u00e1mu chr\u00e1n\u00ed voz\u00edk p\u0159ed koroz\u00ed a zachov\u00e1v\u00e1 jeho pevnost, d\u00edky \u010demu\u017e je spolehliv\u00fdm \u0159e\u0161en\u00edm pro p\u0159epravu materi\u00e1lu.<\/p>\n<p><strong>V\u0161echny vn\u011bj\u0161\u00ed \u010d\u00e1sti ru\u010dn\u00edho paletov\u00e9ho voz\u00edku jsou pozinkovan\u00e9, v\u010detn\u011b hydraulick\u00e9ho \u010derpadla, r\u00e1mu vidlic a rukojeti.<br \/>\n<\/strong><\/p>\n<p>Jsou zvl\u00e1\u0161t\u011b vhodn\u00e9 pro pou\u017eit\u00ed v chladn\u00fdch a vlhk\u00fdch prost\u0159ed\u00edch, proto\u017ee odol\u00e1vaj\u00ed vlivu chladu, kondenzace a myt\u00ed.<\/p>\n<p><strong>Pozinkovan\u00fd ru\u010dn\u00ed paletov\u00fd voz\u00edk GUMI PRZN25 je vybaven:<\/strong><\/p>\n<ul>\n<li>P\u0159etlakov\u00fdm a pojistn\u00fdm ventilem proti p\u0159et\u00ed\u017een\u00ed, kter\u00fd chr\u00e1n\u00ed \u010derpadlo p\u0159i p\u0159ekro\u010den\u00ed povolen\u00e9 hmotnosti<\/li>\n<li>Jednod\u00edlnou konstrukc\u00ed \u010derpadla pro snadnou opravu, spolehliv\u00fd provoz a dlouhou \u017eivotnost<\/li>\n<li>Nylonov\u00fdmi vidlicov\u00fdmi koly jako standardn\u00ed v\u00fdbavou pro pou\u017eit\u00ed ve vlhk\u00fdch nebo n\u00e1ro\u010dn\u00fdch podm\u00ednk\u00e1ch<\/li>\n<\/ul>\n","protected":false},"excerpt":{"rendered":"<p>Pozinkovan\u00fd ru\u010dn\u00ed paletov\u00fd voz\u00edk FORK PRZN25 ur\u010den\u00fd pro pr\u00e1ci ve vlhk\u00fdch a chladn\u00fdch prost\u0159ed\u00edch. Zv\u00fd\u0161en\u00e1 odolnost proti korozi, spolehliv\u00fd hydraulick\u00fd syst\u00e9m a dlouh\u00e1 \u017eivotnost.<\/p>\n","protected":false},"featured_media":2538,"comment_status":"open","ping_status":"closed","template":"","meta":[],"product_brand":[],"product_cat":[404],"product_tag":[],"class_list":{"0":"post-2537","1":"product","2":"type-product","3":"status-publish","4":"has-post-thumbnail","6":"product_cat-paletove-voziky","7":"product_shipping_class-kurier-450","9":"first","10":"instock","11":"taxable","12":"shipping-taxable","13":"purchasable","14":"product-type-simple"},"_links":{"self":[{"href":"https:\/\/shop.steel-containers.com\/cs\/wp-json\/wp\/v2\/product\/2537","targetHints":{"allow":["GET"]}}],"collection":[{"href":"https:\/\/shop.steel-containers.com\/cs\/wp-json\/wp\/v2\/product"}],"about":[{"href":"https:\/\/shop.steel-containers.com\/cs\/wp-json\/wp\/v2\/types\/product"}],"replies":[{"embeddable":true,"href":"https:\/\/shop.steel-containers.com\/cs\/wp-json\/wp\/v2\/comments?post=2537"}],"wp:featuredmedia":[{"embeddable":true,"href":"https:\/\/shop.steel-containers.com\/cs\/wp-json\/wp\/v2\/media\/2538"}],"wp:attachment":[{"href":"https:\/\/shop.steel-containers.com\/cs\/wp-json\/wp\/v2\/media?parent=2537"}],"wp:term":[{"taxonomy":"product_brand","embeddable":true,"href":"https:\/\/shop.steel-containers.com\/cs\/wp-json\/wp\/v2\/product_brand?post=2537"},{"taxonomy":"product_cat","embeddable":true,"href":"https:\/\/shop.steel-containers.com\/cs\/wp-json\/wp\/v2\/product_cat?post=2537"},{"taxonomy":"product_tag","embeddable":true,"href":"https:\/\/shop.steel-containers.com\/cs\/wp-json\/wp\/v2\/product_tag?post=2537"}],"curies":[{"name":"wp","href":"https:\/\/api.w.org\/{rel}","templated":true}]}}