{"id":2563,"date":"2026-01-22T09:34:46","date_gmt":"2026-01-22T08:34:46","guid":{"rendered":"https:\/\/shop.steel-containers.com\/produkt\/nizka-zachytna-vana-pro-4-sudy-objem-180-260-l\/"},"modified":"2026-03-13T08:21:45","modified_gmt":"2026-03-13T07:21:45","slug":"nizka-zachytna-vana-pro-4-sudy-objem-180-260-l","status":"publish","type":"product","link":"https:\/\/shop.steel-containers.com\/cs\/produkt\/nizka-zachytna-vana-pro-4-sudy-objem-180-260-l\/","title":{"rendered":"N\u00edzk\u00e1 z\u00e1chytn\u00e1 vana pro 4 sudy (objem 180 \/ 260 l)"},"content":{"rendered":"<p class=\"\" data-start=\"133\" data-end=\"375\">Z\u00e1chytn\u00e1 vana z plastu ur\u010den\u00e1 pro skladov\u00e1n\u00ed a\u017e \u010dty\u0159 200litrov\u00fdch sud\u016f. Je k dispozici ve dvou variant\u00e1ch z\u00e1chytn\u00e9ho objemu \u2013 180 litr\u016f a 260 litr\u016f. Produkt je navr\u017een pro manipulaci pomoc\u00ed vysokozdvi\u017en\u00e9ho nebo paletov\u00e9ho voz\u00edku.<\/p>\n<h4 class=\"\" data-start=\"377\" data-end=\"402\">Hlavn\u00ed vlastnosti:<\/h4>\n<ul data-start=\"403\" data-end=\"726\">\n<li class=\"\" data-start=\"403\" data-end=\"485\">\n<p class=\"\" data-start=\"405\" data-end=\"485\">Zaji\u0161\u0165uje bezpe\u010dn\u00e9 skladov\u00e1n\u00ed nebezpe\u010dn\u00fdch kapalin a chr\u00e1n\u00ed p\u0159ed \u00faniky<\/p>\n<\/li>\n<li class=\"\" data-start=\"486\" data-end=\"587\">\n<p class=\"\" data-start=\"488\" data-end=\"587\">Vybavena odn\u00edmateln\u00fdmi a skl\u00e1dac\u00edmi ro\u0161ty ze dvou \u010d\u00e1st\u00ed, kter\u00e9 usnad\u0148uj\u00ed \u010di\u0161t\u011bn\u00ed a vyprazd\u0148ov\u00e1n\u00ed vany<\/p>\n<\/li>\n<li class=\"\" data-start=\"588\" data-end=\"666\">\n<p class=\"\" data-start=\"590\" data-end=\"666\">Po sejmut\u00ed ro\u0161t\u016f umo\u017e\u0148uje stohov\u00e1n\u00ed van, \u010d\u00edm\u017e \u0161et\u0159\u00ed skladov\u00fd prostor<\/p>\n<\/li>\n<li class=\"\" data-start=\"667\" data-end=\"726\">\n<p class=\"\" data-start=\"669\" data-end=\"726\">Vyrobena z odoln\u00e9ho plastu ve \u017eluto-\u010dern\u00e9m proveden\u00ed<\/p>\n<\/li>\n<\/ul>\n<h4 class=\"\" data-start=\"728\" data-end=\"772\">Z\u00e1kladn\u00ed rozm\u011bry (pro ob\u011b varianty):<\/h4>\n<ul data-start=\"773\" data-end=\"822\">\n<li class=\"\" data-start=\"773\" data-end=\"797\">\n<p class=\"\" data-start=\"775\" data-end=\"797\">D\u00e9lka 1300 mm<\/p>\n<\/li>\n<li class=\"\" data-start=\"798\" data-end=\"822\">\n<p class=\"\" data-start=\"800\" data-end=\"822\">\u0160\u00ed\u0159ka 1300 mm<\/p>\n<\/li>\n<\/ul>\n<ol>\n<li style=\"list-style-type: none;\">\n<ol data-start=\"850\" data-end=\"1578\">\n<li class=\"\" style=\"list-style-type: none;\" data-start=\"1206\" data-end=\"1578\"><\/li>\n<\/ol>\n<\/li>\n<\/ol>\n","protected":false},"excerpt":{"rendered":"<p><strong>N\u00edzk\u00e1 plastov\u00e1 z\u00e1chytn\u00e1 vana pro 4 sudy o objemu 200 litr\u016f s kapacitou z\u00e1chytu 180 nebo 260 litr\u016f. Bezpe\u010dn\u00e9 \u0159e\u0161en\u00ed pro skladov\u00e1n\u00ed kapalin s mo\u017enost\u00ed stohov\u00e1n\u00ed.<br \/>\n<\/strong><\/p>\n","protected":false},"featured_media":2564,"comment_status":"open","ping_status":"closed","template":"","meta":[],"product_brand":[],"product_cat":[395],"product_tag":[],"class_list":{"0":"post-2563","1":"product","2":"type-product","3":"status-publish","4":"has-post-thumbnail","6":"product_cat-polyetylenove-zachytne-vany","8":"first","9":"outofstock","10":"taxable","11":"shipping-taxable","12":"product-type-variable"},"_links":{"self":[{"href":"https:\/\/shop.steel-containers.com\/cs\/wp-json\/wp\/v2\/product\/2563","targetHints":{"allow":["GET"]}}],"collection":[{"href":"https:\/\/shop.steel-containers.com\/cs\/wp-json\/wp\/v2\/product"}],"about":[{"href":"https:\/\/shop.steel-containers.com\/cs\/wp-json\/wp\/v2\/types\/product"}],"replies":[{"embeddable":true,"href":"https:\/\/shop.steel-containers.com\/cs\/wp-json\/wp\/v2\/comments?post=2563"}],"wp:featuredmedia":[{"embeddable":true,"href":"https:\/\/shop.steel-containers.com\/cs\/wp-json\/wp\/v2\/media\/2564"}],"wp:attachment":[{"href":"https:\/\/shop.steel-containers.com\/cs\/wp-json\/wp\/v2\/media?parent=2563"}],"wp:term":[{"taxonomy":"product_brand","embeddable":true,"href":"https:\/\/shop.steel-containers.com\/cs\/wp-json\/wp\/v2\/product_brand?post=2563"},{"taxonomy":"product_cat","embeddable":true,"href":"https:\/\/shop.steel-containers.com\/cs\/wp-json\/wp\/v2\/product_cat?post=2563"},{"taxonomy":"product_tag","embeddable":true,"href":"https:\/\/shop.steel-containers.com\/cs\/wp-json\/wp\/v2\/product_tag?post=2563"}],"curies":[{"name":"wp","href":"https:\/\/api.w.org\/{rel}","templated":true}]}}