{"id":2568,"date":"2026-01-22T09:34:46","date_gmt":"2026-01-22T08:34:46","guid":{"rendered":"https:\/\/shop.steel-containers.com\/produkt\/kulata-zachytna-vana-pro-sud-200-l\/"},"modified":"2026-03-13T08:22:09","modified_gmt":"2026-03-13T07:22:09","slug":"kulata-zachytna-vana-pro-sud-200-l","status":"publish","type":"product","link":"https:\/\/shop.steel-containers.com\/cs\/produkt\/kulata-zachytna-vana-pro-sud-200-l\/","title":{"rendered":"Kulat\u00e1 z\u00e1chytn\u00e1 vana pro sud 200 l"},"content":{"rendered":"<p class=\"\" data-start=\"162\" data-end=\"568\">Kulat\u00e1 z\u00e1chytn\u00e1 vana ur\u010den\u00e1 k zabezpe\u010den\u00ed jednoho 200litrov\u00e9ho sudu, vyroben\u00e1 z odoln\u00e9ho plastu. Je vybavena \u010dty\u0159mi otvory pro vidlice vysokozdvi\u017en\u00e9ho voz\u00edku, co\u017e umo\u017e\u0148uje bezpe\u010dnou manipulaci a p\u0159epravu sud\u016f. Chr\u00e1n\u00ed p\u0159ed \u00fanikem kapalin, sni\u017euje riziko uklouznut\u00ed pracovn\u00edk\u016f a usnad\u0148uje udr\u017eov\u00e1n\u00ed po\u0159\u00e1dku na pracovi\u0161ti. Ide\u00e1ln\u00ed \u0159e\u0161en\u00ed pro do\u010dasn\u00e9 zabezpe\u010den\u00ed sud\u016f a jin\u00fdch n\u00e1dob s kapalinami.<\/p>\n<p class=\"\" data-start=\"570\" data-end=\"719\"><strong data-start=\"570\" data-end=\"595\">Technick\u00e9 parametry:<\/strong><br data-start=\"595\" data-end=\"598\" \/>Pr\u016fm\u011br 826 mm<br data-start=\"662\" data-end=\"665\" \/>V\u00fd\u0161ka 220 mm<br \/>\nZ\u00e1chytn\u00fd objem 55 l<br \/>\nStatick\u00e1 nosnost 680 kg<br \/>\nDynamick\u00e1 nosnost 350 kg<\/p>\n","protected":false},"excerpt":{"rendered":"<p><strong>Kulat\u00e1 plastov\u00e1 z\u00e1chytn\u00e1 vana pro jeden 200litrov\u00fd sud se z\u00e1chytn\u00fdm objemem 55 l. Bezpe\u010dn\u00e9 \u0159e\u0161en\u00ed pro manipulaci a do\u010dasn\u00e9 skladov\u00e1n\u00ed kapalin.<br \/>\n<\/strong><\/p>\n","protected":false},"featured_media":2569,"comment_status":"open","ping_status":"closed","template":"","meta":[],"product_brand":[],"product_cat":[395],"product_tag":[],"class_list":{"0":"post-2568","1":"product","2":"type-product","3":"status-publish","4":"has-post-thumbnail","6":"product_cat-polyetylenove-zachytne-vany","7":"product_shipping_class-kurier-200","9":"first","10":"instock","11":"taxable","12":"shipping-taxable","13":"purchasable","14":"product-type-simple"},"_links":{"self":[{"href":"https:\/\/shop.steel-containers.com\/cs\/wp-json\/wp\/v2\/product\/2568","targetHints":{"allow":["GET"]}}],"collection":[{"href":"https:\/\/shop.steel-containers.com\/cs\/wp-json\/wp\/v2\/product"}],"about":[{"href":"https:\/\/shop.steel-containers.com\/cs\/wp-json\/wp\/v2\/types\/product"}],"replies":[{"embeddable":true,"href":"https:\/\/shop.steel-containers.com\/cs\/wp-json\/wp\/v2\/comments?post=2568"}],"wp:featuredmedia":[{"embeddable":true,"href":"https:\/\/shop.steel-containers.com\/cs\/wp-json\/wp\/v2\/media\/2569"}],"wp:attachment":[{"href":"https:\/\/shop.steel-containers.com\/cs\/wp-json\/wp\/v2\/media?parent=2568"}],"wp:term":[{"taxonomy":"product_brand","embeddable":true,"href":"https:\/\/shop.steel-containers.com\/cs\/wp-json\/wp\/v2\/product_brand?post=2568"},{"taxonomy":"product_cat","embeddable":true,"href":"https:\/\/shop.steel-containers.com\/cs\/wp-json\/wp\/v2\/product_cat?post=2568"},{"taxonomy":"product_tag","embeddable":true,"href":"https:\/\/shop.steel-containers.com\/cs\/wp-json\/wp\/v2\/product_tag?post=2568"}],"curies":[{"name":"wp","href":"https:\/\/api.w.org\/{rel}","templated":true}]}}