{"id":2574,"date":"2026-01-22T09:32:43","date_gmt":"2026-01-22T08:32:43","guid":{"rendered":"https:\/\/shop.steel-containers.com\/produkt\/samovyklopny-kontejner-ntk-hd-2500\/"},"modified":"2026-01-22T09:32:43","modified_gmt":"2026-01-22T08:32:43","slug":"samovyklopny-kontejner-ntk-hd-2500","status":"publish","type":"product","link":"https:\/\/shop.steel-containers.com\/cs\/produkt\/samovyklopny-kontejner-ntk-hd-2500\/","title":{"rendered":"Samov\u00fdklopn\u00fd kontejner NTK HD 2500"},"content":{"rendered":"<p data-path-to-node=\"10\">Samov\u00fdklopn\u00fd kontejner NTK HD 2500 je nejv\u011bt\u0161\u00ed, nej\u0161ir\u0161\u00ed a nejobjemn\u011bj\u0161\u00ed kontejner v na\u0161\u00ed nab\u00eddce, navr\u017een\u00fd pro podniky, kter\u00e9 neuzn\u00e1vaj\u00ed kompromisy. S p\u016fsobiv\u00fdm objemem 2 500 litr\u016f a nosnost\u00ed 2 000 kg je tento model nenahraditeln\u00fd p\u0159i manipulaci s velkoobjemov\u00fdm odpadem, lehk\u00fdm objemn\u00fdm \u0161rotem a sypk\u00fdmi materi\u00e1ly ve velk\u00fdch v\u00fdrobn\u00edch z\u00e1vodech. Jeho pou\u017eit\u00ed umo\u017e\u0148uje drasticky omezit vnit\u0159n\u00ed logistiku sn\u00ed\u017een\u00edm po\u010dtu j\u00edzd vysokozdvi\u017en\u00e9ho voz\u00edku do m\u00edst sb\u011bru odpadu.  <\/p>\n<h2 data-path-to-node=\"11\">Technick\u00e9 parametry modelu NTK HD 2500<\/h2>\n<p data-path-to-node=\"12\">To, co tento model odli\u0161uje od men\u0161\u00edch verz\u00ed, jsou jeho rozm\u011bry p\u0159izp\u016fsoben\u00e9 pr\u00e1ci s velk\u00fdm mno\u017estv\u00edm materi\u00e1lu. Samov\u00fdklopn\u00fd kontejner NTK HD 2500 m\u00e1 \u0161\u00ed\u0159ku cel\u00fdch 1 940 mm, co\u017e z n\u011bj \u010din\u00ed ide\u00e1ln\u00ed \u0159e\u0161en\u00ed pro sb\u011br \u0161irok\u00fdch odpad\u016f (nap\u0159. dlouh\u00e9 li\u0161ty, rozbit\u00e9 palety, velk\u00e9 archy plast\u016f). Celkov\u00e1 d\u00e9lka \u010din\u00ed 2 190 mm a v\u00fd\u0161ka 1 375 mm. <\/p>\n<p data-path-to-node=\"13\">Navzdory tak velk\u00e9mu objemu si konstrukce zachov\u00e1v\u00e1 tuhost charakteristickou pro t\u0159\u00eddu Heavy Duty. N\u00e1dr\u017e je vyrobena z plechu o tlou\u0161\u0165ce 3 mm a nosn\u00e1 z\u00e1kladna je zes\u00edlena 4mm plechem. Solidnost proveden\u00ed potvrzuje vlastn\u00ed hmotnost kontejneru, kter\u00e1 \u010din\u00ed 325 kg. Horn\u00ed hrana disponuje dodate\u010dn\u00fdm obvodov\u00fdm vyztu\u017een\u00edm, kter\u00e9 zabra\u0148uje \u201erozta\u017een\u00ed\u201c bo\u010dn\u00edch st\u011bn pod tlakem t\u011b\u017ek\u00e9ho n\u00e1kladu.   <\/p>\n<h3 data-path-to-node=\"14\">T\u011bsnost a univerz\u00e1lnost pou\u017eit\u00ed<\/h3>\n<p data-path-to-node=\"15\">Ka\u017ed\u00fd samov\u00fdklopn\u00fd kontejner NTK HD 2500 je oboustrann\u011b sva\u0159ovan\u00fd. Pou\u017eit\u00ed souvisl\u00fdch svar\u016f zaru\u010duje 100% t\u011bsnost n\u00e1dr\u017ee. D\u00edky tomu, i p\u0159es ur\u010den\u00ed pro velk\u00e9 rozm\u011bry, tento kontejner skv\u011ble funguje i p\u0159i p\u0159eprav\u011b:  <\/p>\n<ul data-path-to-node=\"16\">\n<li>\n<p data-path-to-node=\"16,0,0\">velk\u00e9ho mno\u017estv\u00ed zaolejovan\u00fdch t\u0159\u00edsek (bez rizika \u00faniku na podlahu),<\/p>\n<\/li>\n<li>\n<p data-path-to-node=\"16,1,0\">polotekut\u00fdch odpad\u016f a pr\u016fmyslov\u00fdch kal\u016f,<\/p>\n<\/li>\n<li>\n<p data-path-to-node=\"16,2,0\">sypk\u00fdch a pra\u0161n\u00fdch materi\u00e1l\u016f (piliny, granul\u00e1t),<\/p>\n<\/li>\n<li>\n<p data-path-to-node=\"16,3,0\">t\u011b\u017ek\u00e9ho v\u00fdrobn\u00edho \u0161rotu.<\/p>\n<\/li>\n<\/ul>\n<h2 data-path-to-node=\"17\">Dvojit\u00fd mechanismus vyprazd\u0148ov\u00e1n\u00ed \u2013 Pohodl\u00ed obsluhy<\/h2>\n<p data-path-to-node=\"18\">Manipulace s tak velkou n\u00e1dobou vy\u017eaduje \u0159e\u0161en\u00ed zaru\u010duj\u00edc\u00ed bezpe\u010dnost a ergonomii. Proto je tento model vybaven dv\u011bma nez\u00e1visl\u00fdmi syst\u00e9my vyprazd\u0148ov\u00e1n\u00ed: <\/p>\n<ol start=\"1\" data-path-to-node=\"19\">\n<li>\n<p data-path-to-node=\"19,0,0\">\u010celn\u00ed zbijak (Automat): Jedn\u00e1 se o bezobslu\u017en\u00fd syst\u00e9m. Obsluha najede korbou na hranu c\u00edlov\u00e9ho kontejneru a p\u0159itla\u010d\u00ed zbijak um\u00edst\u011bn\u00fd na p\u0159edn\u00ed \u010d\u00e1sti. To uvoln\u00ed z\u00e1mek a zp\u016fsob\u00ed naklon\u011bn\u00ed n\u00e1dr\u017ee. D\u00edky tomu obsluha nemus\u00ed opou\u0161t\u011bt kabinu voz\u00edku, co\u017e urychluje pr\u00e1ci.   <\/p>\n<\/li>\n<li>\n<p data-path-to-node=\"19,1,0\">Ru\u010dn\u00ed p\u00e1ka (Manu\u00e1ln\u00ed): V situac\u00edch vy\u017eaduj\u00edc\u00edch p\u0159esnost nebo kdy\u017e je pou\u017eit\u00ed zbijaku nemo\u017en\u00e9, m\u016f\u017ee obsluha vyu\u017e\u00edt p\u00e1ku um\u00edst\u011bnou na zadn\u00ed st\u011bn\u011b korby (ze strany sto\u017e\u00e1ru) k ru\u010dn\u00edmu uvoln\u011bn\u00ed z\u00e1mku.<\/p>\n<\/li>\n<\/ol>\n<p data-path-to-node=\"20\">Po \u00fapln\u00e9m vypr\u00e1zdn\u011bn\u00ed se d\u00edky precizn\u00edmu vyv\u00e1\u017een\u00ed samov\u00fdklopn\u00fd kontejner NTK HD 2500 samovoln\u011b vrac\u00ed do vodorovn\u00e9 polohy a zajist\u00ed se v z\u00e1mku, p\u0159ipraven k dal\u0161\u00edmu provozu.<\/p>\n<h3 data-path-to-node=\"21\">Pro\u010d si vybrat tento model?<\/h3>\n<p data-path-to-node=\"22\">Investice do modelu o objemu 2,5 m\u00b3 znamen\u00e1 \u00fasporu \u010dasu a paliva\/energie voz\u00edk\u016f. M\u00edsto t\u0159\u00ed j\u00edzd s men\u0161\u00ed n\u00e1dobou vykon\u00e1 obsluha jednu j\u00edzdu modelem HD 2500. Nav\u00edc je povrch n\u00e1dr\u017ee lakov\u00e1n n\u00e1st\u0159ikovou polyuretanovou barvou. Ta vytv\u00e1\u0159\u00ed hladk\u00fd, snadno \u010distiteln\u00fd povrch, kter\u00fd je odoln\u00fd v\u016f\u010di korozi, olej\u016fm a maziv\u016fm.   <\/p>\n","protected":false},"excerpt":{"rendered":"<p data-path-to-node=\"34\">Maximalizujte efektivitu logistiky d\u00edky samov\u00fdklopn\u00e9mu kontejneru NTK HD 2500. Je to nejv\u011bt\u0161\u00ed t\u011bsn\u00e1 n\u00e1dr\u017e v na\u0161\u00ed nab\u00eddce s objemem 2 500 l a nosnost\u00ed 2 000 kg. <\/p>\n<p data-path-to-node=\"35\"><b>Nejd\u016fle\u017eit\u011bj\u0161\u00ed vlastnosti modelu HD 2500:<\/b><\/p>\n<ul data-path-to-node=\"36\">\n<li>\n<p data-path-to-node=\"36,0,0\">Obrovsk\u00fd objem: 2 500 litr\u016f pro velkoobjemov\u00e9 odpady.<\/p>\n<\/li>\n<li>\n<p data-path-to-node=\"36,1,0\">Solidn\u00ed konstrukce: Hmotnost 325 kg, plech 3 mm \/ 4 mm.<\/p>\n<\/li>\n<li>\n<p data-path-to-node=\"36,2,0\">Rozm\u011bry: \u0160\u00ed\u0159ka 1 940 mm usnad\u0148uje vhazov\u00e1n\u00ed \u0161irok\u00fdch prvk\u016f.<\/p>\n<\/li>\n<li>\n<p data-path-to-node=\"36,3,0\">T\u011bsnost: Oboustrann\u00e9 svary (ide\u00e1ln\u00ed pro kapaliny a t\u0159\u00edsky).<\/p>\n<\/li>\n<li>\n<p data-path-to-node=\"36,4,0\">Dvojit\u00e9 vyprazd\u0148ov\u00e1n\u00ed: Bezobslu\u017en\u00fd zbijak nebo p\u00e1ka.<\/p>\n<\/li>\n<li>\n<p data-path-to-node=\"36,5,0\">PUR povlak: Odolnost proti korozi a snadn\u00e9 \u010di\u0161t\u011bn\u00ed.<\/p>\n<\/li>\n<\/ul>\n<p data-path-to-node=\"37\">Model ur\u010den\u00fd pro velk\u00e9 pr\u016fmyslov\u00e9 z\u00e1vody a n\u00e1ro\u010dn\u00e9 aplikace.<\/p>\n","protected":false},"featured_media":2229,"comment_status":"open","ping_status":"closed","template":"","meta":[],"product_brand":[],"product_cat":[410],"product_tag":[],"class_list":{"0":"post-2574","1":"product","2":"type-product","3":"status-publish","4":"has-post-thumbnail","6":"product_cat-ntk-hd","7":"product_shipping_class-kurier-590","9":"first","10":"instock","11":"taxable","12":"shipping-taxable","13":"purchasable","14":"product-type-simple"},"_links":{"self":[{"href":"https:\/\/shop.steel-containers.com\/cs\/wp-json\/wp\/v2\/product\/2574","targetHints":{"allow":["GET"]}}],"collection":[{"href":"https:\/\/shop.steel-containers.com\/cs\/wp-json\/wp\/v2\/product"}],"about":[{"href":"https:\/\/shop.steel-containers.com\/cs\/wp-json\/wp\/v2\/types\/product"}],"replies":[{"embeddable":true,"href":"https:\/\/shop.steel-containers.com\/cs\/wp-json\/wp\/v2\/comments?post=2574"}],"wp:featuredmedia":[{"embeddable":true,"href":"https:\/\/shop.steel-containers.com\/cs\/wp-json\/wp\/v2\/media\/2229"}],"wp:attachment":[{"href":"https:\/\/shop.steel-containers.com\/cs\/wp-json\/wp\/v2\/media?parent=2574"}],"wp:term":[{"taxonomy":"product_brand","embeddable":true,"href":"https:\/\/shop.steel-containers.com\/cs\/wp-json\/wp\/v2\/product_brand?post=2574"},{"taxonomy":"product_cat","embeddable":true,"href":"https:\/\/shop.steel-containers.com\/cs\/wp-json\/wp\/v2\/product_cat?post=2574"},{"taxonomy":"product_tag","embeddable":true,"href":"https:\/\/shop.steel-containers.com\/cs\/wp-json\/wp\/v2\/product_tag?post=2574"}],"curies":[{"name":"wp","href":"https:\/\/api.w.org\/{rel}","templated":true}]}}