{"id":2579,"date":"2026-01-22T09:34:45","date_gmt":"2026-01-22T08:34:45","guid":{"rendered":"https:\/\/shop.steel-containers.com\/produkt\/nizka-zachytna-vana-s-vypousteci-zatkou-pro-2-sudy-objem-83-150-l\/"},"modified":"2026-03-13T08:22:54","modified_gmt":"2026-03-13T07:22:54","slug":"nizka-zachytna-vana-s-vypousteci-zatkou-pro-2-sudy-objem-83-150-l","status":"publish","type":"product","link":"https:\/\/shop.steel-containers.com\/cs\/produkt\/nizka-zachytna-vana-s-vypousteci-zatkou-pro-2-sudy-objem-83-150-l\/","title":{"rendered":"N\u00edzk\u00e1 z\u00e1chytn\u00e1 vana s vypou\u0161t\u011bc\u00ed z\u00e1tkou pro 2 sudy (objem 83 \/ 150 l)"},"content":{"rendered":"<p>Z\u00e1chytn\u00e1 vana z plastu ur\u010den\u00e1 pro skladov\u00e1n\u00ed dvou sud\u016f o objemu 200 litr\u016f. Je k dispozici ve dvou v\u00fd\u0161kov\u00fdch variant\u00e1ch \u2013 16,5 cm se z\u00e1chytn\u00fdm objemem 83 l a 30 cm se z\u00e1chytn\u00fdm objemem 150 l. Spodn\u00ed \u010d\u00e1st vany je vybavena od\u0161roubovatelnou vypou\u0161t\u011bc\u00ed z\u00e1tkou, kter\u00e1 usnad\u0148uje vyprazd\u0148ov\u00e1n\u00ed. Vana je uzp\u016fsobena pro manipulaci pomoc\u00ed vysokozdvi\u017en\u00e9ho nebo paletov\u00e9ho voz\u00edku.<\/p>\n<p>Vlastnosti produktu:<\/p>\n<p>Bezpe\u010dn\u00e9 skladov\u00e1n\u00ed r\u016fzn\u00fdch l\u00e1tek a ochrana proti \u00fanik\u016fm kapalin<\/p>\n<p>Odn\u00edmateln\u00fd ro\u0161t pro snadn\u00e9 \u010di\u0161t\u011bn\u00ed a vyprazd\u0148ov\u00e1n\u00ed vany<\/p>\n<p>Od\u0161roubovateln\u00e1 vypou\u0161t\u011bc\u00ed z\u00e1tka pro pohodln\u00e9 odstran\u011bn\u00ed rozlit\u00fdch kapalin<\/p>\n<p>Vn\u011bj\u0161\u00ed rozm\u011bry:<br \/>\n130 \u00d7 68 cm<br \/>\nNosnost:<br \/>\nStatick\u00e1 1200 kg<br \/>\nDynamick\u00e1 650 kg<\/p>\n<p>Varianty:<\/p>\n<p>V\u00fd\u0161ka 16,5 cm \u2013 z\u00e1chytn\u00fd objem 83 l<\/p>\n<p>V\u00fd\u0161ka 30 cm \u2013 z\u00e1chytn\u00fd objem 150 l<\/p>\n<p>&nbsp;<\/p>\n","protected":false},"excerpt":{"rendered":"<p><strong>N\u00edzk\u00e1 plastov\u00e1 z\u00e1chytn\u00e1 vana pro dva 200litrov\u00e9 sudy s vypou\u0161t\u011bc\u00ed z\u00e1tkou. K dispozici ve dvou variant\u00e1ch s objemem 83 nebo 150 litr\u016f. Bezpe\u010dn\u00e9 a praktick\u00e9 \u0159e\u0161en\u00ed pro skladov\u00e1n\u00ed kapalin.<br \/>\n<\/strong><\/p>\n","protected":false},"featured_media":2580,"comment_status":"open","ping_status":"closed","template":"","meta":[],"product_brand":[],"product_cat":[395],"product_tag":[],"class_list":{"0":"post-2579","1":"product","2":"type-product","3":"status-publish","4":"has-post-thumbnail","6":"product_cat-polyetylenove-zachytne-vany","8":"first","9":"outofstock","10":"taxable","11":"shipping-taxable","12":"product-type-variable"},"_links":{"self":[{"href":"https:\/\/shop.steel-containers.com\/cs\/wp-json\/wp\/v2\/product\/2579","targetHints":{"allow":["GET"]}}],"collection":[{"href":"https:\/\/shop.steel-containers.com\/cs\/wp-json\/wp\/v2\/product"}],"about":[{"href":"https:\/\/shop.steel-containers.com\/cs\/wp-json\/wp\/v2\/types\/product"}],"replies":[{"embeddable":true,"href":"https:\/\/shop.steel-containers.com\/cs\/wp-json\/wp\/v2\/comments?post=2579"}],"wp:featuredmedia":[{"embeddable":true,"href":"https:\/\/shop.steel-containers.com\/cs\/wp-json\/wp\/v2\/media\/2580"}],"wp:attachment":[{"href":"https:\/\/shop.steel-containers.com\/cs\/wp-json\/wp\/v2\/media?parent=2579"}],"wp:term":[{"taxonomy":"product_brand","embeddable":true,"href":"https:\/\/shop.steel-containers.com\/cs\/wp-json\/wp\/v2\/product_brand?post=2579"},{"taxonomy":"product_cat","embeddable":true,"href":"https:\/\/shop.steel-containers.com\/cs\/wp-json\/wp\/v2\/product_cat?post=2579"},{"taxonomy":"product_tag","embeddable":true,"href":"https:\/\/shop.steel-containers.com\/cs\/wp-json\/wp\/v2\/product_tag?post=2579"}],"curies":[{"name":"wp","href":"https:\/\/api.w.org\/{rel}","templated":true}]}}