{"id":2590,"date":"2026-01-22T09:34:18","date_gmt":"2026-01-22T08:34:18","guid":{"rendered":"https:\/\/shop.steel-containers.com\/produkt\/pracovni-stanoviste-250-l-pro-4-sudy-nebo-1-ibc-se-zachytnou-vanou\/"},"modified":"2026-03-13T10:24:29","modified_gmt":"2026-03-13T09:24:29","slug":"pracovni-stanoviste-250-l-pro-4-sudy-nebo-1-ibc-se-zachytnou-vanou","status":"publish","type":"product","link":"https:\/\/shop.steel-containers.com\/cs\/produkt\/pracovni-stanoviste-250-l-pro-4-sudy-nebo-1-ibc-se-zachytnou-vanou\/","title":{"rendered":"Pracovn\u00ed stanovi\u0161t\u011b 250 l pro 4 sudy nebo 1 IBC se z\u00e1chytnou vanou"},"content":{"rendered":"<p data-start=\"0\" data-end=\"325\">Odoln\u00fd skladovac\u00ed kontejner z polyetylenu, odoln\u00fd v\u016f\u010di chemik\u00e1li\u00edm a nep\u0159\u00edzniv\u00fdm pov\u011btrnostn\u00edm podm\u00ednk\u00e1m, ur\u010den\u00fd pro bezpe\u010dn\u00e9 skladov\u00e1n\u00ed sud\u016f a n\u00e1dr\u017e\u00ed IBC. Konstrukce \u00fa\u010dinn\u011b minimalizuje riziko \u00faniku nebezpe\u010dn\u00fdch l\u00e1tek a zaji\u0161\u0165uje spln\u011bn\u00ed po\u017eadavk\u016f bezpe\u010dnosti a ochrany \u017eivotn\u00edho prost\u0159ed\u00ed.<\/p>\n<p data-start=\"327\" data-end=\"632\">Kontejner pojme a\u017e 4 sudy o objemu 200 l nebo 1 IBC n\u00e1dr\u017e o objemu 1000 l a je vybaven integrovanou z\u00e1chytnou vanou o objemu 250 l, kter\u00e1 zachyt\u00e1v\u00e1 p\u0159\u00edpadn\u00e9 \u00faniky. Dod\u00e1v\u00e1 se v ploch\u00e9m balen\u00ed, co\u017e v\u00fdrazn\u011b usnad\u0148uje p\u0159epravu a skladov\u00e1n\u00ed p\u0159ed mont\u00e1\u017e\u00ed.<\/p>\n<p data-start=\"634\" data-end=\"1049\">Oboustrann\u00e9 otev\u00edr\u00e1n\u00ed pomoc\u00ed dvou pevn\u00fdch \u017eebrovan\u00fdch posuvn\u00fdch rolet umo\u017e\u0148uje pohodln\u00fd p\u0159\u00edstup do vnit\u0159n\u00edho prostoru, p\u0159i\u010dem\u017e otev\u00edr\u00e1n\u00ed je mo\u017en\u00e9 v\u017edy pouze z jedn\u00e9 strany sou\u010dasn\u011b. Velk\u00fd pracovn\u00ed prostor nad sudy umo\u017e\u0148uje instalaci \u010derpadel nebo trycht\u00fd\u0159\u016f. Po sestaven\u00ed vytv\u00e1\u0159\u00ed kontejner pevnou a kompaktn\u00ed konstrukci integrovanou se z\u00e1chytnou paletou, p\u0159i\u010dem\u017e pr\u00e1zdn\u00fd kontejner lze zvedat vysokozdvi\u017en\u00fdm voz\u00edkem z obou stran.<\/p>\n<p data-start=\"1051\" data-end=\"1441\">Z\u00e1chytn\u00e1 vana, kter\u00e1 slou\u017e\u00ed jako podlaha pracovn\u00edho stanovi\u0161t\u011b, je vybavena samonosn\u00fdm, stabiln\u00edm a snadno demontovateln\u00fdm ro\u0161tem. \u0160irok\u00fd vstup usnad\u0148uje um\u00edst\u011bn\u00ed sud\u016f na palety a \u010dty\u0159i mont\u00e1\u017en\u00ed kapsy v bo\u010dn\u00edch st\u011bn\u00e1ch umo\u017e\u0148uj\u00ed trval\u00e9 ukotven\u00ed kontejneru k podlaze. Produkt je ide\u00e1ln\u00ed jako venkovn\u00ed pracovn\u00ed a skladovac\u00ed stanovi\u0161t\u011b.<\/p>\n<p data-start=\"1443\" data-end=\"1465\"><strong data-start=\"1443\" data-end=\"1463\">Technick\u00e9 \u00fadaje:<\/strong><\/p>\n<ul data-start=\"1466\" data-end=\"1696\">\n<li data-start=\"1466\" data-end=\"1516\">\n<p data-start=\"1468\" data-end=\"1516\">Rozm\u011bry (D \u00d7 \u0160 \u00d7 V) 2100 \u00d7 1565 \u00d7 1620 mm<\/p>\n<\/li>\n<li data-start=\"1517\" data-end=\"1537\">\n<p data-start=\"1519\" data-end=\"1537\">Hmotnost 147 kg<\/p>\n<\/li>\n<li data-start=\"1538\" data-end=\"1607\">\n<p data-start=\"1540\" data-end=\"1607\">Kapacita skladov\u00e1n\u00ed 4 \u00d7 200 l sudy (vertik\u00e1ln\u011b) nebo 1 \u00d7 1000 l IBC<\/p>\n<\/li>\n<li data-start=\"1608\" data-end=\"1632\">\n<p data-start=\"1610\" data-end=\"1632\">Nosnost 1250 kg<\/p>\n<\/li>\n<li data-start=\"1633\" data-end=\"1668\">\n<p data-start=\"1635\" data-end=\"1668\">Z\u00e1chytn\u00fd objem 250 l<\/p>\n<\/li>\n<li data-start=\"1669\" data-end=\"1696\">\n<p data-start=\"1671\" data-end=\"1696\">Barva \u017eluto-\u010dern\u00e1<\/p>\n<\/li>\n<\/ul>\n<p data-start=\"1698\" data-end=\"1825\">Ide\u00e1ln\u00ed \u0159e\u0161en\u00ed pro bezpe\u010dn\u00e9 skladov\u00e1n\u00ed sud\u016f a IBC v pr\u016fmyslov\u00fdch z\u00e1vodech, skladech i ve venkovn\u00edch prostor\u00e1ch.<\/p>\n","protected":false},"excerpt":{"rendered":"<p><strong>Pracovn\u00ed stanovi\u0161t\u011b se z\u00e1chytnou vanou o objemu 250 l pro skladov\u00e1n\u00ed 4 sud\u016f nebo 1 IBC. Bezpe\u010dn\u00e9 \u0159e\u0161en\u00ed pro pr\u016fmyslov\u00e9 provozy, sklady i venkovn\u00ed pou\u017eit\u00ed.<\/strong><\/p>\n","protected":false},"featured_media":2589,"comment_status":"open","ping_status":"closed","template":"","meta":[],"product_brand":[],"product_cat":[395],"product_tag":[],"class_list":{"0":"post-2590","1":"product","2":"type-product","3":"status-publish","4":"has-post-thumbnail","6":"product_cat-polyetylenove-zachytne-vany","7":"product_shipping_class-kurier-690","9":"first","10":"instock","11":"taxable","12":"shipping-taxable","13":"purchasable","14":"product-type-simple"},"_links":{"self":[{"href":"https:\/\/shop.steel-containers.com\/cs\/wp-json\/wp\/v2\/product\/2590","targetHints":{"allow":["GET"]}}],"collection":[{"href":"https:\/\/shop.steel-containers.com\/cs\/wp-json\/wp\/v2\/product"}],"about":[{"href":"https:\/\/shop.steel-containers.com\/cs\/wp-json\/wp\/v2\/types\/product"}],"replies":[{"embeddable":true,"href":"https:\/\/shop.steel-containers.com\/cs\/wp-json\/wp\/v2\/comments?post=2590"}],"wp:featuredmedia":[{"embeddable":true,"href":"https:\/\/shop.steel-containers.com\/cs\/wp-json\/wp\/v2\/media\/2589"}],"wp:attachment":[{"href":"https:\/\/shop.steel-containers.com\/cs\/wp-json\/wp\/v2\/media?parent=2590"}],"wp:term":[{"taxonomy":"product_brand","embeddable":true,"href":"https:\/\/shop.steel-containers.com\/cs\/wp-json\/wp\/v2\/product_brand?post=2590"},{"taxonomy":"product_cat","embeddable":true,"href":"https:\/\/shop.steel-containers.com\/cs\/wp-json\/wp\/v2\/product_cat?post=2590"},{"taxonomy":"product_tag","embeddable":true,"href":"https:\/\/shop.steel-containers.com\/cs\/wp-json\/wp\/v2\/product_tag?post=2590"}],"curies":[{"name":"wp","href":"https:\/\/api.w.org\/{rel}","templated":true}]}}