{"id":2596,"date":"2026-01-22T09:34:18","date_gmt":"2026-01-22T08:34:18","guid":{"rendered":"https:\/\/shop.steel-containers.com\/produkt\/najezdova-rampa-pro-modularni-pracovni-platformy\/"},"modified":"2026-03-13T10:24:51","modified_gmt":"2026-03-13T09:24:51","slug":"najezdova-rampa-pro-modularni-pracovni-platformy","status":"publish","type":"product","link":"https:\/\/shop.steel-containers.com\/cs\/produkt\/najezdova-rampa-pro-modularni-pracovni-platformy\/","title":{"rendered":"N\u00e1jezdov\u00e1 rampa pro modul\u00e1rn\u00ed pracovn\u00ed platformy"},"content":{"rendered":"<p data-start=\"0\" data-end=\"447\">N\u00e1jezdov\u00e1 rampa vyroben\u00e1 z vysoce odoln\u00e9ho polyetylenu, kter\u00fd je odoln\u00fd v\u016f\u010di chemik\u00e1li\u00edm a je ze 100 % recyklovan\u00e9ho materi\u00e1lu. Rampa se k modulu p\u0159ipev\u0148uje pomoc\u00ed pevn\u00fdch z\u00e1chyt\u016f a jej\u00ed mal\u00fd sklon usnad\u0148uje bezpe\u010dn\u00e9 naj\u00ed\u017ed\u011bn\u00ed i sj\u00ed\u017ed\u011bn\u00ed t\u011b\u017ek\u00fdch sud\u016f pomoc\u00ed manipula\u010dn\u00edch voz\u00edk\u016f. Protiskluzov\u00e9 \u017eebrov\u00e1n\u00ed zvy\u0161uje stabilitu a bezpe\u010dnost p\u0159i p\u0159eprav\u011b sud\u016f a n\u00e1dob v pr\u016fmyslov\u00fdch a skladov\u00fdch provozech.<\/p>\n<p data-start=\"449\" data-end=\"469\"><strong data-start=\"449\" data-end=\"469\">Technick\u00e9 \u00fadaje:<\/strong><\/p>\n<ul data-start=\"470\" data-end=\"582\">\n<li data-start=\"470\" data-end=\"518\">\n<p data-start=\"472\" data-end=\"518\">Rozm\u011bry (D \u00d7 \u0160 \u00d7 V) 1219 \u00d7 838 \u00d7 159 mm<\/p>\n<\/li>\n<li data-start=\"519\" data-end=\"538\">\n<p data-start=\"521\" data-end=\"538\">Hmotnost 19 kg<\/p>\n<\/li>\n<li data-start=\"539\" data-end=\"562\">\n<p data-start=\"541\" data-end=\"562\">Nosnost 455 kg<\/p>\n<\/li>\n<li data-start=\"563\" data-end=\"582\">\n<p data-start=\"565\" data-end=\"582\">Barva \u010dern\u00e1<\/p>\n<\/li>\n<\/ul>\n","protected":false},"excerpt":{"rendered":"<p><strong>Odoln\u00e1 n\u00e1jezdov\u00e1 rampa z recyklovan\u00e9ho polyetylenu pro bezpe\u010dnou manipulaci se sudy na pracovn\u00edch platform\u00e1ch. Protiskluzov\u00fd povrch, vysok\u00e1 nosnost a pr\u016fmyslov\u00e9 proveden\u00ed.<br \/>\n<\/strong><\/p>\n","protected":false},"featured_media":2595,"comment_status":"open","ping_status":"closed","template":"","meta":[],"product_brand":[],"product_cat":[395],"product_tag":[],"class_list":{"0":"post-2596","1":"product","2":"type-product","3":"status-publish","4":"has-post-thumbnail","6":"product_cat-polyetylenove-zachytne-vany","7":"product_shipping_class-kurier-200","9":"first","10":"instock","11":"taxable","12":"shipping-taxable","13":"purchasable","14":"product-type-simple"},"_links":{"self":[{"href":"https:\/\/shop.steel-containers.com\/cs\/wp-json\/wp\/v2\/product\/2596","targetHints":{"allow":["GET"]}}],"collection":[{"href":"https:\/\/shop.steel-containers.com\/cs\/wp-json\/wp\/v2\/product"}],"about":[{"href":"https:\/\/shop.steel-containers.com\/cs\/wp-json\/wp\/v2\/types\/product"}],"replies":[{"embeddable":true,"href":"https:\/\/shop.steel-containers.com\/cs\/wp-json\/wp\/v2\/comments?post=2596"}],"wp:featuredmedia":[{"embeddable":true,"href":"https:\/\/shop.steel-containers.com\/cs\/wp-json\/wp\/v2\/media\/2595"}],"wp:attachment":[{"href":"https:\/\/shop.steel-containers.com\/cs\/wp-json\/wp\/v2\/media?parent=2596"}],"wp:term":[{"taxonomy":"product_brand","embeddable":true,"href":"https:\/\/shop.steel-containers.com\/cs\/wp-json\/wp\/v2\/product_brand?post=2596"},{"taxonomy":"product_cat","embeddable":true,"href":"https:\/\/shop.steel-containers.com\/cs\/wp-json\/wp\/v2\/product_cat?post=2596"},{"taxonomy":"product_tag","embeddable":true,"href":"https:\/\/shop.steel-containers.com\/cs\/wp-json\/wp\/v2\/product_tag?post=2596"}],"curies":[{"name":"wp","href":"https:\/\/api.w.org\/{rel}","templated":true}]}}