{"id":2602,"date":"2026-01-22T09:34:18","date_gmt":"2026-01-22T08:34:18","guid":{"rendered":"https:\/\/shop.steel-containers.com\/produkt\/zachytna-vana-justrite-low-pro-4-sudy\/"},"modified":"2026-03-13T10:25:14","modified_gmt":"2026-03-13T09:25:14","slug":"zachytna-vana-justrite-low-pro-4-sudy","status":"publish","type":"product","link":"https:\/\/shop.steel-containers.com\/cs\/produkt\/zachytna-vana-justrite-low-pro-4-sudy\/","title":{"rendered":"Z\u00e1chytn\u00e1 vana Justrite LOW pro 4 sudy"},"content":{"rendered":"<p data-start=\"0\" data-end=\"369\">Z\u00e1chytn\u00e1 vana vyroben\u00e1 z mimo\u0159\u00e1dn\u011b odoln\u00e9ho polyetylenu, rezistentn\u00edho v\u016f\u010di chemik\u00e1li\u00edm a vyroben\u00e9ho ze 100 % recyklovan\u00e9ho materi\u00e1lu. Efektivn\u011b spojuje vysokou funk\u010dnost s ohledem na ochranu \u017eivotn\u00edho prost\u0159ed\u00ed. Chr\u00e1n\u00ed p\u0159ed n\u00e1sledky nekontrolovan\u00fdch \u00fanik\u016f nebezpe\u010dn\u00fdch l\u00e1tek a sou\u010dasn\u011b podporuje udr\u017eiteln\u00e9 vyu\u017eit\u00ed druhotn\u00fdch surovin, kter\u00e9 by jinak mohly zat\u011b\u017eovat okol\u00ed.<\/p>\n<p data-start=\"371\" data-end=\"678\">Z\u00e1chytn\u00e1 vana je ide\u00e1ln\u00ed pro skladov\u00e1n\u00ed akumul\u00e1tor\u016f, sud\u016f a n\u00e1dob s oleji a chemik\u00e1liemi, v\u010detn\u011b vysoce agresivn\u00edch l\u00e1tek. Lze ji pou\u017e\u00edvat jak pro trval\u00e9 zachyt\u00e1v\u00e1n\u00ed \u00fanik\u016f, tak jako bezpe\u010dn\u00e9 pracovn\u00ed stanovi\u0161t\u011b pro d\u00e1vkov\u00e1n\u00ed kapalin ze sud\u016f a kontejner\u016f.<\/p>\n<p data-start=\"680\" data-end=\"1167\">Voliteln\u00e9 spojovac\u00ed svorky (28926) umo\u017e\u0148uj\u00ed stabiln\u00ed propojen\u00ed v\u00edce modul\u016f do jedn\u00e9 spole\u010dn\u00e9 pracovn\u00ed platformy. Pro nav\u00fd\u0161en\u00ed celkov\u00e9 z\u00e1chytn\u00e9 kapacity je k dispozici p\u0159el\u00e9vac\u00ed sada (28927), kter\u00e1 umo\u017e\u0148uje vz\u00e1jemn\u00e9 propojen\u00ed modul\u016f. D\u00e1le je k dispozici voliteln\u00e1 n\u00e1jezdov\u00e1 rampa (28650) se zanedbateln\u00fdm \u00fahlem sklonu, kter\u00e1 v\u00fdrazn\u011b usnad\u0148uje nakl\u00e1dku a vykl\u00e1dku t\u011b\u017ek\u00fdch sud\u016f pomoc\u00ed manipula\u010dn\u00edch voz\u00edk\u016f.<\/p>\n<p data-start=\"1169\" data-end=\"1503\">Protiskluzov\u00e9 \u017eebrov\u00e1n\u00ed rampy i pracovn\u00ed plochy zaji\u0161\u0165uje bezpe\u010dn\u00fd a komfortn\u00ed provoz. \u010cern\u00e1 barva \u00fa\u010dinn\u011b maskuje ne\u010distoty, d\u00edky \u010demu\u017e si pracovi\u0161t\u011b zachov\u00e1v\u00e1 estetick\u00fd vzhled. Pevn\u00fd, samonosn\u00fd ro\u0161t o tlou\u0161\u0165ce 64 mm je stabiln\u00ed, neposuvn\u00fd a snadno demontovateln\u00fd pro \u00fa\u010dely \u010di\u0161t\u011bn\u00ed.<\/p>\n<p data-start=\"1505\" data-end=\"1581\">Produkt je dr\u017eitelem environment\u00e1ln\u00ed certifikace \u201eGreen\u201c, ud\u011blen\u00e9 organizac\u00ed UL Environment.<\/p>\n<p data-start=\"1583\" data-end=\"1760\"><strong data-start=\"1583\" data-end=\"1608\">Technick\u00e9 parametry:<\/strong><br data-start=\"1608\" data-end=\"1611\" \/>Rozm\u011bry (D \u00d7 \u0160 \u00d7 V) 1245 \u00d7 1245 \u00d7 140 mm<br data-start=\"1652\" data-end=\"1655\" \/>Z\u00e1chytn\u00fd objem 185 l<br data-start=\"1682\" data-end=\"1685\" \/>Nosnost 2268 kg<br data-start=\"1701\" data-end=\"1704\" \/>Kapacita skladov\u00e1n\u00ed 4 \u00d7 200 l<br data-start=\"1728\" data-end=\"1731\" \/>Hmotnost 28 kg<br data-start=\"1742\" data-end=\"1745\" \/>Barva \u010dern\u00e1<\/p>\n","protected":false},"excerpt":{"rendered":"<p><strong>N\u00edzk\u00e1 z\u00e1chytn\u00e1 vana Justrite LOW pro 4 sudy z recyklovan\u00e9ho polyetylenu s objemem 185 l. Bezpe\u010dn\u00e9, modul\u00e1rn\u00ed a certifikovan\u00e9 \u0159e\u0161en\u00ed pro skladov\u00e1n\u00ed chemik\u00e1li\u00ed.<br \/>\n<\/strong><\/p>\n","protected":false},"featured_media":2601,"comment_status":"open","ping_status":"closed","template":"","meta":[],"product_brand":[],"product_cat":[395],"product_tag":[],"class_list":{"0":"post-2602","1":"product","2":"type-product","3":"status-publish","4":"has-post-thumbnail","6":"product_cat-polyetylenove-zachytne-vany","7":"product_shipping_class-kurier-450","9":"first","10":"instock","11":"taxable","12":"shipping-taxable","13":"purchasable","14":"product-type-simple"},"_links":{"self":[{"href":"https:\/\/shop.steel-containers.com\/cs\/wp-json\/wp\/v2\/product\/2602","targetHints":{"allow":["GET"]}}],"collection":[{"href":"https:\/\/shop.steel-containers.com\/cs\/wp-json\/wp\/v2\/product"}],"about":[{"href":"https:\/\/shop.steel-containers.com\/cs\/wp-json\/wp\/v2\/types\/product"}],"replies":[{"embeddable":true,"href":"https:\/\/shop.steel-containers.com\/cs\/wp-json\/wp\/v2\/comments?post=2602"}],"wp:featuredmedia":[{"embeddable":true,"href":"https:\/\/shop.steel-containers.com\/cs\/wp-json\/wp\/v2\/media\/2601"}],"wp:attachment":[{"href":"https:\/\/shop.steel-containers.com\/cs\/wp-json\/wp\/v2\/media?parent=2602"}],"wp:term":[{"taxonomy":"product_brand","embeddable":true,"href":"https:\/\/shop.steel-containers.com\/cs\/wp-json\/wp\/v2\/product_brand?post=2602"},{"taxonomy":"product_cat","embeddable":true,"href":"https:\/\/shop.steel-containers.com\/cs\/wp-json\/wp\/v2\/product_cat?post=2602"},{"taxonomy":"product_tag","embeddable":true,"href":"https:\/\/shop.steel-containers.com\/cs\/wp-json\/wp\/v2\/product_tag?post=2602"}],"curies":[{"name":"wp","href":"https:\/\/api.w.org\/{rel}","templated":true}]}}