{"id":2612,"date":"2026-01-22T09:34:18","date_gmt":"2026-01-22T08:34:18","guid":{"rendered":"https:\/\/shop.steel-containers.com\/produkt\/zachytna-vana-justrite-low-pro-2-sudy\/"},"modified":"2026-03-13T10:25:37","modified_gmt":"2026-03-13T09:25:37","slug":"zachytna-vana-justrite-low-pro-2-sudy","status":"publish","type":"product","link":"https:\/\/shop.steel-containers.com\/cs\/produkt\/zachytna-vana-justrite-low-pro-2-sudy\/","title":{"rendered":"Z\u00e1chytn\u00e1 vana Justrite LOW pro 2 sudy"},"content":{"rendered":"<p data-start=\"0\" data-end=\"370\">Z\u00e1chytn\u00e1 vana vyroben\u00e1 z mimo\u0159\u00e1dn\u011b odoln\u00e9ho a chemicky rezistentn\u00edho polyetylenu, vyroben\u00e9ho ze 100 % recyklovan\u00fdch surovin. Spojuje vysokou pevnost s ohledem na ochranu \u017eivotn\u00edho prost\u0159ed\u00ed. Spolehliv\u011b chr\u00e1n\u00ed p\u0159ed n\u00e1sledky nekontrolovan\u00fdch \u00fanik\u016f nebezpe\u010dn\u00fdch l\u00e1tek a z\u00e1rove\u0148 podporuje op\u011btovn\u00e9 vyu\u017eit\u00ed druhotn\u00fdch materi\u00e1l\u016f, kter\u00e9 by jinak mohly zat\u011b\u017eovat okoln\u00ed prost\u0159ed\u00ed.<\/p>\n<p data-start=\"372\" data-end=\"660\">Z\u00e1chytn\u00e1 vana je ide\u00e1ln\u00ed pro skladov\u00e1n\u00ed akumul\u00e1tor\u016f, sud\u016f a n\u00e1dob s oleji a chemik\u00e1liemi, v\u010detn\u011b vysoce agresivn\u00edch l\u00e1tek. Lze ji pou\u017e\u00edt jak pro trval\u00e9 zachyt\u00e1v\u00e1n\u00ed \u00fanik\u016f, tak jako bezpe\u010dn\u00e9 pracovn\u00ed stanovi\u0161t\u011b pro d\u00e1vkov\u00e1n\u00ed kapalin ze sud\u016f a kontejner\u016f.<\/p>\n<p data-start=\"662\" data-end=\"1142\">Voliteln\u00e9 spojovac\u00ed svorky (28926) umo\u017e\u0148uj\u00ed stabiln\u00ed propojen\u00ed v\u00edce modul\u016f (van) do jedn\u00e9 spole\u010dn\u00e9 pracovn\u00ed platformy. Pro zv\u00fd\u0161en\u00ed celkov\u00e9 z\u00e1chytn\u00e9 kapacity je k dispozici p\u0159el\u00e9vac\u00ed sada (28927), kter\u00e1 umo\u017e\u0148uje vz\u00e1jemn\u00e9 propojen\u00ed modul\u016f. K dispozici je tak\u00e9 voliteln\u00e1 n\u00e1jezdov\u00e1 rampa (28650), upevn\u011bn\u00e1 pomoc\u00ed z\u00e1chyt\u016f a s mal\u00fdm \u00fahlem sklonu, kter\u00e1 v\u00fdrazn\u011b usnad\u0148uje bezpe\u010dn\u00e9 um\u00eds\u0165ov\u00e1n\u00ed a sn\u00edm\u00e1n\u00ed t\u011b\u017ek\u00fdch sud\u016f pomoc\u00ed manipula\u010dn\u00edch voz\u00edk\u016f.<\/p>\n<p data-start=\"1144\" data-end=\"1534\">Protiskluzov\u00e9 \u017eebrov\u00e1n\u00ed rampy i pracovn\u00ed plochy zvy\u0161uje bezpe\u010dnost p\u0159i pou\u017e\u00edv\u00e1n\u00ed. \u010cern\u00e1 barva \u00fa\u010dinn\u011b maskuje ne\u010distoty, d\u00edky \u010demu\u017e si pracovi\u0161t\u011b zachov\u00e1v\u00e1 estetick\u00fd vzhled. Pevn\u00fd, samonosn\u00fd ro\u0161t o tlou\u0161\u0165ce 64 mm je stabiln\u00ed, neposuvn\u00fd a snadno demontovateln\u00fd pro \u00fa\u010dely \u010di\u0161t\u011bn\u00ed. Produkt je dr\u017eitelem \u201ezelen\u00e9ho\u201c environment\u00e1ln\u00edho certifik\u00e1tu vydan\u00e9ho organizac\u00ed UL Environment.<\/p>\n<p data-start=\"1536\" data-end=\"1711\"><strong data-start=\"1536\" data-end=\"1561\">Technick\u00e9 parametry:<\/strong><br data-start=\"1561\" data-end=\"1564\" \/>Rozm\u011bry (D \u00d7 \u0160 \u00d7 V) 1245 \u00d7 635 \u00d7 140 mm<br data-start=\"1604\" data-end=\"1607\" \/>Z\u00e1chytn\u00fd objem 90 l<br data-start=\"1633\" data-end=\"1636\" \/>Nosnost 1134 kg<br data-start=\"1652\" data-end=\"1655\" \/>Kapacita skladov\u00e1n\u00ed 2 \u00d7 200 l<br data-start=\"1679\" data-end=\"1682\" \/>Hmotnost 15 kg<br data-start=\"1693\" data-end=\"1696\" \/>Barva \u010dern\u00e1<\/p>\n","protected":false},"excerpt":{"rendered":"<p><strong>Z\u00e1chytn\u00e1 vana Justrite LOW pro 2 sudy z recyklovan\u00e9ho polyetylenu s objemem 90 l. Bezpe\u010dn\u00e9, modul\u00e1rn\u00ed a certifikovan\u00e9 \u0159e\u0161en\u00ed pro skladov\u00e1n\u00ed chemik\u00e1li\u00ed.<br \/>\n<\/strong><\/p>\n","protected":false},"featured_media":2608,"comment_status":"open","ping_status":"closed","template":"","meta":[],"product_brand":[],"product_cat":[395],"product_tag":[],"class_list":{"0":"post-2612","1":"product","2":"type-product","3":"status-publish","4":"has-post-thumbnail","6":"product_cat-polyetylenove-zachytne-vany","7":"product_shipping_class-kurier-200","9":"first","10":"instock","11":"taxable","12":"shipping-taxable","13":"purchasable","14":"product-type-simple"},"_links":{"self":[{"href":"https:\/\/shop.steel-containers.com\/cs\/wp-json\/wp\/v2\/product\/2612","targetHints":{"allow":["GET"]}}],"collection":[{"href":"https:\/\/shop.steel-containers.com\/cs\/wp-json\/wp\/v2\/product"}],"about":[{"href":"https:\/\/shop.steel-containers.com\/cs\/wp-json\/wp\/v2\/types\/product"}],"replies":[{"embeddable":true,"href":"https:\/\/shop.steel-containers.com\/cs\/wp-json\/wp\/v2\/comments?post=2612"}],"wp:featuredmedia":[{"embeddable":true,"href":"https:\/\/shop.steel-containers.com\/cs\/wp-json\/wp\/v2\/media\/2608"}],"wp:attachment":[{"href":"https:\/\/shop.steel-containers.com\/cs\/wp-json\/wp\/v2\/media?parent=2612"}],"wp:term":[{"taxonomy":"product_brand","embeddable":true,"href":"https:\/\/shop.steel-containers.com\/cs\/wp-json\/wp\/v2\/product_brand?post=2612"},{"taxonomy":"product_cat","embeddable":true,"href":"https:\/\/shop.steel-containers.com\/cs\/wp-json\/wp\/v2\/product_cat?post=2612"},{"taxonomy":"product_tag","embeddable":true,"href":"https:\/\/shop.steel-containers.com\/cs\/wp-json\/wp\/v2\/product_tag?post=2612"}],"curies":[{"name":"wp","href":"https:\/\/api.w.org\/{rel}","templated":true}]}}