{"id":2617,"date":"2026-01-22T09:34:17","date_gmt":"2026-01-22T08:34:17","guid":{"rendered":"https:\/\/shop.steel-containers.com\/produkt\/zachytna-vana-justrite-low-pro-1-sud\/"},"modified":"2026-03-13T10:25:58","modified_gmt":"2026-03-13T09:25:58","slug":"zachytna-vana-justrite-low-pro-1-sud","status":"publish","type":"product","link":"https:\/\/shop.steel-containers.com\/cs\/produkt\/zachytna-vana-justrite-low-pro-1-sud\/","title":{"rendered":"Z\u00e1chytn\u00e1 vana Justrite LOW pro 1 sud"},"content":{"rendered":"<p data-start=\"0\" data-end=\"360\">Z\u00e1chytn\u00e1 vana vyroben\u00e1 z velmi odoln\u00e9ho a chemicky rezistentn\u00edho polyethylenu, poch\u00e1zej\u00edc\u00edho ze 100 % z recyklovan\u00fdch materi\u00e1l\u016f, \u00fa\u010dinn\u011b podporuje ochranu \u017eivotn\u00edho prost\u0159ed\u00ed. Zabra\u0148uje n\u00e1sledk\u016fm nekontrolovan\u00fdch \u00fanik\u016f nebezpe\u010dn\u00fdch l\u00e1tek a z\u00e1rove\u0148 umo\u017e\u0148uje op\u011btovn\u00e9 vyu\u017eit\u00ed druhotn\u00fdch surovin, kter\u00e9 by jinak mohly zne\u010di\u0161\u0165ovat okol\u00ed.<\/p>\n<p data-start=\"362\" data-end=\"637\">Vana je ide\u00e1ln\u00ed pro skladov\u00e1n\u00ed akumul\u00e1tor\u016f, sud\u016f a n\u00e1dob s oleji a chemik\u00e1liemi, v\u010detn\u011b vysoce agresivn\u00edch l\u00e1tek. Lze ji pou\u017e\u00edvat jak pro trval\u00e9 zachyt\u00e1v\u00e1n\u00ed \u00fanik\u016f, tak jako bezpe\u010dn\u00e9 pracovi\u0161t\u011b pro d\u00e1vkov\u00e1n\u00ed kapalin ze sud\u016f a n\u00e1dob.<\/p>\n<p data-start=\"639\" data-end=\"1086\">Voliteln\u00e9 spojovac\u00ed svorky (28926) umo\u017e\u0148uj\u00ed stabiln\u00ed propojen\u00ed v\u00edce modul\u016f z\u00e1chytn\u00fdch van do jedn\u00e9 spole\u010dn\u00e9 pracovn\u00ed platformy. Pro zv\u00fd\u0161en\u00ed celkov\u00e9 z\u00e1chytn\u00e9 kapacity je k dispozici p\u0159epadov\u00e1 sada (28927), kter\u00e1 umo\u017e\u0148uje vz\u00e1jemn\u00e9 propojen\u00ed modul\u016f. Voliteln\u00e1 n\u00e1jezdov\u00e1 rampa (28650), upevn\u011bn\u00e1 pomoc\u00ed z\u00e1padek a s mal\u00fdm \u00fahlem sklonu, usnad\u0148uje bezpe\u010dn\u00e9 ukl\u00e1d\u00e1n\u00ed a sejmut\u00ed t\u011b\u017ek\u00fdch sud\u016f pomoc\u00ed manipula\u010dn\u00edch voz\u00edk\u016f.<\/p>\n<p data-start=\"1088\" data-end=\"1456\">Protiskluzov\u00e9 \u017eebrov\u00e1n\u00ed rampy a pracovn\u00ed plochy zaji\u0161\u0165uje vysokou \u00farove\u0148 bezpe\u010dnosti p\u0159i pou\u017e\u00edv\u00e1n\u00ed. \u010cern\u00e1 barva \u00fa\u010dinn\u011b maskuje ne\u010distoty a p\u0159isp\u00edv\u00e1 k estetick\u00e9mu vzhledu pracovi\u0161t\u011b. Pevn\u00fd, samonosn\u00fd ro\u0161t o tlou\u0161\u0165ce 64 mm je stabiln\u00ed, neposuvn\u00fd a snadno demontovateln\u00fd pro \u00fa\u010dely \u010di\u0161t\u011bn\u00ed. Produkt m\u00e1 environment\u00e1ln\u00ed certifik\u00e1t \u201eGreen\u201c vydan\u00fd organizac\u00ed UL Environment.<\/p>\n<p data-start=\"1458\" data-end=\"1630\"><strong data-start=\"1458\" data-end=\"1483\">Technick\u00e9 parametry:<\/strong><br data-start=\"1483\" data-end=\"1486\" \/>Rozm\u011bry (D \u00d7 \u0160 \u00d7 V): 635 \u00d7 635 \u00d7 140 mm<br data-start=\"1525\" data-end=\"1528\" \/>Z\u00e1chytn\u00fd objem: 45 l<br data-start=\"1554\" data-end=\"1557\" \/>Nosnost: 567 kg<br data-start=\"1572\" data-end=\"1575\" \/>Kapacita skladov\u00e1n\u00ed: 1 \u00d7 200 l sud<br data-start=\"1599\" data-end=\"1602\" \/>Hmotnost: 8 kg<br data-start=\"1612\" data-end=\"1615\" \/>Barva: \u010dern\u00e1<\/p>\n","protected":false},"excerpt":{"rendered":"<p><strong>Z\u00e1chytn\u00e1 vana Justrite LOW pro 1 sud z recyklovan\u00e9ho polyethylenu s kapacitou 45 l. Bezpe\u010dn\u00e9 a certifikovan\u00e9 \u0159e\u0161en\u00ed pro skladov\u00e1n\u00ed chemik\u00e1li\u00ed a olej\u016f.<br \/>\n<\/strong><\/p>\n","protected":false},"featured_media":2616,"comment_status":"open","ping_status":"closed","template":"","meta":[],"product_brand":[],"product_cat":[395],"product_tag":[],"class_list":{"0":"post-2617","1":"product","2":"type-product","3":"status-publish","4":"has-post-thumbnail","6":"product_cat-polyetylenove-zachytne-vany","7":"product_shipping_class-kurier-450","9":"first","10":"instock","11":"taxable","12":"shipping-taxable","13":"purchasable","14":"product-type-simple"},"_links":{"self":[{"href":"https:\/\/shop.steel-containers.com\/cs\/wp-json\/wp\/v2\/product\/2617","targetHints":{"allow":["GET"]}}],"collection":[{"href":"https:\/\/shop.steel-containers.com\/cs\/wp-json\/wp\/v2\/product"}],"about":[{"href":"https:\/\/shop.steel-containers.com\/cs\/wp-json\/wp\/v2\/types\/product"}],"replies":[{"embeddable":true,"href":"https:\/\/shop.steel-containers.com\/cs\/wp-json\/wp\/v2\/comments?post=2617"}],"wp:featuredmedia":[{"embeddable":true,"href":"https:\/\/shop.steel-containers.com\/cs\/wp-json\/wp\/v2\/media\/2616"}],"wp:attachment":[{"href":"https:\/\/shop.steel-containers.com\/cs\/wp-json\/wp\/v2\/media?parent=2617"}],"wp:term":[{"taxonomy":"product_brand","embeddable":true,"href":"https:\/\/shop.steel-containers.com\/cs\/wp-json\/wp\/v2\/product_brand?post=2617"},{"taxonomy":"product_cat","embeddable":true,"href":"https:\/\/shop.steel-containers.com\/cs\/wp-json\/wp\/v2\/product_cat?post=2617"},{"taxonomy":"product_tag","embeddable":true,"href":"https:\/\/shop.steel-containers.com\/cs\/wp-json\/wp\/v2\/product_tag?post=2617"}],"curies":[{"name":"wp","href":"https:\/\/api.w.org\/{rel}","templated":true}]}}