{"id":2711,"date":"2026-01-22T09:32:43","date_gmt":"2026-01-22T08:32:43","guid":{"rendered":"https:\/\/shop.steel-containers.com\/produkt\/samovyklopny-kontejner-ntk-900\/"},"modified":"2026-01-22T09:32:43","modified_gmt":"2026-01-22T08:32:43","slug":"samovyklopny-kontejner-ntk-900","status":"publish","type":"product","link":"https:\/\/shop.steel-containers.com\/cs\/produkt\/samovyklopny-kontejner-ntk-900\/","title":{"rendered":"Samov\u00fdklopn\u00fd kontejner NTK 900"},"content":{"rendered":"<p data-path-to-node=\"10\">Samov\u00fdklopn\u00fd kontejner NTK 900 je ide\u00e1ln\u00edm \u0159e\u0161en\u00edm pro podniky hledaj\u00edc\u00ed kompromis mezi velkou nosnost\u00ed a n\u00edzkou vlastn\u00ed hmotnost\u00ed p\u0159\u00edslu\u0161enstv\u00ed. S objemem 900 litr\u016f se tento model dokonale hod\u00ed pro p\u0159epravu objemn\u00fdch materi\u00e1l\u016f, jako jsou obalov\u00e9 odpady, plasty, piliny nebo leh\u010d\u00ed v\u00fdrobn\u00ed \u0161rot. Je to n\u00e1stroj, kter\u00fd najde uplatn\u011bn\u00ed jak ve v\u00fdrobn\u00ed hale, tak v logistick\u00e9m skladu i na staveni\u0161ti.  <\/p>\n<h2 data-path-to-node=\"11\">Technick\u00e9 parametry a konstrukce modelu NTK 900<\/h2>\n<p data-path-to-node=\"12\">Na rozd\u00edl od t\u011b\u017ek\u00fdch verz\u00ed Heavy Duty byl tento model navr\u017een s ohledem na univerz\u00e1lnost. Samov\u00fdklopn\u00fd kontejner NTK 900 je vyroben kompletn\u011b z pevn\u00e9ho plechu o tlou\u0161\u0165ce 2 mm \u2013 to plat\u00ed jak pro st\u011bny n\u00e1dr\u017ee, tak pro z\u00e1kladnu. Takov\u00e9 \u0159e\u0161en\u00ed umo\u017enilo dos\u00e1hnout n\u00edzk\u00e9 vlastn\u00ed hmotnosti pouh\u00fdch 135 kg. D\u00edky tomu kontejner nadm\u011brn\u011b nezat\u011b\u017euje hydraulick\u00fd syst\u00e9m vysokozdvi\u017en\u00e9ho voz\u00edku, co\u017e umo\u017e\u0148uje zachovat v\u011bt\u0161\u00ed u\u017eite\u010dnou nosnost pro p\u0159epravovan\u00e9 zbo\u017e\u00ed.  <\/p>\n<p data-path-to-node=\"13\">I p\u0159es leh\u010d\u00ed konstrukci se n\u00e1dr\u017e vyzna\u010duje p\u016fsobivou nosnost\u00ed 1 100 kg. Jej\u00ed vn\u011bj\u0161\u00ed rozm\u011bry jsou: d\u00e9lka 1 580 mm, \u0161\u00ed\u0159ka 1 390 mm a v\u00fd\u0161ka 995 mm. \u0160irok\u00e1 konstrukce usnad\u0148uje vhazov\u00e1n\u00ed odpad\u016f nepravideln\u00fdch tvar\u016f dovnit\u0159.  <\/p>\n<h3 data-path-to-node=\"14\">Dvojit\u00fd syst\u00e9m vyprazd\u0148ov\u00e1n\u00ed s ovl\u00e1d\u00e1n\u00edm lankem<\/h3>\n<p data-path-to-node=\"15\">Kl\u00ed\u010dov\u00fdm aktivem tohoto modelu je funk\u010dnost a bezpe\u010dnost obsluhy. Samov\u00fdklopn\u00fd kontejner NTK 900 je vybaven dv\u011bma syst\u00e9my uvoln\u011bn\u00ed z\u00e1mku, kter\u00e9 lze p\u0159izp\u016fsobit pracovn\u00edm podm\u00ednk\u00e1m:<\/p>\n<ol start=\"1\" data-path-to-node=\"16\">\n<li>\n<p data-path-to-node=\"16,0,0\">\u010celn\u00ed zbijak (Automat): Umo\u017e\u0148uje vypr\u00e1zdn\u011bn\u00ed n\u00e1dr\u017ee p\u0159itla\u010den\u00edm zbijaku (um\u00edst\u011bn\u00e9ho na p\u0159edn\u00ed st\u011bn\u011b) k hran\u011b velk\u00e9ho kontejneru na odpad. Obsluha nemus\u00ed vystupovat z voz\u00edku. <\/p>\n<\/li>\n<li>\n<p data-path-to-node=\"16,1,0\">P\u00e1ka s mo\u017enost\u00ed lanka (Manu\u00e1ln\u00ed\/D\u00e1lkov\u00fd): Na zadn\u00ed st\u011bn\u011b se nach\u00e1z\u00ed ru\u010dn\u00ed p\u00e1ka. Jej\u00ed konstrukce umo\u017e\u0148uje p\u0159ipevn\u011bn\u00ed ocelov\u00e9ho lanka nebo provazu. D\u00edky tomu m\u016f\u017ee obsluha zat\u00e1hnout za lanko p\u0159\u00edmo z kabiny vysokozdvi\u017en\u00e9ho voz\u00edku a uvolnit z\u00e1mek i tehdy, kdy\u017e je kontejner vysoko zdvi\u017een na sto\u017e\u00e1ru. Toto \u0159e\u0161en\u00ed v\u00fdrazn\u011b urychluje pr\u00e1ci a zvy\u0161uje komfort obsluhy.   <\/p>\n<\/li>\n<\/ol>\n<p data-path-to-node=\"17\">Po vysyp\u00e1n\u00ed obsahu se spr\u00e1vn\u011b vyv\u00e1\u017een\u00e1 n\u00e1doba vrac\u00ed do v\u00fdchoz\u00ed polohy a automaticky se zajist\u00ed.<\/p>\n<h2 data-path-to-node=\"18\">Ochrana a estetika \u2013 Polyuretanov\u00e9 lakov\u00e1n\u00ed<\/h2>\n<p data-path-to-node=\"19\">Trvanlivost p\u0159\u00edslu\u0161enstv\u00ed v pr\u016fmyslov\u00fdch podm\u00ednk\u00e1ch je prioritou. Proto je povrch korby chr\u00e1n\u011bn proti korozi n\u00e1st\u0159ikem vysoce kvalitn\u00ed polyuretanov\u00e9 barvy. Tento povlak vytv\u00e1\u0159\u00ed t\u011bsnou bari\u00e9ru chr\u00e1n\u00edc\u00ed ocel p\u0159ed vlhkost\u00ed a koroz\u00ed. Polyuretan je nav\u00edc odoln\u00fd proti mechanick\u00e9mu po\u0161kozen\u00ed a p\u016fsoben\u00ed olej\u016f a maziv. Hladk\u00e1, sklovit\u00e1 struktura barvy usnad\u0148uje \u00fadr\u017ebu \u2013 ne\u010distoty a zbytky materi\u00e1l\u016f neulp\u00edvaj\u00ed na st\u011bn\u00e1ch, co\u017e je zvl\u00e1\u0161t\u011b d\u016fle\u017eit\u00e9 p\u0159i p\u0159eprav\u011b mokr\u00fdch odpad\u016f.    <\/p>\n<h3 data-path-to-node=\"20\">Pou\u017eit\u00ed v pr\u016fmyslu<\/h3>\n<p data-path-to-node=\"21\">Tento model je v\u0161estrann\u00fdm n\u00e1strojem pro vnitropodnikovou dopravu. Skv\u011ble se osv\u011bd\u010duje v: <\/p>\n<ul data-path-to-node=\"22\">\n<li>\n<p data-path-to-node=\"22,0,0\">D\u0159evozpracuj\u00edc\u00edch z\u00e1vodech: P\u0159eprava pilin, \u0161t\u011bpky a d\u0159evn\u00edho odpadu.<\/p>\n<\/li>\n<li>\n<p data-path-to-node=\"22,1,0\">Zpracov\u00e1n\u00ed plast\u016f: P\u0159evoz granul\u00e1tu a plastov\u00e9ho odpadu.<\/p>\n<\/li>\n<li>\n<p data-path-to-node=\"22,2,0\">Skladech: T\u0159\u00edd\u011bn\u00ed f\u00f3li\u00ed, karton\u016f a obal\u016f.<\/p>\n<\/li>\n<li>\n<p data-path-to-node=\"22,3,0\">Komun\u00e1ln\u00edch slu\u017eb\u00e1ch: Sb\u011br odpadk\u016f a t\u0159\u00edd\u011bn\u00ed odpadu.<\/p>\n<\/li>\n<\/ul>\n<p data-path-to-node=\"23\">Pokud pot\u0159ebujete kontejner se siln\u011bj\u0161\u00edmi st\u011bnami pro velmi t\u011b\u017ek\u00fd \u0161rot, pod\u00edvejte se na na\u0161e modely z \u0159ady HD v kategorii <a href=\"https:\/\/shop.steel-containers.com\/product-categories\/tipping-bins\/ntk-hd\/\">NTK HD.<\/a><\/p>\n","protected":false},"excerpt":{"rendered":"<p data-path-to-node=\"34\">Zvy\u0161te efektivitu pr\u00e1ce ve skladu d\u00edky samov\u00fdklopn\u00e9mu kontejneru NTK 900. Je to objemn\u00e1 (900 l), ale lehk\u00e1 n\u00e1dr\u017e vyroben\u00e1 z plechu 2 mm, ide\u00e1ln\u00ed pro obsluhu vysokozdvi\u017en\u00fdm voz\u00edkem. <\/p>\n<p data-path-to-node=\"35\"><b>Nejd\u016fle\u017eit\u011bj\u0161\u00ed vlastnosti modelu NTK 900:<\/b><\/p>\n<ul data-path-to-node=\"36\">\n<li>\n<p data-path-to-node=\"36,0,0\">Velk\u00fd objem: 900 litr\u016f p\u0159i vlastn\u00ed hmotnosti pouze 135 kg.<\/p>\n<\/li>\n<li>\n<p data-path-to-node=\"36,1,0\">Ovl\u00e1d\u00e1n\u00ed lankem: P\u00e1ka uzp\u016fsoben\u00e1 pro mont\u00e1\u017e lanka (v\u00fdsyp z kabiny).<\/p>\n<\/li>\n<li>\n<p data-path-to-node=\"36,2,0\">Syst\u00e9m dvojit\u00e9ho vyprazd\u0148ov\u00e1n\u00ed: \u010celn\u00ed zbijak nebo ru\u010dn\u00ed p\u00e1ka.<\/p>\n<\/li>\n<li>\n<p data-path-to-node=\"36,3,0\">PUR povlak: Polyuretanov\u00e1 barva usnad\u0148uje \u010di\u0161t\u011bn\u00ed a chr\u00e1n\u00ed p\u0159ed koroz\u00ed.<\/p>\n<\/li>\n<li>\n<p data-path-to-node=\"36,4,0\">Nosnost: Bezpe\u010dn\u00fd transport zbo\u017e\u00ed do 1 100 kg.<\/p>\n<\/li>\n<\/ul>\n<p data-path-to-node=\"37\">Vynikaj\u00edc\u00ed volba pro p\u0159epravu odpad\u016f, plast\u016f a sypk\u00fdch materi\u00e1l\u016f.<\/p>\n","protected":false},"featured_media":2634,"comment_status":"open","ping_status":"closed","template":"","meta":[],"product_brand":[],"product_cat":[413],"product_tag":[],"class_list":{"0":"post-2711","1":"product","2":"type-product","3":"status-publish","4":"has-post-thumbnail","6":"product_cat-ntk","7":"product_shipping_class-kurier-450","9":"first","10":"instock","11":"taxable","12":"shipping-taxable","13":"purchasable","14":"product-type-simple"},"_links":{"self":[{"href":"https:\/\/shop.steel-containers.com\/cs\/wp-json\/wp\/v2\/product\/2711","targetHints":{"allow":["GET"]}}],"collection":[{"href":"https:\/\/shop.steel-containers.com\/cs\/wp-json\/wp\/v2\/product"}],"about":[{"href":"https:\/\/shop.steel-containers.com\/cs\/wp-json\/wp\/v2\/types\/product"}],"replies":[{"embeddable":true,"href":"https:\/\/shop.steel-containers.com\/cs\/wp-json\/wp\/v2\/comments?post=2711"}],"wp:featuredmedia":[{"embeddable":true,"href":"https:\/\/shop.steel-containers.com\/cs\/wp-json\/wp\/v2\/media\/2634"}],"wp:attachment":[{"href":"https:\/\/shop.steel-containers.com\/cs\/wp-json\/wp\/v2\/media?parent=2711"}],"wp:term":[{"taxonomy":"product_brand","embeddable":true,"href":"https:\/\/shop.steel-containers.com\/cs\/wp-json\/wp\/v2\/product_brand?post=2711"},{"taxonomy":"product_cat","embeddable":true,"href":"https:\/\/shop.steel-containers.com\/cs\/wp-json\/wp\/v2\/product_cat?post=2711"},{"taxonomy":"product_tag","embeddable":true,"href":"https:\/\/shop.steel-containers.com\/cs\/wp-json\/wp\/v2\/product_tag?post=2711"}],"curies":[{"name":"wp","href":"https:\/\/api.w.org\/{rel}","templated":true}]}}