{"id":2787,"date":"2026-01-22T09:32:44","date_gmt":"2026-01-22T08:32:44","guid":{"rendered":"https:\/\/shop.steel-containers.com\/produkt\/samovyklopny-kontejner-pmuc-750\/"},"modified":"2026-01-30T13:36:31","modified_gmt":"2026-01-30T12:36:31","slug":"samovyklopny-kontejner-pmuc-750","status":"publish","type":"product","link":"https:\/\/shop.steel-containers.com\/cs\/produkt\/samovyklopny-kontejner-pmuc-750\/","title":{"rendered":"Samov\u00fdklopn\u00fd kontejner PMUC 750"},"content":{"rendered":"<p data-path-to-node=\"3\">Samov\u00fdklopn\u00fd kontejner PMUC 750 je nejv\u011bt\u0161\u00ed v t\u00e9to s\u00e9rii, n\u00edzkoprofilov\u00fd kontejner pro vysokozdvi\u017en\u00e9 voz\u00edky, kter\u00fd kombinuje velkou kapacitu s kompaktn\u00ed v\u00fd\u0161kou. Je to ide\u00e1ln\u00ed \u0159e\u0161en\u00ed pro z\u00e1vody, kter\u00e9 generuj\u00ed zna\u010dn\u00e9 mno\u017estv\u00ed v\u00fdrobn\u00edho odpadu, ale pot\u00fdkaj\u00ed se s prostorov\u00fdm omezen\u00edm pod v\u00fdstupy stroj\u016f. <\/p>\n<h3 data-path-to-node=\"4\">Maxim\u00e1ln\u00ed nosnost p\u0159i n\u00edzk\u00e9m profilu<\/h3>\n<p data-path-to-node=\"5\">Hlavn\u00ed v\u00fdhodou modelu PMUC 750 je zachov\u00e1n\u00ed mal\u00e9 v\u00fd\u0161ky p\u0159i sou\u010dasn\u011b velk\u00e9 kubatu\u0159e. D\u00edky tomu se kontejner vejde pod v\u011bt\u0161inu vyna\u0161e\u010d\u016f t\u0159\u00edsek v CNC obr\u00e1b\u011bc\u00edch centrech a pod jin\u00e1 n\u00edzk\u00e1 pr\u016fmyslov\u00e1 za\u0159\u00edzen\u00ed. Jeho zv\u00fd\u0161en\u00e1 kapacita umo\u017e\u0148uje m\u00e9n\u011b \u010dast\u00e9 vyprazd\u0148ov\u00e1n\u00ed, co\u017e optimalizuje pracovn\u00ed \u010das obsluhy voz\u00edk\u016f. <\/p>\n<h3 data-path-to-node=\"6\">Panc\u00e9\u0159ov\u00e1 a t\u011bsn\u00e1 konstrukce<\/h3>\n<p data-path-to-node=\"7\">Podobn\u011b jako men\u0161\u00ed modely se i PMUC 750 vyzna\u010duje v\u00fdjime\u010dnou odolnost\u00ed. \u010c\u00e1st n\u00e1dr\u017ee je vyrobena z plechu o tlou\u0161\u0165ce 3 mm a z\u00e1kladna byla zes\u00edlena ocel\u00ed o tlou\u0161\u0165ce 5 mm. Pou\u017eit\u00ed oboustrann\u00e9ho sva\u0159ov\u00e1n\u00ed zaru\u010duje plnou t\u011bsnost n\u00e1doby, co\u017e z n\u00ed \u010din\u00ed vynikaj\u00edc\u00ed n\u00e1stroj pro sb\u011br mokr\u00fdch odpad\u016f, zaolejovan\u00fdch t\u0159\u00edsek nebo kal\u016f bez rizika \u00faniku chladic\u00ed kapaliny na halu. Horn\u00ed hrana disponuje dodate\u010dn\u00fdm vyztu\u017een\u00edm, kter\u00e9 zaji\u0161\u0165uje tuhost konstrukce i p\u0159i pln\u00e9m zat\u00ed\u017een\u00ed t\u011b\u017ek\u00fdm \u0161rotem.   <\/p>\n<h3 data-path-to-node=\"8\">Bezpe\u010dnost a snadn\u00e1 \u00fadr\u017eba<\/h3>\n<p data-path-to-node=\"9\">Syst\u00e9m vyprazd\u0148ov\u00e1n\u00ed je zalo\u017een na p\u00e1ce um\u00edst\u011bn\u00e9 na zadn\u00ed st\u011bn\u011b korby, kter\u00e1 je vybavena bezpe\u010dnostn\u00ed pojistkou. Ta chr\u00e1n\u00ed p\u0159ed n\u00e1hodn\u00fdm naklon\u011bn\u00edm n\u00e1dr\u017ee b\u011bhem p\u0159epravy. Kontejner je pokryt vysoce kvalitn\u00edm antikorozn\u00edm n\u00e1t\u011brem (z\u00e1klad + polyuretanov\u00e1 barva). Ten vytv\u00e1\u0159\u00ed hladk\u00fd povrch, kter\u00fd nejen chr\u00e1n\u00ed ocel, ale tak\u00e9 zaji\u0161\u0165uje, \u017ee \u010di\u0161t\u011bn\u00ed korby od zbytk\u016f maziv a ne\u010distot je rychl\u00e9 a bezprobl\u00e9mov\u00e9.   <\/p>\n<p data-path-to-node=\"10\">Zvolte korbu PMUC 750, pokud hled\u00e1te v\u00fdkonn\u00fd, t\u011bsn\u00fd z\u00e1sobn\u00edk, kter\u00fd zvl\u00e1dne velk\u00e9 mno\u017estv\u00ed odpadu v omezen\u00e9m prostoru.<\/p>\n","protected":false},"excerpt":{"rendered":"<p data-path-to-node=\"13\">Sni\u017ete \u010detnost odvozu odpadu se samov\u00fdklopn\u00fdm kontejnerem PMUC 750. Je to objemn\u00fd, a p\u0159itom n\u00edzk\u00fd kontejner pod CNC stroje. Vyroben z plechu 3-5 mm, oboustrann\u011b sva\u0159ovan\u00fd (t\u011bsn\u00fd), ide\u00e1ln\u00ed na t\u0159\u00edsky s chladic\u00ed kapalinou. M\u00e1 hladk\u00fd polyuretanov\u00fd povrch a pojistku proti naklon\u011bn\u00ed.   <\/p>\n<p data-path-to-node=\"14\"><b>Nejd\u016fle\u017eit\u011bj\u0161\u00ed vlastnosti:<\/b><\/p>\n<ul data-path-to-node=\"15\">\n<li>\n<p data-path-to-node=\"15,0,0\">Model: PMUC 750 (vysok\u00e1 kapacita)<\/p>\n<\/li>\n<li>\n<p data-path-to-node=\"15,1,0\">Konstrukce: N\u00edzk\u00fd profil, plech 3-5 mm<\/p>\n<\/li>\n<li>\n<p data-path-to-node=\"15,2,0\">T\u011bsnost: 100% (pro kapaliny a oleje)<\/p>\n<\/li>\n<li>\n<p data-path-to-node=\"15,3,0\">Povrchov\u00e1 \u00faprava: Polyuretanov\u00e1 barva (snadn\u00e9 myt\u00ed)<\/p>\n<\/li>\n<\/ul>\n","protected":false},"featured_media":2723,"comment_status":"open","ping_status":"closed","template":"","meta":[],"product_brand":[],"product_cat":[419],"product_tag":[],"class_list":{"0":"post-2787","1":"product","2":"type-product","3":"status-publish","4":"has-post-thumbnail","6":"product_cat-pmuc","7":"product_shipping_class-kurier-450","9":"first","10":"instock","11":"taxable","12":"shipping-taxable","13":"purchasable","14":"product-type-simple"},"_links":{"self":[{"href":"https:\/\/shop.steel-containers.com\/cs\/wp-json\/wp\/v2\/product\/2787","targetHints":{"allow":["GET"]}}],"collection":[{"href":"https:\/\/shop.steel-containers.com\/cs\/wp-json\/wp\/v2\/product"}],"about":[{"href":"https:\/\/shop.steel-containers.com\/cs\/wp-json\/wp\/v2\/types\/product"}],"replies":[{"embeddable":true,"href":"https:\/\/shop.steel-containers.com\/cs\/wp-json\/wp\/v2\/comments?post=2787"}],"wp:featuredmedia":[{"embeddable":true,"href":"https:\/\/shop.steel-containers.com\/cs\/wp-json\/wp\/v2\/media\/2723"}],"wp:attachment":[{"href":"https:\/\/shop.steel-containers.com\/cs\/wp-json\/wp\/v2\/media?parent=2787"}],"wp:term":[{"taxonomy":"product_brand","embeddable":true,"href":"https:\/\/shop.steel-containers.com\/cs\/wp-json\/wp\/v2\/product_brand?post=2787"},{"taxonomy":"product_cat","embeddable":true,"href":"https:\/\/shop.steel-containers.com\/cs\/wp-json\/wp\/v2\/product_cat?post=2787"},{"taxonomy":"product_tag","embeddable":true,"href":"https:\/\/shop.steel-containers.com\/cs\/wp-json\/wp\/v2\/product_tag?post=2787"}],"curies":[{"name":"wp","href":"https:\/\/api.w.org\/{rel}","templated":true}]}}