{"id":2809,"date":"2026-01-22T09:34:16","date_gmt":"2026-01-22T08:34:16","guid":{"rendered":"https:\/\/shop.steel-containers.com\/produkt\/zachytna-vana-jonesco-low-pro-2-sudy\/"},"modified":"2026-01-22T09:34:16","modified_gmt":"2026-01-22T08:34:16","slug":"zachytna-vana-jonesco-low-pro-2-sudy","status":"publish","type":"product","link":"https:\/\/shop.steel-containers.com\/cs\/produkt\/zachytna-vana-jonesco-low-pro-2-sudy\/","title":{"rendered":"Z\u00e1chytn\u00e1 vana Jonesco LOW pro 2 sudy"},"content":{"rendered":"<p data-path-to-node=\"3\">Z\u00e1chytn\u00e1 vana Jonesco LOW pro 2 sudy je profesion\u00e1ln\u00ed n\u00edzkoprofilov\u00e1 pracovn\u00ed platforma ur\u010den\u00e1 pro bezpe\u010dn\u00e9 skladov\u00e1n\u00ed 200litrov\u00fdch sud\u016f, n\u00e1dob s oleji nebo akumul\u00e1tor\u016f. Je vyrobena z mimo\u0159\u00e1dn\u011b odoln\u00e9ho polyethylenu a spojuje vysokou chemickou odolnost s ergonomick\u00fdm pou\u017e\u00edv\u00e1n\u00edm, \u010d\u00edm\u017e p\u0159edstavuje kl\u00ed\u010dov\u00fd prvek vybaven\u00ed modern\u00edho skladu. <\/p>\n<h3 data-path-to-node=\"4\">Bezpe\u010dnost a shoda s normami<br \/><\/h3>\n<p data-path-to-node=\"5\">V\u00fdrobek spl\u0148uje p\u0159\u00edsn\u00e9 po\u017eadavky v\u011bt\u0161iny evropsk\u00fdch sm\u011brnic t\u00fdkaj\u00edc\u00edch se z\u00e1chytn\u00fdch van. Pou\u017eit\u00fd polyethylen (PE) je odoln\u00fd v\u016f\u010di agresivn\u00edm chemik\u00e1li\u00edm, kyselin\u00e1m a z\u00e1sad\u00e1m, d\u00edky \u010demu\u017e je vana ide\u00e1ln\u00edm \u0159e\u0161en\u00edm pro trval\u00e9 zachyt\u00e1v\u00e1n\u00ed p\u0159\u00edpadn\u00fdch \u00fanik\u016f. Protiskluzov\u00e9 \u017eebrov\u00e1n\u00ed platformy a pevn\u00e1, samonosn\u00e1 m\u0159\u00ed\u017eka (snadno demontovateln\u00e1 a \u010distiteln\u00e1) zaji\u0161\u0165uj\u00ed stabilitu a bezpe\u010dnost p\u0159i manipulaci s t\u011b\u017ek\u00fdmi sudy.  <\/p>\n<h3 data-path-to-node=\"6\">Modularita a ergonomie pr\u00e1ce<br \/><\/h3>\n<p data-path-to-node=\"7\">Jedine\u010dnou vlastnost\u00ed \u0159ady LOW je jej\u00ed modularita a velmi n\u00edzk\u00e1 v\u00fd\u0161ka \u2013 pouh\u00fdch 150 mm. Jednotliv\u00e9 vany lze vz\u00e1jemn\u011b spojovat pomoc\u00ed syst\u00e9mu profil\u016f a spojek a vytv\u00e1\u0159et tak rozs\u00e1hl\u00e9 pracovn\u00ed plochy p\u0159izp\u016fsoben\u00e9 pot\u0159eb\u00e1m haly. <\/p>\n<p data-path-to-node=\"8\">N\u00edzk\u00fd profil v\u00fdrazn\u011b usnad\u0148uje nakl\u00e1d\u00e1n\u00ed. Syst\u00e9m lze nav\u00edc roz\u0161\u00ed\u0159it o volitelnou n\u00e1jezdovou rampu s mal\u00fdm \u00fahlem n\u00e1klonu. D\u00edky stabiln\u00edmu syst\u00e9mu z\u00e1chyt\u016f umo\u017e\u0148uje rampa bezpe\u010dn\u00e9 nav\u00e1d\u011bn\u00ed t\u011b\u017ek\u00fdch sud\u016f pomoc\u00ed ru\u010dn\u00edch voz\u00edk\u016f bez nutnosti jejich zved\u00e1n\u00ed.  <\/p>\n<h3 data-path-to-node=\"9\">Technick\u00e1 specifikace:<\/h3>\n<ul data-path-to-node=\"10\">\n<li>\n<p data-path-to-node=\"10,0,0\">Rozm\u011bry (D \u00d7 \u0160 \u00d7 V): 1600 \u00d7 800 \u00d7 150 mm<\/p>\n<\/li>\n<li>\n<p data-path-to-node=\"10,1,0\">Z\u00e1chytn\u00fd objem: 112 litr\u016f<\/p>\n<\/li>\n<li>\n<p data-path-to-node=\"10,2,0\">Nosnost: 1000 kg (velmi robustn\u00ed konstrukce)<\/p>\n<\/li>\n<li>\n<p data-path-to-node=\"10,3,0\">Skladovac\u00ed kapacita: 2 sudy po 200 l<\/p>\n<\/li>\n<li>\n<p data-path-to-node=\"10,4,0\">Materi\u00e1l: Polyethylen (chemicky odoln\u00fd)<\/p>\n<\/li>\n<li>\n<p data-path-to-node=\"10,5,0\">Hmotnost: 24,5 kg<\/p>\n<\/li>\n<li>\n<p data-path-to-node=\"10,6,0\">Barva: \u010dern\u00e1<\/p>\n<\/li>\n<li>\n<p data-path-to-node=\"10,7,0\">Mo\u017enosti: Modul\u00e1rn\u00ed spojov\u00e1n\u00ed, mo\u017enost mont\u00e1\u017ee rampy<\/p>\n<\/li>\n<\/ul>\n<p data-path-to-node=\"11\">Zvolte z\u00e1chytnou vanu Jonesco LOW a vytvo\u0159te bezpe\u010dnou a flexibiln\u00ed z\u00f3nu pro skladov\u00e1n\u00ed chemik\u00e1li\u00ed ve va\u0161em provozu.<\/p>\n","protected":false},"excerpt":{"rendered":"<p data-path-to-node=\"14\">Vytvo\u0159te bezpe\u010dn\u00e9 pracovn\u00ed prost\u0159ed\u00ed se z\u00e1chytnou vanou Jonesco LOW pro 2 sudy. N\u00edzkoprofilov\u00e1 platforma (150 mm) s nosnost\u00ed 1000 kg, vyroben\u00e1 z odoln\u00e9ho polyethylenu. Modul\u00e1rn\u00ed konstrukce umo\u017e\u0148uje spojov\u00e1n\u00ed van do v\u011bt\u0161\u00edch pracovn\u00edch ploch. Ide\u00e1ln\u00ed pro sudy 200 l a akumul\u00e1tory.   <\/p>\n<p data-path-to-node=\"15\"><b>Nejd\u016fle\u017eit\u011bj\u0161\u00ed vlastnosti:<\/b><\/p>\n<ul data-path-to-node=\"16\">\n<li>\n<p data-path-to-node=\"16,0,0\">Rozm\u011bry: 1600 \u00d7 800 \u00d7 150 mm<\/p>\n<\/li>\n<li>\n<p data-path-to-node=\"16,1,0\">Nosnost: 1000 kg<\/p>\n<\/li>\n<li>\n<p data-path-to-node=\"16,2,0\">Z\u00e1chytn\u00fd objem: 112 l (pro 2 sudy)<\/p>\n<\/li>\n<li>\n<p data-path-to-node=\"16,3,0\">Vlastnosti: N\u00edzk\u00fd profil, modularita, mo\u017enost rampy<\/p>\n<\/li>\n<\/ul>\n","protected":false},"featured_media":691,"comment_status":"open","ping_status":"closed","template":"","meta":[],"product_brand":[],"product_cat":[395],"product_tag":[],"class_list":{"0":"post-2809","1":"product","2":"type-product","3":"status-publish","4":"has-post-thumbnail","6":"product_cat-polyetylenove-zachytne-vany","7":"product_shipping_class-kurier-450","9":"first","10":"instock","11":"taxable","12":"shipping-taxable","13":"purchasable","14":"product-type-simple"},"_links":{"self":[{"href":"https:\/\/shop.steel-containers.com\/cs\/wp-json\/wp\/v2\/product\/2809","targetHints":{"allow":["GET"]}}],"collection":[{"href":"https:\/\/shop.steel-containers.com\/cs\/wp-json\/wp\/v2\/product"}],"about":[{"href":"https:\/\/shop.steel-containers.com\/cs\/wp-json\/wp\/v2\/types\/product"}],"replies":[{"embeddable":true,"href":"https:\/\/shop.steel-containers.com\/cs\/wp-json\/wp\/v2\/comments?post=2809"}],"wp:featuredmedia":[{"embeddable":true,"href":"https:\/\/shop.steel-containers.com\/cs\/wp-json\/wp\/v2\/media\/691"}],"wp:attachment":[{"href":"https:\/\/shop.steel-containers.com\/cs\/wp-json\/wp\/v2\/media?parent=2809"}],"wp:term":[{"taxonomy":"product_brand","embeddable":true,"href":"https:\/\/shop.steel-containers.com\/cs\/wp-json\/wp\/v2\/product_brand?post=2809"},{"taxonomy":"product_cat","embeddable":true,"href":"https:\/\/shop.steel-containers.com\/cs\/wp-json\/wp\/v2\/product_cat?post=2809"},{"taxonomy":"product_tag","embeddable":true,"href":"https:\/\/shop.steel-containers.com\/cs\/wp-json\/wp\/v2\/product_tag?post=2809"}],"curies":[{"name":"wp","href":"https:\/\/api.w.org\/{rel}","templated":true}]}}