{"id":2895,"date":"2026-01-22T09:32:59","date_gmt":"2026-01-22T08:32:59","guid":{"rendered":"https:\/\/shop.steel-containers.com\/produkt\/samowyklopny-kontejner-pmuc-mini-300\/"},"modified":"2026-01-22T09:32:59","modified_gmt":"2026-01-22T08:32:59","slug":"samowyklopny-kontejner-pmuc-mini-300","status":"publish","type":"product","link":"https:\/\/shop.steel-containers.com\/cs\/produkt\/samowyklopny-kontejner-pmuc-mini-300\/","title":{"rendered":"Samowyklopn\u00fd kontejner PMUC mini 300"},"content":{"rendered":"<p data-path-to-node=\"3\">Samov\u00fdklopn\u00fd kontejner PMUC mini 300 je nejv\u011bt\u0161\u00ed a nejobjemn\u011bj\u0161\u00ed model ve specializovan\u00e9 \u0159ad\u011b n\u00edzkoprofilov\u00fdch kontejner\u016f. S objemem 300 litr\u016f p\u0159edstavuje ide\u00e1ln\u00ed \u0159e\u0161en\u00ed pro pracovi\u0161t\u011b, kde je prostor pod strojem drasticky omezen, ale mno\u017estv\u00ed generovan\u00e9ho odpadu vy\u017eaduje pou\u017eit\u00ed n\u00e1doby s v\u011bt\u0161\u00edmi rozm\u011bry ne\u017e standardn\u00ed &#8222;miniatury&#8220;. <\/p>\n<h3 data-path-to-node=\"4\">Velk\u00fd objem ve form\u00e1tu &#8222;Mini&#8220;<\/h3>\n<p data-path-to-node=\"5\">Unik\u00e1tn\u00ed konstrukce tohoto modelu spo\u010d\u00edv\u00e1 v horizont\u00e1ln\u00edm roz\u0161\u00ed\u0159en\u00ed n\u00e1dr\u017ee. D\u00edky tomu bylo dosa\u017eeno velk\u00e9 ploch\u00e9 plochy, co\u017e umo\u017e\u0148uje shrom\u00e1\u017ed\u011bn\u00ed 300 litr\u016f odpadu p\u0159i zachov\u00e1n\u00ed velmi mal\u00e9 v\u00fd\u0161ky. Tato korba se bez pot\u00ed\u017e\u00ed zasouv\u00e1 pod n\u00edzk\u00e9 vyna\u0161e\u010de t\u0159\u00edsek, lisy a obr\u00e1b\u011bc\u00ed hn\u00edzda CNC, \u010d\u00edm\u017e eliminuje nutnost ru\u010dn\u00edho vyb\u00edr\u00e1n\u00ed odpadu nebo \u010dast\u00fdch prostoj\u016f kv\u016fli vyprazd\u0148ov\u00e1n\u00ed men\u0161\u00edch n\u00e1dob.  <\/p>\n<h3 data-path-to-node=\"6\">T\u011bsnost a solidn\u00ed konstrukce<\/h3>\n<p data-path-to-node=\"7\">N\u00e1doba byla navr\u017eena pro n\u00e1ro\u010dn\u00e9 pr\u016fmyslov\u00e9 podm\u00ednky. \u010c\u00e1st n\u00e1dr\u017ee je vyrobena z plechu o tlou\u0161\u0165ce 2 mm a z\u00e1kladna \u2013 nosn\u00fd prvek \u2013 byla zes\u00edlena ocel\u00ed o tlou\u0161\u0165ce 4 mm. Pou\u017eit\u00ed oboustrann\u00e9ho sva\u0159ov\u00e1n\u00ed zaru\u010duje 100% t\u011bsnost konstrukce. To \u010din\u00ed z PMUC mini 300 vynikaj\u00edc\u00ed volbu pro sb\u011br mokr\u00fdch odpad\u016f, kal\u016f a t\u0159\u00edsek otekl\u00fdch chladic\u00ed kapalinou, co\u017e zaji\u0161\u0165uje \u010distotu podlahy v hale. Horn\u00ed hrana disponuje dodate\u010dn\u00fdm obvodov\u00fdm vyztu\u017een\u00edm, kter\u00e9 chr\u00e1n\u00ed p\u0159ed po\u0161kozen\u00edm.    <\/p>\n<h3 data-path-to-node=\"8\">Bezpe\u010dnost a snadn\u00e1 \u00fadr\u017eba<\/h3>\n<p data-path-to-node=\"9\">Syst\u00e9m vyprazd\u0148ov\u00e1n\u00ed se ovl\u00e1d\u00e1 p\u00e1kou um\u00edst\u011bnou na zadn\u00ed st\u011bn\u011b kontejneru. Mechanismus je vybaven bezpe\u010dnostn\u00ed pojistkou, kter\u00e1 zabra\u0148uje nekontrolovan\u00e9mu naklon\u011bn\u00ed korby b\u011bhem p\u0159epravy vysokozdvi\u017en\u00fdm voz\u00edkem. Celek je pokryt polyuretanovou barvou, kter\u00e1 vytv\u00e1\u0159\u00ed hladk\u00fd, snadno \u010distiteln\u00fd povrch zabra\u0148uj\u00edc\u00ed ulp\u00edv\u00e1n\u00ed ne\u010distot a maziv.  <\/p>\n<p data-path-to-node=\"10\">Zvolte korbu PMUC mini 300, pokud hled\u00e1te nejobjemn\u011bj\u0161\u00ed \u0159e\u0161en\u00ed mezi nejni\u017e\u0161\u00edmi kontejnery na trhu.<\/p>\n","protected":false},"excerpt":{"rendered":"<p data-path-to-node=\"13\">Vyu\u017eijte prostor pod n\u00edzk\u00fdmi stroji se samov\u00fdklopn\u00fdm kontejnerem PMUC mini 300. Je to nejv\u011bt\u0161\u00ed v s\u00e9rii Mini (300 l), velmi n\u00edzk\u00fd a t\u011bsn\u00fd kontejner. Vyroben z plechu 2\/4 mm, disponuje hladk\u00fdm polyuretanov\u00fdm povrchem a bezpe\u010dnostn\u00ed pojistkou.  <\/p>\n<p data-path-to-node=\"14\"><b data-path-to-node=\"14\" data-index-in-node=\"0\">Nejd\u016fle\u017eit\u011bj\u0161\u00ed vlastnosti:<\/b><\/p>\n<ul data-path-to-node=\"15\">\n<li>\n<p data-path-to-node=\"15,0,0\">Verze: Mini (nejni\u017e\u0161\u00ed profil)<\/p>\n<\/li>\n<li>\n<p data-path-to-node=\"15,1,0\">Objem: 300 litr\u016f (Max v \u0159ad\u011b Mini)<\/p>\n<\/li>\n<li>\n<p data-path-to-node=\"15,2,0\">T\u011bsnost: Ano (oboustrann\u00e9 svary)<\/p>\n<\/li>\n<li>\n<p data-path-to-node=\"15,3,0\">Konstrukce: Plech 2 mm \/ dno 4 mm<\/p>\n<\/li>\n<li>\n<p data-path-to-node=\"15,4,0\">Pou\u017eit\u00ed: Pod n\u00edzk\u00e9 v\u00fdstupy stroj\u016f a lisy<\/p>\n<\/li>\n<\/ul>\n","protected":false},"featured_media":2887,"comment_status":"open","ping_status":"closed","template":"","meta":[],"product_brand":[],"product_cat":[344],"product_tag":[],"class_list":{"0":"post-2895","1":"product","2":"type-product","3":"status-publish","4":"has-post-thumbnail","6":"product_cat-pmuc-mini","7":"product_shipping_class-kurier-450","9":"first","10":"instock","11":"taxable","12":"shipping-taxable","13":"purchasable","14":"product-type-simple"},"_links":{"self":[{"href":"https:\/\/shop.steel-containers.com\/cs\/wp-json\/wp\/v2\/product\/2895","targetHints":{"allow":["GET"]}}],"collection":[{"href":"https:\/\/shop.steel-containers.com\/cs\/wp-json\/wp\/v2\/product"}],"about":[{"href":"https:\/\/shop.steel-containers.com\/cs\/wp-json\/wp\/v2\/types\/product"}],"replies":[{"embeddable":true,"href":"https:\/\/shop.steel-containers.com\/cs\/wp-json\/wp\/v2\/comments?post=2895"}],"wp:featuredmedia":[{"embeddable":true,"href":"https:\/\/shop.steel-containers.com\/cs\/wp-json\/wp\/v2\/media\/2887"}],"wp:attachment":[{"href":"https:\/\/shop.steel-containers.com\/cs\/wp-json\/wp\/v2\/media?parent=2895"}],"wp:term":[{"taxonomy":"product_brand","embeddable":true,"href":"https:\/\/shop.steel-containers.com\/cs\/wp-json\/wp\/v2\/product_brand?post=2895"},{"taxonomy":"product_cat","embeddable":true,"href":"https:\/\/shop.steel-containers.com\/cs\/wp-json\/wp\/v2\/product_cat?post=2895"},{"taxonomy":"product_tag","embeddable":true,"href":"https:\/\/shop.steel-containers.com\/cs\/wp-json\/wp\/v2\/product_tag?post=2895"}],"curies":[{"name":"wp","href":"https:\/\/api.w.org\/{rel}","templated":true}]}}