{"id":2942,"date":"2026-01-22T09:33:33","date_gmt":"2026-01-22T08:33:33","guid":{"rendered":"https:\/\/shop.steel-containers.com\/produkt\/zachytna-odkapova-vana-pma-800-x-800-x-465\/"},"modified":"2026-01-22T09:33:33","modified_gmt":"2026-01-22T08:33:33","slug":"zachytna-odkapova-vana-pma-800-x-800-x-465","status":"publish","type":"product","link":"https:\/\/shop.steel-containers.com\/cs\/produkt\/zachytna-odkapova-vana-pma-800-x-800-x-465\/","title":{"rendered":"Z\u00e1chytn\u00e1 \/ odkapov\u00e1 vana PMA 800 \u00d7 800 \u00d7 465"},"content":{"rendered":"<p data-start=\"212\" data-end=\"726\">Z\u00e1chytn\u00e1 vana model PMA o rozm\u011brech 800 \u00d7 800 \u00d7 465 mm je robustn\u00ed ochrann\u00e1 n\u00e1dr\u017e ur\u010den\u00e1 pro bezpe\u010dn\u00e9 skladov\u00e1n\u00ed n\u00e1dob s l\u00e1tkami nebezpe\u010dn\u00fdmi pro \u017eivotn\u00ed prost\u0159ed\u00ed. Jej\u00edm z\u00e1kladn\u00edm \u00fakolem je \u00fa\u010dinn\u00e9 zachycen\u00ed \u00fanik\u016f vznikaj\u00edc\u00edch v d\u016fsledku net\u011bsnosti nebo po\u0161kozen\u00ed skladovan\u00fdch n\u00e1dob, \u010d\u00edm\u017e vytv\u00e1\u0159\u00ed t\u011bsnou bari\u00e9ru mezi chemik\u00e1liemi a okol\u00edm. Zadr\u017een\u00ed kapalin uvnit\u0159 vany zabra\u0148uje kontaminaci podlahy a sni\u017euje riziko negativn\u00edho dopadu na pracovn\u00ed prost\u0159ed\u00ed.  <\/p>\n<h2 data-start=\"733\" data-end=\"779\"><strong data-start=\"733\" data-end=\"779\">Technick\u00e9 parametry a robustn\u00ed konstrukce<\/strong><\/h2>\n<p data-start=\"781\" data-end=\"1258\">Konstrukce z\u00e1chytn\u00e9 vany PMA byla navr\u017eena s ohledem na intenzivn\u00ed pou\u017e\u00edv\u00e1n\u00ed v pr\u016fmyslov\u00fdch podm\u00ednk\u00e1ch. Z\u00e1chytn\u00e1 \u010d\u00e1st je vyrobena z ocelov\u00e9ho plechu o tlou\u0161\u0165ce 2 mm, co\u017e zaji\u0161\u0165uje odpov\u00eddaj\u00edc\u00ed tuhost a \u00faplnou t\u011bsnost n\u00e1dr\u017ee. Pro zv\u00fd\u0161en\u00ed odolnosti v\u016f\u010di zat\u00ed\u017een\u00ed je z\u00e1kladna vyrobena z plechu o tlou\u0161\u0165ce od 2 do 2,5 mm. Toto \u0159e\u0161en\u00ed garantuje odolnost proti deformac\u00edm a mechanick\u00e9mu po\u0161kozen\u00ed a dlouhou, bezporuchovou \u017eivotnost.   <\/p>\n<h2 data-start=\"1265\" data-end=\"1302\"><strong data-start=\"1265\" data-end=\"1302\">Mobilita a antikorozn\u00ed ochrana<\/strong><\/h2>\n<p data-start=\"1304\" data-end=\"1801\">Vana je vybavena konstruk\u010dn\u00edmi no\u017ekami, kter\u00e9 umo\u017e\u0148uj\u00ed bezpe\u010dnou p\u0159epravu pomoc\u00ed ru\u010dn\u00edch paletov\u00fdch voz\u00edk\u016f a vysokozdvi\u017en\u00fdch voz\u00edk\u016f. Z\u00e1rove\u0148 zaji\u0161\u0165uj\u00ed dostate\u010dn\u00fd odstup od podlahy, \u010d\u00edm\u017e usnad\u0148uj\u00ed manipulaci s n\u00e1dr\u017e\u00ed ve skladov\u00fdch prostor\u00e1ch. Cel\u00fd povrch vany \u2013 vnit\u0159n\u00ed i vn\u011bj\u0161\u00ed \u2013 je opat\u0159en polyuretanov\u00fdm n\u00e1t\u011brem, kter\u00fd slou\u017e\u00ed jako \u00fa\u010dinn\u00e1 antikorozn\u00ed ochrana a chr\u00e1n\u00ed ocel p\u0159ed vlhkost\u00ed a p\u016fsoben\u00edm agresivn\u00edch chemick\u00fdch l\u00e1tek.  <\/p>\n","protected":false},"excerpt":{"rendered":"<p data-start=\"1808\" data-end=\"2108\">Z\u00e1chytn\u00e1 \/ odkapov\u00e1 vana PMA o rozm\u011brech 800 \u00d7 800 \u00d7 465 mm. Vyrobena z odoln\u00e9ho ocelov\u00e9ho plechu o tlou\u0161\u0165ce 2 mm se zes\u00edlenou z\u00e1kladnou. P\u0159izp\u016fsobena pro p\u0159epravu paletov\u00fdm a vysokozdvi\u017en\u00fdm voz\u00edkem. Spolehliv\u011b chr\u00e1n\u00ed podlahu p\u0159ed \u00faniky nebezpe\u010dn\u00fdch l\u00e1tek.   <\/p>\n","protected":false},"featured_media":2941,"comment_status":"open","ping_status":"closed","template":"","meta":[],"product_brand":[],"product_cat":[485],"product_tag":[],"class_list":{"0":"post-2942","1":"product","2":"type-product","3":"status-publish","4":"has-post-thumbnail","6":"product_cat-pma","7":"product_shipping_class-kurier-390","9":"first","10":"instock","11":"taxable","12":"shipping-taxable","13":"purchasable","14":"product-type-simple"},"_links":{"self":[{"href":"https:\/\/shop.steel-containers.com\/cs\/wp-json\/wp\/v2\/product\/2942","targetHints":{"allow":["GET"]}}],"collection":[{"href":"https:\/\/shop.steel-containers.com\/cs\/wp-json\/wp\/v2\/product"}],"about":[{"href":"https:\/\/shop.steel-containers.com\/cs\/wp-json\/wp\/v2\/types\/product"}],"replies":[{"embeddable":true,"href":"https:\/\/shop.steel-containers.com\/cs\/wp-json\/wp\/v2\/comments?post=2942"}],"wp:featuredmedia":[{"embeddable":true,"href":"https:\/\/shop.steel-containers.com\/cs\/wp-json\/wp\/v2\/media\/2941"}],"wp:attachment":[{"href":"https:\/\/shop.steel-containers.com\/cs\/wp-json\/wp\/v2\/media?parent=2942"}],"wp:term":[{"taxonomy":"product_brand","embeddable":true,"href":"https:\/\/shop.steel-containers.com\/cs\/wp-json\/wp\/v2\/product_brand?post=2942"},{"taxonomy":"product_cat","embeddable":true,"href":"https:\/\/shop.steel-containers.com\/cs\/wp-json\/wp\/v2\/product_cat?post=2942"},{"taxonomy":"product_tag","embeddable":true,"href":"https:\/\/shop.steel-containers.com\/cs\/wp-json\/wp\/v2\/product_tag?post=2942"}],"curies":[{"name":"wp","href":"https:\/\/api.w.org\/{rel}","templated":true}]}}