{"id":2982,"date":"2026-01-22T09:33:20","date_gmt":"2026-01-22T08:33:20","guid":{"rendered":"https:\/\/shop.steel-containers.com\/produkt\/zachytna-vana-pmb-50\/"},"modified":"2026-01-22T09:33:20","modified_gmt":"2026-01-22T08:33:20","slug":"zachytna-vana-pmb-50","status":"publish","type":"product","link":"https:\/\/shop.steel-containers.com\/cs\/produkt\/zachytna-vana-pmb-50\/","title":{"rendered":"Z\u00e1chytn\u00e1 vana PMB 50"},"content":{"rendered":"<h3 data-path-to-node=\"11\"><b data-path-to-node=\"11\" data-index-in-node=\"0\">Ocelov\u00e1 z\u00e1chytn\u00e1 vana<\/b><\/h3>\n<p data-path-to-node=\"13\">Prezentovan\u00e1 z\u00e1chytn\u00e1 vana (model PMB 50) je profesion\u00e1ln\u00ed skladov\u00e9 za\u0159\u00edzen\u00ed navr\u017een\u00e9 k ochran\u011b pracovn\u00edho prost\u0159ed\u00ed p\u0159ed \u00faniky nebezpe\u010dn\u00fdch l\u00e1tek. P\u0159edstavuje nezbytn\u00e9 \u0159e\u0161en\u00ed v ka\u017ed\u00e9m provozu, kde se skladuj\u00ed oleje, laky nebo technick\u00e9 chemik\u00e1lie. Konstrukce n\u00e1dr\u017ee je vyrobena z vysoce kvalitn\u00edho ocelov\u00e9ho plechu o tlou\u0161\u0165ce 2 mm v z\u00e1chytn\u00e9 \u010d\u00e1sti, zat\u00edmco z\u00e1kladna byla dodate\u010dn\u011b zes\u00edlena plechem o tlou\u0161\u0165ce od 2 do 2,5 mm. To zaru\u010duje mimo\u0159\u00e1dnou odolnost proti mechanick\u00e9mu po\u0161kozen\u00ed, ke kter\u00e9mu m\u016f\u017ee doch\u00e1zet v dynamick\u00e9m skladov\u00e9m prost\u0159ed\u00ed.   <\/p>\n<p data-path-to-node=\"14\">Ka\u017ed\u00e1 z\u00e1chytn\u00e1 vana t\u00e9to \u0159ady je vybavena pevnou, pozinkovanou m\u0159\u00ed\u017ekou (ro\u0161tem). Tento vyj\u00edmateln\u00fd prvek m\u00e1 z\u00e1sadn\u00ed vliv na ergonomii pou\u017e\u00edv\u00e1n\u00ed \u2013 v p\u0159\u00edpad\u011b \u00faniku lze m\u0159\u00ed\u017eku snadno demontovat a vnit\u0159ek vany rychle vy\u010distit. Cel\u00fd povrch v\u00fdrobku je opat\u0159en speci\u00e1ln\u00edm polyuretanov\u00fdm n\u00e1t\u011brem, kter\u00fd vytv\u00e1\u0159\u00ed t\u011bsnou antikorozn\u00ed ochrannou vrstvu odolnou v\u016f\u010di vlhkosti a agresivn\u00edm kapalin\u00e1m. Konstrukt\u00e9\u0159i mysleli tak\u00e9 na logistiku \u2013 no\u017eky v z\u00e1kladn\u011b vytv\u00e1\u0159ej\u00ed pot\u0159ebnou sv\u011btlou v\u00fd\u0161ku, d\u00edky n\u00ed\u017e lze n\u00e1dr\u017e bezpe\u010dn\u011b p\u0159epravovat pomoc\u00ed vysokozdvi\u017en\u00fdch voz\u00edk\u016f i ru\u010dn\u00edch paletov\u00fdch voz\u00edk\u016f.   <\/p>\n","protected":false},"excerpt":{"rendered":"<p>Profesion\u00e1ln\u00ed z\u00e1chytn\u00e1 vana PMB 50 se zes\u00edlenou ocelovou konstrukc\u00ed. Vyrobena z ocelov\u00e9ho plechu o tlou\u0161\u0165ce 2 mm, vybavena vyj\u00edmateln\u00fdm pozinkovan\u00fdm ro\u0161tem. P\u0159izp\u016fsobena pro p\u0159epravu vysokozdvi\u017en\u00fdm i paletov\u00fdm voz\u00edkem. \u00da\u010dinn\u011b chr\u00e1n\u00ed pracovn\u00ed prost\u0159ed\u00ed p\u0159ed \u00faniky nebezpe\u010dn\u00fdch l\u00e1tek.   <\/p>\n","protected":false},"featured_media":2983,"comment_status":"open","ping_status":"closed","template":"","meta":[],"product_brand":[],"product_cat":[482],"product_tag":[],"class_list":{"0":"post-2982","1":"product","2":"type-product","3":"status-publish","4":"has-post-thumbnail","6":"product_cat-pmb","7":"product_shipping_class-kurier-390","9":"first","10":"instock","11":"taxable","12":"shipping-taxable","13":"purchasable","14":"product-type-simple"},"_links":{"self":[{"href":"https:\/\/shop.steel-containers.com\/cs\/wp-json\/wp\/v2\/product\/2982","targetHints":{"allow":["GET"]}}],"collection":[{"href":"https:\/\/shop.steel-containers.com\/cs\/wp-json\/wp\/v2\/product"}],"about":[{"href":"https:\/\/shop.steel-containers.com\/cs\/wp-json\/wp\/v2\/types\/product"}],"replies":[{"embeddable":true,"href":"https:\/\/shop.steel-containers.com\/cs\/wp-json\/wp\/v2\/comments?post=2982"}],"wp:featuredmedia":[{"embeddable":true,"href":"https:\/\/shop.steel-containers.com\/cs\/wp-json\/wp\/v2\/media\/2983"}],"wp:attachment":[{"href":"https:\/\/shop.steel-containers.com\/cs\/wp-json\/wp\/v2\/media?parent=2982"}],"wp:term":[{"taxonomy":"product_brand","embeddable":true,"href":"https:\/\/shop.steel-containers.com\/cs\/wp-json\/wp\/v2\/product_brand?post=2982"},{"taxonomy":"product_cat","embeddable":true,"href":"https:\/\/shop.steel-containers.com\/cs\/wp-json\/wp\/v2\/product_cat?post=2982"},{"taxonomy":"product_tag","embeddable":true,"href":"https:\/\/shop.steel-containers.com\/cs\/wp-json\/wp\/v2\/product_tag?post=2982"}],"curies":[{"name":"wp","href":"https:\/\/api.w.org\/{rel}","templated":true}]}}