{"id":3114,"date":"2026-01-22T09:33:01","date_gmt":"2026-01-22T08:33:01","guid":{"rendered":"https:\/\/shop.steel-containers.com\/produkt\/samovyklopny-kontejner-pmmc-light-1000\/"},"modified":"2026-01-22T09:33:01","modified_gmt":"2026-01-22T08:33:01","slug":"samovyklopny-kontejner-pmmc-light-1000","status":"publish","type":"product","link":"https:\/\/shop.steel-containers.com\/cs\/produkt\/samovyklopny-kontejner-pmmc-light-1000\/","title":{"rendered":"Samov\u00fdklopn\u00fd kontejner PMMC Light 1000"},"content":{"rendered":"<p>Samov\u00fdklopn\u00fd kontejner PMMC Light je lehk\u00fd z\u00e1sobn\u00edk pro vysokozdvi\u017en\u00e9 voz\u00edky a ru\u010dn\u00ed manipulaci. Konstrukce n\u00e1dr\u017ee je vyrobena z plechu o tlou\u0161\u0165ce 2 mm a z\u00e1kladna z plechu o tlou\u0161\u0165ce 3 mm. Je oboustrann\u011b sva\u0159ovan\u00fd a vyztu\u017een\u00fd v horn\u00ed hran\u011b, co\u017e zaji\u0161\u0165uje stabilitu a t\u011bsnost n\u00e1doby. Je vybaven 3 koly, z nich\u017e jedno je oto\u010dn\u00e9 s brzdou, a kapsami na vidlice. Tento model nedisponuje p\u00e1kou, ale ru\u010dn\u00edm z\u00e1mkem pro odji\u0161t\u011bn\u00ed pojistky a vyvol\u00e1n\u00ed n\u00e1klonu n\u00e1doby. Kontejner se obvykle pou\u017e\u00edv\u00e1 ve skladov\u00fdch hal\u00e1ch jako voz\u00edk pro sb\u011br nebo t\u0159\u00edd\u011bn\u00ed r\u016fzn\u00fdch druh\u016f lehk\u00e9ho odpadu, jako jsou f\u00f3lie, pap\u00edr nebo lepenka. N\u00e1dr\u017e je opat\u0159ena polyuretanovou barvou, kter\u00e1 zaji\u0161\u0165uje ochranu proti korozi a snadnou \u00fadr\u017ebu.      <\/p>\n","protected":false},"excerpt":{"rendered":"<h3><strong>Samov\u00fdklopn\u00fd kontejner<\/strong><\/h3>\n","protected":false},"featured_media":3007,"comment_status":"open","ping_status":"closed","template":"","meta":[],"product_brand":[],"product_cat":[428],"product_tag":[],"class_list":{"0":"post-3114","1":"product","2":"type-product","3":"status-publish","4":"has-post-thumbnail","6":"product_cat-pmmc-light","7":"product_shipping_class-kurier-450","9":"first","10":"instock","11":"taxable","12":"shipping-taxable","13":"purchasable","14":"product-type-simple"},"_links":{"self":[{"href":"https:\/\/shop.steel-containers.com\/cs\/wp-json\/wp\/v2\/product\/3114","targetHints":{"allow":["GET"]}}],"collection":[{"href":"https:\/\/shop.steel-containers.com\/cs\/wp-json\/wp\/v2\/product"}],"about":[{"href":"https:\/\/shop.steel-containers.com\/cs\/wp-json\/wp\/v2\/types\/product"}],"replies":[{"embeddable":true,"href":"https:\/\/shop.steel-containers.com\/cs\/wp-json\/wp\/v2\/comments?post=3114"}],"wp:featuredmedia":[{"embeddable":true,"href":"https:\/\/shop.steel-containers.com\/cs\/wp-json\/wp\/v2\/media\/3007"}],"wp:attachment":[{"href":"https:\/\/shop.steel-containers.com\/cs\/wp-json\/wp\/v2\/media?parent=3114"}],"wp:term":[{"taxonomy":"product_brand","embeddable":true,"href":"https:\/\/shop.steel-containers.com\/cs\/wp-json\/wp\/v2\/product_brand?post=3114"},{"taxonomy":"product_cat","embeddable":true,"href":"https:\/\/shop.steel-containers.com\/cs\/wp-json\/wp\/v2\/product_cat?post=3114"},{"taxonomy":"product_tag","embeddable":true,"href":"https:\/\/shop.steel-containers.com\/cs\/wp-json\/wp\/v2\/product_tag?post=3114"}],"curies":[{"name":"wp","href":"https:\/\/api.w.org\/{rel}","templated":true}]}}