{"id":3152,"date":"2026-01-22T09:33:50","date_gmt":"2026-01-22T08:33:50","guid":{"rendered":"https:\/\/shop.steel-containers.com\/produkt\/asymetricka-mulda-2-m%c2%b3\/"},"modified":"2026-01-22T09:33:50","modified_gmt":"2026-01-22T08:33:50","slug":"asymetricka-mulda-2-m%c2%b3","status":"publish","type":"product","link":"https:\/\/shop.steel-containers.com\/cs\/produkt\/asymetricka-mulda-2-m%c2%b3\/","title":{"rendered":"Asymetrick\u00e1 mulda 2 m\u00b3"},"content":{"rendered":"<p data-path-to-node=\"14\">Asymetrick\u00e1 mulda o objemu 2 m\u00b3 pat\u0159\u00ed mezi nejobl\u00edben\u011bj\u0161\u00ed ocelov\u00e9 kontejnery, volen\u00e9 stavebn\u00edmi a komun\u00e1ln\u00edmi firmami d\u00edky sv\u00e9 ergonomick\u00e9 konstrukci. D\u00edky otev\u0159en\u00e9mu horn\u00edmu okraji a specifick\u00e9mu tvarov\u00e1n\u00ed v\u00fdrazn\u011b usnad\u0148uje \u00faklidov\u00e9 a rekonstruk\u010dn\u00ed pr\u00e1ce. <\/p>\n<h2 data-path-to-node=\"15\">Pro\u010d je asymetrick\u00e1 mulda 2 m\u00b3 dobrou volbou?<\/h2>\n<p data-path-to-node=\"16\">Nab\u00edzen\u00e1 asymetrick\u00e1 mulda 2 m\u00b3 se vyzna\u010duje promy\u0161lenou asymetrickou konstrukc\u00ed. V praxi to znamen\u00e1, \u017ee p\u0159edn\u00ed st\u011bna kontejneru je m\u00edrn\u011b se\u0159\u00edznut\u00e1, ni\u017e\u0161\u00ed a sklon\u011bn\u00e1. Takov\u00e9 proveden\u00ed v\u00fdrazn\u011b usnad\u0148uje ru\u010dn\u00ed nakl\u00e1d\u00e1n\u00ed materi\u00e1lu. Pracovn\u00edci mohou h\u00e1zet t\u011b\u017ekou su\u0165 nebo sypk\u00fd materi\u00e1l p\u0159\u00edmo z kole\u010dka, ani\u017e by museli zvedat n\u00e1klad do velk\u00e9 v\u00fd\u0161ky, co\u017e je kl\u00ed\u010dov\u00e9 p\u0159i intenzivn\u00ed fyzick\u00e9 pr\u00e1ci.    <\/p>\n<h3 data-path-to-node=\"17\">Odoln\u00e1 konstrukce a technick\u00e1 specifikace<\/h3>\n<p data-path-to-node=\"18\">Ka\u017ed\u00e1 na\u0161e asymetrick\u00e1 mulda 2 m\u00b3 je vyr\u00e1b\u011bna s ohledem na dlouhodob\u00fd provoz v n\u00e1ro\u010dn\u00fdch podm\u00ednk\u00e1ch.<\/p>\n<ul data-path-to-node=\"19\">\n<li>\n<p data-path-to-node=\"19,0,0\">Tlou\u0161\u0165ka plech\u016f: Pou\u017e\u00edv\u00e1me ocelov\u00e9 plechy o tlou\u0161\u0165ce 3\u20134 mm v \u010d\u00e1sti kontejneru a zes\u00edlen\u00e9 plechy o tlou\u0161\u0165ce 3\u20135 mm v z\u00e1kladn\u011b.<\/p>\n<\/li>\n<li>\n<p data-path-to-node=\"19,1,0\">T\u011bsnost: Kontejner je oboustrann\u011b sva\u0159ovan\u00fd. Souvisl\u00fd svar zaji\u0161\u0165uje nejen pevnost, ale i plnou t\u011bsnost, co\u017e umo\u017e\u0148uje p\u0159epravu jemn\u00fdch (p\u00edsek) i vlhk\u00fdch materi\u00e1l\u016f. <\/p>\n<\/li>\n<li>\n<p data-path-to-node=\"19,2,0\">Tuhost: \u010cetn\u00e1 konstruk\u010dn\u00ed vyztu\u017een\u00ed d\u00e1le zpev\u0148uj\u00ed cel\u00fd korpus a chr\u00e1n\u00ed jej p\u0159ed deformac\u00ed.<\/p>\n<\/li>\n<\/ul>\n<h2 data-path-to-node=\"20\">Pou\u017eit\u00ed otev\u0159en\u00e9 asymetrick\u00e9 muldy<\/h2>\n<p data-path-to-node=\"21\">Univerz\u00e1ln\u00ed asymetrick\u00e1 mulda 2 m\u00b3 nach\u00e1z\u00ed \u0161irok\u00e9 uplatn\u011bn\u00ed v mnoha odv\u011btv\u00edch hospod\u00e1\u0159stv\u00ed:<\/p>\n<ol start=\"1\" data-path-to-node=\"22\">\n<li>\n<p data-path-to-node=\"22,0,0\">Stavebnictv\u00ed: Ide\u00e1ln\u00ed pro skladov\u00e1n\u00ed a p\u0159epravu stavebn\u00edch odpad\u016f, v\u010detn\u011b t\u011b\u017ek\u00e9 suti, p\u00edsku nebo \u0161t\u011brku.<\/p>\n<\/li>\n<li>\n<p data-path-to-node=\"22,1,0\">Pr\u016fmysl: Vhodn\u00e1 pro pr\u016fmyslov\u00e9 odpady, kovov\u00fd a d\u0159ev\u011bn\u00fd odpad.<\/p>\n<\/li>\n<li>\n<p data-path-to-node=\"22,2,0\">Zem\u011bd\u011blstv\u00ed: Slou\u017e\u00ed jako t\u011bsn\u00fd z\u00e1sobn\u00edk pro shroma\u017e\u010fov\u00e1n\u00ed organick\u00fdch zbytk\u016f ur\u010den\u00fdch ke kompostov\u00e1n\u00ed.<\/p>\n<\/li>\n<li>\n<p data-path-to-node=\"22,3,0\">Recyklace: Usnad\u0148uje t\u0159\u00edd\u011bn\u00ed a skladov\u00e1n\u00ed druhotn\u00fdch surovin ve zpracovatelsk\u00fdch provozech.<\/p>\n<\/li>\n<\/ol>\n<h3 data-path-to-node=\"23\">P\u0159eprava a bezpe\u010dnost<\/h3>\n<p data-path-to-node=\"24\">Tyto kontejnery jsou pln\u011b p\u0159izp\u016fsobeny pro spolupr\u00e1ci s vozidly vybaven\u00fdmi h\u00e1kovou (bramovou) n\u00e1stavbou. Pro bezpe\u010dnost a komfort p\u0159i p\u0159eprav\u011b je asymetrick\u00e1 mulda 2 m\u00b3 vybavena: <\/p>\n<ul data-path-to-node=\"25\">\n<li>\n<p data-path-to-node=\"25,0,0\">Transportn\u00ed \u010depy: \u010cty\u0159i robustn\u00ed \u00fachyty um\u00edst\u011bn\u00e9 po stran\u00e1ch kontejneru.<\/p>\n<\/li>\n<li>\n<p data-path-to-node=\"25,1,0\">Spodn\u00ed h\u00e1k: Um\u00edst\u011bn\u00fd vp\u0159edu pod nakl\u00e1dac\u00ed hranou (jednoduch\u00fd nebo dvojit\u00fd \u2013 dle verze).<\/p>\n<\/li>\n<li>\n<p data-path-to-node=\"25,2,0\">H\u00e1\u010dky pro plachtu: Rozm\u00edst\u011bn\u00e9 po cel\u00e9m obvodu, umo\u017e\u0148uj\u00edc\u00ed rychlou mont\u00e1\u017e ochrann\u00e9 s\u00edt\u011b zaji\u0161\u0165uj\u00edc\u00ed n\u00e1klad b\u011bhem j\u00edzdy.<\/p>\n<\/li>\n<\/ul>\n<p data-path-to-node=\"26\">Volbou tohoto produktu z\u00edsk\u00e1te osv\u011bd\u010den\u00e9 za\u0159\u00edzen\u00ed pro logistiku odpad\u016f.<\/p>\n","protected":false},"excerpt":{"rendered":"<p>Profesion\u00e1ln\u00ed asymetrick\u00e1 mulda 2 m\u00b3 s otev\u0159enou konstrukc\u00ed. Ocelov\u00fd kontejner p\u0159izp\u016fsoben\u00fd pro h\u00e1kovou (bramovou) n\u00e1stavbu, vyroben\u00fd z ocelov\u00e9ho plechu o tlou\u0161\u0165ce 3\u20135 mm a oboustrann\u011b sva\u0159ovan\u00fd. Sn\u00ed\u017een\u00e1 p\u0159edn\u00ed \u010d\u00e1st v\u00fdrazn\u011b usnad\u0148uje ru\u010dn\u00ed nakl\u00e1d\u00e1n\u00ed suti a odpad\u016f. Prohl\u00e9dn\u011bte si specifikaci!   <\/p>\n","protected":false},"featured_media":3125,"comment_status":"open","ping_status":"closed","template":"","meta":[],"product_brand":[],"product_cat":[332],"product_tag":[],"class_list":{"0":"post-3152","1":"product","2":"type-product","3":"status-publish","4":"has-post-thumbnail","6":"product_cat-kontejnery-typu-mulda","7":"product_shipping_class-kurier-690","9":"first","10":"instock","11":"taxable","12":"shipping-taxable","13":"purchasable","14":"product-type-simple"},"_links":{"self":[{"href":"https:\/\/shop.steel-containers.com\/cs\/wp-json\/wp\/v2\/product\/3152","targetHints":{"allow":["GET"]}}],"collection":[{"href":"https:\/\/shop.steel-containers.com\/cs\/wp-json\/wp\/v2\/product"}],"about":[{"href":"https:\/\/shop.steel-containers.com\/cs\/wp-json\/wp\/v2\/types\/product"}],"replies":[{"embeddable":true,"href":"https:\/\/shop.steel-containers.com\/cs\/wp-json\/wp\/v2\/comments?post=3152"}],"wp:featuredmedia":[{"embeddable":true,"href":"https:\/\/shop.steel-containers.com\/cs\/wp-json\/wp\/v2\/media\/3125"}],"wp:attachment":[{"href":"https:\/\/shop.steel-containers.com\/cs\/wp-json\/wp\/v2\/media?parent=3152"}],"wp:term":[{"taxonomy":"product_brand","embeddable":true,"href":"https:\/\/shop.steel-containers.com\/cs\/wp-json\/wp\/v2\/product_brand?post=3152"},{"taxonomy":"product_cat","embeddable":true,"href":"https:\/\/shop.steel-containers.com\/cs\/wp-json\/wp\/v2\/product_cat?post=3152"},{"taxonomy":"product_tag","embeddable":true,"href":"https:\/\/shop.steel-containers.com\/cs\/wp-json\/wp\/v2\/product_tag?post=3152"}],"curies":[{"name":"wp","href":"https:\/\/api.w.org\/{rel}","templated":true}]}}