{"id":3182,"date":"2026-01-22T09:33:01","date_gmt":"2026-01-22T08:33:01","guid":{"rendered":"https:\/\/shop.steel-containers.com\/produkt\/samovyklopny-kontejner-ntz-600\/"},"modified":"2026-01-22T09:33:01","modified_gmt":"2026-01-22T08:33:01","slug":"samovyklopny-kontejner-ntz-600","status":"publish","type":"product","link":"https:\/\/shop.steel-containers.com\/cs\/produkt\/samovyklopny-kontejner-ntz-600\/","title":{"rendered":"Samov\u00fdklopn\u00fd kontejner NTZ 600"},"content":{"rendered":"<p data-path-to-node=\"10\">Samov\u00fdklopn\u00fd kontejner NTZ 600 je specializovan\u00e9 p\u0159\u00edslu\u0161enstv\u00ed pro vysokozdvi\u017en\u00e9 voz\u00edky, navr\u017een\u00e9 pro extr\u00e9mn\u00ed pracovn\u00ed podm\u00ednky. Na rozd\u00edl od standardn\u00edch n\u00e1dob byla \u0159ada NTZ vytvo\u0159ena pro manipulaci s odpadem o velmi vysok\u00e9 hmotnosti a s ostr\u00fdmi hranami. Pokud v\u00e1\u0161 z\u00e1vod generuje t\u011b\u017ek\u00fd ocelov\u00fd \u0161rot, litinov\u00e9 odlitky nebo su\u0165, standardn\u00ed n\u00e1doby se mohou rychle opot\u0159ebovat. Model NTZ 600 je nekompromisn\u00ed \u0159e\u0161en\u00ed zaru\u010duj\u00edc\u00ed dlouholetou trvanlivost.   <\/p>\n<h2 data-path-to-node=\"11\">Konstrukce Heavy Duty: 4mm plech a U-profily<\/h2>\n<p data-path-to-node=\"12\">Z\u00e1kladem odolnosti tohoto modelu je jednotn\u00e1, masivn\u00ed stavba. Samov\u00fdklopn\u00fd kontejner NTZ 600 je vyroben kompletn\u011b \u2013 jak v \u010d\u00e1sti n\u00e1dr\u017ee, tak z\u00e1kladny \u2013 ze siln\u00e9ho plechu o tlou\u0161\u0165ce 4 mm. Pro srovn\u00e1n\u00ed, standardn\u00ed korby maj\u00ed obvykle st\u011bny o tlou\u0161\u0165ce 2\u20133 mm. <\/p>\n<p data-path-to-node=\"13\">To v\u0161ak nen\u00ed v\u0161e. Konstrukce z\u00e1kladny, kter\u00e1 p\u0159en\u00e1\u0161\u00ed nejv\u011bt\u0161\u00ed zat\u00ed\u017een\u00ed, byla nav\u00edc vyztu\u017eena hutn\u00edmi U-profily. D\u00edky tomuto \u0159e\u0161en\u00ed nab\u00edz\u00ed kontejner o objemu 600 litr\u016f p\u016fsobivou nosnost na \u00farovni 2 000 kg. Cel\u00e1 konstrukce v\u00e1\u017e\u00ed 200 kg, co\u017e sv\u011bd\u010d\u00ed o mno\u017estv\u00ed pou\u017eit\u00e9 oceli a solidnosti proveden\u00ed. Vn\u011bj\u0161\u00ed rozm\u011bry korby jsou: d\u00e9lka 1 330 mm, \u0161\u00ed\u0159ka 1 310 mm a v\u00fd\u0161ka 910 mm.    <\/p>\n<h3 data-path-to-node=\"14\">T\u011bsnost a vyztu\u017een\u00e1 hrana<\/h3>\n<p data-path-to-node=\"15\">Kontejner je oboustrann\u011b sva\u0159ov\u00e1n souvisl\u00fdmi svary. Tato technologie zaji\u0161\u0165uje \u00faplnou t\u011bsnost n\u00e1dr\u017ee, co\u017e umo\u017e\u0148uje bezpe\u010dnou p\u0159epravu nejen pevn\u00fdch materi\u00e1l\u016f, ale i zaolejovan\u00fdch t\u0159\u00edsek nebo polotekut\u00fdch odpad\u016f bez rizika \u00faniku na podlahu haly. Horn\u00ed hrana n\u00e1dr\u017ee m\u00e1 speci\u00e1ln\u00ed obvodov\u00e9 vyztu\u017een\u00ed. To chr\u00e1n\u00ed ranty p\u0159ed deformac\u00ed v moment\u011b n\u00e1razu t\u011b\u017ek\u00fdm prvkem b\u011bhem nakl\u00e1dky (nap\u0159. z p\u00e1sov\u00e9ho dopravn\u00edku nebo je\u0159\u00e1bu).   <\/p>\n<h2 data-path-to-node=\"16\">Syst\u00e9m obsluhy a bezpe\u010dnost pr\u00e1ce<\/h2>\n<p data-path-to-node=\"17\">Ergonomie a bezpe\u010dnost (BOZP) jsou kl\u00ed\u010dov\u00e9 p\u0159i pr\u00e1ci s n\u00e1klady o hmotnosti 2 tuny. Samov\u00fdklopn\u00fd kontejner NTZ 600 je vybaven manu\u00e1ln\u00edm vyprazd\u0148ovac\u00edm mechanismem. Na zadn\u00ed st\u011bn\u011b n\u00e1dr\u017ee (ze strany oper\u00e1tora) se nach\u00e1z\u00ed robustn\u00ed p\u00e1ka. K uvoln\u011bn\u00ed pojistky doch\u00e1z\u00ed zata\u017een\u00edm za p\u00e1ku, co\u017e zp\u016fsob\u00ed gravita\u010dn\u00ed n\u00e1klon korby a vysyp\u00e1n\u00ed obsahu.  <\/p>\n<p data-path-to-node=\"18\">Konstrukce disponuje tak\u00e9 integrovanou pojistkou proti ne\u017e\u00e1douc\u00edmu n\u00e1klonu. Tato blok\u00e1da znemo\u017e\u0148uje samovoln\u00e9 otev\u0159en\u00ed n\u00e1dr\u017ee b\u011bhem p\u0159epravy vysokozdvi\u017en\u00fdm voz\u00edkem po nerovn\u00e9m povrchu, \u010d\u00edm\u017e zaru\u010duje bezpe\u010dnost p\u0159epravovan\u00e9ho n\u00e1kladu. <\/p>\n<h3 data-path-to-node=\"19\">Antikorozn\u00ed ochrana a snadn\u00e9 \u010di\u0161t\u011bn\u00ed<\/h3>\n<p data-path-to-node=\"20\">Aby korba odolala n\u00e1ro\u010dn\u00fdm pr\u016fmyslov\u00fdm podm\u00ednk\u00e1m, je lakov\u00e1na specializovan\u00fdmi antikorozn\u00edmi barvami. Tento n\u00e1t\u011br vytv\u00e1\u0159\u00ed neprostupnou bari\u00e9ru chr\u00e1n\u00edc\u00ed ocel p\u0159ed vlhkost\u00ed, oleji a chladic\u00edmi kapalinami. Dal\u0161\u00ed v\u00fdhodou je hladk\u00fd povrch vnit\u0159n\u00edch st\u011bn n\u00e1dr\u017ee. Absence zbyte\u010dn\u00fdch z\u00e1kout\u00ed zaji\u0161\u0165uje efektivn\u00ed vyprazd\u0148ov\u00e1n\u00ed (materi\u00e1l se nezasek\u00e1v\u00e1) a velmi jednoduch\u00e9 \u010di\u0161t\u011bn\u00ed a \u00fadr\u017ebu kontejneru.   <\/p>\n<h3 data-path-to-node=\"21\">Pou\u017eit\u00ed modelu NTZ 600<\/h3>\n<p data-path-to-node=\"22\">Tento panc\u00e9\u0159ov\u00fd model je ur\u010den pro:<\/p>\n<ul data-path-to-node=\"23\">\n<li>\n<p data-path-to-node=\"23,0,0\">Hut\u011b a sl\u00e9v\u00e1rny (p\u0159eprava hork\u00fdch a t\u011b\u017ek\u00fdch prvk\u016f).<\/p>\n<\/li>\n<li>\n<p data-path-to-node=\"23,1,0\">Z\u00e1vody na obr\u00e1b\u011bn\u00ed kov\u016f (t\u011b\u017ek\u00e9 t\u0159\u00edsky, ocelov\u00fd odpad).<\/p>\n<\/li>\n<li>\n<p data-path-to-node=\"23,2,0\">Sb\u011brny \u0161rotu (p\u0159eprava barevn\u00fdch kov\u016f a oceli).<\/p>\n<\/li>\n<li>\n<p data-path-to-node=\"23,3,0\">Stavebn\u00ed firmy (p\u0159evoz suti a kamen\u016f).<\/p>\n<\/li>\n<\/ul>\n","protected":false},"excerpt":{"rendered":"<p data-path-to-node=\"35\">Vsa\u010fte na extr\u00e9mn\u00ed odolnost s kontejnerem NTZ 600. Je to panc\u00e9\u0159ov\u00e1 n\u00e1dr\u017e vyroben\u00e1 kompletn\u011b z 4mm plechu, vyztu\u017een\u00e1 U-profily, s nosnost\u00ed a\u017e 2 000 kg. <\/p>\n<p data-path-to-node=\"36\"><b>Nejd\u016fle\u017eit\u011bj\u0161\u00ed vlastnosti modelu NTZ 600:<\/b><\/p>\n<ul data-path-to-node=\"37\">\n<li>\n<p data-path-to-node=\"37,0,0\">Panc\u00e9\u0159ov\u00e1 ocel: 4mm plech v n\u00e1dr\u017ei i z\u00e1kladn\u011b.<\/p>\n<\/li>\n<li>\n<p data-path-to-node=\"37,1,0\">Vyztu\u017een\u00ed: Z\u00e1kladna na pevn\u00fdch U-profilech.<\/p>\n<\/li>\n<li>\n<p data-path-to-node=\"37,2,0\">T\u011bsnost: Oboustrann\u00e9 sva\u0159ov\u00e1n\u00ed (olejot\u011bsn\u00e9).<\/p>\n<\/li>\n<li>\n<p data-path-to-node=\"37,3,0\">Bezpe\u010dnost: P\u00e1ka s pojistkou n\u00e1klonu.<\/p>\n<\/li>\n<li>\n<p data-path-to-node=\"37,4,0\">Trvanlivost: Antikorozn\u00ed n\u00e1t\u011br a snadn\u00e9 \u010di\u0161t\u011bn\u00ed.<\/p>\n<\/li>\n<\/ul>\n<p data-path-to-node=\"38\">Ur\u010deno pro nejt\u011b\u017e\u0161\u00ed \u0161rot, su\u0165 a odlitky.<\/p>\n","protected":false},"featured_media":3178,"comment_status":"open","ping_status":"closed","template":"","meta":[],"product_brand":[],"product_cat":[416],"product_tag":[],"class_list":{"0":"post-3182","1":"product","2":"type-product","3":"status-publish","4":"has-post-thumbnail","6":"product_cat-ntz","7":"product_shipping_class-kurier-450","9":"first","10":"instock","11":"taxable","12":"shipping-taxable","13":"purchasable","14":"product-type-simple"},"_links":{"self":[{"href":"https:\/\/shop.steel-containers.com\/cs\/wp-json\/wp\/v2\/product\/3182","targetHints":{"allow":["GET"]}}],"collection":[{"href":"https:\/\/shop.steel-containers.com\/cs\/wp-json\/wp\/v2\/product"}],"about":[{"href":"https:\/\/shop.steel-containers.com\/cs\/wp-json\/wp\/v2\/types\/product"}],"replies":[{"embeddable":true,"href":"https:\/\/shop.steel-containers.com\/cs\/wp-json\/wp\/v2\/comments?post=3182"}],"wp:featuredmedia":[{"embeddable":true,"href":"https:\/\/shop.steel-containers.com\/cs\/wp-json\/wp\/v2\/media\/3178"}],"wp:attachment":[{"href":"https:\/\/shop.steel-containers.com\/cs\/wp-json\/wp\/v2\/media?parent=3182"}],"wp:term":[{"taxonomy":"product_brand","embeddable":true,"href":"https:\/\/shop.steel-containers.com\/cs\/wp-json\/wp\/v2\/product_brand?post=3182"},{"taxonomy":"product_cat","embeddable":true,"href":"https:\/\/shop.steel-containers.com\/cs\/wp-json\/wp\/v2\/product_cat?post=3182"},{"taxonomy":"product_tag","embeddable":true,"href":"https:\/\/shop.steel-containers.com\/cs\/wp-json\/wp\/v2\/product_tag?post=3182"}],"curies":[{"name":"wp","href":"https:\/\/api.w.org\/{rel}","templated":true}]}}