{"id":3243,"date":"2026-01-22T09:33:02","date_gmt":"2026-01-22T08:33:02","guid":{"rendered":"https:\/\/shop.steel-containers.com\/produkt\/kontejner-s-oteviracim-dnem-pmd-1000\/"},"modified":"2026-01-22T09:33:02","modified_gmt":"2026-01-22T08:33:02","slug":"kontejner-s-oteviracim-dnem-pmd-1000","status":"publish","type":"product","link":"https:\/\/shop.steel-containers.com\/cs\/produkt\/kontejner-s-oteviracim-dnem-pmd-1000\/","title":{"rendered":"Kontejner s otev\u00edrac\u00edm dnem PMD 1000"},"content":{"rendered":"<p data-path-to-node=\"3\">Kontejner s otev\u00edrac\u00edm dnem PMD 1000 je velkokapacitn\u00ed pr\u016fmyslov\u00fd z\u00e1sobn\u00edk vytvo\u0159en\u00fd pro \u00fakoly vy\u017eaduj\u00edc\u00ed p\u0159epravu velk\u00fdch objem\u016f materi\u00e1l\u016f. Jedn\u00e1 se o \u0159e\u0161en\u00ed ur\u010den\u00e9 pro podniky, kter\u00e9 pot\u0159ebuj\u00ed univerz\u00e1ln\u00ed logistick\u00fd n\u00e1stroj kompatibiln\u00ed s vysokozdvi\u017enymi voz\u00edky, ru\u010dn\u00edmi paletov\u00fdmi voz\u00edky a je\u0159\u00e1by. <\/p>\n<h3 data-path-to-node=\"4\">Robustn\u00ed konstrukce pro vysok\u00e9 zat\u00ed\u017een\u00ed<\/h3>\n<p data-path-to-node=\"5\">Vzhledem k v\u011bt\u0161\u00ed kapacit\u011b byl model PMD 1000 navr\u017een s d\u016frazem na struktur\u00e1ln\u00ed odolnost. St\u011bny n\u00e1dr\u017ee jsou vyrobeny z plechu o tlou\u0161\u0165ce 3 mm, zat\u00edmco kl\u00ed\u010dov\u00e9 nosn\u00e9 prvky v z\u00e1kladn\u011b jsou zes\u00edleny ocel\u00ed o tlou\u0161\u0165ce 3 a\u017e 8 mm a syst\u00e9mem ploch\u00fdch ty\u010d\u00ed. Tato konstrukce zabra\u0148uje deformac\u00edm i p\u0159i pln\u00e9m zat\u00ed\u017een\u00ed t\u011b\u017ek\u00fdm poproduk\u010dn\u00edm odpadem nebo \u0161rotem. Odolnost povrchu zaji\u0161\u0165uje dvouvrstv\u00e9 lakov\u00e1n\u00ed (z\u00e1klad + polyuretanov\u00e1 barva), kter\u00e9 chr\u00e1n\u00ed ocel p\u0159ed koroz\u00ed.   <\/p>\n<h3 data-path-to-node=\"6\">Funkcionalita: Otev\u00edrac\u00ed dno<\/h3>\n<p data-path-to-node=\"7\">Kontejner je vybaven efektivn\u00edm syst\u00e9mem vykl\u00e1dky prost\u0159ednictv\u00edm otev\u00edrac\u00edho dna. Tento mechanismus, ovl\u00e1dan\u00fd pomoc\u00ed ergonomicky um\u00edst\u011bn\u00e9 p\u00e1ky na bo\u010dn\u00ed st\u011bn\u011b, umo\u017e\u0148uje rychl\u00e9 a bezpe\u010dn\u00e9 vypr\u00e1zdn\u011bn\u00ed n\u00e1doby nad c\u00edlov\u00fdm kontejnerem nebo m\u00edstem skl\u00e1dky. Horn\u00ed hrany jsou nav\u00edc vybaveny odoln\u00fdmi oky a \u00fachyty, co\u017e umo\u017e\u0148uje manipulaci pomoc\u00ed je\u0159\u00e1bu.  <\/p>\n<h3 data-path-to-node=\"8\">Technick\u00e1 specifikace:<\/h3>\n<ul data-path-to-node=\"9\">\n<li>\n<p data-path-to-node=\"9,0,0\">Materi\u00e1l: Ocelov\u00fd plech 3 mm (n\u00e1dr\u017e), 3\u20138 mm (z\u00e1kladna)<\/p>\n<\/li>\n<li>\n<p data-path-to-node=\"9,1,0\">Syst\u00e9m vykl\u00e1dky: Otev\u00edrac\u00ed dno (bo\u010dn\u00ed p\u00e1ka)<\/p>\n<\/li>\n<li>\n<p data-path-to-node=\"9,2,0\">Vyztu\u017een\u00ed: Konstrukce z ploch\u00fdch ty\u010d\u00ed, dodate\u010dn\u00e9 bo\u010dn\u00ed svary<\/p>\n<\/li>\n<li>\n<p data-path-to-node=\"9,3,0\">Doprava: P\u0159izp\u016fsoben pro vysokozdvi\u017en\u00e9, paletov\u00e9 voz\u00edky a je\u0159\u00e1by<\/p>\n<\/li>\n<li>\n<p data-path-to-node=\"9,4,0\">Povrchov\u00e1 \u00faprava: Polyuretanov\u00e9 lakov\u00e1n\u00ed (antikorozn\u00ed ochrana)<\/p>\n<\/li>\n<\/ul>\n<p data-path-to-node=\"10\">Zvolte kontejner PMD 1000 pro maximalizaci efektivity skladov\u00fdch proces\u016f p\u0159i zachov\u00e1n\u00ed nejvy\u0161\u0161\u00edch bezpe\u010dnostn\u00edch standard\u016f.<\/p>\n","protected":false},"excerpt":{"rendered":"<p data-path-to-node=\"13\">Zefektivn\u011bte p\u0159epravu sypk\u00fdch materi\u00e1l\u016f a odpadu d\u00edky kontejneru s otev\u00edrac\u00edm dnem PMD 1000. Jedn\u00e1 se o objemn\u00fd z\u00e1sobn\u00edk se zes\u00edlenou konstrukc\u00ed (ocel 3\u20138 mm), uzp\u016fsoben\u00fd pro obsluhu je\u0159\u00e1by, vysokozdvi\u017en\u00fdmi a paletov\u00fdmi voz\u00edky. Disponuje syst\u00e9mem rychl\u00e9 vykl\u00e1dky dnem ovl\u00e1dan\u00fdm p\u00e1kou.  <\/p>\n<p data-path-to-node=\"14\"><b>Nejd\u016fle\u017eit\u011bj\u0161\u00ed vlastnosti:<\/b><\/p>\n<ul data-path-to-node=\"15\">\n<li>\n<p data-path-to-node=\"15,0,0\">Typ: Kontejner s otev\u00edrac\u00edm dnem (PMD)<\/p>\n<\/li>\n<li>\n<p data-path-to-node=\"15,1,0\">Objem: Verze 1000L<\/p>\n<\/li>\n<li>\n<p data-path-to-node=\"15,2,0\">Obsluha: Univerz\u00e1ln\u00ed (voz\u00edky + je\u0159\u00e1by)<\/p>\n<\/li>\n<li>\n<p data-path-to-node=\"15,3,0\">Povrchov\u00e1 \u00faprava: Antikorozn\u00ed polyuretanov\u00e1 barva<\/p>\n<\/li>\n<\/ul>\n","protected":false},"featured_media":317,"comment_status":"open","ping_status":"closed","template":"","meta":[],"product_brand":[],"product_cat":[434],"product_tag":[],"class_list":{"0":"post-3243","1":"product","2":"type-product","3":"status-publish","4":"has-post-thumbnail","6":"product_cat-pmd","7":"product_shipping_class-kurier-450","9":"first","10":"instock","11":"taxable","12":"shipping-taxable","13":"purchasable","14":"product-type-simple"},"_links":{"self":[{"href":"https:\/\/shop.steel-containers.com\/cs\/wp-json\/wp\/v2\/product\/3243","targetHints":{"allow":["GET"]}}],"collection":[{"href":"https:\/\/shop.steel-containers.com\/cs\/wp-json\/wp\/v2\/product"}],"about":[{"href":"https:\/\/shop.steel-containers.com\/cs\/wp-json\/wp\/v2\/types\/product"}],"replies":[{"embeddable":true,"href":"https:\/\/shop.steel-containers.com\/cs\/wp-json\/wp\/v2\/comments?post=3243"}],"wp:featuredmedia":[{"embeddable":true,"href":"https:\/\/shop.steel-containers.com\/cs\/wp-json\/wp\/v2\/media\/317"}],"wp:attachment":[{"href":"https:\/\/shop.steel-containers.com\/cs\/wp-json\/wp\/v2\/media?parent=3243"}],"wp:term":[{"taxonomy":"product_brand","embeddable":true,"href":"https:\/\/shop.steel-containers.com\/cs\/wp-json\/wp\/v2\/product_brand?post=3243"},{"taxonomy":"product_cat","embeddable":true,"href":"https:\/\/shop.steel-containers.com\/cs\/wp-json\/wp\/v2\/product_cat?post=3243"},{"taxonomy":"product_tag","embeddable":true,"href":"https:\/\/shop.steel-containers.com\/cs\/wp-json\/wp\/v2\/product_tag?post=3243"}],"curies":[{"name":"wp","href":"https:\/\/api.w.org\/{rel}","templated":true}]}}