{"id":3300,"date":"2026-01-22T09:33:16","date_gmt":"2026-01-22T08:33:16","guid":{"rendered":"https:\/\/shop.steel-containers.com\/produkt\/kontejner-s-oteviracim-dnem-pmdb-1500\/"},"modified":"2026-01-22T09:33:16","modified_gmt":"2026-01-22T08:33:16","slug":"kontejner-s-oteviracim-dnem-pmdb-1500","status":"publish","type":"product","link":"https:\/\/shop.steel-containers.com\/cs\/produkt\/kontejner-s-oteviracim-dnem-pmdb-1500\/","title":{"rendered":"Kontejner s otev\u00edrac\u00edm dnem PMDB 1500"},"content":{"rendered":"<p data-path-to-node=\"3\">Kontejner s otev\u00edrac\u00edm dnem PMDB 1500 je nejv\u011bt\u0161\u00ed a nejv\u00fdkonn\u011bj\u0161\u00ed z\u00e1sobn\u00edk v \u0159ad\u011b PMDB. S p\u016fsobiv\u00fdm objemem 1 500 litr\u016f p\u0159edstavuje ide\u00e1ln\u00ed \u0159e\u0161en\u00ed pro podniky generuj\u00edc\u00ed masivn\u00ed mno\u017estv\u00ed odpadu, kter\u00e9 hledaj\u00ed n\u00e1dobu s n\u00edzkou stavbou, kterou lze obsluhovat bez neust\u00e1l\u00e9ho zapojen\u00ed vysokozdvi\u017en\u00fdch voz\u00edk\u016f. <\/p>\n<h3 data-path-to-node=\"4\">Gigantick\u00fd objem a obsluha \u201epale\u0165\u00e1kem\u201c<\/h3>\n<p data-path-to-node=\"5\">Model PMDB 1500 je unik\u00e1tem ve vnitropodnikov\u00e9 logistice. P\u0159esto\u017ee pojme 1,5 metru krychlov\u00e9ho n\u00e1kladu, jeho speci\u00e1ln\u00ed konstrukce z\u00e1kladny umo\u017e\u0148uje p\u0159epravu pomoc\u00ed standardn\u00edho ru\u010dn\u00edho paletov\u00e9ho voz\u00edku (na zpevn\u011bn\u00e9m povrchu). To poskytuje obrovskou flexibilitu p\u0159i spr\u00e1v\u011b odpadu v hal\u00e1ch, kde nejsou vysokozdvi\u017en\u00e9 voz\u00edky v\u017edy k dispozici. Nav\u00edc je kontejner vybaven rohy umo\u017e\u0148uj\u00edc\u00edmi bezpe\u010dn\u00e9 stohov\u00e1n\u00ed, co\u017e umo\u017e\u0148uje vertik\u00e1ln\u00ed skladov\u00e1n\u00ed a \u00fasporu m\u00edsta. Patky jsou tov\u00e1rn\u011b uzp\u016fsobeny pro mont\u00e1\u017e kol, co\u017e umo\u017e\u0148uje p\u0159em\u011bnit tento velk\u00fd z\u00e1sobn\u00edk na mobiln\u00ed voz\u00edk.    <\/p>\n<h3 data-path-to-node=\"6\">N\u00edzk\u00fd profil pod velk\u00e1 za\u0159\u00edzen\u00ed<\/h3>\n<p data-path-to-node=\"7\">Kl\u00ed\u010dovou v\u00fdhodou tohoto modelu je zachov\u00e1n\u00ed mal\u00e9 v\u00fd\u0161ky p\u0159i velmi velk\u00e9 nakl\u00e1dac\u00ed plo\u0161e. D\u00edky tomu se PMDB 1500 skv\u011ble vejde pod v\u00fdstupy velk\u00fdch v\u00fdrobn\u00edch linek, ods\u00e1vac\u00edch syst\u00e9m\u016f nebo p\u00e1sov\u00fdch dopravn\u00edk\u016f, kam vysok\u00e9 kontejnery typu \u201emulda\u201c nelze pou\u017e\u00edt. N\u00edzk\u00fd okraj tak\u00e9 usnad\u0148uje zam\u011bstnanc\u016fm ru\u010dn\u00ed vhazov\u00e1n\u00ed odpadu, \u010d\u00edm\u017e se zlep\u0161uje ergonomie pr\u00e1ce.  <\/p>\n<h3 data-path-to-node=\"8\">Robustn\u00ed konstrukce a bleskov\u00e1 vykl\u00e1dka<\/h3>\n<p data-path-to-node=\"9\">N\u00e1dr\u017e je vyrobena z plechu o tlou\u0161\u0165ce 2-3 mm (boky) a 3 mm (z\u00e1kladna), co\u017e zaji\u0161\u0165uje odpov\u00eddaj\u00edc\u00ed tuhost konstrukce. Kapsy na vidlice v del\u0161\u00edch st\u011bn\u00e1ch byly dodate\u010dn\u011b zes\u00edleny. Syst\u00e9m otev\u00edrac\u00edho dna se ovl\u00e1d\u00e1 pohodlnou p\u00e1kou na boku kontejneru, co\u017e umo\u017e\u0148uje okam\u017eit\u00e9 vypr\u00e1zdn\u011bn\u00ed cel\u00e9ho obsahu nad sb\u011brn\u00fdm kontejnerem. Celek je pokryt antikorozn\u00ed barvou s hladkou strukturou, kter\u00e1 zabra\u0148uje ulp\u00edv\u00e1n\u00ed ne\u010distot a usnad\u0148uje \u010di\u0161t\u011bn\u00ed.   <\/p>\n<p data-path-to-node=\"10\">Zvolte kontejner PMDB 1500, pokud hled\u00e1te nejv\u011bt\u0161\u00ed dostupn\u00fd objem v n\u00edzk\u00e9m standardu, s mo\u017enost\u00ed stohov\u00e1n\u00ed a p\u0159epravy paletov\u00fdm voz\u00edkem.<\/p>\n","protected":false},"excerpt":{"rendered":"<p data-path-to-node=\"13\">Maximalizujte logistiku s kontejnerem s otev\u00edrac\u00edm dnem PMDB 1500. Nejv\u011bt\u0161\u00ed model (1 500 l) obsluhovan\u00fd vysokozdvi\u017en\u00fdm i paletov\u00fdm voz\u00edkem. Mo\u017enost stohov\u00e1n\u00ed a mont\u00e1\u017ee kol. N\u00edzk\u00fd profil, rychl\u00fd syst\u00e9m doln\u00edho v\u00fdsypu.   <\/p>\n<p data-path-to-node=\"14\"><b data-path-to-node=\"14\" data-index-in-node=\"0\">Nejd\u016fle\u017eit\u011bj\u0161\u00ed vlastnosti:<\/b><\/p>\n<ul data-path-to-node=\"15\">\n<li>\n<p data-path-to-node=\"15,0,0\">Objem: 1 500 litr\u016f (Max v \u0159ad\u011b)<\/p>\n<\/li>\n<li>\n<p data-path-to-node=\"15,1,0\">Logistika: Vysokozdvi\u017en\u00fd voz\u00edk + Paletov\u00fd voz\u00edk + Stohov\u00e1n\u00ed<\/p>\n<\/li>\n<li>\n<p data-path-to-node=\"15,2,0\">Konstrukce: N\u00edzk\u00fd profil, plech 2-3 mm<\/p>\n<\/li>\n<li>\n<p data-path-to-node=\"15,3,0\">Mobilita: Uzp\u016fsoben pro mont\u00e1\u017e kol<\/p>\n<\/li>\n<li>\n<p data-path-to-node=\"15,4,0\">Syst\u00e9m: Otev\u00edrac\u00ed dno (bo\u010dn\u00ed p\u00e1ka)<\/p>\n<\/li>\n<\/ul>\n","protected":false},"featured_media":3264,"comment_status":"open","ping_status":"closed","template":"","meta":[],"product_brand":[],"product_cat":[437],"product_tag":[],"class_list":{"0":"post-3300","1":"product","2":"type-product","3":"status-publish","4":"has-post-thumbnail","6":"product_cat-pmdb","7":"product_shipping_class-kurier-590","9":"first","10":"instock","11":"taxable","12":"shipping-taxable","13":"purchasable","14":"product-type-simple"},"_links":{"self":[{"href":"https:\/\/shop.steel-containers.com\/cs\/wp-json\/wp\/v2\/product\/3300","targetHints":{"allow":["GET"]}}],"collection":[{"href":"https:\/\/shop.steel-containers.com\/cs\/wp-json\/wp\/v2\/product"}],"about":[{"href":"https:\/\/shop.steel-containers.com\/cs\/wp-json\/wp\/v2\/types\/product"}],"replies":[{"embeddable":true,"href":"https:\/\/shop.steel-containers.com\/cs\/wp-json\/wp\/v2\/comments?post=3300"}],"wp:featuredmedia":[{"embeddable":true,"href":"https:\/\/shop.steel-containers.com\/cs\/wp-json\/wp\/v2\/media\/3264"}],"wp:attachment":[{"href":"https:\/\/shop.steel-containers.com\/cs\/wp-json\/wp\/v2\/media?parent=3300"}],"wp:term":[{"taxonomy":"product_brand","embeddable":true,"href":"https:\/\/shop.steel-containers.com\/cs\/wp-json\/wp\/v2\/product_brand?post=3300"},{"taxonomy":"product_cat","embeddable":true,"href":"https:\/\/shop.steel-containers.com\/cs\/wp-json\/wp\/v2\/product_cat?post=3300"},{"taxonomy":"product_tag","embeddable":true,"href":"https:\/\/shop.steel-containers.com\/cs\/wp-json\/wp\/v2\/product_tag?post=3300"}],"curies":[{"name":"wp","href":"https:\/\/api.w.org\/{rel}","templated":true}]}}