{"id":3382,"date":"2026-01-22T09:34:03","date_gmt":"2026-01-22T08:34:03","guid":{"rendered":"https:\/\/shop.steel-containers.com\/produkt\/kontejner-s-oteviracim-dnem-pmdc-mini-130\/"},"modified":"2026-01-22T09:34:03","modified_gmt":"2026-01-22T08:34:03","slug":"kontejner-s-oteviracim-dnem-pmdc-mini-130","status":"publish","type":"product","link":"https:\/\/shop.steel-containers.com\/cs\/produkt\/kontejner-s-oteviracim-dnem-pmdc-mini-130\/","title":{"rendered":"Kontejner s otev\u00edrac\u00edm dnem PMDC mini 130"},"content":{"rendered":"<p data-path-to-node=\"3\">Kontejner s otev\u00edrac\u00edm dnem PMDC mini 130 je nejmen\u0161\u00ed a nejkompaktn\u011bj\u0161\u00ed z\u00e1sobn\u00edk v nab\u00eddce, navr\u017een\u00fd pro precizn\u00ed \u00fakoly v m\u00edstech, kde z\u00e1le\u017e\u00ed na ka\u017ed\u00e9m centimetru prostoru. Navzdory mal\u00e9mu objemu 130 litr\u016f se jedn\u00e1 o plnohodnotn\u00fd, \u201epanc\u00e9\u0159ov\u00fd\u201c pr\u016fmyslov\u00fd kontejner, p\u0159ipraven\u00fd na p\u0159en\u00e1\u0161en\u00ed extr\u00e9mn\u011b t\u011b\u017ek\u00fdch n\u00e1klad\u016f v pom\u011bru ke sv\u00fdm rozm\u011br\u016fm. <\/p>\n<h3 data-path-to-node=\"4\">Mimo\u0159\u00e1dn\u00e1 odolnost v mikro m\u011b\u0159\u00edtku<\/h3>\n<p data-path-to-node=\"5\">To, co odli\u0161uje model Mini 130, je jeho konstrukce. Byl vyroben z materi\u00e1l\u016f identick\u00fdch s kontejnery o desetkr\u00e1t v\u011bt\u0161\u00edm objemu. Bo\u010dn\u00ed st\u011bny z plechu 3 mm a z\u00e1kladna z plechu 4 mm zaru\u010duj\u00ed velmi vysokou nosnost. Tato n\u00e1doba je ide\u00e1ln\u00ed pro sb\u011br odpadu s vysokou hustotou, jako je drobn\u00fd ocelov\u00fd \u0161rot, \u0161rouby, matice nebo odpady z v\u00fdsek\u016f, kter\u00e9 by rychle po\u0161kodily standardn\u00ed lehk\u00e9 n\u00e1doby.   <\/p>\n<h3 data-path-to-node=\"6\">Pln\u00e1 mobilita a univerz\u00e1lnost obsluhy<\/h3>\n<p data-path-to-node=\"7\">PMDC mini 130 nab\u00edz\u00ed nev\u00eddanou flexibilitu p\u0159epravy, p\u0159izp\u016fsobenou dynamice mal\u00fdch d\u00edlen a v\u00fdrobn\u00edch hn\u00edzd:<\/p>\n<ol start=\"1\" data-path-to-node=\"8\">\n<li>\n<p data-path-to-node=\"8,0,0\">Na kolech: Je vybaven sadou n\u00edzk\u00fdch kol (pr\u016fm\u011br 80 mm), co\u017e umo\u017e\u0148uje snadn\u00e9 ru\u010dn\u00ed p\u0159esouv\u00e1n\u00ed pod stroji.<\/p>\n<\/li>\n<li>\n<p data-path-to-node=\"8,1,0\">Je\u0159\u00e1bem: V horn\u00ed \u010d\u00e1sti disponuje pevn\u00fdmi transportn\u00edmi oky.<\/p>\n<\/li>\n<li>\n<p data-path-to-node=\"8,2,0\">Vysokozdvi\u017en\u00fdm a paletov\u00fdm voz\u00edkem: Konstrukce z\u00e1kladny umo\u017e\u0148uje stabiln\u00ed p\u0159epravu vidlicemi. N\u00edzk\u00e1 celkov\u00e1 v\u00fd\u0161ka kol (11,5 cm) zaji\u0161\u0165uje, \u017ee kontejner je velmi stabiln\u00ed a vejde se i do t\u011bch nejni\u017e\u0161\u00edch prostor. <\/p>\n<\/li>\n<\/ol>\n<h3 data-path-to-node=\"9\">Bezpe\u010dnost a komfort pr\u00e1ce<\/h3>\n<p data-path-to-node=\"10\">Syst\u00e9m otev\u00edrac\u00edho dna umo\u017e\u0148uje bleskov\u00e9 vypr\u00e1zdn\u011bn\u00ed obsahu. P\u00e1kov\u00fd mechanismus je navr\u017een tak, aby m\u011bl oper\u00e1tor na v\u00fdb\u011br: dno m\u016f\u017ee otev\u0159\u00edt ru\u010dn\u011b (stoj\u00edc vedle kontejneru) nebo d\u00e1lkov\u011b \u2013 zata\u017een\u00edm za ocelov\u00e9 lanko z kabiny vysokozdvi\u017en\u00e9ho voz\u00edku. To zvy\u0161uje bezpe\u010dnost p\u0159i pr\u00e1ci s t\u011b\u017ek\u00fdm n\u00e1kladem. Povrch je chr\u00e1n\u011bn dvojitou lakovanou vrstvou (z\u00e1klad + polyuretan), co\u017e zaji\u0161\u0165uje odolnost v\u016f\u010di olej\u016fm a maziv\u016fm a usnad\u0148uje \u010di\u0161t\u011bn\u00ed.   <\/p>\n<p data-path-to-node=\"11\">Zvolte kontejner PMDC mini 130, pokud pot\u0159ebujete nejmen\u0161\u00ed, ale extr\u00e9mn\u011b odolnou n\u00e1dobu, kter\u00e1 vjede tam, kam jin\u00e9 nemohou.<\/p>\n","protected":false},"excerpt":{"rendered":"<p data-path-to-node=\"14\">Nejmen\u0161\u00ed \u201esil\u00e1k\u201c na trhu \u2013 kontejner s otev\u00edrac\u00edm dnem PMDC mini 130. Objem 130 l, na kolech, s oky pro je\u0159\u00e1b. Vyroben z panc\u00e9\u0159ov\u00e9ho plechu (3 mm boky \/ 4 mm z\u00e1kladna). Otev\u00edr\u00e1n\u00ed p\u00e1kou nebo lankem z voz\u00edku.   <\/p>\n<p data-path-to-node=\"15\"><b data-path-to-node=\"15\" data-index-in-node=\"0\">Nejd\u016fle\u017eit\u011bj\u0161\u00ed vlastnosti:<\/b><\/p>\n<ul data-path-to-node=\"16\">\n<li>\n<p data-path-to-node=\"16,0,0\">Objem: 130 litr\u016f (Nejmen\u0161\u00ed v \u0159ad\u011b)<\/p>\n<\/li>\n<li>\n<p data-path-to-node=\"16,1,0\">Mobilita: Kola (80 mm) + Transportn\u00ed oka + Voz\u00edk\/Pale\u0165\u00e1k<\/p>\n<\/li>\n<li>\n<p data-path-to-node=\"16,2,0\">Konstrukce: Plech 3 mm (boky) \/ 4 mm (z\u00e1kladna)<\/p>\n<\/li>\n<li>\n<p data-path-to-node=\"16,3,0\">Vykl\u00e1dka: Ru\u010dn\u00ed p\u00e1ka nebo lanko (d\u00e1lkov\u011b)<\/p>\n<\/li>\n<li>\n<p data-path-to-node=\"16,4,0\">Pou\u017eit\u00ed: Pod n\u00edzk\u00e9 stroje, t\u011b\u017ek\u00fd drobn\u00fd \u0161rot<\/p>\n<\/li>\n<\/ul>\n","protected":false},"featured_media":3379,"comment_status":"open","ping_status":"closed","template":"","meta":[],"product_brand":[],"product_cat":[340],"product_tag":[],"class_list":{"0":"post-3382","1":"product","2":"type-product","3":"status-publish","4":"has-post-thumbnail","6":"product_cat-pmdc-mini","7":"product_shipping_class-kurier-390","9":"first","10":"instock","11":"taxable","12":"shipping-taxable","13":"purchasable","14":"product-type-simple"},"_links":{"self":[{"href":"https:\/\/shop.steel-containers.com\/cs\/wp-json\/wp\/v2\/product\/3382","targetHints":{"allow":["GET"]}}],"collection":[{"href":"https:\/\/shop.steel-containers.com\/cs\/wp-json\/wp\/v2\/product"}],"about":[{"href":"https:\/\/shop.steel-containers.com\/cs\/wp-json\/wp\/v2\/types\/product"}],"replies":[{"embeddable":true,"href":"https:\/\/shop.steel-containers.com\/cs\/wp-json\/wp\/v2\/comments?post=3382"}],"wp:featuredmedia":[{"embeddable":true,"href":"https:\/\/shop.steel-containers.com\/cs\/wp-json\/wp\/v2\/media\/3379"}],"wp:attachment":[{"href":"https:\/\/shop.steel-containers.com\/cs\/wp-json\/wp\/v2\/media?parent=3382"}],"wp:term":[{"taxonomy":"product_brand","embeddable":true,"href":"https:\/\/shop.steel-containers.com\/cs\/wp-json\/wp\/v2\/product_brand?post=3382"},{"taxonomy":"product_cat","embeddable":true,"href":"https:\/\/shop.steel-containers.com\/cs\/wp-json\/wp\/v2\/product_cat?post=3382"},{"taxonomy":"product_tag","embeddable":true,"href":"https:\/\/shop.steel-containers.com\/cs\/wp-json\/wp\/v2\/product_tag?post=3382"}],"curies":[{"name":"wp","href":"https:\/\/api.w.org\/{rel}","templated":true}]}}