{"id":3391,"date":"2026-01-22T09:33:51","date_gmt":"2026-01-22T08:33:51","guid":{"rendered":"https:\/\/shop.steel-containers.com\/produkt\/kontejner-s-oteviracim-dnem-pmdc-mini\/"},"modified":"2026-01-22T09:33:51","modified_gmt":"2026-01-22T08:33:51","slug":"kontejner-s-oteviracim-dnem-pmdc-mini","status":"publish","type":"product","link":"https:\/\/shop.steel-containers.com\/cs\/produkt\/kontejner-s-oteviracim-dnem-pmdc-mini\/","title":{"rendered":"Kontejner s otev\u00edrac\u00edm dnem PMDC mini"},"content":{"rendered":"<p>PMDC mini je ocelov\u00fd z\u00e1sobn\u00edk se syst\u00e9mem otev\u00edrac\u00edho dna. M\u016f\u017ee b\u00fdt obsluhov\u00e1n vysokozdvi\u017en\u00fdmi voz\u00edky, paletov\u00fdmi voz\u00edky i je\u0159\u00e1by. V horn\u00ed \u010d\u00e1sti se nach\u00e1zej\u00ed transportn\u00ed oka a v z\u00e1kladn\u011b n\u00edzk\u00e1 kole\u010dka o pr\u016fm\u011bru 80 mm a v\u00fd\u0161ce 11,5 cm. N\u00e1doba je vyrobena z plechu o tlou\u0161\u0165ce 3 mm na boc\u00edch a 4 mm v z\u00e1kladn\u011b. D\u00edky robustn\u00ed konstrukci m\u00e1 kontejner i p\u0159es sv\u00e9 mal\u00e9 rozm\u011bry velmi vysokou nosnost. K vykl\u00e1dce obsahu slou\u017e\u00ed mechanismus, kter\u00fd se odji\u0161\u0165uje pomoc\u00ed p\u00e1ky um\u00edst\u011bn\u00e9 na boku n\u00e1doby. Lze jej ovl\u00e1dat tak\u00e9 pomoc\u00ed ocelov\u00e9ho lanka z pozice sed\u00edc\u00edho \u0159idi\u010de vozidla. Kontejner je dvakr\u00e1t lakov\u00e1n z\u00e1kladovou a polyuretanovou barvou, kter\u00e9 zaji\u0161\u0165uj\u00ed antikorozn\u00ed ochranu a d\u00edky hladk\u00e9mu povrchu usnad\u0148uj\u00ed udr\u017eov\u00e1n\u00ed n\u00e1doby v \u010distot\u011b.       <\/p>\n","protected":false},"excerpt":{"rendered":"<p>Kontejner s otev\u00edrac\u00edm dnem<\/p>\n","protected":false},"featured_media":561,"comment_status":"open","ping_status":"closed","template":"","meta":[],"product_brand":[],"product_cat":[340],"product_tag":[],"class_list":{"0":"post-3391","1":"product","2":"type-product","3":"status-publish","4":"has-post-thumbnail","6":"product_cat-pmdc-mini","7":"product_shipping_class-kurier-390","9":"first","10":"instock","11":"taxable","12":"shipping-taxable","13":"purchasable","14":"product-type-simple"},"_links":{"self":[{"href":"https:\/\/shop.steel-containers.com\/cs\/wp-json\/wp\/v2\/product\/3391","targetHints":{"allow":["GET"]}}],"collection":[{"href":"https:\/\/shop.steel-containers.com\/cs\/wp-json\/wp\/v2\/product"}],"about":[{"href":"https:\/\/shop.steel-containers.com\/cs\/wp-json\/wp\/v2\/types\/product"}],"replies":[{"embeddable":true,"href":"https:\/\/shop.steel-containers.com\/cs\/wp-json\/wp\/v2\/comments?post=3391"}],"wp:featuredmedia":[{"embeddable":true,"href":"https:\/\/shop.steel-containers.com\/cs\/wp-json\/wp\/v2\/media\/561"}],"wp:attachment":[{"href":"https:\/\/shop.steel-containers.com\/cs\/wp-json\/wp\/v2\/media?parent=3391"}],"wp:term":[{"taxonomy":"product_brand","embeddable":true,"href":"https:\/\/shop.steel-containers.com\/cs\/wp-json\/wp\/v2\/product_brand?post=3391"},{"taxonomy":"product_cat","embeddable":true,"href":"https:\/\/shop.steel-containers.com\/cs\/wp-json\/wp\/v2\/product_cat?post=3391"},{"taxonomy":"product_tag","embeddable":true,"href":"https:\/\/shop.steel-containers.com\/cs\/wp-json\/wp\/v2\/product_tag?post=3391"}],"curies":[{"name":"wp","href":"https:\/\/api.w.org\/{rel}","templated":true}]}}